{"id":5462,"date":"2022-02-24T12:28:06","date_gmt":"2022-02-24T11:28:06","guid":{"rendered":"https:\/\/www.domaine-prairiesdelamer.com\/?page_id=5462"},"modified":"2024-06-06T14:23:37","modified_gmt":"2024-06-06T12:23:37","slug":"camping-calvados-activiteiten","status":"publish","type":"page","link":"https:\/\/mirabel-prairiesdelamer.com\/nl\/camping-calvados-activites\/","title":{"rendered":"Calvados"},"content":{"rendered":"<h1 class=\"wp-block-heading\">Toerisme in Calvados: activiteiten voor het hele gezin<\/h1>\n\n\n\n<div class=\"wp-block-media-text alignwide has-media-on-the-right is-stacked-on-mobile is-vertically-aligned-center\"><div class=\"wp-block-media-text__content\">\n<h2 class=\"wp-block-heading\">Richting het westen - Rijke geschiedenis in Calvados<\/h2>\n\n\n\n<figure class=\"wp-block-image size-full\"><img decoding=\"async\" src=\"https:\/\/www.mirabel-prairiesdelamer.com\/wp-content\/uploads\/2022\/01\/barre-bleue.png\" alt=\"\" class=\"wp-image-2382\"\/><\/figure>\n\n\n\n<p>Vul de geschiedenis bij met <strong><a href=\"https:\/\/mirabel-prairiesdelamer.com\/nl\/herdenkingstoerisme\/\" data-type=\"page\" data-id=\"267\">Landing Stranden<\/a> <\/strong>en de vele musea gewijd aan de Tweede Wereldoorlog. Beklim de kliffen van\u2019<strong>Arromanches<\/strong> en bekijk de overblijfselen van de kunstmatige haven eronder. Ga verder richting Colleville-sur-Mer en maak een ontroerende wandeling door de paden van de Amerikaanse begraafplaats bij\u2019<strong>Omaha-strand <\/strong>met uitzicht op het strand. Ben je klaar om terug te gaan in de tijd? Ga dan naar de middeleeuwse stad Bayeux en herbeleef de beroemde Slag bij Hastings in het <strong><a href=\"https:\/\/www.bayeuxmuseum.com\/la-tapisserie-de-bayeux\/\" data-type=\"page\" target=\"_blank\" rel=\"noreferrer noopener\">Tapijtmuseum van Bayeux<\/a><\/strong>.<\/p>\n<\/div><figure class=\"wp-block-media-text__media\"><img loading=\"lazy\" decoding=\"async\" width=\"1024\" height=\"683\" src=\"https:\/\/www.mirabel-prairiesdelamer.com\/wp-content\/uploads\/2022\/02\/Cimetiere-americain-Colleville-1024x683.jpg\" alt=\"Colleville Amerikaanse Begraafplaats\" class=\"wp-image-5179 size-full\" srcset=\"https:\/\/mirabel-prairiesdelamer.com\/wp-content\/uploads\/2022\/02\/Cimetiere-americain-Colleville-1024x683.jpg 1024w, https:\/\/mirabel-prairiesdelamer.com\/wp-content\/uploads\/2022\/02\/Cimetiere-americain-Colleville-300x200.jpg 300w, https:\/\/mirabel-prairiesdelamer.com\/wp-content\/uploads\/2022\/02\/Cimetiere-americain-Colleville-768x512.jpg 768w, https:\/\/mirabel-prairiesdelamer.com\/wp-content\/uploads\/2022\/02\/Cimetiere-americain-Colleville.jpg 1200w\" sizes=\"auto, (max-width: 1024px) 100vw, 1024px\" \/><\/figure><\/div>\n\n\n\n<div style=\"height:20px\" aria-hidden=\"true\" class=\"wp-block-spacer\"><\/div>\n\n\n\n<div class=\"wp-block-media-text alignwide is-stacked-on-mobile is-vertically-aligned-center\"><figure class=\"wp-block-media-text__media\"><img loading=\"lazy\" decoding=\"async\" width=\"1024\" height=\"683\" src=\"https:\/\/www.mirabel-prairiesdelamer.com\/wp-content\/uploads\/2022\/06\/honfleur-calvados-normandie-1024x683.jpg\" alt=\"een wandeling in ouistreham\" class=\"wp-image-5000 size-full\" srcset=\"https:\/\/mirabel-prairiesdelamer.com\/wp-content\/uploads\/2022\/06\/honfleur-calvados-normandie-1024x683.jpg 1024w, https:\/\/mirabel-prairiesdelamer.com\/wp-content\/uploads\/2022\/06\/honfleur-calvados-normandie-300x200.jpg 300w, https:\/\/mirabel-prairiesdelamer.com\/wp-content\/uploads\/2022\/06\/honfleur-calvados-normandie-768x512.jpg 768w, https:\/\/mirabel-prairiesdelamer.com\/wp-content\/uploads\/2022\/06\/honfleur-calvados-normandie.jpg 1200w\" sizes=\"auto, (max-width: 1024px) 100vw, 1024px\" \/><\/figure><div class=\"wp-block-media-text__content\">\n<h2 class=\"wp-block-heading\">Richting het oosten - Van Cabourg naar Honfleur<\/h2>\n\n\n\n<figure class=\"wp-block-image size-full\"><img decoding=\"async\" src=\"https:\/\/www.mirabel-prairiesdelamer.com\/wp-content\/uploads\/2022\/01\/barre-bleue.png\" alt=\"\" class=\"wp-image-2382\"\/><\/figure>\n\n\n\n<p>Om te wandelen door de straten van de charmante stadjes van de C\u00f4te Fleurie in Normandi\u00eb: steek de <strong>Grand H\u00f4tel de Cabourg<\/strong> om naar zee te gaan, in de schoenen van een filmster te kruipen op <strong>Deauville<\/strong> en stop bij een caf\u00e9terras rond de <strong>Vieux Bassin d'Honfleur<\/strong> om de huizen met hun met leisteen bedekte gevels te bewonderen. <\/p>\n\n\n\n<p>Trek dan het Pays d'Auge in: appelbomen in bloei, Normandische koeien en vakwerkhuizen wachten op je. &nbsp;<\/p>\n<\/div><\/div>\n\n\n\n<div style=\"height:20px\" aria-hidden=\"true\" class=\"wp-block-spacer\"><\/div>\n\n\n\n<div class=\"wp-block-media-text alignwide has-media-on-the-right is-stacked-on-mobile is-vertically-aligned-center animate right\"><div class=\"wp-block-media-text__content\">\n<h2 class=\"wp-block-heading\">Richting het zuiden - De middeleeuwse en reli\u00ebflandschappen van de Orne<\/h2>\n\n\n\n<figure class=\"wp-block-image size-full is-resized\"><img decoding=\"async\" src=\"https:\/\/www.mirabel-prairiesdelamer.com\/wp-content\/uploads\/2022\/01\/barre-bleue.png\" alt=\"\" class=\"wp-image-2382\" style=\"width:50px;height:8px\"\/><\/figure>\n\n\n\n<p>De glooiende, rotsachtige landschappen van de <strong>Zwitserland<\/strong>, in het zuiden van het departement Calvados, bieden een prachtig speelterrein voor wandelaars, klimmers en paragliders. De uitzichten zijn adembenemend!<\/p>\n\n\n\n<p>En als je houdt van verhalen over ridders en versterkte kastelen, de steden van <strong><a href=\"https:\/\/mirabel-prairiesdelamer.com\/nl\/camping-caen\/\" data-type=\"page\" data-id=\"69\">Caen<\/a><\/strong> en <strong>Cliff<\/strong> zijn voor jou gemaakt! Duw de deuren open van de kastelen van <strong><a href=\"https:\/\/mirabel-prairiesdelamer.com\/nl\/ervaringen\/toerisme-cultuur-en-erfgoed\/\" data-type=\"page\" data-id=\"895\">Willem de Veroveraar<\/a><\/strong> om meer te weten te komen over de geschiedenis en de banden met de regio Normandi\u00eb.<\/p>\n\n\n\n<p>Vraag gerust om documentatie en toeristische informatie bij de receptie van de camping.<\/p>\n<\/div><figure class=\"wp-block-media-text__media\"><img loading=\"lazy\" decoding=\"async\" width=\"1024\" height=\"683\" src=\"https:\/\/www.mirabel-prairiesdelamer.com\/wp-content\/uploads\/2022\/06\/suisse-normande-clecly-calvados-1024x683.jpg\" alt=\"Caen Abbaye aux Dames\" class=\"wp-image-5260 size-full\" srcset=\"https:\/\/mirabel-prairiesdelamer.com\/wp-content\/uploads\/2022\/06\/suisse-normande-clecly-calvados-1024x683.jpg 1024w, https:\/\/mirabel-prairiesdelamer.com\/wp-content\/uploads\/2022\/06\/suisse-normande-clecly-calvados-300x200.jpg 300w, https:\/\/mirabel-prairiesdelamer.com\/wp-content\/uploads\/2022\/06\/suisse-normande-clecly-calvados-768x512.jpg 768w, https:\/\/mirabel-prairiesdelamer.com\/wp-content\/uploads\/2022\/06\/suisse-normande-clecly-calvados.jpg 1200w\" sizes=\"auto, (max-width: 1024px) 100vw, 1024px\" \/><\/figure><\/div>\n\n\n\n<p class=\"has-text-align-center texte-rond mt-5 has-large-font-size\">Ontdek de camping<\/p>\n\n\n\n<div class=\"wp-block-columns front-page-section grey is-layout-flex wp-container-core-columns-is-layout-28f84493 wp-block-columns-is-layout-flex\">\n<div class=\"wp-block-column is-layout-flow wp-block-column-is-layout-flow\"><\/div>\n\n\n\n<div class=\"wp-block-column is-layout-flow wp-block-column-is-layout-flow\">\n<div class=\"wp-block-create-block-sevgutenberg-navigation\"><aside class=\"encart-sev-navigation small carre\"><a href=\"https:\/\/mirabel-prairiesdelamer.com\/nl\/snackbar\/\" class=\"d-flex flex-column align-items-center\"><div class=\"encart-title\"><span>De snackbar<\/span><\/div><div class=\"vague\"><\/div><img decoding=\"async\" src=\"https:\/\/mirabel-prairiesdelamer.com\/wp-content\/uploads\/2023\/02\/snack-bar-cocktail.jpg\" alt=\"cocktail snackbar zomer hut\"\/><div class=\"ligne\"><\/div><div class=\"hover\"><\/div><\/a><\/aside><\/div>\n<\/div>\n\n\n\n<div class=\"wp-block-column is-vertically-aligned-center is-layout-flow wp-block-column-is-layout-flow\">\n<div class=\"wp-block-create-block-sevgutenberg-navigation\"><aside class=\"encart-sev-navigation small carre\"><a href=\"https:\/\/mirabel-prairiesdelamer.com\/nl\/evenementen-juli-augustus\/\" class=\"d-flex flex-column align-items-center\"><div class=\"encart-title\"><span>Amusement<\/span><\/div><div class=\"vague\"><\/div><img decoding=\"async\" src=\"https:\/\/mirabel-prairiesdelamer.com\/wp-content\/uploads\/2023\/02\/danse-camping-piscine-animation.jpg\" alt=\"zomercamping dansanimatie\"\/><div class=\"ligne\"><\/div><div class=\"hover\"><\/div><\/a><\/aside><\/div>\n<\/div>\n\n\n\n<div class=\"wp-block-column is-layout-flow wp-block-column-is-layout-flow\">\n<div class=\"wp-block-create-block-sevgutenberg-navigation\"><aside class=\"encart-sev-navigation small carre\"><a href=\"https:\/\/mirabel-prairiesdelamer.com\/nl\/camping-calvados-diensten\/\" class=\"d-flex flex-column align-items-center\"><div class=\"encart-title\"><span>Onze diensten<\/span><\/div><div class=\"vague\"><\/div><img decoding=\"async\" src=\"https:\/\/mirabel-prairiesdelamer.com\/wp-content\/uploads\/2022\/02\/accueil-reception-carte.jpg\" alt=\"receptie camping\"\/><div class=\"ligne\"><\/div><div class=\"hover\"><\/div><\/a><\/aside><\/div>\n<\/div>\n\n\n\n<div class=\"wp-block-column is-layout-flow wp-block-column-is-layout-flow\"><\/div>\n<\/div>","protected":false},"excerpt":{"rendered":"<p>Toerisme in Calvados: activiteiten voor het hele gezin Te ontdekken op de camping<\/p>","protected":false},"author":1,"featured_media":0,"parent":0,"menu_order":0,"comment_status":"closed","ping_status":"closed","template":"","meta":{"_seopress_robots_primary_cat":"","_seopress_titles_title":"Camping Calvados - tourisme et activit\u00e9s pour tous","_seopress_titles_desc":"Pour faire le plein d\u2019Histoire, d\u00e9couvrez les activit\u00e9s touristiques \u00e0 d\u00e9couvrir dans le d\u00e9partement du Calvados.","_seopress_robots_index":"","footnotes":""},"class_list":["post-5462","page","type-page","status-publish","hentry"],"_links":{"self":[{"href":"https:\/\/mirabel-prairiesdelamer.com\/nl\/wp-json\/wp\/v2\/pages\/5462","targetHints":{"allow":["GET"]}}],"collection":[{"href":"https:\/\/mirabel-prairiesdelamer.com\/nl\/wp-json\/wp\/v2\/pages"}],"about":[{"href":"https:\/\/mirabel-prairiesdelamer.com\/nl\/wp-json\/wp\/v2\/types\/page"}],"author":[{"embeddable":true,"href":"https:\/\/mirabel-prairiesdelamer.com\/nl\/wp-json\/wp\/v2\/users\/1"}],"replies":[{"embeddable":true,"href":"https:\/\/mirabel-prairiesdelamer.com\/nl\/wp-json\/wp\/v2\/comments?post=5462"}],"version-history":[{"count":17,"href":"https:\/\/mirabel-prairiesdelamer.com\/nl\/wp-json\/wp\/v2\/pages\/5462\/revisions"}],"predecessor-version":[{"id":14089,"href":"https:\/\/mirabel-prairiesdelamer.com\/nl\/wp-json\/wp\/v2\/pages\/5462\/revisions\/14089"}],"wp:attachment":[{"href":"https:\/\/mirabel-prairiesdelamer.com\/nl\/wp-json\/wp\/v2\/media?parent=5462"}],"curies":[{"name":"wp","href":"https:\/\/api.w.org\/{rel}","templated":true}]}}