{"id":48,"date":"2021-12-10T14:16:36","date_gmt":"2021-12-10T13:16:36","guid":{"rendered":"https:\/\/www.campinglarenaudiere.com\/?page_id=48"},"modified":"2026-02-25T10:31:27","modified_gmt":"2026-02-25T09:31:27","slug":"camping-calvados-diensten","status":"publish","type":"page","link":"https:\/\/mirabel-prairiesdelamer.com\/nl\/camping-calvados-services\/","title":{"rendered":"Diensten"},"content":{"rendered":"<h1 class=\"wp-block-heading\" id=\"de-nombreux-services-dans-votre-camping-4-etoiles\"><strong>Tal van diensten op uw 4-sterrencamping in Ouistreham!<\/strong><\/h1>\n\n\n\n<p class=\"has-text-align-center\">Haal het meeste uit je verblijf in Les Prairies de la Mer met onze vele diensten ter plaatse en in de buurt!<br> Ga voor meer informatie naar onze digitale gids.<\/p>\n\n\n\n<figure class=\"wp-block-image aligncenter size-full\"><img decoding=\"async\" src=\"https:\/\/www.mirabel-prairiesdelamer.com\/wp-content\/uploads\/2022\/01\/barre-bleue.png\" alt=\"\" class=\"wp-image-2382\"\/><\/figure>\n\n\n\n<div class=\"wp-block-columns is-layout-flex wp-container-core-columns-is-layout-28f84493 wp-block-columns-is-layout-flex\">\n<div class=\"wp-block-column is-layout-flow wp-block-column-is-layout-flow\" style=\"flex-basis:40%\">\n<div class=\"wp-block-group p-xl-5 is-layout-flow wp-block-group-is-layout-flow\">\n<h2 class=\"wp-block-heading has-text-align-left\" id=\"liste-des-services\">Lijst van diensten<br><\/h2>\n\n\n\n<p><i class=\"fa fa-hamburger\"><\/i> &nbsp; Snacks en meeneemgerechten<\/p>\n\n\n\n<p><i class=\"fa fa-mitten\"><\/i> &nbsp; Plancha huren <\/p>\n\n\n\n<p><i class=\"fa fa-wifi\"><\/i> &nbsp;Wifi toegang* (tickets te koop bij de receptie)<\/p>\n\n\n\n<p><i class=\"fa fa-info-circle\"><\/i> &nbsp; Toeristische informatie <\/p>\n\n\n\n<p><i class=\"fa fa-book\"><\/i> &nbsp; Uitleen van boeken en spelletjes<\/p>\n\n\n\n<p><i class=\"fa fa-tshirt\"><\/i> &nbsp;Wasruimte met wasmachines en drogers*.<\/p>\n\n\n\n<p><i class=\"fa fa-baby-carriage\"><\/i> &nbsp; Babykit huren <\/p>\n\n\n\n<p><i class=\"fa fa-bed\"><\/i> &nbsp;Verhuur van kits *<\/p>\n\n\n\n<p><img loading=\"lazy\" decoding=\"async\" width=\"24\" height=\"22\" class=\"wp-image-388\" style=\"width: 24px;\" src=\"https:\/\/www.mirabel-baiedecayola.com\/wp-content\/uploads\/2021\/12\/fer-a-repasser.jpg\" alt=\"ijzeren lening\"> Lening van ijzer<\/p>\n\n\n\n<p><img loading=\"lazy\" decoding=\"async\" width=\"24\" height=\"20\" class=\"wp-image-4788\" style=\"width: 24px;\" src=\"https:\/\/www.mirabel-baiedecayola.com\/wp-content\/uploads\/2022\/02\/seche-cheveux.png\" alt=\"uitlenen van haardrogers\"> Uitleen van haardrogers<\/p>\n<\/div>\n\n\n\n<p>*Betalen: voi<em>r optieprijzen op de <a href=\"https:\/\/mirabel-prairiesdelamer.com\/nl\/verhuur-stacaravan-normandie\/#options\">accommodatie<\/a><\/em><\/p>\n<\/div>\n\n\n\n<div class=\"wp-block-column is-vertically-aligned-center is-layout-flow wp-block-column-is-layout-flow\" style=\"flex-basis:60%\">\n<h2 class=\"wp-block-heading\" id=\"les-services-a-proximite-du-camping\">Diensten in de buurt van de camping<\/h2>\n\n\n\n<figure class=\"wp-block-image size-full\"><img decoding=\"async\" src=\"https:\/\/www.mirabel-prairiesdelamer.com\/wp-content\/uploads\/2022\/01\/barre-bleue.png\" alt=\"\" class=\"wp-image-2382\"\/><\/figure>\n\n\n\n<p>Le<strong> Ouistreham centrum<\/strong> bevindt zich in <strong>5 minuten lopen van de camping<\/strong> les Prairies de la Mer. Hier vind je een <strong>supermarkt\u00a0<\/strong>7 dagen per week geopend, <strong>bakkerijen<\/strong>, Je kunt het allemaal te voet doen, in een paar minuten naar de winkels op Avenue de la Mer, of naar het casino, de minigolfbaan, de bioscoop of het restaurant.\u00a0<\/p>\n\n\n\n<p>U kunt ook een beroep doen op onze gewaardeerde partner<strong><a href=\"http:\/\/trivacyclette.com\/\" target=\"_blank\" rel=\"noreferrer noopener\">de trivacyclette<\/a>.<\/strong> De Trivacyclette is een milieuvriendelijke manier om in Ouistreham naar de markt, de kapper of het strand te gaan. U kunt ook <strong>je brood bezorgen <\/strong>en gebak direct op de camping. Voor reserveringen: 06 18 61 34 82.<\/p>\n\n\n\n<figure class=\"wp-block-image size-full\"><img loading=\"lazy\" decoding=\"async\" width=\"600\" height=\"400\" src=\"https:\/\/www.mirabel-prairiesdelamer.com\/wp-content\/uploads\/2023\/02\/trivacyclette-taxi-ecolo.jpg\" alt=\"partner trivacyclette taxi ecolo v\u00e9lo\" class=\"wp-image-10671\" srcset=\"https:\/\/mirabel-prairiesdelamer.com\/wp-content\/uploads\/2023\/02\/trivacyclette-taxi-ecolo.jpg 600w, https:\/\/mirabel-prairiesdelamer.com\/wp-content\/uploads\/2023\/02\/trivacyclette-taxi-ecolo-300x200.jpg 300w\" sizes=\"auto, (max-width: 600px) 100vw, 600px\" \/><\/figure>\n\n\n\n<div style=\"height:30px\" aria-hidden=\"true\" class=\"wp-block-spacer\"><\/div>\n\n\n\n<div class=\"wp-block-columns is-layout-flex wp-container-core-columns-is-layout-28f84493 wp-block-columns-is-layout-flex\">\n<div class=\"wp-block-column is-layout-flow wp-block-column-is-layout-flow\" style=\"flex-basis:100%\">\n<p class=\"has-text-align-center has-medium-font-size\"><\/p>\n<\/div>\n<\/div>\n<\/div>\n<\/div>\n\n\n\n<div class=\"wp-block-group card card-body border border-info is-layout-constrained wp-block-group-is-layout-constrained\">\n<p class=\"has-text-align-center has-medium-font-size\"><strong>Focus op de digitale gids<\/strong><br><img loading=\"lazy\" decoding=\"async\" width=\"49\" height=\"6\" class=\"wp-image-4323\" style=\"width: 49px;\" src=\"https:\/\/www.mirabel-prairiesdelamer.com\/wp-content\/uploads\/2021\/12\/barre-camping.png\" alt=\"\"><\/p>\n\n\n\n<p>Bij Les Prairies de la Mer zetten we ons in voor <strong>toegewijd aan de planeet<\/strong> terwijl we je zo goed mogelijk informeren. Daarom<strong> afdrukken verminderen<\/strong> papier en stel de<strong> digitale gids.<\/strong> Deze applicatie is helemaal gratis en is toegankelijk vanaf je smartphone, tablet of computer. Het geeft een overzicht van <strong>alle informatie die je nodig hebt<\/strong> voor je verblijf op onze camping: openingstijden van de receptie, animatieprogramma voor de zomer, openingstijden van het zwembad, het menu van het restaurant, enz.<\/p>\n\n\n\n<p class=\"has-text-align-center\"><i class=\"far fa-hand-point-right\"> <a href=\"https:\/\/notre.guide\/prairiesdelamer\/\" target=\"_blank\" rel=\"noreferrer noopener\">Klik hier voor meer informatie.<\/a><\/i><\/p>\n<\/div>\n\n\n\n<p class=\"has-text-align-center texte-rond mt-5 has-large-font-size\">Ontdek de camping<\/p>\n\n\n\n<div class=\"wp-block-columns h-20 front-page-section grey is-layout-flex wp-container-core-columns-is-layout-28f84493 wp-block-columns-is-layout-flex\">\n<div class=\"wp-block-column is-layout-flow wp-block-column-is-layout-flow\"><\/div>\n\n\n\n<div class=\"wp-block-column is-layout-flow wp-block-column-is-layout-flow\">\n<div class=\"wp-block-create-block-sevgutenberg-navigation\"><aside class=\"encart-sev-navigation small carre\"><a href=\"https:\/\/mirabel-prairiesdelamer.com\/nl\/snackbar\/\" class=\"d-flex flex-column align-items-center\"><div class=\"encart-title\"><span>De snackbar<\/span><\/div><div class=\"vague\"><\/div><img decoding=\"async\" src=\"https:\/\/mirabel-prairiesdelamer.com\/wp-content\/uploads\/2023\/02\/snack-bar-cocktail.jpg\" alt=\"cocktail snackbar zomer hut\"\/><div class=\"ligne\"><\/div><div class=\"hover\"><\/div><\/a><\/aside><\/div>\n<\/div>\n\n\n\n<div class=\"wp-block-column is-layout-flow wp-block-column-is-layout-flow\">\n<div class=\"wp-block-create-block-sevgutenberg-navigation\"><aside class=\"encart-sev-navigation small carre\"><a href=\"https:\/\/mirabel-prairiesdelamer.com\/nl\/verhuur-stacaravan-normandie\/\" class=\"d-flex flex-column align-items-center\"><div class=\"encart-title\"><span>Accommodatie<\/span><\/div><div class=\"vague\"><\/div><img decoding=\"async\" src=\"https:\/\/mirabel-prairiesdelamer.com\/wp-content\/uploads\/2022\/02\/mobil-home-1chambre.jpg\" alt=\"1 slaapkamer stacaravan te huur\"\/><div class=\"ligne\"><\/div><div class=\"hover\"><\/div><\/a><\/aside><\/div>\n<\/div>\n\n\n\n<div class=\"wp-block-column is-layout-flow wp-block-column-is-layout-flow\">\n<div class=\"wp-block-create-block-sevgutenberg-navigation\"><aside class=\"encart-sev-navigation small carre\"><a href=\"https:\/\/mirabel-prairiesdelamer.com\/nl\/evenementen-juli-augustus\/\" class=\"d-flex flex-column align-items-center\"><div class=\"encart-title\"><span>Amusement<\/span><\/div><div class=\"vague\"><\/div><img decoding=\"async\" src=\"https:\/\/mirabel-prairiesdelamer.com\/wp-content\/uploads\/2023\/02\/danse-camping-piscine-animation.jpg\" alt=\"zomercamping dansanimatie\"\/><div class=\"ligne\"><\/div><div class=\"hover\"><\/div><\/a><\/aside><\/div>\n<\/div>\n\n\n\n<div class=\"wp-block-column is-layout-flow wp-block-column-is-layout-flow\"><\/div>\n<\/div>\n\n\n\n<p><\/p>","protected":false},"excerpt":{"rendered":"<p>De nombreux services dans votre camping 4 \u00e9toiles \u00e0 Ouistreham ! Profitez pleinement de votre s\u00e9jour aux Prairies de la [&hellip;]<\/p>\n","protected":false},"author":1,"featured_media":0,"parent":0,"menu_order":0,"comment_status":"closed","ping_status":"closed","template":"","meta":{"_seopress_robots_primary_cat":"","_seopress_titles_title":"Les services du camping 4 \u00e9toiles \u00e0 Ouistreham - Calvados","_seopress_titles_desc":"Profitez pleinement de votre s\u00e9jour au camping 4 \u00e9toiles les Prairies de la Mer \u00e0 Ouistreham gr\u00e2ce \u00e0 nos nombreux services sur place et \u00e0 proximit\u00e9\u00a0!","_seopress_robots_index":"","footnotes":""},"class_list":["post-48","page","type-page","status-publish","hentry"],"_links":{"self":[{"href":"https:\/\/mirabel-prairiesdelamer.com\/nl\/wp-json\/wp\/v2\/pages\/48","targetHints":{"allow":["GET"]}}],"collection":[{"href":"https:\/\/mirabel-prairiesdelamer.com\/nl\/wp-json\/wp\/v2\/pages"}],"about":[{"href":"https:\/\/mirabel-prairiesdelamer.com\/nl\/wp-json\/wp\/v2\/types\/page"}],"author":[{"embeddable":true,"href":"https:\/\/mirabel-prairiesdelamer.com\/nl\/wp-json\/wp\/v2\/users\/1"}],"replies":[{"embeddable":true,"href":"https:\/\/mirabel-prairiesdelamer.com\/nl\/wp-json\/wp\/v2\/comments?post=48"}],"version-history":[{"count":47,"href":"https:\/\/mirabel-prairiesdelamer.com\/nl\/wp-json\/wp\/v2\/pages\/48\/revisions"}],"predecessor-version":[{"id":18094,"href":"https:\/\/mirabel-prairiesdelamer.com\/nl\/wp-json\/wp\/v2\/pages\/48\/revisions\/18094"}],"wp:attachment":[{"href":"https:\/\/mirabel-prairiesdelamer.com\/nl\/wp-json\/wp\/v2\/media?parent=48"}],"curies":[{"name":"wp","href":"https:\/\/api.w.org\/{rel}","templated":true}]}}