{"id":43,"date":"2021-12-10T14:15:21","date_gmt":"2021-12-10T13:15:21","guid":{"rendered":"https:\/\/www.campinglarenaudiere.com\/?page_id=43"},"modified":"2026-02-25T10:26:27","modified_gmt":"2026-02-25T09:26:27","slug":"camping-calvados-sportactiviteiten","status":"publish","type":"page","link":"https:\/\/mirabel-prairiesdelamer.com\/nl\/camping-calvados-activites-sportives\/","title":{"rendered":"Sport en vrije tijd"},"content":{"rendered":"<h1 class=\"wp-block-heading\" id=\"on-garde-la-forme-au-camping-les-prairies-de-la-mer\"><strong>Sport- en vrijetijdsactiviteiten op 4 sterren camping Les Prairies de la Mer<\/strong><\/h1>\n\n\n\n<p class=\"has-text-align-center\">Op camping Mirabel Les Prairies de la Mer in Ouistreham bieden we je een ruime keuze aan activiteiten. Ontdek al onze faciliteiten en voorzieningen voor het hele gezin.<\/p>\n\n\n\n<figure class=\"wp-block-image aligncenter size-full\"><img decoding=\"async\" src=\"https:\/\/www.mirabel-prairiesdelamer.com\/wp-content\/uploads\/2022\/01\/barre-bleue.png\" alt=\"\" class=\"wp-image-2382\"\/><\/figure>\n\n\n\n<div class=\"wp-block-media-text alignwide has-media-on-the-right is-stacked-on-mobile is-image-fill-element\"><div class=\"wp-block-media-text__content\">\n<h2 class=\"wp-block-heading\">Voorzieningen voor het hele gezin op de camping<\/h2>\n\n\n\n<ul class=\"wp-block-list\">\n<li><strong>Speelruimte voor kinderen<\/strong>\u00a0in een beveiligde zone: glijbanen, schommels, springkasteel voor kinderen van 2 tot 12 jaar.<\/li>\n\n\n\n<li><strong>Multisportterrein voor tieners<\/strong>&nbsp;voetbal, handbal, basketbal.<\/li>\n\n\n\n<li><strong>Tafeltennistafel<\/strong>&nbsp;buiten<\/li>\n\n\n\n<li><strong>Boulodrome&nbsp;<\/strong>3 petanquebanen<\/li>\n\n\n\n<li><strong>Gratis te leen bij de receptie:<\/strong> <strong>bordspellen, boeken<\/strong>, pingpongrackets en ballen, ballen, petanqueballen en Fins kegelen.<\/li>\n<\/ul>\n\n\n\n<p><\/p>\n\n\n\n<p>In juli en augustus kun je genieten van de beroemde jeu de boules wedstrijd en de&nbsp;<strong>sportevenementen<\/strong>&nbsp;voor tieners en volwassenen.<\/p>\n\n\n\n<figure class=\"wp-block-image alignright size-large is-resized\"><img decoding=\"async\" src=\"https:\/\/mirabel-prairiesdelamer.com\/wp-content\/uploads\/2022\/01\/tennis.png\" alt=\"sportactiviteiten: tennis\" style=\"width:76px;height:auto\"\/><\/figure>\n<\/div><figure class=\"wp-block-media-text__media\"><img loading=\"lazy\" decoding=\"async\" width=\"1024\" height=\"1024\" src=\"https:\/\/mirabel-prairiesdelamer.com\/wp-content\/uploads\/2023\/02\/aire-de-jeux-enfants-1024x1024.jpg\" alt=\"kinderspeelplaats schommel\" class=\"wp-image-10628 size-full\" style=\"object-position:50% 50%\" srcset=\"https:\/\/mirabel-prairiesdelamer.com\/wp-content\/uploads\/2023\/02\/aire-de-jeux-enfants-1024x1024.jpg 1024w, https:\/\/mirabel-prairiesdelamer.com\/wp-content\/uploads\/2023\/02\/aire-de-jeux-enfants-300x300.jpg 300w, https:\/\/mirabel-prairiesdelamer.com\/wp-content\/uploads\/2023\/02\/aire-de-jeux-enfants-150x150.jpg 150w, https:\/\/mirabel-prairiesdelamer.com\/wp-content\/uploads\/2023\/02\/aire-de-jeux-enfants-768x768.jpg 768w, https:\/\/mirabel-prairiesdelamer.com\/wp-content\/uploads\/2023\/02\/aire-de-jeux-enfants.jpg 1200w\" sizes=\"auto, (max-width: 1024px) 100vw, 1024px\" \/><\/figure><\/div>\n\n\n\n<div style=\"height:14px\" aria-hidden=\"true\" class=\"wp-block-spacer\"><\/div>\n\n\n\n<div class=\"wp-block-media-text alignwide is-stacked-on-mobile front-page-section grey\"><figure class=\"wp-block-media-text__media\"><img loading=\"lazy\" decoding=\"async\" width=\"1024\" height=\"770\" src=\"https:\/\/mirabel-prairiesdelamer.com\/wp-content\/uploads\/2022\/02\/equitation-voile-riva-bella-1-@elo-1024x770.jpg\" alt=\"paardrijden in ouistreham\" class=\"wp-image-5018 size-full\" srcset=\"https:\/\/mirabel-prairiesdelamer.com\/wp-content\/uploads\/2022\/02\/equitation-voile-riva-bella-1-@elo-1024x770.jpg 1024w, https:\/\/mirabel-prairiesdelamer.com\/wp-content\/uploads\/2022\/02\/equitation-voile-riva-bella-1-@elo-300x226.jpg 300w, https:\/\/mirabel-prairiesdelamer.com\/wp-content\/uploads\/2022\/02\/equitation-voile-riva-bella-1-@elo-768x577.jpg 768w, https:\/\/mirabel-prairiesdelamer.com\/wp-content\/uploads\/2022\/02\/equitation-voile-riva-bella-1-@elo.jpg 1200w\" sizes=\"auto, (max-width: 1024px) 100vw, 1024px\" \/><\/figure><div class=\"wp-block-media-text__content\">\n<h2 class=\"wp-block-heading\" id=\"les-activites-autour-du-camping\">Activiteiten rondom de camping&nbsp;<\/h2>\n\n\n\n<figure class=\"wp-block-image size-large\"><img decoding=\"async\" src=\"https:\/\/mirabel-prairiesdelamer.com\/wp-content\/uploads\/2022\/01\/barre-bleue.png\" alt=\"\"\/><\/figure>\n\n\n\n<p>Voor tennisfans is de&nbsp;<strong>gemeentelijke overdekte velden<\/strong>&nbsp;liggen op slechts 20 meter van de camping. Je hoeft de auto niet te nemen!<\/p>\n\n\n\n<p>Rondom de camping worden allerlei activiteiten aangeboden: bezoeken, <strong>loopt<\/strong>, <strong>watersport<\/strong>, paardrijden, <strong>pretparken<\/strong> en vele andere te ontdekken op onze <a href=\"https:\/\/mirabel-prairiesdelamer.com\/nl\/vrijetijdsactiviteiten-met-kinderen\/\" data-type=\"page\" data-id=\"73\">speciale pagina<\/a>. Voor jong en oud, en voor het hele gezin, is er geen tekort aan vrijetijdsactiviteiten. <strong>in de buurt van Ouistreham<\/strong>. Vraag het aan Pauline of Ludivine bij de receptie.<\/p>\n\n\n\n<p><\/p>\n\n\n\n<p><\/p>\n<\/div><\/div>\n\n\n\n<p><\/p>\n\n\n\n<div class=\"wp-block-media-text alignwide has-media-on-the-right is-stacked-on-mobile\"><div class=\"wp-block-media-text__content\">\n<p class=\"texte-rond has-orange-color has-text-color has-large-font-size\">Fit blijven in de zomer<\/p>\n\n\n\n<p>Met zijn erker <a href=\"https:\/\/mirabel-prairiesdelamer.com\/nl\/camping-normandie-ruimte-aquatique\/\">zwembadzicht<\/a> en ligstoelen, onze prachtige <strong>fitnessruimte <\/strong>is helemaal gratis en staat tot je beschikking tijdens de hele openingsperiode van de camping. Kwaliteitsapparaten die elk jaar voor je worden gereviseerd: elliptische trainer, loopband, step, vloermatten, gewichten... Alles wat je nodig hebt om weer in vorm te komen of je dagelijkse sport op de camping te beoefenen.<\/p>\n\n\n\n<p>Je moet je in het zweet werken om de <a href=\"https:\/\/mirabel-prairiesdelamer.com\/nl\/snackbar\/\">kleine chocoladewafel<\/a> van de Paillote!<\/p>\n\n\n\n<p><\/p>\n\n\n\n<p><\/p>\n<\/div><figure class=\"wp-block-media-text__media\"><img loading=\"lazy\" decoding=\"async\" width=\"493\" height=\"337\" src=\"https:\/\/mirabel-prairiesdelamer.com\/wp-content\/uploads\/2024\/01\/salle-de-sport-camping.jpg\" alt=\"sporthal 4-sterren camping \" class=\"wp-image-12739 size-full\" srcset=\"https:\/\/mirabel-prairiesdelamer.com\/wp-content\/uploads\/2024\/01\/salle-de-sport-camping.jpg 493w, https:\/\/mirabel-prairiesdelamer.com\/wp-content\/uploads\/2024\/01\/salle-de-sport-camping-300x205.jpg 300w\" sizes=\"auto, (max-width: 493px) 100vw, 493px\" \/><\/figure><\/div>\n\n\n\n<p class=\"has-text-align-center texte-rond mt-5 has-large-font-size\">Ontdek de camping<\/p>\n\n\n\n<div class=\"wp-block-columns h-20 front-page-section grey is-layout-flex wp-container-core-columns-is-layout-28f84493 wp-block-columns-is-layout-flex\">\n<div class=\"wp-block-column is-layout-flow wp-block-column-is-layout-flow\"><\/div>\n\n\n\n<div class=\"wp-block-column is-layout-flow wp-block-column-is-layout-flow\">\n<div class=\"wp-block-create-block-sevgutenberg-navigation\"><aside class=\"encart-sev-navigation small carre\"><a href=\"https:\/\/mirabel-prairiesdelamer.com\/nl\/evenementen-juli-augustus\/\" class=\"d-flex flex-column align-items-center\"><div class=\"encart-title\"><span>Kinderclub<\/span><\/div><div class=\"vague\"><\/div><img decoding=\"async\" src=\"https:\/\/mirabel-prairiesdelamer.com\/wp-content\/uploads\/2022\/06\/club-enfant-jeu-animation.jpg\" alt=\"manuele activiteiten kinderclub camping\"\/><div class=\"ligne\"><\/div><div class=\"hover\"><\/div><\/a><\/aside><\/div>\n<\/div>\n\n\n\n<div class=\"wp-block-column is-layout-flow wp-block-column-is-layout-flow\">\n<div class=\"wp-block-create-block-sevgutenberg-navigation\"><aside class=\"encart-sev-navigation small carre\"><a href=\"https:\/\/mirabel-prairiesdelamer.com\/nl\/vrijetijdsactiviteiten-met-kinderen\/\" class=\"d-flex flex-column align-items-center\"><div class=\"encart-title\"><span>Toeristische informatie<\/span><\/div><div class=\"vague\"><\/div><img decoding=\"async\" src=\"https:\/\/mirabel-prairiesdelamer.com\/wp-content\/uploads\/2022\/02\/accueil-reception-carte.jpg\" alt=\"receptie camping\"\/><div class=\"ligne\"><\/div><div class=\"hover\"><\/div><\/a><\/aside><\/div>\n<\/div>\n\n\n\n<div class=\"wp-block-column is-layout-flow wp-block-column-is-layout-flow\">\n<div class=\"wp-block-create-block-sevgutenberg-navigation\"><aside class=\"encart-sev-navigation small carre\"><a href=\"https:\/\/mirabel-prairiesdelamer.com\/nl\/ervaringen\/\" class=\"d-flex flex-column align-items-center\"><div class=\"encart-title\"><span>Ervaringen<\/span><\/div><div class=\"vague\"><\/div><img decoding=\"async\" src=\"https:\/\/mirabel-prairiesdelamer.com\/wp-content\/uploads\/2022\/02\/experience-medievale.jpg\" alt=\"middeleeuwse ervaring in Normandi\u00eb\"\/><div class=\"ligne\"><\/div><div class=\"hover\"><\/div><\/a><\/aside><\/div>\n<\/div>\n\n\n\n<div class=\"wp-block-column is-layout-flow wp-block-column-is-layout-flow\"><\/div>\n<\/div>\n\n\n\n<div class=\"wp-block-group is-layout-flow wp-block-group-is-layout-flow\">\n<figure class=\"wp-block-image aligncenter size-large is-resized mt-5\"><img decoding=\"async\" src=\"https:\/\/mirabel-prairiesdelamer.com\/wp-content\/uploads\/2022\/01\/photo-1024x84.png\" alt=\"fotogalerij\" style=\"width:734px;height:auto\"\/><\/figure>\n\n\n\t\t\t<div id=\"sevgallery-1183601292\" class=\"sev-diaporama sev-diaporama-portfolio\">\r\n\t\t\t\t<div class=\"row\">\r\n\r\n\t\t\t\t\t\r\n\t\t\t\t\t\t\r\n\t\t\t\t\t\t<div class=\"sev-diaporama-portfolio-item   btnseeall btnseeall-xl col-12 col-md  col-grow\">\r\n\t\t\t\t\t\t\t<a href=\"https:\/\/mirabel-prairiesdelamer.com\/wp-content\/uploads\/2024\/01\/terrain-de-petanque-boulodrome.jpg\" data-lightbox=\"sevgallery-1183601292\" style=\"background-image: url(https:\/\/mirabel-prairiesdelamer.com\/wp-content\/uploads\/2024\/01\/terrain-de-petanque-boulodrome.jpg)\">\r\n\t\t\t\t\t\t\t\t<img decoding=\"async\" src=\"https:\/\/mirabel-prairiesdelamer.com\/wp-content\/uploads\/2024\/01\/terrain-de-petanque-boulodrome.jpg\" alt=\"jeu de boules\" loading=\"lazy\">\r\n\t\t\t\t\t\t\t\t\t\t\t\t\t\t\t<\/a>\r\n\t\t\t\t\t\t<\/div>\r\n\r\n\t\t\t\t\t\t\r\n\t\t\t\t\t\t\t\t\t\t\t\t\t\t\t\t\t\r\n\t\t\t\t\t\t\r\n\t\t\t\t\t\t<div class=\"sev-diaporama-portfolio-item   btnseeall btnseeall-xl col-12 col-md  col-shrink\">\r\n\t\t\t\t\t\t\t<a href=\"https:\/\/mirabel-prairiesdelamer.com\/wp-content\/uploads\/2024\/01\/aire-de-jeux-prairies-de-la-mer.jpg\" data-lightbox=\"sevgallery-1183601292\" style=\"background-image: url(https:\/\/mirabel-prairiesdelamer.com\/wp-content\/uploads\/2024\/01\/aire-de-jeux-prairies-de-la-mer.jpg)\">\r\n\t\t\t\t\t\t\t\t<img decoding=\"async\" src=\"https:\/\/mirabel-prairiesdelamer.com\/wp-content\/uploads\/2024\/01\/aire-de-jeux-prairies-de-la-mer.jpg\" alt=\"speelruimte voor kinderen\" loading=\"lazy\">\r\n\t\t\t\t\t\t\t\t\t\t\t\t\t\t\t<\/a>\r\n\t\t\t\t\t\t<\/div>\r\n\r\n\t\t\t\t\t\t\r\n\t\t\t\t\t\t\t\t\t\t\t\t\t\t\t\t\t\r\n\t\t\t\t\t\t\r\n\t\t\t\t\t\t<div class=\"sev-diaporama-portfolio-item   btnseeall btnseeall-xl col-12 col-md  col-grow\">\r\n\t\t\t\t\t\t\t<a href=\"https:\/\/mirabel-prairiesdelamer.com\/wp-content\/uploads\/2022\/02\/balancoire-1024x745.jpg\" data-lightbox=\"sevgallery-1183601292\" style=\"background-image: url(https:\/\/mirabel-prairiesdelamer.com\/wp-content\/uploads\/2022\/02\/balancoire-1024x745.jpg)\">\r\n\t\t\t\t\t\t\t\t<img decoding=\"async\" src=\"https:\/\/mirabel-prairiesdelamer.com\/wp-content\/uploads\/2022\/02\/balancoire-1024x745.jpg\" alt=\"kinderschommel\" loading=\"lazy\">\r\n\t\t\t\t\t\t\t\t\t\t\t\t\t\t\t<\/a>\r\n\t\t\t\t\t\t<\/div>\r\n\r\n\t\t\t\t\t\t\r\n\t\t\t\t\t\t\t\t\t\t\t\t\t\t\t\t\t\r\n\t\t\t\t\t\t\r\n\t\t\t\t\t\t<div class=\"sev-diaporama-portfolio-item   btnseeall btnseeall-xl col-12 col-md  col-shrink\">\r\n\t\t\t\t\t\t\t<a href=\"https:\/\/mirabel-prairiesdelamer.com\/wp-content\/uploads\/2022\/02\/jeux-enfant-toboggan-1024x683.jpg\" data-lightbox=\"sevgallery-1183601292\" style=\"background-image: url(https:\/\/mirabel-prairiesdelamer.com\/wp-content\/uploads\/2022\/02\/jeux-enfant-toboggan-1024x683.jpg)\">\r\n\t\t\t\t\t\t\t\t<img decoding=\"async\" src=\"https:\/\/mirabel-prairiesdelamer.com\/wp-content\/uploads\/2022\/02\/jeux-enfant-toboggan-1024x683.jpg\" alt=\"kinderglijbaan\" loading=\"lazy\">\r\n\t\t\t\t\t\t\t\t\t\t\t\t\t\t\t<\/a>\r\n\t\t\t\t\t\t<\/div>\r\n\r\n\t\t\t\t\t\t\t\t\t\t\t\t\t<div class=\"w-100\"><\/div>\r\n\t\t\t\t\t\t\t\t\t\t\t\t\t\r\n\t\t\t\t\t\t\t\t\t\t\t\t\t\t\t\t\t\r\n\t\t\t\t\t\t\r\n\t\t\t\t\t\t<div class=\"sev-diaporama-portfolio-item   btnseeall btnseeall-xl col-12 col-md  col-grow\">\r\n\t\t\t\t\t\t\t<a href=\"https:\/\/mirabel-prairiesdelamer.com\/wp-content\/uploads\/2024\/01\/trampoline-jeux-enfants2.jpg\" data-lightbox=\"sevgallery-1183601292\" style=\"background-image: url(https:\/\/mirabel-prairiesdelamer.com\/wp-content\/uploads\/2024\/01\/trampoline-jeux-enfants2.jpg)\">\r\n\t\t\t\t\t\t\t\t<img decoding=\"async\" src=\"https:\/\/mirabel-prairiesdelamer.com\/wp-content\/uploads\/2024\/01\/trampoline-jeux-enfants2.jpg\" alt=\"trampoline voor kleine meisjes\" loading=\"lazy\">\r\n\t\t\t\t\t\t\t\t\t\t\t\t\t\t\t<\/a>\r\n\t\t\t\t\t\t<\/div>\r\n\r\n\t\t\t\t\t\t\r\n\t\t\t\t\t\t\t\t\t\t\t\t\t\t\t\t\t\r\n\t\t\t\t\t\t\r\n\t\t\t\t\t\t<div class=\"sev-diaporama-portfolio-item   btnseeall btnseeall-xl col-12 col-md  col-grow\">\r\n\t\t\t\t\t\t\t<a href=\"https:\/\/mirabel-prairiesdelamer.com\/wp-content\/uploads\/2024\/01\/multisport-enfants-adultes.jpg\" data-lightbox=\"sevgallery-1183601292\" style=\"background-image: url(https:\/\/mirabel-prairiesdelamer.com\/wp-content\/uploads\/2024\/01\/multisport-enfants-adultes.jpg)\">\r\n\t\t\t\t\t\t\t\t<img decoding=\"async\" src=\"https:\/\/mirabel-prairiesdelamer.com\/wp-content\/uploads\/2024\/01\/multisport-enfants-adultes.jpg\" alt=\"multisportterrein camping\" loading=\"lazy\">\r\n\t\t\t\t\t\t\t\t\t\t\t\t\t\t\t<\/a>\r\n\t\t\t\t\t\t<\/div>\r\n\r\n\t\t\t\t\t\t\r\n\t\t\t\t\t\t\t\t\t\t\t\t\t\t\t\t\t\r\n\t\t\t\t\t\t\r\n\t\t\t\t\t\t<div class=\"sev-diaporama-portfolio-item   btnseeall btnseeall-xl col-12 col-md  col-grow\">\r\n\t\t\t\t\t\t\t<a href=\"https:\/\/mirabel-prairiesdelamer.com\/wp-content\/uploads\/2024\/01\/structure-gonflable-jeux-enfants-1024x768.jpeg\" data-lightbox=\"sevgallery-1183601292\" style=\"background-image: url(https:\/\/mirabel-prairiesdelamer.com\/wp-content\/uploads\/2024\/01\/structure-gonflable-jeux-enfants-1024x768.jpeg)\">\r\n\t\t\t\t\t\t\t\t<img decoding=\"async\" src=\"https:\/\/mirabel-prairiesdelamer.com\/wp-content\/uploads\/2024\/01\/structure-gonflable-jeux-enfants-1024x768.jpeg\" alt=\"speelruimte\" loading=\"lazy\">\r\n\t\t\t\t\t\t\t\t\t\t\t\t\t\t\t<\/a>\r\n\t\t\t\t\t\t<\/div>\r\n\r\n\t\t\t\t\t\t\r\n\t\t\t\t\t\t\t\t\t\t\t\t\t\t\t\t\t\r\n\t\t\t\t\t\t\r\n\t\t\t\t\t\t<div class=\"sev-diaporama-portfolio-item   btnseeall btnseeall-xl col-12 col-md\">\r\n\t\t\t\t\t\t\t<a href=\"https:\/\/mirabel-prairiesdelamer.com\/wp-content\/uploads\/2024\/01\/jeux-de-societe-2.jpg\" data-lightbox=\"sevgallery-1183601292\" style=\"background-image: url(https:\/\/mirabel-prairiesdelamer.com\/wp-content\/uploads\/2024\/01\/jeux-de-societe-2.jpg)\">\r\n\t\t\t\t\t\t\t\t<img decoding=\"async\" src=\"https:\/\/mirabel-prairiesdelamer.com\/wp-content\/uploads\/2024\/01\/jeux-de-societe-2.jpg\" alt=\"bordspellen voor tieners\" loading=\"lazy\">\r\n\t\t\t\t\t\t\t\t\t\t\t\t\t\t\t<\/a>\r\n\t\t\t\t\t\t<\/div>\r\n\r\n\t\t\t\t\t\t\t\t\t\t\t\t\t<div class=\"w-100\"><\/div>\r\n\t\t\t\t\t\t\t\t\t\t\t\t\t\r\n\t\t\t\t\t\t\t\t\t\t\t\t\t\t\t\t\t\r\n\t\t\t\t\t\t\r\n\t\t\t\t\t\t<div class=\"sev-diaporama-portfolio-item   btnseeall btnseeall-xl col-12 col-md  col-grow\">\r\n\t\t\t\t\t\t\t<a href=\"https:\/\/mirabel-prairiesdelamer.com\/wp-content\/uploads\/2022\/02\/salle-fitness-576x1024.jpg\" data-lightbox=\"sevgallery-1183601292\" style=\"background-image: url(https:\/\/mirabel-prairiesdelamer.com\/wp-content\/uploads\/2022\/02\/salle-fitness-576x1024.jpg)\">\r\n\t\t\t\t\t\t\t\t<img decoding=\"async\" src=\"https:\/\/mirabel-prairiesdelamer.com\/wp-content\/uploads\/2022\/02\/salle-fitness-576x1024.jpg\" alt=\"fitness fitness fiets\" loading=\"lazy\">\r\n\t\t\t\t\t\t\t\t\t\t\t\t\t\t\t<\/a>\r\n\t\t\t\t\t\t<\/div>\r\n\r\n\t\t\t\t\t\t\r\n\t\t\t\t\t\t\t\t\t\t\t\t\t\t\t\t\t\r\n\t\t\t\t\t\t\r\n\t\t\t\t\t\t<div class=\"sev-diaporama-portfolio-item  limitsm btnseeall btnseeall-xl col-12 col-md  col-grow last-visible\">\r\n\t\t\t\t\t\t\t<a href=\"https:\/\/mirabel-prairiesdelamer.com\/wp-content\/uploads\/2022\/02\/salle-fitness-machines-1024x768.jpg\" data-lightbox=\"sevgallery-1183601292\" style=\"background-image: url(https:\/\/mirabel-prairiesdelamer.com\/wp-content\/uploads\/2022\/02\/salle-fitness-machines-1024x768.jpg)\">\r\n\t\t\t\t\t\t\t\t<img decoding=\"async\" src=\"https:\/\/mirabel-prairiesdelamer.com\/wp-content\/uploads\/2022\/02\/salle-fitness-machines-1024x768.jpg\" alt=\"fitnessruimte\" loading=\"lazy\">\r\n\t\t\t\t\t\t\t\t\t\t\t\t\t\t\t\t\t<img decoding=\"async\" src=\"https:\/\/mirabel-prairiesdelamer.com\/wp-content\/themes\/mirabel-site\/assets\/img\/voir-photos.png\" alt=\"\" \/>\r\n\t\t\t\t\t\t\t\t\t<span>Bekijk alle foto's<\/span>\r\n\t\t\t\t\t\t\t\t\t\t\t\t\t\t\t<\/a>\r\n\t\t\t\t\t\t<\/div>\r\n\r\n\t\t\t\t\t\t\r\n\t\t\t\t\t\t\t\t\t\t\t\t\t\t\t\t\t\t\t\t\t<\/div>\r\n\t\t\t<\/div>\r\n\r\n\t\t\t<script>\r\n\t\t\tjQuery(function($) {\r\n\r\n\t\t\t\tvar marginPortfolio = function() {\r\n\r\n\t\t\t\t\tvar $diapo          = $('#sevgallery-1183601292');\r\n\t\t\t\t\tvar container_width = $diapo.parent().outerWidth();\r\n\t\t\t\t\tvar side            = ( $(window).innerWidth() - container_width ) \/ 2;\r\n\r\n\t\t\t\t\t$diapo.css( {\r\n\t\t\t\t\t\t'margin-left': '-' + side + 'px',\r\n\t\t\t\t\t\t'margin-right': '-' + side + 'px',\r\n\t\t\t\t\t} );\r\n\t\t\t\t};\r\n\r\n\t\t\t\t$( window ).resize( function() {\r\n\t\t\t\t\tmarginPortfolio();\r\n\t\t\t\t} );\r\n\t\t\t\tmarginPortfolio();\r\n\t\t\t});\r\n\t\t\t<\/script>\r\n\t\t\t\n<\/div>","protected":false},"excerpt":{"rendered":"<p>Des activit\u00e9s sportives et de loisirs au camping 4 \u00e9toiles Les Prairies de la Mer Au sein de notre Camping [&hellip;]<\/p>\n","protected":false},"author":1,"featured_media":0,"parent":0,"menu_order":0,"comment_status":"closed","ping_status":"closed","template":"","meta":{"_seopress_robots_primary_cat":"","_seopress_titles_title":"Les sports et loisirs du camping 4* Prairies de la Mer.","_seopress_titles_desc":"Au sein du camping 4 \u00e9toiles de Ouistreham, nous avons \u00e0 c\u0153ur de vous proposer un vaste choix d\u2019activit\u00e9s. D\u00e9couvrez tous nos espaces am\u00e9nag\u00e9s","_seopress_robots_index":"","footnotes":""},"class_list":["post-43","page","type-page","status-publish","hentry"],"_links":{"self":[{"href":"https:\/\/mirabel-prairiesdelamer.com\/nl\/wp-json\/wp\/v2\/pages\/43","targetHints":{"allow":["GET"]}}],"collection":[{"href":"https:\/\/mirabel-prairiesdelamer.com\/nl\/wp-json\/wp\/v2\/pages"}],"about":[{"href":"https:\/\/mirabel-prairiesdelamer.com\/nl\/wp-json\/wp\/v2\/types\/page"}],"author":[{"embeddable":true,"href":"https:\/\/mirabel-prairiesdelamer.com\/nl\/wp-json\/wp\/v2\/users\/1"}],"replies":[{"embeddable":true,"href":"https:\/\/mirabel-prairiesdelamer.com\/nl\/wp-json\/wp\/v2\/comments?post=43"}],"version-history":[{"count":35,"href":"https:\/\/mirabel-prairiesdelamer.com\/nl\/wp-json\/wp\/v2\/pages\/43\/revisions"}],"predecessor-version":[{"id":18091,"href":"https:\/\/mirabel-prairiesdelamer.com\/nl\/wp-json\/wp\/v2\/pages\/43\/revisions\/18091"}],"wp:attachment":[{"href":"https:\/\/mirabel-prairiesdelamer.com\/nl\/wp-json\/wp\/v2\/media?parent=43"}],"curies":[{"name":"wp","href":"https:\/\/api.w.org\/{rel}","templated":true}]}}