{"id":267,"date":"2022-02-02T10:04:00","date_gmt":"2022-02-02T09:04:00","guid":{"rendered":"https:\/\/www.campinglarenaudiere.com\/?page_id=267"},"modified":"2026-02-25T12:08:26","modified_gmt":"2026-02-25T11:08:26","slug":"herdenkingstoerisme","status":"publish","type":"page","link":"https:\/\/mirabel-prairiesdelamer.com\/nl\/tourisme-de-memoire\/","title":{"rendered":"De landingsstranden van D-Day"},"content":{"rendered":"<h1 class=\"wp-block-heading\" id=\"les-plages-du-debarquement-en-normandie-terre-de-liberte\"><strong>De landingsstranden van Normandi\u00eb - Land van vrijheid!<\/strong><\/h1>\n\n\n\n<div class=\"wp-block-group is-layout-flow wp-block-group-is-layout-flow\">\n<p class=\"has-text-align-center\">Normandi\u00eb, en meer specifiek Calvados, was de bakermat van de geschiedenis en het toneel van de geallieerde landingen op 6 juni 1944 die leidden tot de bevrijding van Frankrijk tijdens de Tweede Wereldoorlog. Talloze relikwie\u00ebn, musea en herdenkingsplaatsen herinneren aan het offer van deze mannen en vrouwen.<\/p>\n\n\n\n<figure class=\"wp-block-image aligncenter size-full is-resized\"><img decoding=\"async\" src=\"https:\/\/www.mirabel-prairiesdelamer.com\/wp-content\/uploads\/2022\/01\/barre-bleue.png\" alt=\"\" class=\"wp-image-2382\" style=\"width:50px;height:8px\"\/><\/figure>\n<\/div>\n\n\n\n<div class=\"wp-block-media-text alignwide has-media-on-the-right is-stacked-on-mobile is-vertically-aligned-center is-style-default\"><div class=\"wp-block-media-text__content\">\n<p class=\"texte-rond has-orange-color has-text-color has-large-font-size\" id=\"de-belles-histoires-a-vous-raconter\">Waar geschiedenis tot leven komt!<\/p>\n\n\n\n<h2 class=\"wp-block-heading\" id=\"une-ville-active-pour-vos-achats-et-vos-sorties\"><strong><strong>Landingsmusea van Ouistreham naar Arromanches<\/strong><\/strong><\/h2>\n\n\n\n<figure class=\"wp-block-image size-full\"><img decoding=\"async\" src=\"https:\/\/www.mirabel-prairiesdelamer.com\/wp-content\/uploads\/2022\/01\/barre-bleue.png\" alt=\"\" class=\"wp-image-2382\"\/><\/figure>\n\n\n\n<p>De Normandische kust is bezaaid met talloze musea die vertellen over de avonturen van de <strong>Tweede Wereldoorlog<\/strong>. A <a href=\"https:\/\/mirabel-prairiesdelamer.com\/nl\/camping-ouistreham\/\" data-type=\"page\" data-id=\"67\">Ouistreham<\/a>, In Ouistreham kun je het Mus\u00e9e du D\u00e9barquement n\u00b04 Commando bezoeken, het enige Franse commando dat op 6 juni landde en verantwoordelijk was voor de bevrijding van Ouistreham. Ook een bezoek waard is de Grand Bunker, een overblijfsel van de Atlantikwall en de voormalige centrale commandopost van de vijandelijke legers.<\/p>\n\n\n\n<p>In B\u00e9nouville (10 min) vind je de <strong>Monument Pegasusbrug<\/strong> opgedragen aan de soldaten van de British Airborne Division. Zij waren de eerste bevrijders die voet zetten op Normandische bodem. Mis de <strong><a rel=\"noreferrer noopener\" href=\"https:\/\/www.memorial-caen.fr\/\" target=\"_blank\">Herdenking Caen<\/a><\/strong> waarin de verschrikkelijke geschiedenis van de 20e eeuw wordt verteld, vanaf het ontstaan van de 2<sup>en<\/sup> Wereldoorlog aan het einde van de Koude Oorlog. <\/p>\n\n\n\n<p>Stop in Courseulles-sur-Mer bij de <strong>Centrum Juno Beach<\/strong> in dit museum dat een eerbetoon is aan de 45.000 Canadese soldaten. Iets verderop vind je de <strong>Circulaire bioscoop Arromanches <\/strong>360\u00b0 en het Mus\u00e9e du D\u00e9barquement d'Arromanches vertellen je meer over de kunstmatige haven vanaf het ontwerp tot de installatie op D-Day.<\/p>\n\n\n\n<p>Ontdek alle landingsplaatsen op&nbsp;<strong><a rel=\"noreferrer noopener\" href=\"https:\/\/www.normandie-tourisme.fr\/decouverte\/histoire\/d-day-et-bataille-de-normandie\/les-incontournables-du-d-day\/\" target=\"_blank\">Normandi\u00eb Toerisme<\/a>.<\/strong><\/p>\n<\/div><figure class=\"wp-block-media-text__media\"><img loading=\"lazy\" decoding=\"async\" width=\"1920\" height=\"1277\" src=\"https:\/\/www.mirabel-prairiesdelamer.com\/wp-content\/uploads\/2022\/02\/musee-grand-bunker-ouistreham.jpg\" alt=\"groot bunker museum\" class=\"wp-image-5485 size-full\" srcset=\"https:\/\/mirabel-prairiesdelamer.com\/wp-content\/uploads\/2022\/02\/musee-grand-bunker-ouistreham.jpg 1920w, https:\/\/mirabel-prairiesdelamer.com\/wp-content\/uploads\/2022\/02\/musee-grand-bunker-ouistreham-300x200.jpg 300w, https:\/\/mirabel-prairiesdelamer.com\/wp-content\/uploads\/2022\/02\/musee-grand-bunker-ouistreham-1024x681.jpg 1024w, https:\/\/mirabel-prairiesdelamer.com\/wp-content\/uploads\/2022\/02\/musee-grand-bunker-ouistreham-768x511.jpg 768w, https:\/\/mirabel-prairiesdelamer.com\/wp-content\/uploads\/2022\/02\/musee-grand-bunker-ouistreham-1536x1022.jpg 1536w\" sizes=\"auto, (max-width: 1920px) 100vw, 1920px\" \/><\/figure><\/div>\n\n\n\n<div style=\"height:40px\" aria-hidden=\"true\" class=\"wp-block-spacer\"><\/div>\n\n\n\n<div class=\"wp-block-media-text alignwide is-stacked-on-mobile is-vertically-aligned-center animate front-page-section grey\"><figure class=\"wp-block-media-text__media\"><img loading=\"lazy\" decoding=\"async\" width=\"1920\" height=\"1283\" src=\"https:\/\/www.mirabel-prairiesdelamer.com\/wp-content\/uploads\/2022\/02\/arromanches-port-debarquement-1.jpg\" alt=\"arromanches haven van ontscheping\" class=\"wp-image-5486 size-full\" srcset=\"https:\/\/mirabel-prairiesdelamer.com\/wp-content\/uploads\/2022\/02\/arromanches-port-debarquement-1.jpg 1920w, https:\/\/mirabel-prairiesdelamer.com\/wp-content\/uploads\/2022\/02\/arromanches-port-debarquement-1-300x200.jpg 300w, https:\/\/mirabel-prairiesdelamer.com\/wp-content\/uploads\/2022\/02\/arromanches-port-debarquement-1-1024x684.jpg 1024w, https:\/\/mirabel-prairiesdelamer.com\/wp-content\/uploads\/2022\/02\/arromanches-port-debarquement-1-768x513.jpg 768w, https:\/\/mirabel-prairiesdelamer.com\/wp-content\/uploads\/2022\/02\/arromanches-port-debarquement-1-1536x1026.jpg 1536w\" sizes=\"auto, (max-width: 1920px) 100vw, 1920px\" \/><\/figure><div class=\"wp-block-media-text__content\">\n<h2 class=\"wp-block-heading\" id=\"une-ville-active-pour-vos-achats-et-vos-sorties\">De 5 belangrijkste D-Day stranden in Normandi\u00eb<\/h2>\n\n\n\n<figure class=\"wp-block-image size-full\"><img decoding=\"async\" src=\"https:\/\/www.mirabel-prairiesdelamer.com\/wp-content\/uploads\/2022\/01\/barre-bleue.png\" alt=\"\" class=\"wp-image-2382\"\/><\/figure>\n\n\n\n<p>De grootste amfibie- en luchtlandingsoperatie in de geschiedenis vond hier in Normandi\u00eb plaats. Vandaag de dag zijn de stranden bekend en worden ze elk jaar door miljoenen mensen bezocht. De namen van de stranden zijn een eerbetoon aan de nationaliteiten van de soldaten die er geland zijn. Er zijn 5 hoofdsectoren:<\/p>\n\n\n\n<ul class=\"wp-block-list\">\n<li><strong>Zwaardstrand<\/strong>&nbsp;Deze codenaam is gegeven aan het strand gelegen in de gemeenten Hermanville, Colleville-Montgomery en Ouistreham en komt overeen met de <strong>Frans-Britse sector<\/strong><\/li>\n\n\n\n<li><strong>Juno Strand&nbsp;<\/strong>Deze Canadese sector strekt zich uit van Berni\u00e8res-sur-Mer tot Courseulles-sur-Mer, waar de <strong>3<sup>th<\/sup> Canadese divisie<\/strong> is aangekomen.<\/li>\n\n\n\n<li><strong>Goudstrand&nbsp;<\/strong>Dit strand is waar de <strong>50<sup>th<\/sup> Britse divisie<\/strong>, De Mulberry, de kunstmatige haven, is hier aangelegd. Het strekt zich uit van Asnelles tot Ver-sur-Mer. <\/li>\n\n\n\n<li><strong>Utah Beach en Omaha Beach<\/strong>&nbsp;Deze sector is <strong>de meest uitgebreide <\/strong>van de 5 D-Day landingsstranden, omdat het de <strong>Amerikaanse industrie<\/strong> die begint in Colleville-sur-Mer en verder gaat in het departement Manche bij Sainte-Marie-du-Mont in Quin\u00e9ville.<\/li>\n<\/ul>\n<\/div><\/div>\n\n\n\n<div class=\"wp-block-media-text alignwide has-media-on-the-right is-stacked-on-mobile is-vertically-aligned-center is-style-default\"><div class=\"wp-block-media-text__content\">\n<h2 class=\"wp-block-heading\" id=\"les-cimetieres-en-hommage-a-nos-liberateurs\"><strong><strong>Begraafplaatsen als eerbetoon aan onze bevrijders!<\/strong><\/strong><\/h2>\n\n\n\n<figure class=\"wp-block-image size-full\"><img decoding=\"async\" src=\"https:\/\/www.mirabel-prairiesdelamer.com\/wp-content\/uploads\/2022\/01\/barre-bleue.png\" alt=\"\" class=\"wp-image-2382\"\/><\/figure>\n\n\n\n<p>Omdat we allemaal een <strong>plicht tot gedenken <\/strong>In de afgelopen 60 jaar zijn er talloze plaatsen opgericht om deze soldaten te herdenken en hun nagedachtenis te eren.<strong> hulde brengen<\/strong> een laatste keer. <\/p>\n\n\n\n<p>De bekendste is natuurlijk de <strong>Colleville-sur-Mer Amerikaanse begraafplaats<\/strong> 1u15 van <a href=\"https:\/\/mirabel-prairiesdelamer.com\/nl\/\" data-type=\"page\" data-id=\"9\">camping Les Prairies de la Mer<\/a>, met uitzicht op het strand bij\u2019<strong>Omaha-strand<\/strong>. Deze plek met een rijke geschiedenis wordt vandaag de dag nog steeds het meest bezocht. De witte kruizen in een perfecte rij, het gedenkteken, de tuin van de vermisten en de zee zover het oog reikt maken deze plek uniek en vol emotie.<\/p>\n\n\n\n<p>Bij Ver-sur-Mer, aan de <strong>Britse industrie<\/strong>, vindt u de <strong><a href=\"https:\/\/www.britishnormandymemorial.org\/\" target=\"_blank\" rel=\"noreferrer noopener\">Brits gedenkteken in Normandi\u00eb<\/a><\/strong>. Dit monument, dat in 2021 werd ingehuldigd, is een eerbetoon aan het Britse leger en Normandische burgers die tijdens het conflict zijn gesneuveld.  In totaal zijn er meer dan 22.000 namen van soldaten gegraveerd in de kolommen van het bouwwerk, tegenover <strong>Goudstrand.<\/strong><\/p>\n\n\n\n<p>Er zijn andere, heel verschillende maar even interessante begraafplaatsen te ontdekken. Lees meer over de<strong>\u2018<a rel=\"noreferrer noopener\" href=\"https:\/\/www.caenlamer-tourisme.fr\/loisirs\/office-de-tourisme-et-des-congres-de-caen-la-mer-normandie-bureau-dinformations-touristiques-de-ouistreham-riva-bella\/\" target=\"_blank\">Toeristenbureau.<\/a><\/strong><\/p>\n<\/div><figure class=\"wp-block-media-text__media\"><img loading=\"lazy\" decoding=\"async\" width=\"1920\" height=\"1280\" src=\"https:\/\/www.mirabel-prairiesdelamer.com\/wp-content\/uploads\/2022\/02\/cimetiere-americain-colleville-2-1.jpg\" alt=\"Colleville Amerikaanse Begraafplaats\" class=\"wp-image-5488 size-full\" srcset=\"https:\/\/mirabel-prairiesdelamer.com\/wp-content\/uploads\/2022\/02\/cimetiere-americain-colleville-2-1.jpg 1920w, https:\/\/mirabel-prairiesdelamer.com\/wp-content\/uploads\/2022\/02\/cimetiere-americain-colleville-2-1-300x200.jpg 300w, https:\/\/mirabel-prairiesdelamer.com\/wp-content\/uploads\/2022\/02\/cimetiere-americain-colleville-2-1-1024x683.jpg 1024w, https:\/\/mirabel-prairiesdelamer.com\/wp-content\/uploads\/2022\/02\/cimetiere-americain-colleville-2-1-768x512.jpg 768w, https:\/\/mirabel-prairiesdelamer.com\/wp-content\/uploads\/2022\/02\/cimetiere-americain-colleville-2-1-1536x1024.jpg 1536w\" sizes=\"auto, (max-width: 1920px) 100vw, 1920px\" \/><\/figure><\/div>\n\n\n\n<p class=\"has-text-align-center texte-rond mt-5 has-large-font-size\">Ontdek de camping<\/p>\n\n\n\n<div class=\"wp-block-columns front-page-section grey is-layout-flex wp-container-core-columns-is-layout-28f84493 wp-block-columns-is-layout-flex\">\n<div class=\"wp-block-column is-layout-flow wp-block-column-is-layout-flow\"><\/div>\n\n\n\n<div class=\"wp-block-column is-vertically-aligned-center is-layout-flow wp-block-column-is-layout-flow\">\n<div class=\"wp-block-create-block-sevgutenberg-navigation\"><aside class=\"encart-sev-navigation small carre\"><a href=\"https:\/\/mirabel-prairiesdelamer.com\/nl\/evenementen-juli-augustus\/\" class=\"d-flex flex-column align-items-center\"><div class=\"encart-title\"><span>Amusement<\/span><\/div><div class=\"vague\"><\/div><img decoding=\"async\" src=\"https:\/\/mirabel-prairiesdelamer.com\/wp-content\/uploads\/2023\/02\/danse-camping-piscine-animation.jpg\" alt=\"zomercamping dansanimatie\"\/><div class=\"ligne\"><\/div><div class=\"hover\"><\/div><\/a><\/aside><\/div>\n<\/div>\n\n\n\n<div class=\"wp-block-column is-layout-flow wp-block-column-is-layout-flow\">\n<div class=\"wp-block-create-block-sevgutenberg-navigation\"><aside class=\"encart-sev-navigation small carre\"><a href=\"https:\/\/mirabel-prairiesdelamer.com\/nl\/snackbar\/\" class=\"d-flex flex-column align-items-center\"><div class=\"encart-title\"><span>De snackbar<\/span><\/div><div class=\"vague\"><\/div><img decoding=\"async\" src=\"https:\/\/mirabel-prairiesdelamer.com\/wp-content\/uploads\/2023\/02\/snack-bar-cocktail.jpg\" alt=\"cocktail snackbar zomer hut\"\/><div class=\"ligne\"><\/div><div class=\"hover\"><\/div><\/a><\/aside><\/div>\n<\/div>\n\n\n\n<div class=\"wp-block-column is-layout-flow wp-block-column-is-layout-flow\">\n<div class=\"wp-block-create-block-sevgutenberg-navigation\"><aside class=\"encart-sev-navigation small carre\"><a href=\"https:\/\/mirabel-prairiesdelamer.com\/nl\/camping-calvados-diensten\/\" class=\"d-flex flex-column align-items-center\"><div class=\"encart-title\"><span>Onze diensten<\/span><\/div><div class=\"vague\"><\/div><img decoding=\"async\" src=\"https:\/\/mirabel-prairiesdelamer.com\/wp-content\/uploads\/2022\/02\/accueil-reception-carte.jpg\" alt=\"receptie camping\"\/><div class=\"ligne\"><\/div><div class=\"hover\"><\/div><\/a><\/aside><\/div>\n<\/div>\n\n\n\n<div class=\"wp-block-column is-layout-flow wp-block-column-is-layout-flow\"><\/div>\n<\/div>\n\n\n\n<figure class=\"wp-block-image aligncenter size-large is-resized mt-5\"><img decoding=\"async\" src=\"https:\/\/www.mirabel-prairiesdelamer.com\/wp-content\/uploads\/2022\/01\/photo-1024x84.png\" alt=\"fotogalerij\" class=\"wp-image-2371\" style=\"width:768px;height:63px\"\/><\/figure>\n\n\n\t\t\t<div id=\"sevgallery-567341091\" class=\"sev-diaporama sev-diaporama-portfolio\">\r\n\t\t\t\t<div class=\"row\">\r\n\r\n\t\t\t\t\t\r\n\t\t\t\t\t\t\r\n\t\t\t\t\t\t<div class=\"sev-diaporama-portfolio-item   btnseeall btnseeall-xl col-12 col-md\">\r\n\t\t\t\t\t\t\t<a href=\"https:\/\/mirabel-prairiesdelamer.com\/wp-content\/uploads\/2022\/02\/ouistreham-musee-bunker-1024x683.jpg\" data-lightbox=\"sevgallery-567341091\" style=\"background-image: url(https:\/\/mirabel-prairiesdelamer.com\/wp-content\/uploads\/2022\/02\/ouistreham-musee-bunker-1024x683.jpg)\">\r\n\t\t\t\t\t\t\t\t<img decoding=\"async\" src=\"https:\/\/mirabel-prairiesdelamer.com\/wp-content\/uploads\/2022\/02\/ouistreham-musee-bunker-1024x683.jpg\" alt=\"bunker museum ouistreham\" loading=\"lazy\">\r\n\t\t\t\t\t\t\t\t\t\t\t\t\t\t\t<\/a>\r\n\t\t\t\t\t\t<\/div>\r\n\r\n\t\t\t\t\t\t\r\n\t\t\t\t\t\t\t\t\t\t\t\t\t\t\t\t\t\r\n\t\t\t\t\t\t\r\n\t\t\t\t\t\t<div class=\"sev-diaporama-portfolio-item   btnseeall btnseeall-xl col-12 col-md  col-shrink\">\r\n\t\t\t\t\t\t\t<a href=\"https:\/\/mirabel-prairiesdelamer.com\/wp-content\/uploads\/2022\/02\/pont-pegasus-benouville-1024x465.jpg\" data-lightbox=\"sevgallery-567341091\" style=\"background-image: url(https:\/\/mirabel-prairiesdelamer.com\/wp-content\/uploads\/2022\/02\/pont-pegasus-benouville-1024x465.jpg)\">\r\n\t\t\t\t\t\t\t\t<img decoding=\"async\" src=\"https:\/\/mirabel-prairiesdelamer.com\/wp-content\/uploads\/2022\/02\/pont-pegasus-benouville-1024x465.jpg\" alt=\"Herdenkingsmuseum van Caen\" loading=\"lazy\">\r\n\t\t\t\t\t\t\t\t\t\t\t\t\t\t\t<\/a>\r\n\t\t\t\t\t\t<\/div>\r\n\r\n\t\t\t\t\t\t\r\n\t\t\t\t\t\t\t\t\t\t\t\t\t\t\t\t\t\r\n\t\t\t\t\t\t\r\n\t\t\t\t\t\t<div class=\"sev-diaporama-portfolio-item   btnseeall btnseeall-xl col-12 col-md\">\r\n\t\t\t\t\t\t\t<a href=\"https:\/\/mirabel-prairiesdelamer.com\/wp-content\/uploads\/2022\/02\/Commemorations_au_Centre_Juno_Beach_-_S-1024x576.jpg\" data-lightbox=\"sevgallery-567341091\" style=\"background-image: url(https:\/\/mirabel-prairiesdelamer.com\/wp-content\/uploads\/2022\/02\/Commemorations_au_Centre_Juno_Beach_-_S-1024x576.jpg)\">\r\n\t\t\t\t\t\t\t\t<img decoding=\"async\" src=\"https:\/\/mirabel-prairiesdelamer.com\/wp-content\/uploads\/2022\/02\/Commemorations_au_Centre_Juno_Beach_-_S-1024x576.jpg\" alt=\"juno beach centrum\" loading=\"lazy\">\r\n\t\t\t\t\t\t\t\t\t\t\t\t\t\t\t<\/a>\r\n\t\t\t\t\t\t<\/div>\r\n\r\n\t\t\t\t\t\t\r\n\t\t\t\t\t\t\t\t\t\t\t\t\t\t\t\t\t\r\n\t\t\t\t\t\t\r\n\t\t\t\t\t\t<div class=\"sev-diaporama-portfolio-item   btnseeall btnseeall-xl col-12 col-md\">\r\n\t\t\t\t\t\t\t<a href=\"https:\/\/mirabel-prairiesdelamer.com\/wp-content\/uploads\/2022\/02\/Cimetiere-americain-Colleville-1024x683.jpg\" data-lightbox=\"sevgallery-567341091\" style=\"background-image: url(https:\/\/mirabel-prairiesdelamer.com\/wp-content\/uploads\/2022\/02\/Cimetiere-americain-Colleville-1024x683.jpg)\">\r\n\t\t\t\t\t\t\t\t<img decoding=\"async\" src=\"https:\/\/mirabel-prairiesdelamer.com\/wp-content\/uploads\/2022\/02\/Cimetiere-americain-Colleville-1024x683.jpg\" alt=\"Colleville Amerikaanse Begraafplaats\" loading=\"lazy\">\r\n\t\t\t\t\t\t\t\t\t\t\t\t\t\t\t<\/a>\r\n\t\t\t\t\t\t<\/div>\r\n\r\n\t\t\t\t\t\t\t\t\t\t\t\t\t<div class=\"w-100\"><\/div>\r\n\t\t\t\t\t\t\t\t\t\t\t\t\t\r\n\t\t\t\t\t\t\t\t\t\t\t\t\t\t\t\t\t\r\n\t\t\t\t\t\t\r\n\t\t\t\t\t\t<div class=\"sev-diaporama-portfolio-item   btnseeall btnseeall-xl col-12 col-md  col-shrink\">\r\n\t\t\t\t\t\t\t<a href=\"https:\/\/mirabel-prairiesdelamer.com\/wp-content\/uploads\/2022\/02\/Cimetiere-allemand-normandie-1024x683.jpg\" data-lightbox=\"sevgallery-567341091\" style=\"background-image: url(https:\/\/mirabel-prairiesdelamer.com\/wp-content\/uploads\/2022\/02\/Cimetiere-allemand-normandie-1024x683.jpg)\">\r\n\t\t\t\t\t\t\t\t<img decoding=\"async\" src=\"https:\/\/mirabel-prairiesdelamer.com\/wp-content\/uploads\/2022\/02\/Cimetiere-allemand-normandie-1024x683.jpg\" alt=\"Duitse begraafplaats in Normandi\u00eb\" loading=\"lazy\">\r\n\t\t\t\t\t\t\t\t\t\t\t\t\t\t\t<\/a>\r\n\t\t\t\t\t\t<\/div>\r\n\r\n\t\t\t\t\t\t\r\n\t\t\t\t\t\t\t\t\t\t\t\t\t\t\t\t\t\r\n\t\t\t\t\t\t\r\n\t\t\t\t\t\t<div class=\"sev-diaporama-portfolio-item   btnseeall btnseeall-xl col-12 col-md  col-shrink\">\r\n\t\t\t\t\t\t\t<a href=\"https:\/\/mirabel-prairiesdelamer.com\/wp-content\/uploads\/2022\/02\/batterie-merville-debarquement-1024x683.jpg\" data-lightbox=\"sevgallery-567341091\" style=\"background-image: url(https:\/\/mirabel-prairiesdelamer.com\/wp-content\/uploads\/2022\/02\/batterie-merville-debarquement-1024x683.jpg)\">\r\n\t\t\t\t\t\t\t\t<img decoding=\"async\" src=\"https:\/\/mirabel-prairiesdelamer.com\/wp-content\/uploads\/2022\/02\/batterie-merville-debarquement-1024x683.jpg\" alt=\"merville landingsbatterij\" loading=\"lazy\">\r\n\t\t\t\t\t\t\t\t\t\t\t\t\t\t\t<\/a>\r\n\t\t\t\t\t\t<\/div>\r\n\r\n\t\t\t\t\t\t\r\n\t\t\t\t\t\t\t\t\t\t\t\t\t\t\t\t\t\r\n\t\t\t\t\t\t\r\n\t\t\t\t\t\t<div class=\"sev-diaporama-portfolio-item  limitsm btnseeall btnseeall-xl col-12 col-md  last-visible\">\r\n\t\t\t\t\t\t\t<a href=\"https:\/\/mirabel-prairiesdelamer.com\/nl\/camping-normandie-photos\/\"  style=\"background-image: url(https:\/\/mirabel-prairiesdelamer.com\/wp-content\/uploads\/2022\/02\/arromanches-port-debarquement-1024x684.jpg)\">\r\n\t\t\t\t\t\t\t\t<img decoding=\"async\" src=\"https:\/\/mirabel-prairiesdelamer.com\/wp-content\/uploads\/2022\/02\/arromanches-port-debarquement-1024x684.jpg\" alt=\"landing op het strand van arromanches\" loading=\"lazy\">\r\n\t\t\t\t\t\t\t\t\t\t\t\t\t\t\t\t\t<img decoding=\"async\" src=\"https:\/\/mirabel-prairiesdelamer.com\/wp-content\/themes\/mirabel-site\/assets\/img\/voir-photos.png\" alt=\"\" \/>\r\n\t\t\t\t\t\t\t\t\t<span>Bekijk alle foto's<\/span>\r\n\t\t\t\t\t\t\t\t\t\t\t\t\t\t\t<\/a>\r\n\t\t\t\t\t\t<\/div>\r\n\r\n\t\t\t\t\t\t\r\n\t\t\t\t\t\t\t\t\t\t\t\t\t\t\t\t\t\t\t\t\t<\/div>\r\n\t\t\t<\/div>\r\n\r\n\t\t\t<script>\r\n\t\t\tjQuery(function($) {\r\n\r\n\t\t\t\tvar marginPortfolio = function() {\r\n\r\n\t\t\t\t\tvar $diapo          = $('#sevgallery-567341091');\r\n\t\t\t\t\tvar container_width = $diapo.parent().outerWidth();\r\n\t\t\t\t\tvar side            = ( $(window).innerWidth() - container_width ) \/ 2;\r\n\r\n\t\t\t\t\t$diapo.css( {\r\n\t\t\t\t\t\t'margin-left': '-' + side + 'px',\r\n\t\t\t\t\t\t'margin-right': '-' + side + 'px',\r\n\t\t\t\t\t} );\r\n\t\t\t\t};\r\n\r\n\t\t\t\t$( window ).resize( function() {\r\n\t\t\t\t\tmarginPortfolio();\r\n\t\t\t\t} );\r\n\t\t\t\tmarginPortfolio();\r\n\t\t\t});\r\n\t\t\t<\/script>","protected":false},"excerpt":{"rendered":"<p>Les Plages du D\u00e9barquement en Normandie \u2013 Terre de libert\u00e9&nbsp;! Berceau de l\u2019Histoire, la Normandie et plus pr\u00e9cis\u00e9ment le Calvados [&hellip;]<\/p>\n","protected":false},"author":1,"featured_media":0,"parent":0,"menu_order":0,"comment_status":"closed","ping_status":"closed","template":"","meta":{"_seopress_robots_primary_cat":"","_seopress_titles_title":"Camping proche des plages du d\u00e9barquement en Normandie","_seopress_titles_desc":"D\u00e9couvrez les plages du d\u00e9barquement, les mus\u00e9es, bunkers et cimeti\u00e8res - t\u00e9moignages de la secondaire guerre mondiale en Normandie.","_seopress_robots_index":"","footnotes":""},"class_list":["post-267","page","type-page","status-publish","hentry"],"_links":{"self":[{"href":"https:\/\/mirabel-prairiesdelamer.com\/nl\/wp-json\/wp\/v2\/pages\/267","targetHints":{"allow":["GET"]}}],"collection":[{"href":"https:\/\/mirabel-prairiesdelamer.com\/nl\/wp-json\/wp\/v2\/pages"}],"about":[{"href":"https:\/\/mirabel-prairiesdelamer.com\/nl\/wp-json\/wp\/v2\/types\/page"}],"author":[{"embeddable":true,"href":"https:\/\/mirabel-prairiesdelamer.com\/nl\/wp-json\/wp\/v2\/users\/1"}],"replies":[{"embeddable":true,"href":"https:\/\/mirabel-prairiesdelamer.com\/nl\/wp-json\/wp\/v2\/comments?post=267"}],"version-history":[{"count":44,"href":"https:\/\/mirabel-prairiesdelamer.com\/nl\/wp-json\/wp\/v2\/pages\/267\/revisions"}],"predecessor-version":[{"id":18109,"href":"https:\/\/mirabel-prairiesdelamer.com\/nl\/wp-json\/wp\/v2\/pages\/267\/revisions\/18109"}],"wp:attachment":[{"href":"https:\/\/mirabel-prairiesdelamer.com\/nl\/wp-json\/wp\/v2\/media?parent=267"}],"curies":[{"name":"wp","href":"https:\/\/api.w.org\/{rel}","templated":true}]}}