{"id":14843,"date":"2025-02-27T10:57:39","date_gmt":"2025-02-27T09:57:39","guid":{"rendered":"https:\/\/mirabel-prairiesdelamer.com\/declaration-de-confidentialite-ue\/"},"modified":"2025-05-13T15:23:43","modified_gmt":"2025-05-13T13:23:43","slug":"privacyverklaring-eu","status":"publish","type":"page","link":"https:\/\/mirabel-prairiesdelamer.com\/nl\/declaration-de-confidentialite-ue\/","title":{"rendered":"Privacyverklaring (EU)"},"content":{"rendered":"<h1 class=\"wp-block-heading\">Privacyverklaring (EU)<\/h1>\n\n\n\n<!-- Legal document generated by Complianz | GDPR\/CCPA Cookie Consent https:\/\/wordpress.org\/plugins\/complianz-gdpr -->\n<div id=\"cmplz-document\" class=\"cmplz-document privacy-statement cmplz-document-eu\"><p><i>Dit privacybeleid is voor het laatst bijgewerkt op 27 februari 2025 en is van toepassing op burgers en wettelijke vaste inwoners van de Europese Economische Ruimte en Zwitserland.<\/i><br \/><br \/><\/p><p><p>In deze privacyverklaring leggen we uit wat we doen met de gegevens die we via u verkrijgen <a href=\"https:\/\/mirabel-prairiesdelamer.com\/nl\">https:\/\/mirabel-prairiesdelamer.com\/nl<\/a>. Wij raden u aan deze verklaring zorgvuldig te lezen. Bij onze verwerking houden wij ons aan de eisen van de privacywetgeving. Dat betekent onder meer dat:<\/p><ul>\n                <li>wij vermelden duidelijk de doeleinden waarvoor wij persoonsgegevens verwerken. Dit doen wij aan de hand van deze privacyverklaring;<\/li>\n                <li>we streven ernaar onze verzameling van persoonsgegevens te beperken tot de persoonsgegevens die noodzakelijk zijn voor legitieme doeleinden;<\/li>\n                <li>wij vragen eerst uw uitdrukkelijke toestemming om uw persoonsgegevens te verwerken in gevallen waarin uw toestemming vereist is;<\/li>\n                <li>wij nemen passende beveiligingsmaatregelen om uw persoonsgegevens te beschermen en eisen dit ook van partijen die persoonsgegevens namens ons verwerken;<\/li>\n                <li>wij respecteren uw recht om, op uw verzoek, toegang te krijgen tot uw persoonlijke gegevens of om deze te laten corrigeren of verwijderen.<\/li>\n            <\/ul><p>Als u vragen heeft, of precies wilt weten welke gegevens wij van u bewaren, neem dan contact met ons op.<\/p><\/p><h2>1. Doel, gegevens en bewaarperiode<\/h2>We kunnen persoonsgegevens verzamelen of ontvangen voor een aantal doeleinden die verband houden met onze bedrijfsactiviteiten, waaronder de volgende: (klik om uit te vouwen)<details class=\"cmplz-dropdown dropdown-privacy-statement\"><summary><div><h3>1.1 Contact \u2013 Via telefoon, post, e-mail en\/of webformulieren<\/h3><\/div><\/summary><p class=\"cmplz-subtitle\">Voor dit doel gebruiken wij de volgende gegevens:<\/p><p><ul><li>Een voor- en achternaam<\/li><li>Een huis of ander fysiek adres, inclusief straatnaam en naam van een stad of dorp<\/li><li>Een e-mailadres<\/li><li>Een telefoonnummer<\/li><\/ul><\/p><p class=\"cmplz-subtitle\">De grondslag waarop wij deze gegevens mogen verwerken is:<\/p><p><a target=\"_blank\" rel=\"noopener noreferrer nofollow\" href=\"https:\/\/cookiedatabase.org\/legal-bases\/#consent\">Bij het verlenen van toestemming.<\/a><\/p><p class=\"cmplz-subtitle\">Bewaartermijn<\/p><p>Wij bewaren deze gegevens totdat de service wordt be\u00ebindigd.<\/p><\/details><h2>2. Cookies<\/h2><p>Onze website maakt gebruik van cookies. Voor meer informatie over cookies verwijzen wij u naar onze <a href=\"https:\/\/mirabel-prairiesdelamer.com\/nl\/politique-de-cookies-ue\/\">Cookiebeleid<\/a>.&nbsp;<\/p><h2>3. Openbaarmakingspraktijken<\/h2><p><p>Wij maken persoonlijke informatie openbaar indien wij daartoe wettelijk verplicht zijn of door een gerechtelijk bevel, als reactie op een wetshandhavingsinstantie, voor zover toegestaan onder andere wettelijke bepalingen, om informatie te verstrekken, of voor een onderzoek naar een aangelegenheid met betrekking tot de openbare veiligheid.<\/p><p>Mocht onze website of organisatie worden overgenomen, verkocht, of betrokken raken bij een fusie of overname, dan kunnen uw gegevens worden bekendgemaakt aan onze adviseurs en eventuele potenti\u00eble kopers en zullen ze worden doorgegeven aan de nieuwe eigenaren.<\/p><\/p><p>We hebben een gegevensverwerkingsovereenkomst gesloten met Google.<\/p><h2>4. Beveiliging<\/h2><p>Wij zetten ons in voor de beveiliging van persoonsgegevens. Wij nemen passende beveiligingsmaatregelen om misbruik van en ongeautoriseerde toegang tot persoonsgegevens te beperken. Dit zorgt ervoor dat alleen de noodzakelijke personen toegang hebben tot uw gegevens, dat toegang tot de gegevens is beveiligd en dat onze beveiligingsmaatregelen regelmatig worden beoordeeld.<\/p><h2>5. Websites van derden<\/h2><p>Dit privacybeleid is niet van toepassing op websites van derden die via links op onze website zijn verbonden. Wij kunnen niet garanderen dat deze derden uw persoonlijke gegevens op een betrouwbare of veilige manier verwerken. Wij raden u aan de privacyverklaringen van deze websites te lezen alvorens u van deze websites gebruik maakt.<\/p><h2>6. Wijzigingen in deze privacyverklaring<\/h2><p>Wij behouden ons het recht voor om wijzigingen aan te brengen in deze privacyverklaring. Het wordt aangeraden deze privacyverklaring regelmatig te raadplegen om op de hoogte te zijn van eventuele wijzigingen. Bovendien zullen we u waar mogelijk actief informeren.<\/p><h2>7. Toegang tot en wijziging van uw gegevens<\/h2><p>Als u vragen heeft of wilt weten welke persoonsgegevens we over u hebben, neem dan contact met ons op. U kunt contact met ons opnemen via de onderstaande gegevens. U heeft de volgende rechten:<\/p><ul>\n                <li>U hebt het recht om te weten waarom uw persoonlijke gegevens nodig zijn, wat ermee zal gebeuren en hoe lang ze zullen worden bewaard.<\/li>\n                <li>Recht op toegang: U hebt het recht op toegang tot uw persoonlijke gegevens die bij ons bekend zijn.<\/li>\n                <li>Recht op rectificatie: u hebt het recht om uw persoonlijke gegevens aan te vullen, te corrigeren, te laten verwijderen of af te schermen wanneer u maar wilt.<\/li>\n                <li>Als u ons toestemming geeft om uw gegevens te verwerken, hebt u het recht om die toestemming in te trekken en uw persoonlijke gegevens te laten verwijderen.<\/li>\n                <li>Recht op overdracht van uw gegevens: u hebt het recht om al uw persoonlijke gegevens op te vragen bij de verwerkingsverantwoordelijke en deze in zijn geheel over te dragen aan een andere verwerkingsverantwoordelijke.<\/li>\n                <li>Recht op bezwaar: u kunt bezwaar maken tegen de verwerking van uw gegevens. Wij voldoen hieraan, tenzij er gerechtvaardigde redenen zijn voor de verwerking.<\/li>\n            <\/ul><p>Zorg er alstublieft voor dat u altijd duidelijk aangeeft wie u bent, zodat we er zeker van kunnen zijn dat we geen gegevens van de verkeerde persoon wijzigen of verwijderen.<\/p><h2>8. Een klacht indienen<\/h2><p>Als u niet tevreden bent met de manier waarop wij omgaan met (een klacht over) de verwerking van uw persoonsgegevens, heeft u het recht om een klacht in te dienen bij de Autoriteit Persoonsgegevens.<\/p><h2>9. Contactgegevens<\/h2><p>SAS DOMAINE LES PRAIRIES DE LA MER<br \/>\n        4, all\u00e9e des Prairies de la Mer, 14150 OUISTREHAM<br \/>\n        Frankrijk<br \/>\n        Website: <a href=\"https:\/\/mirabel-prairiesdelamer.com\/nl\">https:\/\/mirabel-prairiesdelamer.com\/nl<\/a> <br \/>\n        E-mail: <span class=\"cmplz-obfuscate\">info@<span class=\"cmplz-fmail-domain\">ex.com<\/span>&#111;ues&#116;-&#099;omm&#117;&#110;i&#099;a&#116;io&#110;.&#099;&#111;&#109;<\/span> <br \/>\n        Telefoonnummer: 0251203040<\/p><h2>10. Gegevensaanvragen<\/h2><p>Voor de meest frequent ingediende aanvragen bieden we u tevens de mogelijkheid om gebruik te maken van ons aanvraagformulier voor gegevens<br \/>\t\t\t<div class=\"cmplz-datarequest cmplz-alert\">\n\t\t\t\t<span class=\"cmplz-close\">\u00d7<\/span>\n\t\t\t\t<span id=\"cmplz-message\"><\/span>\n\t\t\t<\/div>\n\t\t\t<form id=\"cmplz-datarequest-form\" action=\"\">\n\t\t\t\t<input type=\"hidden\" required value=\"eu\" name=\"cmplz_datarequest_region\" id=\"cmplz_datarequest_region\" >\n\n\t\t\t\t<label for=\"cmplz_datarequest_firstname\" class=\"cmplz-first-name\">Naam\t\t\t\t\t<input type=\"search\" class=\"datarequest-firstname\" value=\"\" placeholder=\"uw voornaam\" id=\"cmplz_datarequest_firstname\" name=\"cmplz_datarequest_firstname\" >\n\t\t\t\t<\/label>\n\t\t\t\t<div>\n\t\t\t\t\t<label for=\"cmplz_datarequest_name\">Naam<\/label>\n\t\t\t\t\t<input type=\"text\" required value=\"\" placeholder=\"Uw naam\" id=\"cmplz_datarequest_name\" name=\"cmplz_datarequest_name\">\n\t\t\t\t<\/div>\n\t\t\t\t<div>\n\t\t\t\t\t<label for=\"cmplz_datarequest_email\">E-mail<\/label>\n\t\t\t\t\t<input type=\"email\" required value=\"\" placeholder=\"email@email.com\" id=\"cmplz_datarequest_email\" name=\"cmplz_datarequest_email\">\n\t\t\t\t<\/div>\n\t\t\t\t\t\t\t\t\t\t<div class=\"cmplz_datarequest cmplz_datarequest_request_for_access\">\n\t\t\t\t\t\t\t<label for=\"cmplz_datarequest_request_for_access\">\n\t\t\t\t\t\t\t\t<input type=\"checkbox\" value=\"1\" name=\"cmplz_datarequest_request_for_access\" id=\"cmplz_datarequest_request_for_access\"\/>\n\t\t\t\t\t\t\t\tEen verzoek indienen voor toegang tot de gegevens die we over u verwerken.\t\t\t\t\t\t\t<\/label>\n\t\t\t\t\t\t<\/div>\n\t\t\t\t\t\t\t\t\t\t<div class=\"cmplz_datarequest cmplz_datarequest_right_to_be_forgotten\">\n\t\t\t\t\t\t\t<label for=\"cmplz_datarequest_right_to_be_forgotten\">\n\t\t\t\t\t\t\t\t<input type=\"checkbox\" value=\"1\" name=\"cmplz_datarequest_right_to_be_forgotten\" id=\"cmplz_datarequest_right_to_be_forgotten\"\/>\n\t\t\t\t\t\t\t\tDien een verzoek tot verwijdering van de gegevens in als deze niet langer relevant is.\t\t\t\t\t\t\t<\/label>\n\t\t\t\t\t\t<\/div>\n\t\t\t\t\t\t\t\t\t\t<div class=\"cmplz_datarequest cmplz_datarequest_right_to_data_portability\">\n\t\t\t\t\t\t\t<label for=\"cmplz_datarequest_right_to_data_portability\">\n\t\t\t\t\t\t\t\t<input type=\"checkbox\" value=\"1\" name=\"cmplz_datarequest_right_to_data_portability\" id=\"cmplz_datarequest_right_to_data_portability\"\/>\n\t\t\t\t\t\t\t\tDien een verzoek in om een exportbestand te ontvangen van de gegevens die wij over jou verwerken.\t\t\t\t\t\t\t<\/label>\n\t\t\t\t\t\t<\/div>\n\t\t\t\t\t\t\t\t<input type=\"button\" id=\"cmplz-datarequest-submit\"  value=\"Verzenden\">\n\t\t\t<input type=\"hidden\" name=\"trp-form-language\" value=\"nl\"\/><\/form>\n\n\t\t\t<style>\n\t\t\t\t\/* first-name is honeypot *\/\n\t\t\t\t.cmplz-first-name {\n\t\t\t\t\tposition: absolute !important;\n\t\t\t\t\tleft: -5000px !important;\n\t\t\t\t}\n\t\t\t<\/style>\n\t\t\t<\/p><\/div>","protected":false},"excerpt":{"rendered":"<p>Privacyverklaring (EU)<\/p>","protected":false},"author":1,"featured_media":0,"parent":0,"menu_order":0,"comment_status":"closed","ping_status":"closed","template":"","meta":{"_seopress_robots_primary_cat":"","_seopress_titles_title":"D\u00e9claration de confidentialit\u00e9 camping \u00e0 Ouistreham","_seopress_titles_desc":"Consultez la page de d\u00e9claration de confidentialit\u00e9 du site internet du camping Prairies de la Mer","_seopress_robots_index":"","footnotes":""},"class_list":["post-14843","page","type-page","status-publish","hentry"],"_links":{"self":[{"href":"https:\/\/mirabel-prairiesdelamer.com\/nl\/wp-json\/wp\/v2\/pages\/14843","targetHints":{"allow":["GET"]}}],"collection":[{"href":"https:\/\/mirabel-prairiesdelamer.com\/nl\/wp-json\/wp\/v2\/pages"}],"about":[{"href":"https:\/\/mirabel-prairiesdelamer.com\/nl\/wp-json\/wp\/v2\/types\/page"}],"author":[{"embeddable":true,"href":"https:\/\/mirabel-prairiesdelamer.com\/nl\/wp-json\/wp\/v2\/users\/1"}],"replies":[{"embeddable":true,"href":"https:\/\/mirabel-prairiesdelamer.com\/nl\/wp-json\/wp\/v2\/comments?post=14843"}],"version-history":[{"count":2,"href":"https:\/\/mirabel-prairiesdelamer.com\/nl\/wp-json\/wp\/v2\/pages\/14843\/revisions"}],"predecessor-version":[{"id":15099,"href":"https:\/\/mirabel-prairiesdelamer.com\/nl\/wp-json\/wp\/v2\/pages\/14843\/revisions\/15099"}],"wp:attachment":[{"href":"https:\/\/mirabel-prairiesdelamer.com\/nl\/wp-json\/wp\/v2\/media?parent=14843"}],"curies":[{"name":"wp","href":"https:\/\/api.w.org\/{rel}","templated":true}]}}