{"id":10371,"date":"2023-01-19T14:29:53","date_gmt":"2023-01-19T13:29:53","guid":{"rendered":"https:\/\/www.domaine-prairiesdelamer.com\/?page_id=10371"},"modified":"2024-04-08T14:41:56","modified_gmt":"2024-04-08T12:41:56","slug":"redactie","status":"publish","type":"page","link":"https:\/\/mirabel-prairiesdelamer.com\/nl\/editorial\/","title":{"rendered":"Redactie"},"content":{"rendered":"\n<h1 class=\"wp-block-heading has-text-align-left\">Editorial<\/h1>\n\n\n\n\t\t\r\n\t\t<div class=\"editos\">\r\n\t\t\t\r\n\t\t\t\t\r\n\t\t\t\t\t\r\n\t\t\t<article>\r\n\t\t\t\t<h2><a href=\"https:\/\/mirabel-prairiesdelamer.com\/nl\/editorial\/80eme-anniversaire-du-debarquement-en-normandie\/\">80\u00e8me Anniversaire du D\u00e9barquement en Normandie<\/a><\/h2>\r\n\t\t\t\t<div class=\"content\"><p>80\u00e8me Anniversaire du D\u00e9barquement en Normandie En 2024, nous c\u00e9l\u00e9brons le 80\u00e8me anniversaire du D\u00e9barquement des forces alli\u00e9es sur les [&hellip;]<\/p>\n<\/div>\r\n\t\t\t\t<p class=\"text-right\"><a href=\"https:\/\/mirabel-prairiesdelamer.com\/nl\/editorial\/80eme-anniversaire-du-debarquement-en-normandie\/\">Lees meer...<\/a><\/p>\r\n\t\t\t<\/article>\r\n\r\n\t\t\t\t\t\r\n\t\t\t<article>\r\n\t\t\t\t<h2><a href=\"https:\/\/mirabel-prairiesdelamer.com\/nl\/editorial\/weekend-a-deux-a-ouistreham-riva-bella-en-normandie\/\">Week-end \u00e0 deux \u00e0 Ouistreham Riva-Bella en Normandie<\/a><\/h2>\r\n\t\t\t\t<div class=\"content\"><p>Week-end \u00e0 deux \u00e0 Ouistreham Riva-Bella en Normandie Envie de roucouler avec votre moiti\u00e9 le temps d\u2019un s\u00e9jour iod\u00e9 au [&hellip;]<\/p>\n<\/div>\r\n\t\t\t\t<p class=\"text-right\"><a href=\"https:\/\/mirabel-prairiesdelamer.com\/nl\/editorial\/weekend-a-deux-a-ouistreham-riva-bella-en-normandie\/\">Lees meer...<\/a><\/p>\r\n\t\t\t<\/article>\r\n\r\n\t\t\t\t\t\r\n\t\t\t<article>\r\n\t\t\t\t<h2><a href=\"https:\/\/mirabel-prairiesdelamer.com\/nl\/editorial\/camping-arrivee-le-mercredi-normandie\/\">Camping arriv\u00e9e le mercredi en Normandie<\/a><\/h2>\r\n\t\t\t\t<div class=\"content\"><p>Camping arriv\u00e9e le mercredi en Normandie Le but des \u00e9quipes du camping Les Prairies de la Mer est de tout [&hellip;]<\/p>\n<\/div>\r\n\t\t\t\t<p class=\"text-right\"><a href=\"https:\/\/mirabel-prairiesdelamer.com\/nl\/editorial\/camping-arrivee-le-mercredi-normandie\/\">Lees meer...<\/a><\/p>\r\n\t\t\t<\/article>\r\n\r\n\t\t\t\t\t\r\n\t\t\t<article>\r\n\t\t\t\t<h2><a href=\"https:\/\/mirabel-prairiesdelamer.com\/nl\/editorial\/camping-ouvert-en-octobre-en-normandie\/\">Camping ouvert en octobre en Normandie<\/a><\/h2>\r\n\t\t\t\t<div class=\"content\"><p>Camping ouvert en octobre en Normandie Vous cherchez un camping ouvert pendant les vacances d\u2019octobre en Normandie\u00a0? Venez passer un [&hellip;]<\/p>\n<\/div>\r\n\t\t\t\t<p class=\"text-right\"><a href=\"https:\/\/mirabel-prairiesdelamer.com\/nl\/editorial\/camping-ouvert-en-octobre-en-normandie\/\">Lees meer...<\/a><\/p>\r\n\t\t\t<\/article>\r\n\r\n\t\t\t\t\t\r\n\t\t\t<article>\r\n\t\t\t\t<h2><a href=\"https:\/\/mirabel-prairiesdelamer.com\/nl\/editorial\/camping-ideal-famille-normandie\/\">Camping id\u00e9al famille Normandie<\/a><\/h2>\r\n\t\t\t\t<div class=\"content\"><p>Camping id\u00e9al famille Normandie Si vous cherchez encore une destination pour cet \u00e9t\u00e9, pourquoi ne pas opter pour un camping [&hellip;]<\/p>\n<\/div>\r\n\t\t\t\t<p class=\"text-right\"><a href=\"https:\/\/mirabel-prairiesdelamer.com\/nl\/editorial\/camping-ideal-famille-normandie\/\">Lees meer...<\/a><\/p>\r\n\t\t\t<\/article>\r\n\r\n\t\t\t\t\t\r\n\t\t\t<article>\r\n\t\t\t\t<h2><a href=\"https:\/\/mirabel-prairiesdelamer.com\/nl\/editorial\/camping-4-etoiles-normandie\/\">Camping 4 \u00e9toiles Normandie<\/a><\/h2>\r\n\t\t\t\t<div class=\"content\"><p>Camping 4 \u00e9toiles Normandie \u00a0Prenez la route des vacances, direction la Normandie\u00a0 Souriez, les vacances arrivent\u00a0! Laissons les frimas de [&hellip;]<\/p>\n<\/div>\r\n\t\t\t\t<p class=\"text-right\"><a href=\"https:\/\/mirabel-prairiesdelamer.com\/nl\/editorial\/camping-4-etoiles-normandie\/\">Lees meer...<\/a><\/p>\r\n\t\t\t<\/article>\r\n\r\n\t\t\t\t\t\r\n\t\t\t<article>\r\n\t\t\t\t<h2><a href=\"https:\/\/mirabel-prairiesdelamer.com\/nl\/editorial\/camping-proche-caen\/\">Camping proche Caen<\/a><\/h2>\r\n\t\t\t\t<div class=\"content\"><p>Camping proche Caen Un camping inoubliable proche de Caen. R\u00e9servez quelques jours dans ce camping se trouvant proche de Caen. [&hellip;]<\/p>\n<\/div>\r\n\t\t\t\t<p class=\"text-right\"><a href=\"https:\/\/mirabel-prairiesdelamer.com\/nl\/editorial\/camping-proche-caen\/\">Lees meer...<\/a><\/p>\r\n\t\t\t<\/article>\r\n\r\n\t\t\t\t\t\r\n\t\t\t<article>\r\n\t\t\t\t<h2><a href=\"https:\/\/mirabel-prairiesdelamer.com\/nl\/editorial\/location-mobil-home-ouistreham\/\">Location mobil home Ouistreham<\/a><\/h2>\r\n\t\t\t\t<div class=\"content\"><p>Location mobil home \u00e0 Ouistreham Vous r\u00eavez de passer des vacances en Normandie, \u00e0 proximit\u00e9 de la mer et dans [&hellip;]<\/p>\n<\/div>\r\n\t\t\t\t<p class=\"text-right\"><a href=\"https:\/\/mirabel-prairiesdelamer.com\/nl\/editorial\/location-mobil-home-ouistreham\/\">Lees meer...<\/a><\/p>\r\n\t\t\t<\/article>\r\n\r\n\t\t\t\t\t\r\n\t\t\t<article>\r\n\t\t\t\t<h2><a href=\"https:\/\/mirabel-prairiesdelamer.com\/nl\/editorial\/meilleur-camping-ouistreham\/\">Meilleur camping Ouistreham<\/a><\/h2>\r\n\t\t\t\t<div class=\"content\"><p>Meilleur camping Ouistreham Les Prairies de la Mer \u00e0 Ouistreham : Le meilleur camping pour des vacances m\u00e9morables \u00c0 la [&hellip;]<\/p>\n<\/div>\r\n\t\t\t\t<p class=\"text-right\"><a href=\"https:\/\/mirabel-prairiesdelamer.com\/nl\/editorial\/meilleur-camping-ouistreham\/\">Lees meer...<\/a><\/p>\r\n\t\t\t<\/article>\r\n\r\n\t\t\t\t\t\r\n\t\t\t<article>\r\n\t\t\t\t<h2><a href=\"https:\/\/mirabel-prairiesdelamer.com\/nl\/editorial\/camping-avec-animations-ouistreham\/\">Camping avec animations Ouistreham<\/a><\/h2>\r\n\t\t\t\t<div class=\"content\"><p>Camping avec animations Ouistreham Lorsque l\u2019on part en vacances en famille, il ne faut pas penser qu\u2019\u00e0 soi. Il n\u2019y [&hellip;]<\/p>\n<\/div>\r\n\t\t\t\t<p class=\"text-right\"><a href=\"https:\/\/mirabel-prairiesdelamer.com\/nl\/editorial\/camping-avec-animations-ouistreham\/\">Lees meer...<\/a><\/p>\r\n\t\t\t<\/article>\r\n\r\n\t\t\t\t\t\r\n\t\t\t<article>\r\n\t\t\t\t<h2><a href=\"https:\/\/mirabel-prairiesdelamer.com\/nl\/editorial\/camping-bord-de-mer-ouistreham\/\">Camping bord de mer Ouistreham<\/a><\/h2>\r\n\t\t\t\t<div class=\"content\"><p>Camping bord de mer Ouistreham La belle ville de Ouistreham situ\u00e9e en bord de mer vous accueille cet \u00e9t\u00e9 pour [&hellip;]<\/p>\n<\/div>\r\n\t\t\t\t<p class=\"text-right\"><a href=\"https:\/\/mirabel-prairiesdelamer.com\/nl\/editorial\/camping-bord-de-mer-ouistreham\/\">Lees meer...<\/a><\/p>\r\n\t\t\t<\/article>\r\n\r\n\t\t\t\t\t\r\n\t\t\t<article>\r\n\t\t\t\t<h2><a href=\"https:\/\/mirabel-prairiesdelamer.com\/nl\/editorial\/camping-situe-a-ouistreham\/\">Camping Ouistreham<\/a><\/h2>\r\n\t\t\t\t<div class=\"content\"><p>Camping Ouistreham Passer des vacances au camping Les Prairies de la Mer \u00e0 Ouistreham sera une exp\u00e9rience inoubliable pour les [&hellip;]<\/p>\n<\/div>\r\n\t\t\t\t<p class=\"text-right\"><a href=\"https:\/\/mirabel-prairiesdelamer.com\/nl\/editorial\/camping-situe-a-ouistreham\/\">Lees meer...<\/a><\/p>\r\n\t\t\t<\/article>\r\n\r\n\t\t\t\t\t\r\n\t\t\t<article>\r\n\t\t\t\t<h2><a href=\"https:\/\/mirabel-prairiesdelamer.com\/nl\/editorial\/camping-proche-plages-du-debarquement\/\">Camping proche des plages du d\u00e9barquement<\/a><\/h2>\r\n\t\t\t\t<div class=\"content\"><p>Camping proche des plages du d\u00e9barquement Vous souhaitez passer quelques jours dans un camping proche des plages du d\u00e9barquement. Vos [&hellip;]<\/p>\n<\/div>\r\n\t\t\t\t<p class=\"text-right\"><a href=\"https:\/\/mirabel-prairiesdelamer.com\/nl\/editorial\/camping-proche-plages-du-debarquement\/\">Lees meer...<\/a><\/p>\r\n\t\t\t<\/article>\r\n\r\n\t\t\r\n\t\t\t\t\t\r\n\t\t\t\t\r\n\t\t\t\t\t\t\r\n\t\t<\/div>\r\n\r\n\t\t\n","protected":false},"excerpt":{"rendered":"<p>Redactie<\/p>","protected":false},"author":1,"featured_media":0,"parent":0,"menu_order":0,"comment_status":"closed","ping_status":"closed","template":"","meta":{"_seopress_robots_primary_cat":"","_seopress_titles_title":"","_seopress_titles_desc":"","_seopress_robots_index":"","footnotes":""},"class_list":["post-10371","page","type-page","status-publish","hentry"],"_links":{"self":[{"href":"https:\/\/mirabel-prairiesdelamer.com\/nl\/wp-json\/wp\/v2\/pages\/10371","targetHints":{"allow":["GET"]}}],"collection":[{"href":"https:\/\/mirabel-prairiesdelamer.com\/nl\/wp-json\/wp\/v2\/pages"}],"about":[{"href":"https:\/\/mirabel-prairiesdelamer.com\/nl\/wp-json\/wp\/v2\/types\/page"}],"author":[{"embeddable":true,"href":"https:\/\/mirabel-prairiesdelamer.com\/nl\/wp-json\/wp\/v2\/users\/1"}],"replies":[{"embeddable":true,"href":"https:\/\/mirabel-prairiesdelamer.com\/nl\/wp-json\/wp\/v2\/comments?post=10371"}],"version-history":[{"count":6,"href":"https:\/\/mirabel-prairiesdelamer.com\/nl\/wp-json\/wp\/v2\/pages\/10371\/revisions"}],"predecessor-version":[{"id":13696,"href":"https:\/\/mirabel-prairiesdelamer.com\/nl\/wp-json\/wp\/v2\/pages\/10371\/revisions\/13696"}],"wp:attachment":[{"href":"https:\/\/mirabel-prairiesdelamer.com\/nl\/wp-json\/wp\/v2\/media?parent=10371"}],"curies":[{"name":"wp","href":"https:\/\/api.w.org\/{rel}","templated":true}]}}