{"id":87,"date":"2021-12-10T14:32:29","date_gmt":"2021-12-10T13:32:29","guid":{"rendered":"https:\/\/www.campinglarenaudiere.com\/?page_id=87"},"modified":"2024-04-08T15:45:07","modified_gmt":"2024-04-08T13:45:07","slug":"legal-notices","status":"publish","type":"page","link":"https:\/\/mirabel-prairiesdelamer.com\/en\/mentions-legales\/","title":{"rendered":"Terms of use"},"content":{"rendered":"<h1 class=\"wp-block-heading\">Terms of use<\/h1>\n\n\n\n<h2 class=\"wp-block-heading\">Who we are<\/h2>\n\n\n\n<div class=\"wp-block-columns is-layout-flex wp-container-core-columns-is-layout-28f84493 wp-block-columns-is-layout-flex\">\n<div class=\"wp-block-column is-layout-flow wp-block-column-is-layout-flow\">\n<h3 class=\"wp-block-heading\">Publisher<\/h3>\n\n\n\n<p>SAS DOMAINE LES PRAIRIES DE LA MER<\/p>\n\n\n\n<p>Share capital: \u20ac152,449.02<br>Siret : 407 889 591 00019<br>APE Code: 5530Z<br>RCS: Caen B 407 889 591<br>Intracommunity VAT: FR11 407889591<br>4 Star Rating<br>Registered office: 4, all\u00e9e des Prairies de la Mer, 14150 OUISTREHAM<br>Telephone number: 02 31 97 61 61<br>E-mail: prairies@mirabel-campings.com<\/p>\n\n\n\n<h3 class=\"wp-block-heading\">Publishing Director<\/h3>\n\n\n\n<p>Marion LENEVEU<\/p>\n<\/div>\n\n\n\n<div class=\"wp-block-column is-layout-flow wp-block-column-is-layout-flow\">\n<h3 class=\"wp-block-heading\">Technical &amp; Graphic Design :<\/h3>\n\n\n\n<p>SEV \/ Ouest-Communication.com<br>123 Bd Louis Blanc, Hall 2<br>85000 La Roche sur Yon<br>Tel.: 02 51 20 30 40<br>E-mail: contact@ouest-communication.com<br>Website :\u00a0<a href=\"https:\/\/ouest-communication.com\/\" target=\"_blank\" rel=\"noreferrer noopener\">https:\/\/ouest-communication.com\/<\/a><\/p>\n\n\n\n<h3 class=\"wp-block-heading\">Site hosting :<\/h3>\n\n\n\n<p>OVH<br>2 rue Kellermann<br>59100 Roubaix<\/p>\n<\/div>\n<\/div>\n\n\n\n<h2 class=\"wp-block-heading\">Use of personal data collected<\/h2>\n\n\n\n<p>Your personal data will only be used in the context of the commercial relationship between you and the publisher \u00abSAS DOMAINE LES PRAIRIES DE LA MER\u00bb.<\/p>\n\n\n\n<p>Your data will not be passed on to third parties without your express consent.<\/p>\n\n\n\n<h3 class=\"wp-block-heading\">Contact form<\/h3>\n\n\n\n<p>The information collected by the forms is recorded in a computerized file within the framework of a request for information and of the commercial relation which can ensue from it. You may exercise your right of access to your personal data by using the following form.&nbsp;<a href=\"https:\/\/mirabel-prairiesdelamer.com\/en\/legal-notices\/\">the appropriate form<\/a>.<\/p>\n\n\n\n<h3 class=\"wp-block-heading\">Cookies<\/h3>\n\n\n\n<p>If you leave a comment on our site, you will be asked to save your name, e-mail address and website in cookies. This is purely for your convenience, so that you don't have to enter this information if you post another comment later. These cookies expire after one year.<\/p>\n\n\n\n<p>If you have an account and log on to this site, a temporary cookie will be created to determine whether your browser accepts cookies. It contains no personal data and will be deleted automatically when you close your browser.<\/p>\n\n\n\n<p>For statistical purposes, this site uses cookies to collect information on the pages you have visited. In particular, they store anonymous information about your geographical position, your browser, etc.<\/p>\n\n\n\n<h3 class=\"wp-block-heading\">Media<\/h3>\n\n\n\n<p>If you are a registered user uploading images to the website, we advise you to avoid uploading images containing EXIF data of GPS coordinates. Visitors to your website may download and extract location data from these images.<\/p>\n\n\n\n<h3 class=\"wp-block-heading\">Embedded content from other sites<\/h3>\n\n\n\n<p>Articles on this site may include embedded content (e.g. videos, images, articles, etc.). Embedded content from other sites behaves in the same way as if the visitor were visiting that other site.<\/p>\n\n\n\n<p>These websites may collect data about you, use cookies, embed third-party tracking tools, track your interactions with these embedded contents if you have a logged-in account on their website.<\/p>\n\n\n\n<h2 class=\"wp-block-heading\">Data storage periods<\/h2>\n\n\n\n<p>If you leave a comment, the comment and its metadata are retained indefinitely. This makes it possible to automatically recognize and approve subsequent comments, rather than leaving them in the moderation queue.<\/p>\n\n\n\n<p>For users who register on our site (where possible), we also store the personal data indicated in their profile. All users can view, modify or delete their personal information at any time (with the exception of their username). Site managers can also view and modify this information.<\/p>\n\n\n\n<h2 class=\"wp-block-heading\">The rights you have over your data<\/h2>\n\n\n\n<p>If you have an account or if you have left comments on the site, you may request to receive a file containing all the personal data we hold about you, including that which you have provided to us. You can also request the deletion of your personal data. This does not include data stored for administrative, legal or security purposes.<\/p>\n\n\n\n<h2 class=\"wp-block-heading\" id=\"coordonnees-mediateur-a-la-consommation\">Consumer ombudsman contact details<\/h2>\n\n\n\n<p>In accordance with the provisions of the French Consumer Code (articles L.111-1 and L.612-1 of the Code de la Consommation) concerning the mediation process for consumer disputes, the customer has the right to free recourse to the mediation service offered by the establishment.<\/p>\n\n\n\n<p><\/p>\n\n\n\n<h2 class=\"wp-block-heading\">Photo credits<\/h2>","protected":false},"excerpt":{"rendered":"<p>Mentions l\u00e9gales Qui sommes-nous&nbsp;? \u00c9diteur SAS DOMAINE LES PRAIRIES DE LA MER Capital social : 152 449,02 \u20acSiret : 407 [&hellip;]<\/p>\n","protected":false},"author":1,"featured_media":0,"parent":0,"menu_order":0,"comment_status":"closed","ping_status":"closed","template":"","meta":{"_seopress_robots_primary_cat":"","_seopress_titles_title":"Mentions l\u00e9gales LES PRAIRIES DE LA MER **** - Ouistreham","_seopress_titles_desc":"Mentions l\u00e9gales - notre camping r\u00e9sidentiel avec ses 4 \u00e9toiles vous accueille \u00e0 Ouistreham pour vos futures vacances en Normandie.","_seopress_robots_index":"","footnotes":""},"class_list":["post-87","page","type-page","status-publish","hentry"],"_links":{"self":[{"href":"https:\/\/mirabel-prairiesdelamer.com\/en\/wp-json\/wp\/v2\/pages\/87","targetHints":{"allow":["GET"]}}],"collection":[{"href":"https:\/\/mirabel-prairiesdelamer.com\/en\/wp-json\/wp\/v2\/pages"}],"about":[{"href":"https:\/\/mirabel-prairiesdelamer.com\/en\/wp-json\/wp\/v2\/types\/page"}],"author":[{"embeddable":true,"href":"https:\/\/mirabel-prairiesdelamer.com\/en\/wp-json\/wp\/v2\/users\/1"}],"replies":[{"embeddable":true,"href":"https:\/\/mirabel-prairiesdelamer.com\/en\/wp-json\/wp\/v2\/comments?post=87"}],"version-history":[{"count":7,"href":"https:\/\/mirabel-prairiesdelamer.com\/en\/wp-json\/wp\/v2\/pages\/87\/revisions"}],"predecessor-version":[{"id":13802,"href":"https:\/\/mirabel-prairiesdelamer.com\/en\/wp-json\/wp\/v2\/pages\/87\/revisions\/13802"}],"wp:attachment":[{"href":"https:\/\/mirabel-prairiesdelamer.com\/en\/wp-json\/wp\/v2\/media?parent=87"}],"curies":[{"name":"wp","href":"https:\/\/api.w.org\/{rel}","templated":true}]}}