{"id":79,"date":"2021-12-10T14:28:41","date_gmt":"2021-12-10T13:28:41","guid":{"rendered":"https:\/\/www.campinglarenaudiere.com\/?page_id=79"},"modified":"2026-04-08T14:44:41","modified_gmt":"2026-04-08T12:44:41","slug":"normandy-camping-reviews","status":"publish","type":"page","link":"https:\/\/mirabel-prairiesdelamer.com\/en\/camping-normandie-avis\/","title":{"rendered":"Opinions"},"content":{"rendered":"<h1 class=\"wp-block-heading\" id=\"avis-clients-sur-le-camping-les-prairies-de-la-mer\">Customer reviews <strong>at the Les Prairies de la Mer campsite<\/strong><\/h1>\n\n\n\n<p class=\"has-text-align-center texte-rond has-large-font-size\"><img loading=\"lazy\" decoding=\"async\" width=\"100\" height=\"67\" class=\"wp-image-1731\" style=\"width: 100px;\" src=\"https:\/\/www.mirabel-prairiesdelamer.com\/wp-content\/uploads\/2022\/01\/Smile.png\" alt=\"\" srcset=\"https:\/\/mirabel-prairiesdelamer.com\/wp-content\/uploads\/2022\/01\/Smile.png 320w, https:\/\/mirabel-prairiesdelamer.com\/wp-content\/uploads\/2022\/01\/Smile-300x201.png 300w\" sizes=\"auto, (max-width: 100px) 100vw, 100px\" \/>Our customers are the ones who talk best about their vacations!<\/p>\n\n\n\n<p class=\"has-text-align-center\">Find the comments left by vacationers after their stay at Camping Les Prairies de la Mer in Ouistreham Riva-Bella.<\/p>\n\n\n\n<figure class=\"wp-block-image aligncenter size-full is-resized\"><img decoding=\"async\" src=\"https:\/\/www.mirabel-prairiesdelamer.com\/wp-content\/uploads\/2022\/01\/barre-bleue.png\" alt=\"\" class=\"wp-image-2382\" style=\"width:50px;height:8px\"\/><\/figure>\n\n\n\n<div class=\"wp-block-columns is-layout-flex wp-container-core-columns-is-layout-28f84493 wp-block-columns-is-layout-flex\">\n<div class=\"wp-block-column is-layout-flow wp-block-column-is-layout-flow\" style=\"flex-basis:66.66%\">\n<ctv-reviews-list><\/ctv-reviews-list>\n<\/div>\n\n\n\n<div class=\"wp-block-column is-layout-flow wp-block-column-is-layout-flow\" style=\"flex-basis:33.33%\">\n<a href=\"https:\/\/www.camping2be.com\/3216\" target=\"_blank\"> \n\u202f<img src=\"https:\/\/static.secureholiday.net\/static\/Portails\/Camping2BeAwards\/2026\/Widgets\/widget_3216.jpg\" alt=\"Read\" les avis du camping mirabel prairies de la mer width =\"220\" height=\"312\"> \n<\/a>\u202f \n<\/div>\n<\/div>\n\n\n\n<p class=\"has-text-align-center texte-rond has-large-font-size\">  Discover the campsite <\/p>\n\n\n\n<div class=\"wp-block-columns are-vertically-aligned-center h-20 front-page-section grey is-layout-flex wp-container-core-columns-is-layout-28f84493 wp-block-columns-is-layout-flex\">\n<div class=\"wp-block-column is-layout-flow wp-block-column-is-layout-flow\"><\/div>\n\n\n\n<div class=\"wp-block-column is-layout-flow wp-block-column-is-layout-flow\">\n<div class=\"wp-block-create-block-sevgutenberg-navigation\"><aside class=\"encart-sev-navigation small carre\"><a href=\"https:\/\/mirabel-prairiesdelamer.com\/en\/camping-contact\/\" class=\"d-flex flex-column align-items-center\"><div class=\"encart-title\"><span>Contact<\/span><\/div><div class=\"vague\"><\/div><img decoding=\"async\" src=\"https:\/\/mirabel-prairiesdelamer.com\/wp-content\/uploads\/2022\/02\/accueil-reception-carte.jpg\" alt=\"campsite reception\"\/><div class=\"ligne\"><\/div><div class=\"hover\"><\/div><\/a><\/aside><\/div>\n<\/div>\n\n\n\n<div class=\"wp-block-column is-layout-flow wp-block-column-is-layout-flow\">\n<div class=\"wp-block-create-block-sevgutenberg-navigation\"><aside class=\"encart-sev-navigation small carre\"><a href=\"https:\/\/mirabel-prairiesdelamer.com\/en\/ouistreham\/\" class=\"d-flex flex-column align-items-center\"><div class=\"encart-title\"><span>Ouistreham<\/span><\/div><div class=\"vague\"><\/div><img decoding=\"async\" src=\"https:\/\/mirabel-prairiesdelamer.com\/wp-content\/uploads\/2022\/02\/plag-ouistreham-cabines.jpg\" alt=\"Ouistreham beach\"\/><div class=\"ligne\"><\/div><div class=\"hover\"><\/div><\/a><\/aside><\/div>\n<\/div>\n\n\n\n<div class=\"wp-block-column is-layout-flow wp-block-column-is-layout-flow\">\n<div class=\"wp-block-create-block-sevgutenberg-navigation\"><aside class=\"encart-sev-navigation small carre\"><a href=\"https:\/\/mirabel-prairiesdelamer.com\/en\/experiences\/\" class=\"d-flex flex-column align-items-center\"><div class=\"encart-title\"><span>Experiences<\/span><\/div><div class=\"vague\"><\/div><img decoding=\"async\" src=\"https:\/\/mirabel-prairiesdelamer.com\/wp-content\/uploads\/2022\/02\/encart-les-experiences.jpg\" alt=\"Experience Ouistreham in Calvados\"\/><div class=\"ligne\"><\/div><div class=\"hover\"><\/div><\/a><\/aside><\/div>\n<\/div>\n\n\n\n<div class=\"wp-block-column is-layout-flow wp-block-column-is-layout-flow\"><\/div>\n<\/div>","protected":false},"excerpt":{"rendered":"<p>Avis clients sur le camping Les Prairies de la Mer Ce sont les clients qui parlent le mieux de leurs [&hellip;]<\/p>\n","protected":false},"author":1,"featured_media":0,"parent":0,"menu_order":0,"comment_status":"closed","ping_status":"closed","template":"","meta":{"_seopress_robots_primary_cat":"","_seopress_titles_title":"Les avis clients du camping \u00e0 Ouistreham","_seopress_titles_desc":"D\u00e9couvrez les avis de nos clients sur leur s\u00e9jour aux Prairies de la Mer \u00e0 Ouistreham - Calvados sur la c\u00f4te normande.","_seopress_robots_index":"","footnotes":""},"class_list":["post-79","page","type-page","status-publish","hentry"],"_links":{"self":[{"href":"https:\/\/mirabel-prairiesdelamer.com\/en\/wp-json\/wp\/v2\/pages\/79","targetHints":{"allow":["GET"]}}],"collection":[{"href":"https:\/\/mirabel-prairiesdelamer.com\/en\/wp-json\/wp\/v2\/pages"}],"about":[{"href":"https:\/\/mirabel-prairiesdelamer.com\/en\/wp-json\/wp\/v2\/types\/page"}],"author":[{"embeddable":true,"href":"https:\/\/mirabel-prairiesdelamer.com\/en\/wp-json\/wp\/v2\/users\/1"}],"replies":[{"embeddable":true,"href":"https:\/\/mirabel-prairiesdelamer.com\/en\/wp-json\/wp\/v2\/comments?post=79"}],"version-history":[{"count":20,"href":"https:\/\/mirabel-prairiesdelamer.com\/en\/wp-json\/wp\/v2\/pages\/79\/revisions"}],"predecessor-version":[{"id":18668,"href":"https:\/\/mirabel-prairiesdelamer.com\/en\/wp-json\/wp\/v2\/pages\/79\/revisions\/18668"}],"wp:attachment":[{"href":"https:\/\/mirabel-prairiesdelamer.com\/en\/wp-json\/wp\/v2\/media?parent=79"}],"curies":[{"name":"wp","href":"https:\/\/api.w.org\/{rel}","templated":true}]}}