{"id":67,"date":"2021-12-10T14:24:37","date_gmt":"2021-12-10T13:24:37","guid":{"rendered":"https:\/\/www.campinglarenaudiere.com\/?page_id=67"},"modified":"2025-04-07T11:06:23","modified_gmt":"2025-04-07T09:06:23","slug":"camping-ouistreham","status":"publish","type":"page","link":"https:\/\/mirabel-prairiesdelamer.com\/en\/camping-ouistreham\/","title":{"rendered":"Ouistreham"},"content":{"rendered":"<h1 class=\"wp-block-heading\" id=\"ouistreham-riva-bella\">The seaside resort of Ouistreham Riva-Bella in Normandy<\/h1>\n\n\n\n<p class=\"has-text-align-center\">Destination Ouistreham: discover the pearl of the C\u00f4te de Nacre in Calvados, just a few minutes from Caen. A seaside resort where life is good!<\/p>\n\n\n\n<figure class=\"wp-block-image aligncenter size-full\"><img decoding=\"async\" src=\"https:\/\/www.mirabel-prairiesdelamer.com\/wp-content\/uploads\/2022\/01\/barre-bleue.png\" alt=\"\" class=\"wp-image-2382\"\/><\/figure>\n\n\n\n<div class=\"wp-block-media-text alignwide has-media-on-the-right is-stacked-on-mobile is-vertically-aligned-center is-style-default\"><div class=\"wp-block-media-text__content\">\n<h2 class=\"wp-block-heading\" id=\"ouistreham-riva-bella-entre-terre-et-mer\">What to do on vacation in Ouistreham Riva-Bella<\/h2>\n\n\n\n<figure class=\"wp-block-image size-full\"><img loading=\"lazy\" decoding=\"async\" width=\"50\" height=\"8\" src=\"https:\/\/mirabel-prairiesdelamer.com\/wp-content\/uploads\/2024\/06\/barre-bleue.png\" alt=\"\" class=\"wp-image-14200\"\/><\/figure>\n\n\n\n<figure class=\"wp-block-image alignright size-full is-resized\"><img loading=\"lazy\" decoding=\"async\" width=\"320\" height=\"228\" src=\"https:\/\/mirabel-prairiesdelamer.com\/wp-content\/uploads\/2024\/06\/tong.png\" alt=\"\" class=\"wp-image-14257\" style=\"width:73px;height:auto\" srcset=\"https:\/\/mirabel-prairiesdelamer.com\/wp-content\/uploads\/2024\/06\/tong.png 320w, https:\/\/mirabel-prairiesdelamer.com\/wp-content\/uploads\/2024\/06\/tong-300x214.png 300w\" sizes=\"auto, (max-width: 320px) 100vw, 320px\" \/><\/figure>\n\n\n\n<p>The <strong>Camping Mirabel Les Prairies de la Mer<\/strong> is located 500m from the large and beautiful <strong>Ouistreham beach<\/strong> Riva-Bella. So grab your bag and head out to set up your towel on the <strong>white sand<\/strong>. Immerse yourself in your novel or let the sound of the waves lull you to sleep, while the kids have fun building <strong>sand castles<\/strong> and unearth beautiful <strong>shellfish<\/strong> which they will treasure as a souvenir. Is the wind picking up? Great, time to get out your kite!<\/p>\n\n\n\n<p>Do you love nature and wide open spaces? If so, you'll love the Pointe du Si\u00e8ge site, at <strong>Orne estuary<\/strong>, protected for its ornithological and landscape wealth. 3km from the campsite, the <strong>Bois du Caprice <\/strong>invites you to enjoy a family outing in unspoilt natural surroundings, before returning to the peace and quiet of <a href=\"https:\/\/mirabel-prairiesdelamer.com\/en\/mobil-homes-rental-normandie\/\">your mobile home.<\/a><\/p>\n<\/div><figure class=\"wp-block-media-text__media\"><img loading=\"lazy\" decoding=\"async\" width=\"1024\" height=\"683\" src=\"https:\/\/mirabel-prairiesdelamer.com\/wp-content\/uploads\/2024\/06\/plage-enfant-jeux-1024x683.jpg\" alt=\"\" class=\"wp-image-14269 size-full\" srcset=\"https:\/\/mirabel-prairiesdelamer.com\/wp-content\/uploads\/2024\/06\/plage-enfant-jeux-1024x683.jpg 1024w, https:\/\/mirabel-prairiesdelamer.com\/wp-content\/uploads\/2024\/06\/plage-enfant-jeux-300x200.jpg 300w, https:\/\/mirabel-prairiesdelamer.com\/wp-content\/uploads\/2024\/06\/plage-enfant-jeux-768x512.jpg 768w, https:\/\/mirabel-prairiesdelamer.com\/wp-content\/uploads\/2024\/06\/plage-enfant-jeux.jpg 1200w\" sizes=\"auto, (max-width: 1024px) 100vw, 1024px\" \/><\/figure><\/div>\n\n\n\n<div style=\"height:20px\" aria-hidden=\"true\" class=\"wp-block-spacer\"><\/div>\n\n\n\n<div class=\"wp-block-media-text alignwide is-stacked-on-mobile is-vertically-aligned-center is-image-fill-element animate left\"><figure class=\"wp-block-media-text__media\"><img loading=\"lazy\" decoding=\"async\" width=\"769\" height=\"1024\" src=\"https:\/\/mirabel-prairiesdelamer.com\/wp-content\/uploads\/2024\/01\/rue-de-la-mer-shopping-ouistreham-1-769x1024.jpg\" alt=\"shopping street ouistreham rue de la mer\" class=\"wp-image-13016 size-full\" style=\"object-position:50% 50%\" srcset=\"https:\/\/mirabel-prairiesdelamer.com\/wp-content\/uploads\/2024\/01\/rue-de-la-mer-shopping-ouistreham-1-769x1024.jpg 769w, https:\/\/mirabel-prairiesdelamer.com\/wp-content\/uploads\/2024\/01\/rue-de-la-mer-shopping-ouistreham-1-225x300.jpg 225w, https:\/\/mirabel-prairiesdelamer.com\/wp-content\/uploads\/2024\/01\/rue-de-la-mer-shopping-ouistreham-1-768x1023.jpg 768w, https:\/\/mirabel-prairiesdelamer.com\/wp-content\/uploads\/2024\/01\/rue-de-la-mer-shopping-ouistreham-1.jpg 901w\" sizes=\"auto, (max-width: 769px) 100vw, 769px\" \/><\/figure><div class=\"wp-block-media-text__content\">\n<h2 class=\"wp-block-heading\" id=\"une-ville-animee-et-conviviale\">Year-round entertainment in Ouistreham, Normandy<\/h2>\n\n\n\n<figure class=\"wp-block-image size-full\"><img loading=\"lazy\" decoding=\"async\" width=\"50\" height=\"8\" src=\"https:\/\/mirabel-prairiesdelamer.com\/wp-content\/uploads\/2024\/06\/barre-bleue.png\" alt=\"\" class=\"wp-image-14200\"\/><\/figure>\n\n\n\n<p>Stroll through the streets of Ouistreham Riva-Bella and take a trip back in time by admiring the numerous <strong>Belle-Epoque villas<\/strong>. Continue towards the port and its <strong>FISH MARKET<\/strong>. The most courageous will climb the 171 spiral steps of the <strong>lighthouse<\/strong>&nbsp;and enjoy breathtaking views of the city and the sea as far as the eye can see (open to visitors every weekend in July and August).<\/p>\n\n\n\n<p>Emotions run deep! Luckily, Avenue de la Mer is full of good places to satisfy your taste buds: homemade ice cream, cr\u00eapes, waffles, you name it! And now it's time for <strong>shopping<\/strong> in pretty downtown boutiques. How about a little postcard for Grandma and Grandpa?<\/p>\n\n\n\n<div style=\"height:20px\" aria-hidden=\"true\" class=\"wp-block-spacer\"><\/div>\n\n\n\n<div class=\"wp-block-group card card-body border border-info is-layout-flow wp-block-group-is-layout-flow\">\n<p><strong>Mark your calendars<\/strong> !<\/p>\n\n\n\n<ul class=\"wp-block-list\">\n<li>All year round: every Friday morning, visit the Ouistreham market for your fruit, vegetables and fresh produce, at Place du March\u00e9, avenue Pasteur!<\/li>\n\n\n\n<li>April to October: additional Sunday market, also on the market square.<\/li>\n\n\n\n<li>In July and August: a host of events, including fireworks displays on July 14 and August 15, designer markets, etc., to be discovered on the <a href=\"https:\/\/ouistreham-rivabella.fr\/sortir\/agenda-des-sorties\/\" target=\"_blank\" rel=\"noreferrer noopener\">city website<\/a>.<\/li>\n<\/ul>\n<\/div>\n<\/div><\/div>\n\n\n\n<div style=\"height:30px\" aria-hidden=\"true\" class=\"wp-block-spacer\"><\/div>\n\n\n\n<p><\/p>\n\n\n\n<div class=\"wp-block-media-text alignwide has-media-on-the-right is-stacked-on-mobile is-vertically-aligned-center is-style-default front-page-section grey animate right\"><div class=\"wp-block-media-text__content\">\n<h2 class=\"wp-block-heading\" id=\"des-activites-culturelles-et-de-loisirs-tout-pres-de-caen\">Cultural and leisure activities near Caen<\/h2>\n\n\n\n<figure class=\"wp-block-image size-full\"><img loading=\"lazy\" decoding=\"async\" width=\"50\" height=\"8\" src=\"https:\/\/mirabel-prairiesdelamer.com\/wp-content\/uploads\/2024\/06\/barre-bleue.png\" alt=\"\" class=\"wp-image-14200\"\/><figcaption class=\"wp-element-caption\">Ouistreham Riva-Bella also offers a wide range of sporting, cultural and leisure activities. Go paddleboarding or sand yachting with the <strong><u>nautical base OCEAN<\/u><\/strong> or go horseback riding with the <strong><u>equestrian center<\/u><\/strong> and discover the seaside resort in a whole new way. Cycling enthusiasts can take advantage of the many <strong><u>bike paths<\/u><\/strong> to reach <strong>Cabourg<\/strong>, Caen and Courseulles-sur-Mer. Film buffs, meanwhile, will be warmly welcomed by the <strong>Cin\u00e9ma Le Cabieu<\/strong>. Numerous shows are offered by the <strong>Dansoir by Karine Saporta<\/strong>. And every year, the town organizes festive events not to be missed (F\u00eate de la Coquille, Festival Tous en Sc\u00e8ne, Normandy Beach Race...).<\/figcaption><\/figure>\n\n\n\n<div class=\"wp-block-buttons is-content-justification-center is-layout-flex wp-container-core-buttons-is-layout-a89b3969 wp-block-buttons-is-layout-flex\">\n<div class=\"wp-block-button\"><a class=\"wp-block-button__link has-turquoise-background-color has-background wp-element-button\" href=\"https:\/\/mirabel-prairiesdelamer.com\/en\/leisure-activities-with-children\/\">All nearby activities<\/a><\/div>\n<\/div>\n<\/div><figure class=\"wp-block-media-text__media\"><img loading=\"lazy\" decoding=\"async\" width=\"1024\" height=\"770\" src=\"https:\/\/mirabel-prairiesdelamer.com\/wp-content\/uploads\/2024\/06\/equitation-voile-riva-bella-1-@elo-1024x770.jpg\" alt=\"\" class=\"wp-image-14273 size-full\" srcset=\"https:\/\/mirabel-prairiesdelamer.com\/wp-content\/uploads\/2024\/06\/equitation-voile-riva-bella-1-@elo-1024x770.jpg 1024w, https:\/\/mirabel-prairiesdelamer.com\/wp-content\/uploads\/2024\/06\/equitation-voile-riva-bella-1-@elo-300x226.jpg 300w, https:\/\/mirabel-prairiesdelamer.com\/wp-content\/uploads\/2024\/06\/equitation-voile-riva-bella-1-@elo-768x577.jpg 768w, https:\/\/mirabel-prairiesdelamer.com\/wp-content\/uploads\/2024\/06\/equitation-voile-riva-bella-1-@elo.jpg 1200w\" sizes=\"auto, (max-width: 1024px) 100vw, 1024px\" \/><\/figure><\/div>\n\n\n\n<div class=\"wp-block-media-text is-stacked-on-mobile\"><figure class=\"wp-block-media-text__media\"><a href=\"https:\/\/ouistreham-rivabella.fr\/la-navette-electrique-de-ouistreham-riva-bella-des-le-2-avril-2025\/?fbclid=IwY2xjawJgc2ZleHRuA2FlbQIxMAABHmGi9pne0AaoiNJisMhvricuIAVjb8XAI-mSCxs-YjCaTRUGp6u9J_uAB-Wz_aem_lP8IcZpfwZlLXo513wY77g\" target=\"_blank\" rel=\" noreferrer noopener\"><img loading=\"lazy\" decoding=\"async\" width=\"600\" height=\"400\" src=\"https:\/\/mirabel-prairiesdelamer.com\/wp-content\/uploads\/2025\/04\/navette-electrique-gratuite-ouistreham.jpg\" alt=\"free electric shuttle to ouistreham\" class=\"wp-image-14860 size-full\" srcset=\"https:\/\/mirabel-prairiesdelamer.com\/wp-content\/uploads\/2025\/04\/navette-electrique-gratuite-ouistreham.jpg 600w, https:\/\/mirabel-prairiesdelamer.com\/wp-content\/uploads\/2025\/04\/navette-electrique-gratuite-ouistreham-300x200.jpg 300w\" sizes=\"auto, (max-width: 600px) 100vw, 600px\" \/><\/a><\/figure><div class=\"wp-block-media-text__content\">\n<h3 class=\"wp-block-heading\">Free morning shuttle to Ouistreham<\/h3>\n\n\n\n<p>Since April 2025, a <a href=\"https:\/\/ouistreham-rivabella.fr\/la-navette-electrique-de-ouistreham-riva-bella-des-le-2-avril-2025\/?fbclid=IwY2xjawJgc2ZleHRuA2FlbQIxMAABHmGi9pne0AaoiNJisMhvricuIAVjb8XAI-mSCxs-YjCaTRUGp6u9J_uAB-Wz_aem_lP8IcZpfwZlLXo513wY77g\" target=\"_blank\" rel=\"noreferrer noopener\"><strong>electric shuttle<\/strong> <\/a>has been set up by the town. The shuttle serves all 4 corners of Ouistreham, making it easy to explore the town. <strong>Some thirty stops in all<\/strong> from the beach to the cinema, via the town, the port, the market square, the health centre and the <strong>Carrefour shopping center<\/strong>. A great initiative that makes Ouistreham's services and shops accessible to all. An access ramp is also available for people with reduced mobility.<\/p>\n\n\n\n<p><strong>Practical : <\/strong><\/p>\n\n\n\n<ul class=\"wp-block-list\">\n<li>Tuesday to Saturday (does not run on public holidays)<\/li>\n\n\n\n<li>8 a.m. to 12:30 p.m.<\/li>\n\n\n\n<li>Stops are marked with red benches<\/li>\n\n\n\n<li>100% free (and electric, good for our planet)<\/li>\n\n\n\n<li>1 stop located a few meters from the campsite (<em>avenue du Colonel Dawson<\/em>)<\/li>\n\n\n\n<li><a href=\"https:\/\/ouistreham-rivabella.fr\/wp-content\/uploads\/2025\/03\/planNavette-scaled.jpg?fbclid=IwY2xjawJgcmRleHRuA2FlbQIxMAABHriYC11sxk13DmbLba547ws8X0D2ksTiyK9v2RTvrTCdJRv43YK8A2TGIArK_aem_r2b8KtmYl5Nif3Pnv2H06A\" target=\"_blank\" rel=\"noreferrer noopener\"><strong>See the tour<\/strong><\/a><\/li>\n<\/ul>\n\n\n\n<p><\/p>\n<\/div><\/div>\n\n\n\n<div style=\"height:10px\" aria-hidden=\"true\" class=\"wp-block-spacer\"><\/div>\n\n\n\n<p class=\"has-text-align-center texte-rond mt-5 has-large-font-size\">Discover the campsite<\/p>\n\n\n\n<div class=\"wp-block-columns front-page-section grey is-layout-flex wp-container-core-columns-is-layout-28f84493 wp-block-columns-is-layout-flex\">\n<div class=\"wp-block-column is-layout-flow wp-block-column-is-layout-flow\"><\/div>\n\n\n\n<div class=\"wp-block-column is-layout-flow wp-block-column-is-layout-flow\">\n<div class=\"wp-block-create-block-sevgutenberg-navigation\"><aside class=\"encart-sev-navigation small carre\"><a href=\"https:\/\/mirabel-prairiesdelamer.com\/en\/snack-bar\/\" class=\"d-flex flex-column align-items-center\"><div class=\"encart-title\"><span>The Snack Bar<\/span><\/div><div class=\"vague\"><\/div><img decoding=\"async\" src=\"https:\/\/mirabel-prairiesdelamer.com\/wp-content\/uploads\/2023\/02\/snack-bar-cocktail.jpg\" alt=\"cocktail snack bar paillote summer\"\/><div class=\"ligne\"><\/div><div class=\"hover\"><\/div><\/a><\/aside><\/div>\n<\/div>\n\n\n\n<div class=\"wp-block-column is-vertically-aligned-center is-layout-flow wp-block-column-is-layout-flow\">\n<div class=\"wp-block-create-block-sevgutenberg-navigation\"><aside class=\"encart-sev-navigation small carre\"><a href=\"https:\/\/mirabel-prairiesdelamer.com\/en\/events-july-august\/\" class=\"d-flex flex-column align-items-center\"><div class=\"encart-title\"><span>Entertainment<\/span><\/div><div class=\"vague\"><\/div><img decoding=\"async\" src=\"https:\/\/mirabel-prairiesdelamer.com\/wp-content\/uploads\/2023\/02\/danse-camping-piscine-animation.jpg\" alt=\"summer campsite dance entertainment\"\/><div class=\"ligne\"><\/div><div class=\"hover\"><\/div><\/a><\/aside><\/div>\n<\/div>\n\n\n\n<div class=\"wp-block-column is-layout-flow wp-block-column-is-layout-flow\">\n<div class=\"wp-block-create-block-sevgutenberg-navigation\"><aside class=\"encart-sev-navigation small carre\"><a href=\"https:\/\/mirabel-prairiesdelamer.com\/en\/camping-calvados-services\/\" class=\"d-flex flex-column align-items-center\"><div class=\"encart-title\"><span>Our services<\/span><\/div><div class=\"vague\"><\/div><img decoding=\"async\" src=\"https:\/\/mirabel-prairiesdelamer.com\/wp-content\/uploads\/2022\/02\/accueil-reception-carte.jpg\" alt=\"campsite reception\"\/><div class=\"ligne\"><\/div><div class=\"hover\"><\/div><\/a><\/aside><\/div>\n<\/div>\n\n\n\n<div class=\"wp-block-column is-layout-flow wp-block-column-is-layout-flow\"><\/div>\n<\/div>\n\n\n\n<figure class=\"wp-block-image aligncenter size-large is-resized mt-5\"><img decoding=\"async\" src=\"https:\/\/mirabel-prairiesdelamer.com\/wp-content\/uploads\/2022\/01\/photo-1024x84.png\" alt=\"photo gallery\"\/><\/figure>\n\n\n\t\t\t<div id=\"sevgallery-1331353810\" class=\"sev-diaporama sev-diaporama-portfolio\">\r\n\t\t\t\t<div class=\"row\">\r\n\r\n\t\t\t\t\t\r\n\t\t\t\t\t\t\r\n\t\t\t\t\t\t<div class=\"sev-diaporama-portfolio-item   btnseeall btnseeall-xl col-12 col-md  col-shrink\">\r\n\t\t\t\t\t\t\t<a href=\"https:\/\/mirabel-prairiesdelamer.com\/wp-content\/uploads\/2024\/01\/ouistreham-cabine-grande-roue.jpg\" data-lightbox=\"sevgallery-1331353810\" style=\"background-image: url(https:\/\/mirabel-prairiesdelamer.com\/wp-content\/uploads\/2024\/01\/ouistreham-cabine-grande-roue.jpg)\">\r\n\t\t\t\t\t\t\t\t<img decoding=\"async\" src=\"https:\/\/mirabel-prairiesdelamer.com\/wp-content\/uploads\/2024\/01\/ouistreham-cabine-grande-roue.jpg\" alt=\"big wheel beach ouistreham\" loading=\"lazy\">\r\n\t\t\t\t\t\t\t\t\t\t\t\t\t\t\t<\/a>\r\n\t\t\t\t\t\t<\/div>\r\n\r\n\t\t\t\t\t\t\r\n\t\t\t\t\t\t\t\t\t\t\t\t\t\t\t\t\t\r\n\t\t\t\t\t\t\r\n\t\t\t\t\t\t<div class=\"sev-diaporama-portfolio-item   btnseeall btnseeall-xl col-12 col-md  col-grow\">\r\n\t\t\t\t\t\t\t<a href=\"https:\/\/mirabel-prairiesdelamer.com\/wp-content\/uploads\/2022\/02\/62497-Char_a_voile_sur_la_plage_de_Ouistreham_Riva_Bella-Association_OCEAN-1024x768.jpg\" data-lightbox=\"sevgallery-1331353810\" style=\"background-image: url(https:\/\/mirabel-prairiesdelamer.com\/wp-content\/uploads\/2022\/02\/62497-Char_a_voile_sur_la_plage_de_Ouistreham_Riva_Bella-Association_OCEAN-1024x768.jpg)\">\r\n\t\t\t\t\t\t\t\t<img decoding=\"async\" src=\"https:\/\/mirabel-prairiesdelamer.com\/wp-content\/uploads\/2022\/02\/62497-Char_a_voile_sur_la_plage_de_Ouistreham_Riva_Bella-Association_OCEAN-1024x768.jpg\" alt=\"sand yachting in Ouistreham\" loading=\"lazy\">\r\n\t\t\t\t\t\t\t\t\t\t\t\t\t\t\t<\/a>\r\n\t\t\t\t\t\t<\/div>\r\n\r\n\t\t\t\t\t\t\r\n\t\t\t\t\t\t\t\t\t\t\t\t\t\t\t\t\t\r\n\t\t\t\t\t\t\r\n\t\t\t\t\t\t<div class=\"sev-diaporama-portfolio-item   btnseeall btnseeall-xl col-12 col-md\">\r\n\t\t\t\t\t\t\t<a href=\"https:\/\/mirabel-prairiesdelamer.com\/wp-content\/uploads\/2024\/01\/bourg-ouistreham-commerce-marche.jpg\" data-lightbox=\"sevgallery-1331353810\" style=\"background-image: url(https:\/\/mirabel-prairiesdelamer.com\/wp-content\/uploads\/2024\/01\/bourg-ouistreham-commerce-marche.jpg)\">\r\n\t\t\t\t\t\t\t\t<img decoding=\"async\" src=\"https:\/\/mirabel-prairiesdelamer.com\/wp-content\/uploads\/2024\/01\/bourg-ouistreham-commerce-marche.jpg\" alt=\"bourg ouistreham shopping street\" loading=\"lazy\">\r\n\t\t\t\t\t\t\t\t\t\t\t\t\t\t\t<\/a>\r\n\t\t\t\t\t\t<\/div>\r\n\r\n\t\t\t\t\t\t\r\n\t\t\t\t\t\t\t\t\t\t\t\t\t\t\t\t\t\r\n\t\t\t\t\t\t\r\n\t\t\t\t\t\t<div class=\"sev-diaporama-portfolio-item   btnseeall btnseeall-xl col-12 col-md  col-grow\">\r\n\t\t\t\t\t\t\t<a href=\"https:\/\/mirabel-prairiesdelamer.com\/wp-content\/uploads\/2022\/02\/plage-enfants-1024x683.jpg\" data-lightbox=\"sevgallery-1331353810\" style=\"background-image: url(https:\/\/mirabel-prairiesdelamer.com\/wp-content\/uploads\/2022\/02\/plage-enfants-1024x683.jpg)\">\r\n\t\t\t\t\t\t\t\t<img decoding=\"async\" src=\"https:\/\/mirabel-prairiesdelamer.com\/wp-content\/uploads\/2022\/02\/plage-enfants-1024x683.jpg\" alt=\"children on the beach at Ouistreham\" loading=\"lazy\">\r\n\t\t\t\t\t\t\t\t\t\t\t\t\t\t\t<\/a>\r\n\t\t\t\t\t\t<\/div>\r\n\r\n\t\t\t\t\t\t\t\t\t\t\t\t\t<div class=\"w-100\"><\/div>\r\n\t\t\t\t\t\t\t\t\t\t\t\t\t\r\n\t\t\t\t\t\t\t\t\t\t\t\t\t\t\t\t\t\r\n\t\t\t\t\t\t\r\n\t\t\t\t\t\t<div class=\"sev-diaporama-portfolio-item   btnseeall btnseeall-xl col-12 col-md\">\r\n\t\t\t\t\t\t\t<a href=\"https:\/\/mirabel-prairiesdelamer.com\/wp-content\/uploads\/2022\/02\/equitation-voile-riva-bella-@elo-1024x770.jpg\" data-lightbox=\"sevgallery-1331353810\" style=\"background-image: url(https:\/\/mirabel-prairiesdelamer.com\/wp-content\/uploads\/2022\/02\/equitation-voile-riva-bella-@elo-1024x770.jpg)\">\r\n\t\t\t\t\t\t\t\t<img decoding=\"async\" src=\"https:\/\/mirabel-prairiesdelamer.com\/wp-content\/uploads\/2022\/02\/equitation-voile-riva-bella-@elo-1024x770.jpg\" alt=\"horse riding Ouistreham\" loading=\"lazy\">\r\n\t\t\t\t\t\t\t\t\t\t\t\t\t\t\t<\/a>\r\n\t\t\t\t\t\t<\/div>\r\n\r\n\t\t\t\t\t\t\r\n\t\t\t\t\t\t\t\t\t\t\t\t\t\t\t\t\t\r\n\t\t\t\t\t\t\r\n\t\t\t\t\t\t<div class=\"sev-diaporama-portfolio-item   btnseeall btnseeall-xl col-12 col-md  col-grow\">\r\n\t\t\t\t\t\t\t<a href=\"https:\/\/mirabel-prairiesdelamer.com\/en\/camping-normandie-photos\/\"  style=\"background-image: url(https:\/\/mirabel-prairiesdelamer.com\/wp-content\/uploads\/2022\/02\/plage-enfant-jeux-1024x683.jpg)\">\r\n\t\t\t\t\t\t\t\t<img decoding=\"async\" src=\"https:\/\/mirabel-prairiesdelamer.com\/wp-content\/uploads\/2022\/02\/plage-enfant-jeux-1024x683.jpg\" alt=\"Ouistreham riva bella beach\" loading=\"lazy\">\r\n\t\t\t\t\t\t\t\t\t\t\t\t\t\t\t<\/a>\r\n\t\t\t\t\t\t<\/div>\r\n\r\n\t\t\t\t\t\t\r\n\t\t\t\t\t\t\t\t\t\t\t\t\t\t\t\t\t\r\n\t\t\t\t\t\t\r\n\t\t\t\t\t\t<div class=\"sev-diaporama-portfolio-item   btnseeall btnseeall-xl col-12 col-md\">\r\n\t\t\t\t\t\t\t<a href=\"https:\/\/mirabel-prairiesdelamer.com\/wp-content\/uploads\/2024\/01\/ete-marche-createur.jpg\" data-lightbox=\"sevgallery-1331353810\" style=\"background-image: url(https:\/\/mirabel-prairiesdelamer.com\/wp-content\/uploads\/2024\/01\/ete-marche-createur.jpg)\">\r\n\t\t\t\t\t\t\t\t<img decoding=\"async\" src=\"https:\/\/mirabel-prairiesdelamer.com\/wp-content\/uploads\/2024\/01\/ete-marche-createur.jpg\" alt=\"creators&#039; market ouistreham\" loading=\"lazy\">\r\n\t\t\t\t\t\t\t\t\t\t\t\t\t\t\t<\/a>\r\n\t\t\t\t\t\t<\/div>\r\n\r\n\t\t\t\t\t\t\r\n\t\t\t\t\t\t\t\t\t\t\t\t\t\t\t\t\t\r\n\t\t\t\t\t\t\r\n\t\t\t\t\t\t<div class=\"sev-diaporama-portfolio-item  limitsm btnseeall btnseeall-xl col-12 col-md  col-shrink last-visible\">\r\n\t\t\t\t\t\t\t<a href=\"https:\/\/mirabel-prairiesdelamer.com\/wp-content\/uploads\/2024\/01\/plage-automne-ouistreham.jpg\" data-lightbox=\"sevgallery-1331353810\" style=\"background-image: url(https:\/\/mirabel-prairiesdelamer.com\/wp-content\/uploads\/2024\/01\/plage-automne-ouistreham.jpg)\">\r\n\t\t\t\t\t\t\t\t<img decoding=\"async\" src=\"https:\/\/mirabel-prairiesdelamer.com\/wp-content\/uploads\/2024\/01\/plage-automne-ouistreham.jpg\" alt=\"beach ouistreham autumn normandy\" loading=\"lazy\">\r\n\t\t\t\t\t\t\t\t\t\t\t\t\t\t\t\t\t<img decoding=\"async\" src=\"https:\/\/mirabel-prairiesdelamer.com\/wp-content\/themes\/mirabel-site\/assets\/img\/voir-photos.png\" alt=\"\" \/>\r\n\t\t\t\t\t\t\t\t\t<span>See all photos<\/span>\r\n\t\t\t\t\t\t\t\t\t\t\t\t\t\t\t<\/a>\r\n\t\t\t\t\t\t<\/div>\r\n\r\n\t\t\t\t\t\t\t\t\t\t\t\t\t<div class=\"w-100\"><\/div>\r\n\t\t\t\t\t\t\t\t\t\t\t\t\t\r\n\t\t\t\t\t\t\t\t\t\t\t\t\t\t\t\t\t\t\t\t\t<\/div>\r\n\t\t\t<\/div>\r\n\r\n\t\t\t<script>\r\n\t\t\tjQuery(function($) {\r\n\r\n\t\t\t\tvar marginPortfolio = function() {\r\n\r\n\t\t\t\t\tvar $diapo          = $('#sevgallery-1331353810');\r\n\t\t\t\t\tvar container_width = $diapo.parent().outerWidth();\r\n\t\t\t\t\tvar side            = ( $(window).innerWidth() - container_width ) \/ 2;\r\n\r\n\t\t\t\t\t$diapo.css( {\r\n\t\t\t\t\t\t'margin-left': '-' + side + 'px',\r\n\t\t\t\t\t\t'margin-right': '-' + side + 'px',\r\n\t\t\t\t\t} );\r\n\t\t\t\t};\r\n\r\n\t\t\t\t$( window ).resize( function() {\r\n\t\t\t\t\tmarginPortfolio();\r\n\t\t\t\t} );\r\n\t\t\t\tmarginPortfolio();\r\n\t\t\t});\r\n\t\t\t<\/script>","protected":false},"excerpt":{"rendered":"<p>La station baln\u00e9aire de Ouistreham Riva-Bella en Normandie Destination Ouistreham&nbsp;: d\u00e9couvrez la perle de la C\u00f4te de Nacre dans le [&hellip;]<\/p>\n","protected":false},"author":1,"featured_media":0,"parent":0,"menu_order":0,"comment_status":"closed","ping_status":"closed","template":"","meta":{"_seopress_robots_primary_cat":"","_seopress_titles_title":"Ouistreham Riva-Bella - camping Les Prairies de la Mer","_seopress_titles_desc":"Le camping 4 \u00e9toiles Les Prairies de la Mer se situe \u00e0 500m de la grande et belle plage de Ouistreham Riva-Bella. D\u00e9couvrez la Perle de la C\u00f4te de Nacre","_seopress_robots_index":"","footnotes":""},"class_list":["post-67","page","type-page","status-publish","hentry"],"_links":{"self":[{"href":"https:\/\/mirabel-prairiesdelamer.com\/en\/wp-json\/wp\/v2\/pages\/67","targetHints":{"allow":["GET"]}}],"collection":[{"href":"https:\/\/mirabel-prairiesdelamer.com\/en\/wp-json\/wp\/v2\/pages"}],"about":[{"href":"https:\/\/mirabel-prairiesdelamer.com\/en\/wp-json\/wp\/v2\/types\/page"}],"author":[{"embeddable":true,"href":"https:\/\/mirabel-prairiesdelamer.com\/en\/wp-json\/wp\/v2\/users\/1"}],"replies":[{"embeddable":true,"href":"https:\/\/mirabel-prairiesdelamer.com\/en\/wp-json\/wp\/v2\/comments?post=67"}],"version-history":[{"count":71,"href":"https:\/\/mirabel-prairiesdelamer.com\/en\/wp-json\/wp\/v2\/pages\/67\/revisions"}],"predecessor-version":[{"id":14868,"href":"https:\/\/mirabel-prairiesdelamer.com\/en\/wp-json\/wp\/v2\/pages\/67\/revisions\/14868"}],"wp:attachment":[{"href":"https:\/\/mirabel-prairiesdelamer.com\/en\/wp-json\/wp\/v2\/media?parent=67"}],"curies":[{"name":"wp","href":"https:\/\/api.w.org\/{rel}","templated":true}]}}