{"id":56,"date":"2021-12-10T14:21:02","date_gmt":"2021-12-10T13:21:02","guid":{"rendered":"https:\/\/www.campinglarenaudiere.com\/?page_id=56"},"modified":"2025-02-10T14:01:18","modified_gmt":"2025-02-10T13:01:18","slug":"mobil-homes-rental-normandie","status":"publish","type":"page","link":"https:\/\/mirabel-prairiesdelamer.com\/en\/location-mobil-homes-normandie\/","title":{"rendered":"Rentals"},"content":{"rendered":"<h1 class=\"wp-block-heading\" id=\"location-de-vacances-a-ouistreham\"><strong>Mobile home rentals in Ouistreham campsite<\/strong><\/h1>\n\n\n\n<div class=\"wp-block-columns is-layout-flex wp-container-core-columns-is-layout-28f84493 wp-block-columns-is-layout-flex\">\n<div class=\"wp-block-column is-layout-flow wp-block-column-is-layout-flow\">\n<p class=\"has-text-align-center\">For your stay in&nbsp;<a href=\"https:\/\/mirabel-prairiesdelamer.com\/en\/\"><strong>4-star campsite in Normandy<\/strong><\/a>, we offer you a full range of<strong> of mobile homes<\/strong>. <br>Rentals for 2 to 6 people, fully equipped, spacious and comfortable.<\/p>\n\n\n\n<figure class=\"wp-block-image aligncenter size-full\"><img decoding=\"async\" src=\"https:\/\/www.mirabel-prairiesdelamer.com\/wp-content\/uploads\/2022\/01\/barre-bleue.png\" alt=\"\" class=\"wp-image-2382\"\/><\/figure>\n\n\n\n<div class=\"wp-block-media-text alignwide has-media-on-the-right is-stacked-on-mobile\"><div class=\"wp-block-media-text__content\">\n<h2 class=\"wp-block-heading\" id=\"les-mobil-homes-du-camping-les-prairies-de-la-mer\">Mobile homes at Camping Mirabel Les Prairies de la Mer<\/h2>\n\n\n\n<figure class=\"wp-block-image size-full\"><img decoding=\"async\" src=\"https:\/\/www.mirabel-prairiesdelamer.com\/wp-content\/uploads\/2022\/01\/barre-bleue.png\" alt=\"\" class=\"wp-image-2382\"\/><\/figure>\n\n\n\n<p>Would you like to spend a few days or even a few days <strong>weeks of vacation <\/strong>on the <strong>Calvados beaches<\/strong>&nbsp;?<br>Pack your bags in one of <strong>our mobile homes<\/strong> fully equipped: fitted kitchen, television, fridge with freezer, heating for cooler days. <br>On vacation, we love to live outdoors when the sun is shining, which is why we're offering you a <strong>garden furniture<\/strong> and deckchairs. Make yourself comfortable on your <strong>private terrace<\/strong> and enjoy some well-deserved rest!<\/p>\n\n\n\n<p>Of course, you'll have free access to all the campsite's facilities, including the swimming pool, <a href=\"https:\/\/mirabel-prairiesdelamer.com\/en\/calvados-camping-sports-activities\/\" target=\"_blank\" rel=\"noreferrer noopener\">the gym<\/a>, sauna, ... <\/p>\n\n\n\n<p><em>non-contractual photos<\/em>s<\/p>\n<\/div><figure class=\"wp-block-media-text__media\"><img loading=\"lazy\" decoding=\"async\" width=\"700\" height=\"467\" src=\"https:\/\/mirabel-prairiesdelamer.com\/wp-content\/uploads\/2023\/02\/mobil-home-location-vacances.jpg\" alt=\"fully-equipped mobile home vacation rentals\" class=\"wp-image-10804 size-full\" srcset=\"https:\/\/mirabel-prairiesdelamer.com\/wp-content\/uploads\/2023\/02\/mobil-home-location-vacances.jpg 700w, https:\/\/mirabel-prairiesdelamer.com\/wp-content\/uploads\/2023\/02\/mobil-home-location-vacances-300x200.jpg 300w\" sizes=\"auto, (max-width: 700px) 100vw, 700px\" \/><\/figure><\/div>\n\n\n<div class=\"multiple-hebergements\">\n\n\n<article class=\"multiple-item clearfix\">\n\n<a href=\"https:\/\/mirabel-prairiesdelamer.com\/en\/hebergement\/location-mobil-home-1-ch\/\">\n\n\t<div class=\"d-flex flex-column\">\n\n\t\t\n\n\t\t<div class=\"multiple-item-photo\">\n\n\t\t\t<img decoding=\"async\" src=\"https:\/\/mirabel-prairiesdelamer.com\/wp-content\/uploads\/2022\/02\/mobil-home-1chambre-1024x768.jpg\" alt=\"1-bedroom mobile home\">\n\n\t\t<\/div>\n\n\n\n\t\t<div class=\"multiple-item-titre\">\n\n\t\t\t1-bedroom mobile home \n\n\n\n\t\t\t\n\t\t\t\t\n\t\t\t\n\t\t<\/div>\n\n\t\t\n\n\t\t<div class=\"multiple-item-desc\">\n\n\t\t\t\n\t\t\t\t\n\t\t\t\t<div class=\"multiple-item-nbchambres multiple-item-champ\">\n\n\t\t\t\t\t<span class=\"val\">1<\/span>&nbsp;\n\n\t\t\t\t\t<span class=\"lbl\">Hello<\/span>\n\n\t\t\t\t<\/div>\n\n\t\t\t\n\n\n\t\t\t\n\t\t\t\t\n\t\t\t\t<div class=\"multiple-item-nbpersonnes multiple-item-champ\">\n\n\t\t\t\t\t<span class=\"val\">2\/3<\/span>&nbsp;\n\n\t\t\t\t\t<span class=\"lbl\"><i class=\"fas fa-male\"><\/i><\/span>\n\n\t\t\t\t<\/div>\n\n\t\t\t\n\n\n\t\t\t\n\n\t\t\t\n\n\n\n\t\t\t\n\n\n\t\t\t\n\n\n\n\n\t\t\t\n\n\n\n\n\t\t\t\n\t\t<\/div>\n\n\n\n\n\n\t\t<button class=\"plus\">\n\n\t\t\tRead more\n\t\t<\/button>\n\n\n\n\t<\/div>\n\n<\/a>\n\n<\/article>\n\n\n\n\n\n<article class=\"multiple-item clearfix\">\n\n<a href=\"https:\/\/mirabel-prairiesdelamer.com\/en\/hebergement\/location-mobil-home-2-ch-moins30m-4-5p\/\">\n\n\t<div class=\"d-flex flex-column\">\n\n\t\t\n\n\t\t<div class=\"multiple-item-photo\">\n\n\t\t\t<img decoding=\"async\" src=\"https:\/\/mirabel-prairiesdelamer.com\/wp-content\/uploads\/2022\/02\/mobil-home-2chambres-1024x768.jpg\" alt=\"2-bedroom mobile home\">\n\n\t\t<\/div>\n\n\n\n\t\t<div class=\"multiple-item-titre\">\n\n\t\t\t2-bedroom mobile home \n\n\n\n\t\t\t\n\t\t\t\t\n\t\t\t\n\t\t<\/div>\n\n\t\t\n\n\t\t<div class=\"multiple-item-desc\">\n\n\t\t\t\n\t\t\t\t\n\t\t\t\t<div class=\"multiple-item-nbchambres multiple-item-champ\">\n\n\t\t\t\t\t<span class=\"val\">2<\/span>&nbsp;\n\n\t\t\t\t\t<span class=\"lbl\">Hello<\/span>\n\n\t\t\t\t<\/div>\n\n\t\t\t\n\n\n\t\t\t\n\t\t\t\t\n\t\t\t\t<div class=\"multiple-item-nbpersonnes multiple-item-champ\">\n\n\t\t\t\t\t<span class=\"val\">4\/5<\/span>&nbsp;\n\n\t\t\t\t\t<span class=\"lbl\"><i class=\"fas fa-male\"><\/i><\/span>\n\n\t\t\t\t<\/div>\n\n\t\t\t\n\n\n\t\t\t\n\n\t\t\t\n\n\n\n\t\t\t\n\n\n\t\t\t\n\n\n\n\n\t\t\t\n\n\n\n\n\t\t\t\n\t\t<\/div>\n\n\n\n\n\n\t\t<button class=\"plus\">\n\n\t\t\tRead more\n\t\t<\/button>\n\n\n\n\t<\/div>\n\n<\/a>\n\n<\/article>\n\n\n\n\n\n<article class=\"multiple-item clearfix\">\n\n<a href=\"https:\/\/mirabel-prairiesdelamer.com\/en\/hebergement\/location-mobil-home-2-ch-pmr-4-6p\/\">\n\n\t<div class=\"d-flex flex-column\">\n\n\t\t\n\n\t\t<div class=\"multiple-item-photo\">\n\n\t\t\t<img decoding=\"async\" src=\"https:\/\/mirabel-prairiesdelamer.com\/wp-content\/uploads\/2022\/02\/mobil-home-PMR.jpg\" alt=\"2-bedroom mobile home XXL space\">\n\n\t\t<\/div>\n\n\n\n\t\t<div class=\"multiple-item-titre\">\n\n\t\t\t2-bedroom mobile home XXL space \n\n\n\n\t\t\t\n\t\t\t\t\n\t\t\t\n\t\t<\/div>\n\n\t\t\n\n\t\t<div class=\"multiple-item-desc\">\n\n\t\t\t\n\t\t\t\t\n\t\t\t\t<div class=\"multiple-item-nbchambres multiple-item-champ\">\n\n\t\t\t\t\t<span class=\"val\">2<\/span>&nbsp;\n\n\t\t\t\t\t<span class=\"lbl\">Hello<\/span>\n\n\t\t\t\t<\/div>\n\n\t\t\t\n\n\n\t\t\t\n\t\t\t\t\n\t\t\t\t<div class=\"multiple-item-nbpersonnes multiple-item-champ\">\n\n\t\t\t\t\t<span class=\"val\">4<\/span>&nbsp;\n\n\t\t\t\t\t<span class=\"lbl\"><i class=\"fas fa-male\"><\/i><\/span>\n\n\t\t\t\t<\/div>\n\n\t\t\t\n\n\n\t\t\t\n\n\t\t\t\n\n\n\n\t\t\t\n\n\n\t\t\t\n\n\n\n\n\t\t\t\n\n\n\n\n\t\t\t\n\t\t\t\t<div class=\"multiple-item-champ multiple-item-pmr\"><i class=\"fa fa-wheelchair\" aria-hidden=\"true\"><\/i><\/div>\n\n\t\t\t\n\t\t<\/div>\n\n\n\n\n\n\t\t<button class=\"plus\">\n\n\t\t\tRead more\n\t\t<\/button>\n\n\n\n\t<\/div>\n\n<\/a>\n\n<\/article>\n\n\n\n\n\n<article class=\"multiple-item clearfix\">\n\n<a href=\"https:\/\/mirabel-prairiesdelamer.com\/en\/hebergement\/location-mobil-home-3-ch-4-6p\/\">\n\n\t<div class=\"d-flex flex-column\">\n\n\t\t\n\n\t\t<div class=\"multiple-item-photo\">\n\n\t\t\t<img decoding=\"async\" src=\"https:\/\/mirabel-prairiesdelamer.com\/wp-content\/uploads\/2022\/02\/mobil-home-3chambres-1024x683.jpg\" alt=\"3-bedroom mobile home\">\n\n\t\t<\/div>\n\n\n\n\t\t<div class=\"multiple-item-titre\">\n\n\t\t\t3-bedroom mobile home \n\n\n\n\t\t\t\n\t\t\t\t\n\t\t\t\n\t\t<\/div>\n\n\t\t\n\n\t\t<div class=\"multiple-item-desc\">\n\n\t\t\t\n\t\t\t\t\n\t\t\t\t<div class=\"multiple-item-nbchambres multiple-item-champ\">\n\n\t\t\t\t\t<span class=\"val\">3<\/span>&nbsp;\n\n\t\t\t\t\t<span class=\"lbl\">Hello<\/span>\n\n\t\t\t\t<\/div>\n\n\t\t\t\n\n\n\t\t\t\n\t\t\t\t\n\t\t\t\t<div class=\"multiple-item-nbpersonnes multiple-item-champ\">\n\n\t\t\t\t\t<span class=\"val\">4\/6<\/span>&nbsp;\n\n\t\t\t\t\t<span class=\"lbl\"><i class=\"fas fa-male\"><\/i><\/span>\n\n\t\t\t\t<\/div>\n\n\t\t\t\n\n\n\t\t\t\n\n\t\t\t\n\n\n\n\t\t\t\n\n\n\t\t\t\n\n\n\n\n\t\t\t\n\n\n\n\n\t\t\t\n\t\t<\/div>\n\n\n\n\n\n\t\t<button class=\"plus\">\n\n\t\t\tRead more\n\t\t<\/button>\n\n\n\n\t<\/div>\n\n<\/a>\n\n<\/article>\n\n\n\n\n\n<article class=\"multiple-item clearfix\">\n\n<a href=\"https:\/\/mirabel-prairiesdelamer.com\/en\/hebergement\/mobil-home-3-chambres-plus\/\">\n\n\t<div class=\"d-flex flex-column\">\n\n\t\t\n\n\t\t<div class=\"multiple-item-photo\">\n\n\t\t\t<img decoding=\"async\" src=\"https:\/\/mirabel-prairiesdelamer.com\/wp-content\/uploads\/2025\/02\/lo83-chambre-location.jpg\" alt=\"3-bedroom mobile home plus\">\n\n\t\t<\/div>\n\n\n\n\t\t<div class=\"multiple-item-titre\">\n\n\t\t\t3-bedroom mobile home plus \n\n\n\n\t\t\t\n\t\t\t\t\n\t\t\t\n\t\t<\/div>\n\n\t\t\n\n\t\t<div class=\"multiple-item-desc\">\n\n\t\t\t\n\t\t\t\t\n\t\t\t\t<div class=\"multiple-item-nbchambres multiple-item-champ\">\n\n\t\t\t\t\t<span class=\"val\">3<\/span>&nbsp;\n\n\t\t\t\t\t<span class=\"lbl\">Hello<\/span>\n\n\t\t\t\t<\/div>\n\n\t\t\t\n\n\n\t\t\t\n\t\t\t\t\n\t\t\t\t<div class=\"multiple-item-nbpersonnes multiple-item-champ\">\n\n\t\t\t\t\t<span class=\"val\">4\/6<\/span>&nbsp;\n\n\t\t\t\t\t<span class=\"lbl\"><i class=\"fas fa-male\"><\/i><\/span>\n\n\t\t\t\t<\/div>\n\n\t\t\t\n\n\n\t\t\t\n\n\t\t\t\t\t\t\t<div class=\"multiple-item-nbsdb multiple-item-champ\">\n\n\t\t\t\t\t<span class=\"val\">+<\/span>\n\n\t\t\t\t\t<span style=\"margin-top: -3px;\"><img decoding=\"async\" src=\"https:\/\/mirabel-prairiesdelamer.com\/wp-content\/uploads\/2025\/02\/lave-vaisselle-mini.png\" alt=\"Dishwashers\" title=\"Dishwashers\" \/><\/span>\n\n\t\t\t\t<\/div>\n\t\t\t\n\n\n\n\t\t\t\n\n\n\t\t\t\n\n\n\n\n\t\t\t\n\n\n\n\n\t\t\t\n\t\t<\/div>\n\n\n\n\n\n\t\t<button class=\"plus\">\n\n\t\t\tRead more\n\t\t<\/button>\n\n\n\n\t<\/div>\n\n<\/a>\n\n<\/article>\n\n\n<\/div>\n<\/div>\n<\/div>\n\n\n\n<div class=\"wp-block-columns is-layout-flex wp-container-core-columns-is-layout-28f84493 wp-block-columns-is-layout-flex\">\n<div class=\"wp-block-column has-white-color has-text-color is-layout-flow wp-block-column-is-layout-flow\" id=\"options\">\n<div class=\"wp-block-group card h-100 pl-4 pr-4 pt-4 rounded-lg border border-info is-layout-flow wp-block-group-is-layout-flow\">\n<p class=\"has-text-align-left has-turquoise-color has-text-color has-medium-font-size\"><img loading=\"lazy\" decoding=\"async\" width=\"50\" height=\"51\" class=\"wp-image-1933\" style=\"width: 50px;\" src=\"https:\/\/www.mirabel-prairiesdelamer.com\/wp-content\/uploads\/2021\/12\/etoile.png\" alt=\"star\" srcset=\"https:\/\/mirabel-prairiesdelamer.com\/wp-content\/uploads\/2021\/12\/etoile.png 320w, https:\/\/mirabel-prairiesdelamer.com\/wp-content\/uploads\/2021\/12\/etoile-292x300.png 292w, https:\/\/mirabel-prairiesdelamer.com\/wp-content\/uploads\/2021\/12\/etoile-150x150.png 150w\" sizes=\"auto, (max-width: 50px) 100vw, 50px\" \/>   &nbsp;      <strong>OPTIONAL<\/strong><\/p>\n\n\n\n<figure id=\"table-tarifs\" class=\"wp-block-table text-left is-style-regular table-tarifs\"><table class=\"has-turquoise-color has-text-color\"><tbody><tr><td><strong><mark style=\"background-color:rgba(0, 0, 0, 0)\" class=\"has-inline-color has-orange-color\">\u2022<\/mark> <\/strong><strong>Sheet rental<\/strong><\/td><td class=\"has-text-align-left\" data-align=\"left\"><strong>12\u20ac\/15\u20ac<\/strong><\/td><\/tr><tr><td><strong> <mark style=\"background-color:rgba(0, 0, 0, 0)\" class=\"has-inline-color has-orange-color\">\u2022<\/mark> <\/strong><strong>Baby kit rental<br><\/strong><em>(Cot and high chair) <\/em><\/td><td class=\"has-text-align-left\" data-align=\"left\"><strong>3\/day <\/strong><\/td><\/tr><tr><td><strong><mark style=\"background-color:rgba(0, 0, 0, 0)\" class=\"has-inline-color has-orange-color\">\u2022<\/mark> <\/strong><strong>Plancha rental<\/strong><\/td><td class=\"has-text-align-left\" data-align=\"left\"><strong> 5\/day<\/strong><\/td><\/tr><tr><td><strong> <mark style=\"background-color:rgba(0, 0, 0, 0)\" class=\"has-inline-color has-orange-color\">\u2022<\/mark> <\/strong><strong>Laundry <br><\/strong><em><em>(Washing machine \u20ac5, detergent \u20ac1, tumble dryer \u20ac2.50)<\/em><\/em><\/td><td class=\"has-text-align-left\" data-align=\"left\"><strong> 2.5\u20ac\/5\u20ac <\/strong><\/td><\/tr><tr><td><strong> <mark style=\"background-color:rgba(0, 0, 0, 0)\" class=\"has-inline-color has-orange-color\">\u2022<\/mark> <\/strong><strong>WIFI<br><\/strong><em><em>(hourly or fixed price<\/em> - 1 free connection per rental)<\/em><\/td><td class=\"has-text-align-left\" data-align=\"left\"><strong>3\u20ac\/30\u20ac<\/strong><\/td><\/tr><tr><td><strong> <mark style=\"background-color:rgba(0, 0, 0, 0)\" class=\"has-inline-color has-orange-color\">\u2022<\/mark> <\/strong><strong>Pets allowed  <em><br><\/em><\/strong><em>(cats and dogs, excluding cat 1 and 2, <\/em><br><em>maximum 2 per rental)<\/em><\/td><td class=\"has-text-align-left\" data-align=\"left\"><strong>5\/night<\/strong><\/td><\/tr><\/tbody><\/table><\/figure>\n<\/div>\n<\/div>\n\n\n\n<div class=\"wp-block-column is-vertically-aligned-top has-orange-color has-white-color has-text-color is-layout-flow wp-block-column-is-layout-flow\">\n<div class=\"wp-block-cover aligncenter card h-100 pl-4 pr-4 pt-4 rounded-lg border border-info\"><span aria-hidden=\"true\" class=\"wp-block-cover__background has-turquoise-background-color has-background-dim-80 has-background-dim\"><\/span><img loading=\"lazy\" decoding=\"async\" width=\"1920\" height=\"1173\" class=\"wp-block-cover__image-background wp-image-4773\" alt=\"camping services in Ouistreham\" src=\"https:\/\/www.mirabel-prairiesdelamer.com\/wp-content\/uploads\/2022\/02\/header-services-cle.jpg\" style=\"object-position:48% 48%\" data-object-fit=\"cover\" data-object-position=\"48% 48%\" srcset=\"https:\/\/mirabel-prairiesdelamer.com\/wp-content\/uploads\/2022\/02\/header-services-cle.jpg 1920w, https:\/\/mirabel-prairiesdelamer.com\/wp-content\/uploads\/2022\/02\/header-services-cle-300x183.jpg 300w, https:\/\/mirabel-prairiesdelamer.com\/wp-content\/uploads\/2022\/02\/header-services-cle-1024x626.jpg 1024w, https:\/\/mirabel-prairiesdelamer.com\/wp-content\/uploads\/2022\/02\/header-services-cle-768x469.jpg 768w, https:\/\/mirabel-prairiesdelamer.com\/wp-content\/uploads\/2022\/02\/header-services-cle-1536x938.jpg 1536w\" sizes=\"auto, (max-width: 1920px) 100vw, 1920px\" \/><div class=\"wp-block-cover__inner-container is-layout-flow wp-block-cover-is-layout-flow\">\n<p class=\"has-medium-font-size\"><img loading=\"lazy\" decoding=\"async\" width=\"70\" height=\"47\" class=\"wp-image-1977\" style=\"width: 70px;\" src=\"https:\/\/www.mirabel-prairiesdelamer.com\/wp-content\/uploads\/2021\/12\/smile-blanc.png\" alt=\"\" srcset=\"https:\/\/mirabel-prairiesdelamer.com\/wp-content\/uploads\/2021\/12\/smile-blanc.png 320w, https:\/\/mirabel-prairiesdelamer.com\/wp-content\/uploads\/2021\/12\/smile-blanc-300x201.png 300w\" sizes=\"auto, (max-width: 70px) 100vw, 70px\" \/>    &nbsp;  <strong>PRACTICE<\/strong><\/p>\n\n\n\n<div style=\"height:18px\" aria-hidden=\"true\" class=\"wp-block-spacer\"><\/div>\n\n\n\n<p class=\"wp-block-sev-picto-text\"><i class=\"fa fa-calendar-alt\"><\/i><span>Reservations for 2 nights minimum in low season, and 7 nights minimum in July and August, with arrival and departure possible on Wednesday or Saturday.<\/span><\/p>\n\n\n\n<p class=\"wp-block-sev-picto-text\"><i class=\"fa fa-clock\"><\/i><span>&nbsp;Arrival from 3pm and departure until 10am<\/span><\/p>\n\n\n\n<p class=\"wp-block-sev-picto-text\"><i class=\"fa fa-calendar-alt\"><\/i><span>TV in all mobile homes<\/span><\/p>\n\n\n\n<p class=\"wp-block-sev-picto-text\"><i class=\"fas fa-wifi\"><\/i><span>Wifi - <em>1 free connection per rental<\/em> (for other connections, tickets on sale at reception)<\/span><\/p>\n\n\n\n<div style=\"height:60px\" aria-hidden=\"true\" class=\"wp-block-spacer\"><\/div>\n\n\n\n<p class=\"has-text-align-center\"><strong>Reception hours<\/strong><\/p>\n\n\n\n<p class=\"has-text-align-center\">9am - 12pm and 2pm - 6pm<br><em>closed on Sunday<\/em><\/p>\n\n\n\n<div style=\"height:93px\" aria-hidden=\"true\" class=\"wp-block-spacer\"><\/div>\n<\/div><\/div>\n<\/div>\n<\/div>\n\n\n\n<p><\/p>\n\n\n\n<p class=\"has-text-align-center texte-rond mt-5 has-large-font-size\">Discover the campsite<\/p>\n\n\n\n<div class=\"wp-block-columns are-vertically-aligned-center h-20 front-page-section grey is-layout-flex wp-container-core-columns-is-layout-28f84493 wp-block-columns-is-layout-flex\">\n<div class=\"wp-block-column is-layout-flow wp-block-column-is-layout-flow\"><\/div>\n\n\n\n<div class=\"wp-block-column is-vertically-aligned-center is-layout-flow wp-block-column-is-layout-flow\">\n<div class=\"wp-block-create-block-sevgutenberg-navigation\"><aside class=\"encart-sev-navigation small carre\"><a href=\"https:\/\/mirabel-prairiesdelamer.com\/en\/second-home-ouistreham\/\" class=\"d-flex flex-column align-items-center\"><div class=\"encart-title\"><span>Become an owner<\/span><\/div><div class=\"vague\"><\/div><img decoding=\"async\" src=\"https:\/\/mirabel-prairiesdelamer.com\/wp-content\/uploads\/2022\/02\/maison-secondaire-camping-residentiel.jpg\" alt=\"second home in a residential campsite\"\/><div class=\"ligne\"><\/div><div class=\"hover\"><\/div><\/a><\/aside><\/div>\n<\/div>\n\n\n\n<div class=\"wp-block-column is-layout-flow wp-block-column-is-layout-flow\">\n<div class=\"wp-block-create-block-sevgutenberg-navigation\"><aside class=\"encart-sev-navigation small carre\"><a href=\"https:\/\/mirabel-prairiesdelamer.com\/en\/camping-calvados-services\/\" class=\"d-flex flex-column align-items-center\"><div class=\"encart-title\"><span>Our services<\/span><\/div><div class=\"vague\"><\/div><img decoding=\"async\" src=\"https:\/\/mirabel-prairiesdelamer.com\/wp-content\/uploads\/2022\/02\/accueil-reception-carte.jpg\" alt=\"campsite reception\"\/><div class=\"ligne\"><\/div><div class=\"hover\"><\/div><\/a><\/aside><\/div>\n<\/div>\n\n\n\n<div class=\"wp-block-column is-vertically-aligned-center is-layout-flow wp-block-column-is-layout-flow\">\n<div class=\"wp-block-create-block-sevgutenberg-navigation\"><aside class=\"encart-sev-navigation small carre\"><a href=\"https:\/\/mirabel-prairiesdelamer.com\/en\/camping-normandie-espace-aquatique\/\" class=\"d-flex flex-column align-items-center\"><div class=\"encart-title\"><span>Aquatic area<\/span><\/div><div class=\"vague\"><\/div><img decoding=\"async\" src=\"https:\/\/mirabel-prairiesdelamer.com\/wp-content\/uploads\/2022\/02\/piscine-espace-pataugeoire.jpg\" alt=\"aquatic area\"\/><div class=\"ligne\"><\/div><div class=\"hover\"><\/div><\/a><\/aside><\/div>\n<\/div>\n\n\n\n<div class=\"wp-block-column is-layout-flow wp-block-column-is-layout-flow\"><\/div>\n<\/div>","protected":false},"excerpt":{"rendered":"<p>Location de mobil-homes en camping \u00e0 Ouistreham Pour votre s\u00e9jour en&nbsp;camping 4 \u00e9toiles en Normandie, nous vous proposons toute une [&hellip;]<\/p>\n","protected":false},"author":1,"featured_media":0,"parent":0,"menu_order":0,"comment_status":"closed","ping_status":"closed","template":"","meta":{"_seopress_robots_primary_cat":"","_seopress_titles_title":"Location de vacances en camping 4 \u00e9toiles \u00e0 Ouistreham","_seopress_titles_desc":"Pour votre s\u00e9jour en\u00a0camping 4 \u00e9toiles en Normandie, nous vous proposons toute une gamme de mobil-homes. D\u00e9couvrez votre location de vacances \u00e0 Ouistreham.","_seopress_robots_index":"","footnotes":""},"class_list":["post-56","page","type-page","status-publish","hentry"],"_links":{"self":[{"href":"https:\/\/mirabel-prairiesdelamer.com\/en\/wp-json\/wp\/v2\/pages\/56","targetHints":{"allow":["GET"]}}],"collection":[{"href":"https:\/\/mirabel-prairiesdelamer.com\/en\/wp-json\/wp\/v2\/pages"}],"about":[{"href":"https:\/\/mirabel-prairiesdelamer.com\/en\/wp-json\/wp\/v2\/types\/page"}],"author":[{"embeddable":true,"href":"https:\/\/mirabel-prairiesdelamer.com\/en\/wp-json\/wp\/v2\/users\/1"}],"replies":[{"embeddable":true,"href":"https:\/\/mirabel-prairiesdelamer.com\/en\/wp-json\/wp\/v2\/comments?post=56"}],"version-history":[{"count":63,"href":"https:\/\/mirabel-prairiesdelamer.com\/en\/wp-json\/wp\/v2\/pages\/56\/revisions"}],"predecessor-version":[{"id":14808,"href":"https:\/\/mirabel-prairiesdelamer.com\/en\/wp-json\/wp\/v2\/pages\/56\/revisions\/14808"}],"wp:attachment":[{"href":"https:\/\/mirabel-prairiesdelamer.com\/en\/wp-json\/wp\/v2\/media?parent=56"}],"curies":[{"name":"wp","href":"https:\/\/api.w.org\/{rel}","templated":true}]}}