{"id":48,"date":"2021-12-10T14:16:36","date_gmt":"2021-12-10T13:16:36","guid":{"rendered":"https:\/\/www.campinglarenaudiere.com\/?page_id=48"},"modified":"2026-02-25T10:31:27","modified_gmt":"2026-02-25T09:31:27","slug":"camping-calvados-services","status":"publish","type":"page","link":"https:\/\/mirabel-prairiesdelamer.com\/en\/camping-calvados-services\/","title":{"rendered":"Services"},"content":{"rendered":"<h1 class=\"wp-block-heading\" id=\"de-nombreux-services-dans-votre-camping-4-etoiles\"><strong>A host of services at your 4-star campsite in Ouistreham!<\/strong><\/h1>\n\n\n\n<p class=\"has-text-align-center\">Make the most of your stay at Les Prairies de la Mer with our many on-site and nearby services!<br> For full details, visit our digital guide.<\/p>\n\n\n\n<figure class=\"wp-block-image aligncenter size-full\"><img decoding=\"async\" src=\"https:\/\/www.mirabel-prairiesdelamer.com\/wp-content\/uploads\/2022\/01\/barre-bleue.png\" alt=\"\" class=\"wp-image-2382\"\/><\/figure>\n\n\n\n<div class=\"wp-block-columns is-layout-flex wp-container-core-columns-is-layout-28f84493 wp-block-columns-is-layout-flex\">\n<div class=\"wp-block-column is-layout-flow wp-block-column-is-layout-flow\" style=\"flex-basis:40%\">\n<div class=\"wp-block-group p-xl-5 is-layout-flow wp-block-group-is-layout-flow\">\n<h2 class=\"wp-block-heading has-text-align-left\" id=\"liste-des-services\">List of services<br><\/h2>\n\n\n\n<p><i class=\"fa fa-hamburger\"><\/i> &nbsp; Snack bar and takeaway<\/p>\n\n\n\n<p><i class=\"fa fa-mitten\"><\/i> &nbsp; Plancha rental <\/p>\n\n\n\n<p><i class=\"fa fa-wifi\"><\/i> &nbsp;Wifi access* (tickets on sale at reception)<\/p>\n\n\n\n<p><i class=\"fa fa-info-circle\"><\/i> &nbsp; Tourist information <\/p>\n\n\n\n<p><i class=\"fa fa-book\"><\/i> &nbsp; Books and games on loan<\/p>\n\n\n\n<p><i class=\"fa fa-tshirt\"><\/i> &nbsp;Laundry with washing machines and dryers*.<\/p>\n\n\n\n<p><i class=\"fa fa-baby-carriage\"><\/i> &nbsp; Baby kit rental <\/p>\n\n\n\n<p><i class=\"fa fa-bed\"><\/i> &nbsp;Sheet kits for hire *<\/p>\n\n\n\n<p><img loading=\"lazy\" decoding=\"async\" width=\"24\" height=\"22\" class=\"wp-image-388\" style=\"width: 24px;\" src=\"https:\/\/www.mirabel-baiedecayola.com\/wp-content\/uploads\/2021\/12\/fer-a-repasser.jpg\" alt=\"iron loan\"> Loan of iron<\/p>\n\n\n\n<p><img loading=\"lazy\" decoding=\"async\" width=\"24\" height=\"20\" class=\"wp-image-4788\" style=\"width: 24px;\" src=\"https:\/\/www.mirabel-baiedecayola.com\/wp-content\/uploads\/2022\/02\/seche-cheveux.png\" alt=\"hairdryer loan\"> Hair dryer loan<\/p>\n<\/div>\n\n\n\n<p>*Paying: voi<em>r option prices on the <a href=\"https:\/\/mirabel-prairiesdelamer.com\/en\/mobil-homes-rental-normandie\/#options\">accommodations<\/a><\/em><\/p>\n<\/div>\n\n\n\n<div class=\"wp-block-column is-vertically-aligned-center is-layout-flow wp-block-column-is-layout-flow\" style=\"flex-basis:60%\">\n<h2 class=\"wp-block-heading\" id=\"les-services-a-proximite-du-camping\">Services close to the campsite<\/h2>\n\n\n\n<figure class=\"wp-block-image size-full\"><img decoding=\"async\" src=\"https:\/\/www.mirabel-prairiesdelamer.com\/wp-content\/uploads\/2022\/01\/barre-bleue.png\" alt=\"\" class=\"wp-image-2382\"\/><\/figure>\n\n\n\n<p>The<strong> Ouistreham town center<\/strong> is located in <strong>5-minute walk from the campsite<\/strong> les Prairies de la Mer. Here you'll find a <strong>supermarket\u00a0<\/strong>open 7 days a week, <strong>bakeries<\/strong>, You can do it all on foot, visiting the shops on avenue de la mer in just a few minutes, or going to the Casino, mini-golf, cinema or restaurant.\u00a0<\/p>\n\n\n\n<p>You can also call on our valued partner<strong><a href=\"http:\/\/trivacyclette.com\/\" target=\"_blank\" rel=\"noreferrer noopener\">the Trivacyclette<\/a>.<\/strong> The Trivacyclette is an eco-friendly way to get around Ouistreham, to the market, the hairdresser's or the beach. You can also get <strong>deliver your bread <\/strong>and pastries directly at the campsite. For reservations: 06 18 61 34 82.<\/p>\n\n\n\n<figure class=\"wp-block-image size-full\"><img loading=\"lazy\" decoding=\"async\" width=\"600\" height=\"400\" src=\"https:\/\/www.mirabel-prairiesdelamer.com\/wp-content\/uploads\/2023\/02\/trivacyclette-taxi-ecolo.jpg\" alt=\"partner trivacyclette cab ecolo v\u00e9lo\" class=\"wp-image-10671\" srcset=\"https:\/\/mirabel-prairiesdelamer.com\/wp-content\/uploads\/2023\/02\/trivacyclette-taxi-ecolo.jpg 600w, https:\/\/mirabel-prairiesdelamer.com\/wp-content\/uploads\/2023\/02\/trivacyclette-taxi-ecolo-300x200.jpg 300w\" sizes=\"auto, (max-width: 600px) 100vw, 600px\" \/><\/figure>\n\n\n\n<div style=\"height:30px\" aria-hidden=\"true\" class=\"wp-block-spacer\"><\/div>\n\n\n\n<div class=\"wp-block-columns is-layout-flex wp-container-core-columns-is-layout-28f84493 wp-block-columns-is-layout-flex\">\n<div class=\"wp-block-column is-layout-flow wp-block-column-is-layout-flow\" style=\"flex-basis:100%\">\n<p class=\"has-text-align-center has-medium-font-size\"><\/p>\n<\/div>\n<\/div>\n<\/div>\n<\/div>\n\n\n\n<div class=\"wp-block-group card card-body border border-info is-layout-constrained wp-block-group-is-layout-constrained\">\n<p class=\"has-text-align-center has-medium-font-size\"><strong>Focus on the digital guide<\/strong><br><img loading=\"lazy\" decoding=\"async\" width=\"49\" height=\"6\" class=\"wp-image-4323\" style=\"width: 49px;\" src=\"https:\/\/www.mirabel-prairiesdelamer.com\/wp-content\/uploads\/2021\/12\/barre-camping.png\" alt=\"\"><\/p>\n\n\n\n<p>At Prairies de la Mer, we are committed to <strong>committed to the planet<\/strong> while keeping you as informed as possible. That's why we<strong> reduce printing<\/strong> paper and introduced the<strong> digital guide.<\/strong> The application is totally free and can be accessed from your smartphone, tablet or computer. It lists <strong>all the information you need<\/strong> to your stay at our campsite: reception opening hours, summer entertainment schedule, swimming pool opening hours, restaurant menu, etc.<\/p>\n\n\n\n<p class=\"has-text-align-center\"><i class=\"far fa-hand-point-right\"> <a href=\"https:\/\/notre.guide\/prairiesdelamer\/\" target=\"_blank\" rel=\"noreferrer noopener\">To find out more, click here.<\/a><\/i><\/p>\n<\/div>\n\n\n\n<p class=\"has-text-align-center texte-rond mt-5 has-large-font-size\">Discover the campsite<\/p>\n\n\n\n<div class=\"wp-block-columns h-20 front-page-section grey is-layout-flex wp-container-core-columns-is-layout-28f84493 wp-block-columns-is-layout-flex\">\n<div class=\"wp-block-column is-layout-flow wp-block-column-is-layout-flow\"><\/div>\n\n\n\n<div class=\"wp-block-column is-layout-flow wp-block-column-is-layout-flow\">\n<div class=\"wp-block-create-block-sevgutenberg-navigation\"><aside class=\"encart-sev-navigation small carre\"><a href=\"https:\/\/mirabel-prairiesdelamer.com\/en\/snack-bar\/\" class=\"d-flex flex-column align-items-center\"><div class=\"encart-title\"><span>The Snack Bar<\/span><\/div><div class=\"vague\"><\/div><img decoding=\"async\" src=\"https:\/\/mirabel-prairiesdelamer.com\/wp-content\/uploads\/2023\/02\/snack-bar-cocktail.jpg\" alt=\"cocktail snack bar paillote summer\"\/><div class=\"ligne\"><\/div><div class=\"hover\"><\/div><\/a><\/aside><\/div>\n<\/div>\n\n\n\n<div class=\"wp-block-column is-layout-flow wp-block-column-is-layout-flow\">\n<div class=\"wp-block-create-block-sevgutenberg-navigation\"><aside class=\"encart-sev-navigation small carre\"><a href=\"https:\/\/mirabel-prairiesdelamer.com\/en\/mobil-homes-rental-normandie\/\" class=\"d-flex flex-column align-items-center\"><div class=\"encart-title\"><span>Accommodation<\/span><\/div><div class=\"vague\"><\/div><img decoding=\"async\" src=\"https:\/\/mirabel-prairiesdelamer.com\/wp-content\/uploads\/2022\/02\/mobil-home-1chambre.jpg\" alt=\"1-bedroom mobile-home rental\"\/><div class=\"ligne\"><\/div><div class=\"hover\"><\/div><\/a><\/aside><\/div>\n<\/div>\n\n\n\n<div class=\"wp-block-column is-layout-flow wp-block-column-is-layout-flow\">\n<div class=\"wp-block-create-block-sevgutenberg-navigation\"><aside class=\"encart-sev-navigation small carre\"><a href=\"https:\/\/mirabel-prairiesdelamer.com\/en\/events-july-august\/\" class=\"d-flex flex-column align-items-center\"><div class=\"encart-title\"><span>Entertainment<\/span><\/div><div class=\"vague\"><\/div><img decoding=\"async\" src=\"https:\/\/mirabel-prairiesdelamer.com\/wp-content\/uploads\/2023\/02\/danse-camping-piscine-animation.jpg\" alt=\"summer campsite dance entertainment\"\/><div class=\"ligne\"><\/div><div class=\"hover\"><\/div><\/a><\/aside><\/div>\n<\/div>\n\n\n\n<div class=\"wp-block-column is-layout-flow wp-block-column-is-layout-flow\"><\/div>\n<\/div>\n\n\n\n<p><\/p>","protected":false},"excerpt":{"rendered":"<p>De nombreux services dans votre camping 4 \u00e9toiles \u00e0 Ouistreham ! Profitez pleinement de votre s\u00e9jour aux Prairies de la [&hellip;]<\/p>\n","protected":false},"author":1,"featured_media":0,"parent":0,"menu_order":0,"comment_status":"closed","ping_status":"closed","template":"","meta":{"_seopress_robots_primary_cat":"","_seopress_titles_title":"Les services du camping 4 \u00e9toiles \u00e0 Ouistreham - Calvados","_seopress_titles_desc":"Profitez pleinement de votre s\u00e9jour au camping 4 \u00e9toiles les Prairies de la Mer \u00e0 Ouistreham gr\u00e2ce \u00e0 nos nombreux services sur place et \u00e0 proximit\u00e9\u00a0!","_seopress_robots_index":"","footnotes":""},"class_list":["post-48","page","type-page","status-publish","hentry"],"_links":{"self":[{"href":"https:\/\/mirabel-prairiesdelamer.com\/en\/wp-json\/wp\/v2\/pages\/48","targetHints":{"allow":["GET"]}}],"collection":[{"href":"https:\/\/mirabel-prairiesdelamer.com\/en\/wp-json\/wp\/v2\/pages"}],"about":[{"href":"https:\/\/mirabel-prairiesdelamer.com\/en\/wp-json\/wp\/v2\/types\/page"}],"author":[{"embeddable":true,"href":"https:\/\/mirabel-prairiesdelamer.com\/en\/wp-json\/wp\/v2\/users\/1"}],"replies":[{"embeddable":true,"href":"https:\/\/mirabel-prairiesdelamer.com\/en\/wp-json\/wp\/v2\/comments?post=48"}],"version-history":[{"count":47,"href":"https:\/\/mirabel-prairiesdelamer.com\/en\/wp-json\/wp\/v2\/pages\/48\/revisions"}],"predecessor-version":[{"id":18094,"href":"https:\/\/mirabel-prairiesdelamer.com\/en\/wp-json\/wp\/v2\/pages\/48\/revisions\/18094"}],"wp:attachment":[{"href":"https:\/\/mirabel-prairiesdelamer.com\/en\/wp-json\/wp\/v2\/media?parent=48"}],"curies":[{"name":"wp","href":"https:\/\/api.w.org\/{rel}","templated":true}]}}