{"id":43,"date":"2021-12-10T14:15:21","date_gmt":"2021-12-10T13:15:21","guid":{"rendered":"https:\/\/www.campinglarenaudiere.com\/?page_id=43"},"modified":"2026-02-25T10:26:27","modified_gmt":"2026-02-25T09:26:27","slug":"calvados-camping-sports-activities","status":"publish","type":"page","link":"https:\/\/mirabel-prairiesdelamer.com\/en\/camping-calvados-activites-sportives\/","title":{"rendered":"Sports and leisure"},"content":{"rendered":"<h1 class=\"wp-block-heading\" id=\"on-garde-la-forme-au-camping-les-prairies-de-la-mer\"><strong>Sports and leisure activities at the 4-star Les Prairies de la Mer campsite<\/strong><\/h1>\n\n\n\n<p class=\"has-text-align-center\">At our Mirabel Les Prairies de la Mer campsite in Ouistreham, we are committed to offering you a wide choice of activities. Discover all our equipped areas and facilities for the whole family.<\/p>\n\n\n\n<figure class=\"wp-block-image aligncenter size-full\"><img decoding=\"async\" src=\"https:\/\/www.mirabel-prairiesdelamer.com\/wp-content\/uploads\/2022\/01\/barre-bleue.png\" alt=\"\" class=\"wp-image-2382\"\/><\/figure>\n\n\n\n<div class=\"wp-block-media-text alignwide has-media-on-the-right is-stacked-on-mobile is-image-fill-element\"><div class=\"wp-block-media-text__content\">\n<h2 class=\"wp-block-heading\">Equipment for the whole family at the campsite<\/h2>\n\n\n\n<ul class=\"wp-block-list\">\n<li><strong>Playground for little ones<\/strong>\u00a0in a secure space: slides, swings, inflatable castle for ages 2 to 12.<\/li>\n\n\n\n<li><strong>Teen sports court<\/strong>&nbsp;foot, handball, basket.<\/li>\n\n\n\n<li><strong>Ping-pong table<\/strong>&nbsp;outdoors<\/li>\n\n\n\n<li><strong>Bocce court&nbsp;<\/strong>3 p\u00e9tanque courts<\/li>\n\n\n\n<li><strong>Available to borrow from the reception free of charge:<\/strong> <strong>board games, books<\/strong>, ping-pong paddles and balls, sports balls, boules, or even Finnish skittles<\/li>\n<\/ul>\n\n\n\n<p><\/p>\n\n\n\n<p>In July and August, don't miss the unmissable p\u00e9tanque competition and the&nbsp;<strong>Sports animations<\/strong>&nbsp;for teens and adults.<\/p>\n\n\n\n<figure class=\"wp-block-image alignright size-large is-resized\"><img decoding=\"async\" src=\"https:\/\/mirabel-prairiesdelamer.com\/wp-content\/uploads\/2022\/01\/tennis.png\" alt=\"sporting activities: tennis\" style=\"width:76px;height:auto\"\/><\/figure>\n<\/div><figure class=\"wp-block-media-text__media\"><img loading=\"lazy\" decoding=\"async\" width=\"1024\" height=\"1024\" src=\"https:\/\/mirabel-prairiesdelamer.com\/wp-content\/uploads\/2023\/02\/aire-de-jeux-enfants-1024x1024.jpg\" alt=\"Children&#039;s playground swing\" class=\"wp-image-10628 size-full\" style=\"object-position:50% 50%\" srcset=\"https:\/\/mirabel-prairiesdelamer.com\/wp-content\/uploads\/2023\/02\/aire-de-jeux-enfants-1024x1024.jpg 1024w, https:\/\/mirabel-prairiesdelamer.com\/wp-content\/uploads\/2023\/02\/aire-de-jeux-enfants-300x300.jpg 300w, https:\/\/mirabel-prairiesdelamer.com\/wp-content\/uploads\/2023\/02\/aire-de-jeux-enfants-150x150.jpg 150w, https:\/\/mirabel-prairiesdelamer.com\/wp-content\/uploads\/2023\/02\/aire-de-jeux-enfants-768x768.jpg 768w, https:\/\/mirabel-prairiesdelamer.com\/wp-content\/uploads\/2023\/02\/aire-de-jeux-enfants.jpg 1200w\" sizes=\"auto, (max-width: 1024px) 100vw, 1024px\" \/><\/figure><\/div>\n\n\n\n<div style=\"height:14px\" aria-hidden=\"true\" class=\"wp-block-spacer\"><\/div>\n\n\n\n<div class=\"wp-block-media-text alignwide is-stacked-on-mobile front-page-section grey\"><figure class=\"wp-block-media-text__media\"><img loading=\"lazy\" decoding=\"async\" width=\"1024\" height=\"770\" src=\"https:\/\/mirabel-prairiesdelamer.com\/wp-content\/uploads\/2022\/02\/equitation-voile-riva-bella-1-@elo-1024x770.jpg\" alt=\"Horseback riding Ouistreham\" class=\"wp-image-5018 size-full\" srcset=\"https:\/\/mirabel-prairiesdelamer.com\/wp-content\/uploads\/2022\/02\/equitation-voile-riva-bella-1-@elo-1024x770.jpg 1024w, https:\/\/mirabel-prairiesdelamer.com\/wp-content\/uploads\/2022\/02\/equitation-voile-riva-bella-1-@elo-300x226.jpg 300w, https:\/\/mirabel-prairiesdelamer.com\/wp-content\/uploads\/2022\/02\/equitation-voile-riva-bella-1-@elo-768x577.jpg 768w, https:\/\/mirabel-prairiesdelamer.com\/wp-content\/uploads\/2022\/02\/equitation-voile-riva-bella-1-@elo.jpg 1200w\" sizes=\"auto, (max-width: 1024px) 100vw, 1024px\" \/><\/figure><div class=\"wp-block-media-text__content\">\n<h2 class=\"wp-block-heading\" id=\"les-activites-autour-du-camping\">Activities to do around the campsite&nbsp;<\/h2>\n\n\n\n<figure class=\"wp-block-image size-large\"><img decoding=\"async\" src=\"https:\/\/mirabel-prairiesdelamer.com\/wp-content\/uploads\/2022\/01\/barre-bleue.png\" alt=\"\"\/><\/figure>\n\n\n\n<p>For tennis enthusiasts, the&nbsp;<strong>Municipal covered areas<\/strong>&nbsp;They are located 20 meters from the campsite. It's convenient, no need to take the car!<\/p>\n\n\n\n<p>Around the campsite, a wide range of activities awaits you: visits, <strong>hiking<\/strong>, <strong>water sports<\/strong>, horseback riding, <strong>Amusement parks<\/strong> and many others to discover on our <a href=\"https:\/\/mirabel-prairiesdelamer.com\/en\/leisure-activities-with-children\/\" data-type=\"page\" data-id=\"73\">dedicated page<\/a>. For young or old, for the whole family, there are plenty of leisure activities. <strong>near Ouistreham<\/strong>. Feel free to ask Pauline or Ludivine at reception.<\/p>\n\n\n\n<p><\/p>\n\n\n\n<p><\/p>\n<\/div><\/div>\n\n\n\n<p><\/p>\n\n\n\n<div class=\"wp-block-media-text alignwide has-media-on-the-right is-stacked-on-mobile\"><div class=\"wp-block-media-text__content\">\n<p class=\"texte-rond has-orange-color has-text-color has-large-font-size\">We stay in shape during the summer.<\/p>\n\n\n\n<p>with its bay window <a href=\"https:\/\/mirabel-prairiesdelamer.com\/en\/camping-normandie-espace-aquatique\/\">Pool view<\/a> and the lounge chairs, our beautiful <strong>fitness room <\/strong>It is completely free and available to you for the entire duration of the campsite's opening. Quality equipment, revised each year for you: elliptical bike, treadmill, stepper, floor mats, dumbbells... Everything you need for your fitness or your daily sport at the campsite.<\/p>\n\n\n\n<p>You have to sweat a little to earn it <a href=\"https:\/\/mirabel-prairiesdelamer.com\/en\/snack-bar\/\">small chocolate waffle<\/a> from the Straw Hut!<\/p>\n\n\n\n<p><\/p>\n\n\n\n<p><\/p>\n<\/div><figure class=\"wp-block-media-text__media\"><img loading=\"lazy\" decoding=\"async\" width=\"493\" height=\"337\" src=\"https:\/\/mirabel-prairiesdelamer.com\/wp-content\/uploads\/2024\/01\/salle-de-sport-camping.jpg\" alt=\"4-star campsite gym \" class=\"wp-image-12739 size-full\" srcset=\"https:\/\/mirabel-prairiesdelamer.com\/wp-content\/uploads\/2024\/01\/salle-de-sport-camping.jpg 493w, https:\/\/mirabel-prairiesdelamer.com\/wp-content\/uploads\/2024\/01\/salle-de-sport-camping-300x205.jpg 300w\" sizes=\"auto, (max-width: 493px) 100vw, 493px\" \/><\/figure><\/div>\n\n\n\n<p class=\"has-text-align-center texte-rond mt-5 has-large-font-size\">Discover the campsite<\/p>\n\n\n\n<div class=\"wp-block-columns h-20 front-page-section grey is-layout-flex wp-container-core-columns-is-layout-28f84493 wp-block-columns-is-layout-flex\">\n<div class=\"wp-block-column is-layout-flow wp-block-column-is-layout-flow\"><\/div>\n\n\n\n<div class=\"wp-block-column is-layout-flow wp-block-column-is-layout-flow\">\n<div class=\"wp-block-create-block-sevgutenberg-navigation\"><aside class=\"encart-sev-navigation small carre\"><a href=\"https:\/\/mirabel-prairiesdelamer.com\/en\/events-july-august\/\" class=\"d-flex flex-column align-items-center\"><div class=\"encart-title\"><span>Kids' club<\/span><\/div><div class=\"vague\"><\/div><img decoding=\"async\" src=\"https:\/\/mirabel-prairiesdelamer.com\/wp-content\/uploads\/2022\/06\/club-enfant-jeu-animation.jpg\" alt=\"manual activities children&#039;s club camping\"\/><div class=\"ligne\"><\/div><div class=\"hover\"><\/div><\/a><\/aside><\/div>\n<\/div>\n\n\n\n<div class=\"wp-block-column is-layout-flow wp-block-column-is-layout-flow\">\n<div class=\"wp-block-create-block-sevgutenberg-navigation\"><aside class=\"encart-sev-navigation small carre\"><a href=\"https:\/\/mirabel-prairiesdelamer.com\/en\/leisure-activities-with-children\/\" class=\"d-flex flex-column align-items-center\"><div class=\"encart-title\"><span>Tourist information<\/span><\/div><div class=\"vague\"><\/div><img decoding=\"async\" src=\"https:\/\/mirabel-prairiesdelamer.com\/wp-content\/uploads\/2022\/02\/accueil-reception-carte.jpg\" alt=\"campsite reception\"\/><div class=\"ligne\"><\/div><div class=\"hover\"><\/div><\/a><\/aside><\/div>\n<\/div>\n\n\n\n<div class=\"wp-block-column is-layout-flow wp-block-column-is-layout-flow\">\n<div class=\"wp-block-create-block-sevgutenberg-navigation\"><aside class=\"encart-sev-navigation small carre\"><a href=\"https:\/\/mirabel-prairiesdelamer.com\/en\/experiences\/\" class=\"d-flex flex-column align-items-center\"><div class=\"encart-title\"><span>Experiences<\/span><\/div><div class=\"vague\"><\/div><img decoding=\"async\" src=\"https:\/\/mirabel-prairiesdelamer.com\/wp-content\/uploads\/2022\/02\/experience-medievale.jpg\" alt=\"medieval experience in Normandy\"\/><div class=\"ligne\"><\/div><div class=\"hover\"><\/div><\/a><\/aside><\/div>\n<\/div>\n\n\n\n<div class=\"wp-block-column is-layout-flow wp-block-column-is-layout-flow\"><\/div>\n<\/div>\n\n\n\n<div class=\"wp-block-group is-layout-flow wp-block-group-is-layout-flow\">\n<figure class=\"wp-block-image aligncenter size-large is-resized mt-5\"><img decoding=\"async\" src=\"https:\/\/mirabel-prairiesdelamer.com\/wp-content\/uploads\/2022\/01\/photo-1024x84.png\" alt=\"photo gallery\" style=\"width:734px;height:auto\"\/><\/figure>\n\n\n\t\t\t<div id=\"sevgallery-1464984766\" class=\"sev-diaporama sev-diaporama-portfolio\">\r\n\t\t\t\t<div class=\"row\">\r\n\r\n\t\t\t\t\t\r\n\t\t\t\t\t\t\r\n\t\t\t\t\t\t<div class=\"sev-diaporama-portfolio-item   btnseeall btnseeall-xl col-12 col-md  col-shrink\">\r\n\t\t\t\t\t\t\t<a href=\"https:\/\/mirabel-prairiesdelamer.com\/wp-content\/uploads\/2024\/01\/terrain-de-petanque-boulodrome.jpg\" data-lightbox=\"sevgallery-1464984766\" style=\"background-image: url(https:\/\/mirabel-prairiesdelamer.com\/wp-content\/uploads\/2024\/01\/terrain-de-petanque-boulodrome.jpg)\">\r\n\t\t\t\t\t\t\t\t<img decoding=\"async\" src=\"https:\/\/mirabel-prairiesdelamer.com\/wp-content\/uploads\/2024\/01\/terrain-de-petanque-boulodrome.jpg\" alt=\"p\u00e9tanque\" loading=\"lazy\">\r\n\t\t\t\t\t\t\t\t\t\t\t\t\t\t\t<\/a>\r\n\t\t\t\t\t\t<\/div>\r\n\r\n\t\t\t\t\t\t\r\n\t\t\t\t\t\t\t\t\t\t\t\t\t\t\t\t\t\r\n\t\t\t\t\t\t\r\n\t\t\t\t\t\t<div class=\"sev-diaporama-portfolio-item   btnseeall btnseeall-xl col-12 col-md  col-grow\">\r\n\t\t\t\t\t\t\t<a href=\"https:\/\/mirabel-prairiesdelamer.com\/wp-content\/uploads\/2024\/01\/aire-de-jeux-prairies-de-la-mer.jpg\" data-lightbox=\"sevgallery-1464984766\" style=\"background-image: url(https:\/\/mirabel-prairiesdelamer.com\/wp-content\/uploads\/2024\/01\/aire-de-jeux-prairies-de-la-mer.jpg)\">\r\n\t\t\t\t\t\t\t\t<img decoding=\"async\" src=\"https:\/\/mirabel-prairiesdelamer.com\/wp-content\/uploads\/2024\/01\/aire-de-jeux-prairies-de-la-mer.jpg\" alt=\"children&#039;s playground\" loading=\"lazy\">\r\n\t\t\t\t\t\t\t\t\t\t\t\t\t\t\t<\/a>\r\n\t\t\t\t\t\t<\/div>\r\n\r\n\t\t\t\t\t\t\r\n\t\t\t\t\t\t\t\t\t\t\t\t\t\t\t\t\t\r\n\t\t\t\t\t\t\r\n\t\t\t\t\t\t<div class=\"sev-diaporama-portfolio-item   btnseeall btnseeall-xl col-12 col-md  col-grow\">\r\n\t\t\t\t\t\t\t<a href=\"https:\/\/mirabel-prairiesdelamer.com\/wp-content\/uploads\/2022\/02\/balancoire-1024x745.jpg\" data-lightbox=\"sevgallery-1464984766\" style=\"background-image: url(https:\/\/mirabel-prairiesdelamer.com\/wp-content\/uploads\/2022\/02\/balancoire-1024x745.jpg)\">\r\n\t\t\t\t\t\t\t\t<img decoding=\"async\" src=\"https:\/\/mirabel-prairiesdelamer.com\/wp-content\/uploads\/2022\/02\/balancoire-1024x745.jpg\" alt=\"Children&#039;s swing\" loading=\"lazy\">\r\n\t\t\t\t\t\t\t\t\t\t\t\t\t\t\t<\/a>\r\n\t\t\t\t\t\t<\/div>\r\n\r\n\t\t\t\t\t\t\r\n\t\t\t\t\t\t\t\t\t\t\t\t\t\t\t\t\t\r\n\t\t\t\t\t\t\r\n\t\t\t\t\t\t<div class=\"sev-diaporama-portfolio-item   btnseeall btnseeall-xl col-12 col-md  col-shrink\">\r\n\t\t\t\t\t\t\t<a href=\"https:\/\/mirabel-prairiesdelamer.com\/wp-content\/uploads\/2022\/02\/jeux-enfant-toboggan-1024x683.jpg\" data-lightbox=\"sevgallery-1464984766\" style=\"background-image: url(https:\/\/mirabel-prairiesdelamer.com\/wp-content\/uploads\/2022\/02\/jeux-enfant-toboggan-1024x683.jpg)\">\r\n\t\t\t\t\t\t\t\t<img decoding=\"async\" src=\"https:\/\/mirabel-prairiesdelamer.com\/wp-content\/uploads\/2022\/02\/jeux-enfant-toboggan-1024x683.jpg\" alt=\"children&#039;s sled\" loading=\"lazy\">\r\n\t\t\t\t\t\t\t\t\t\t\t\t\t\t\t<\/a>\r\n\t\t\t\t\t\t<\/div>\r\n\r\n\t\t\t\t\t\t\t\t\t\t\t\t\t<div class=\"w-100\"><\/div>\r\n\t\t\t\t\t\t\t\t\t\t\t\t\t\r\n\t\t\t\t\t\t\t\t\t\t\t\t\t\t\t\t\t\r\n\t\t\t\t\t\t\r\n\t\t\t\t\t\t<div class=\"sev-diaporama-portfolio-item   btnseeall btnseeall-xl col-12 col-md  col-shrink\">\r\n\t\t\t\t\t\t\t<a href=\"https:\/\/mirabel-prairiesdelamer.com\/wp-content\/uploads\/2024\/01\/trampoline-jeux-enfants2.jpg\" data-lightbox=\"sevgallery-1464984766\" style=\"background-image: url(https:\/\/mirabel-prairiesdelamer.com\/wp-content\/uploads\/2024\/01\/trampoline-jeux-enfants2.jpg)\">\r\n\t\t\t\t\t\t\t\t<img decoding=\"async\" src=\"https:\/\/mirabel-prairiesdelamer.com\/wp-content\/uploads\/2024\/01\/trampoline-jeux-enfants2.jpg\" alt=\"trampoline for little girls\" loading=\"lazy\">\r\n\t\t\t\t\t\t\t\t\t\t\t\t\t\t\t<\/a>\r\n\t\t\t\t\t\t<\/div>\r\n\r\n\t\t\t\t\t\t\r\n\t\t\t\t\t\t\t\t\t\t\t\t\t\t\t\t\t\r\n\t\t\t\t\t\t\r\n\t\t\t\t\t\t<div class=\"sev-diaporama-portfolio-item   btnseeall btnseeall-xl col-12 col-md  col-shrink\">\r\n\t\t\t\t\t\t\t<a href=\"https:\/\/mirabel-prairiesdelamer.com\/wp-content\/uploads\/2024\/01\/multisport-enfants-adultes.jpg\" data-lightbox=\"sevgallery-1464984766\" style=\"background-image: url(https:\/\/mirabel-prairiesdelamer.com\/wp-content\/uploads\/2024\/01\/multisport-enfants-adultes.jpg)\">\r\n\t\t\t\t\t\t\t\t<img decoding=\"async\" src=\"https:\/\/mirabel-prairiesdelamer.com\/wp-content\/uploads\/2024\/01\/multisport-enfants-adultes.jpg\" alt=\"terrain multisport camping\" loading=\"lazy\">\r\n\t\t\t\t\t\t\t\t\t\t\t\t\t\t\t<\/a>\r\n\t\t\t\t\t\t<\/div>\r\n\r\n\t\t\t\t\t\t\r\n\t\t\t\t\t\t\t\t\t\t\t\t\t\t\t\t\t\r\n\t\t\t\t\t\t\r\n\t\t\t\t\t\t<div class=\"sev-diaporama-portfolio-item   btnseeall btnseeall-xl col-12 col-md\">\r\n\t\t\t\t\t\t\t<a href=\"https:\/\/mirabel-prairiesdelamer.com\/wp-content\/uploads\/2024\/01\/structure-gonflable-jeux-enfants-1024x768.jpeg\" data-lightbox=\"sevgallery-1464984766\" style=\"background-image: url(https:\/\/mirabel-prairiesdelamer.com\/wp-content\/uploads\/2024\/01\/structure-gonflable-jeux-enfants-1024x768.jpeg)\">\r\n\t\t\t\t\t\t\t\t<img decoding=\"async\" src=\"https:\/\/mirabel-prairiesdelamer.com\/wp-content\/uploads\/2024\/01\/structure-gonflable-jeux-enfants-1024x768.jpeg\" alt=\"Playground\" loading=\"lazy\">\r\n\t\t\t\t\t\t\t\t\t\t\t\t\t\t\t<\/a>\r\n\t\t\t\t\t\t<\/div>\r\n\r\n\t\t\t\t\t\t\r\n\t\t\t\t\t\t\t\t\t\t\t\t\t\t\t\t\t\r\n\t\t\t\t\t\t\r\n\t\t\t\t\t\t<div class=\"sev-diaporama-portfolio-item   btnseeall btnseeall-xl col-12 col-md  col-grow\">\r\n\t\t\t\t\t\t\t<a href=\"https:\/\/mirabel-prairiesdelamer.com\/wp-content\/uploads\/2024\/01\/jeux-de-societe-2.jpg\" data-lightbox=\"sevgallery-1464984766\" style=\"background-image: url(https:\/\/mirabel-prairiesdelamer.com\/wp-content\/uploads\/2024\/01\/jeux-de-societe-2.jpg)\">\r\n\t\t\t\t\t\t\t\t<img decoding=\"async\" src=\"https:\/\/mirabel-prairiesdelamer.com\/wp-content\/uploads\/2024\/01\/jeux-de-societe-2.jpg\" alt=\"Board games camping teens\" loading=\"lazy\">\r\n\t\t\t\t\t\t\t\t\t\t\t\t\t\t\t<\/a>\r\n\t\t\t\t\t\t<\/div>\r\n\r\n\t\t\t\t\t\t\t\t\t\t\t\t\t<div class=\"w-100\"><\/div>\r\n\t\t\t\t\t\t\t\t\t\t\t\t\t\r\n\t\t\t\t\t\t\t\t\t\t\t\t\t\t\t\t\t\r\n\t\t\t\t\t\t\r\n\t\t\t\t\t\t<div class=\"sev-diaporama-portfolio-item   btnseeall btnseeall-xl col-12 col-md\">\r\n\t\t\t\t\t\t\t<a href=\"https:\/\/mirabel-prairiesdelamer.com\/wp-content\/uploads\/2022\/02\/salle-fitness-576x1024.jpg\" data-lightbox=\"sevgallery-1464984766\" style=\"background-image: url(https:\/\/mirabel-prairiesdelamer.com\/wp-content\/uploads\/2022\/02\/salle-fitness-576x1024.jpg)\">\r\n\t\t\t\t\t\t\t\t<img decoding=\"async\" src=\"https:\/\/mirabel-prairiesdelamer.com\/wp-content\/uploads\/2022\/02\/salle-fitness-576x1024.jpg\" alt=\"gym bike\" loading=\"lazy\">\r\n\t\t\t\t\t\t\t\t\t\t\t\t\t\t\t<\/a>\r\n\t\t\t\t\t\t<\/div>\r\n\r\n\t\t\t\t\t\t\r\n\t\t\t\t\t\t\t\t\t\t\t\t\t\t\t\t\t\r\n\t\t\t\t\t\t\r\n\t\t\t\t\t\t<div class=\"sev-diaporama-portfolio-item  limitsm btnseeall btnseeall-xl col-12 col-md  col-grow last-visible\">\r\n\t\t\t\t\t\t\t<a href=\"https:\/\/mirabel-prairiesdelamer.com\/wp-content\/uploads\/2022\/02\/salle-fitness-machines-1024x768.jpg\" data-lightbox=\"sevgallery-1464984766\" style=\"background-image: url(https:\/\/mirabel-prairiesdelamer.com\/wp-content\/uploads\/2022\/02\/salle-fitness-machines-1024x768.jpg)\">\r\n\t\t\t\t\t\t\t\t<img decoding=\"async\" src=\"https:\/\/mirabel-prairiesdelamer.com\/wp-content\/uploads\/2022\/02\/salle-fitness-machines-1024x768.jpg\" alt=\"fitness room\" loading=\"lazy\">\r\n\t\t\t\t\t\t\t\t\t\t\t\t\t\t\t\t\t<img decoding=\"async\" src=\"https:\/\/mirabel-prairiesdelamer.com\/wp-content\/themes\/mirabel-site\/assets\/img\/voir-photos.png\" alt=\"\" \/>\r\n\t\t\t\t\t\t\t\t\t<span>See all photos<\/span>\r\n\t\t\t\t\t\t\t\t\t\t\t\t\t\t\t<\/a>\r\n\t\t\t\t\t\t<\/div>\r\n\r\n\t\t\t\t\t\t\r\n\t\t\t\t\t\t\t\t\t\t\t\t\t\t\t\t\t\t\t\t\t<\/div>\r\n\t\t\t<\/div>\r\n\r\n\t\t\t<script>\r\n\t\t\tjQuery(function($) {\r\n\r\n\t\t\t\tvar marginPortfolio = function() {\r\n\r\n\t\t\t\t\tvar $diapo          = $('#sevgallery-1464984766');\r\n\t\t\t\t\tvar container_width = $diapo.parent().outerWidth();\r\n\t\t\t\t\tvar side            = ( $(window).innerWidth() - container_width ) \/ 2;\r\n\r\n\t\t\t\t\t$diapo.css( {\r\n\t\t\t\t\t\t'margin-left': '-' + side + 'px',\r\n\t\t\t\t\t\t'margin-right': '-' + side + 'px',\r\n\t\t\t\t\t} );\r\n\t\t\t\t};\r\n\r\n\t\t\t\t$( window ).resize( function() {\r\n\t\t\t\t\tmarginPortfolio();\r\n\t\t\t\t} );\r\n\t\t\t\tmarginPortfolio();\r\n\t\t\t});\r\n\t\t\t<\/script>\r\n\t\t\t\n<\/div>","protected":false},"excerpt":{"rendered":"<p>Des activit\u00e9s sportives et de loisirs au camping 4 \u00e9toiles Les Prairies de la Mer Au sein de notre Camping [&hellip;]<\/p>\n","protected":false},"author":1,"featured_media":0,"parent":0,"menu_order":0,"comment_status":"closed","ping_status":"closed","template":"","meta":{"_seopress_robots_primary_cat":"","_seopress_titles_title":"Les sports et loisirs du camping 4* Prairies de la Mer.","_seopress_titles_desc":"Au sein du camping 4 \u00e9toiles de Ouistreham, nous avons \u00e0 c\u0153ur de vous proposer un vaste choix d\u2019activit\u00e9s. D\u00e9couvrez tous nos espaces am\u00e9nag\u00e9s","_seopress_robots_index":"","footnotes":""},"class_list":["post-43","page","type-page","status-publish","hentry"],"_links":{"self":[{"href":"https:\/\/mirabel-prairiesdelamer.com\/en\/wp-json\/wp\/v2\/pages\/43","targetHints":{"allow":["GET"]}}],"collection":[{"href":"https:\/\/mirabel-prairiesdelamer.com\/en\/wp-json\/wp\/v2\/pages"}],"about":[{"href":"https:\/\/mirabel-prairiesdelamer.com\/en\/wp-json\/wp\/v2\/types\/page"}],"author":[{"embeddable":true,"href":"https:\/\/mirabel-prairiesdelamer.com\/en\/wp-json\/wp\/v2\/users\/1"}],"replies":[{"embeddable":true,"href":"https:\/\/mirabel-prairiesdelamer.com\/en\/wp-json\/wp\/v2\/comments?post=43"}],"version-history":[{"count":35,"href":"https:\/\/mirabel-prairiesdelamer.com\/en\/wp-json\/wp\/v2\/pages\/43\/revisions"}],"predecessor-version":[{"id":18091,"href":"https:\/\/mirabel-prairiesdelamer.com\/en\/wp-json\/wp\/v2\/pages\/43\/revisions\/18091"}],"wp:attachment":[{"href":"https:\/\/mirabel-prairiesdelamer.com\/en\/wp-json\/wp\/v2\/media?parent=43"}],"curies":[{"name":"wp","href":"https:\/\/api.w.org\/{rel}","templated":true}]}}