{"id":267,"date":"2022-02-02T10:04:00","date_gmt":"2022-02-02T09:04:00","guid":{"rendered":"https:\/\/www.campinglarenaudiere.com\/?page_id=267"},"modified":"2026-02-25T12:08:26","modified_gmt":"2026-02-25T11:08:26","slug":"remembrance-tourism","status":"publish","type":"page","link":"https:\/\/mirabel-prairiesdelamer.com\/en\/tourisme-de-memoire\/","title":{"rendered":"D-Day Beaches"},"content":{"rendered":"<h1 class=\"wp-block-heading\" id=\"les-plages-du-debarquement-en-normandie-terre-de-liberte\"><strong>The D-Day Beaches in Normandy - Land of freedom!<\/strong><\/h1>\n\n\n\n<div class=\"wp-block-group is-layout-flow wp-block-group-is-layout-flow\">\n<p class=\"has-text-align-center\">A cradle of history, Normandy, and more specifically Calvados, was the scene of the Allied landings on June 6, 1944, which led to the liberation of France during the Second World War. Numerous relics, museums and memorial sites recall the sacrifice of these men and women.<\/p>\n\n\n\n<figure class=\"wp-block-image aligncenter size-full is-resized\"><img decoding=\"async\" src=\"https:\/\/www.mirabel-prairiesdelamer.com\/wp-content\/uploads\/2022\/01\/barre-bleue.png\" alt=\"\" class=\"wp-image-2382\" style=\"width:50px;height:8px\"\/><\/figure>\n<\/div>\n\n\n\n<div class=\"wp-block-media-text alignwide has-media-on-the-right is-stacked-on-mobile is-vertically-aligned-center is-style-default\"><div class=\"wp-block-media-text__content\">\n<p class=\"texte-rond has-orange-color has-text-color has-large-font-size\" id=\"de-belles-histoires-a-vous-raconter\">Where history comes to life!<\/p>\n\n\n\n<h2 class=\"wp-block-heading\" id=\"une-ville-active-pour-vos-achats-et-vos-sorties\"><strong><strong>Landing museums from Ouistreham to Arromanches<\/strong><\/strong><\/h2>\n\n\n\n<figure class=\"wp-block-image size-full\"><img decoding=\"async\" src=\"https:\/\/www.mirabel-prairiesdelamer.com\/wp-content\/uploads\/2022\/01\/barre-bleue.png\" alt=\"\" class=\"wp-image-2382\"\/><\/figure>\n\n\n\n<p>Numerous museums dot the Normandy coast, recounting the adventures of the <strong>World War II<\/strong>. A <a href=\"https:\/\/mirabel-prairiesdelamer.com\/en\/camping-ouistreham\/\" data-type=\"page\" data-id=\"67\">Ouistreham<\/a>, In Ouistreham, you can visit the Mus\u00e9e du D\u00e9barquement n\u00b04 Commando, the only French commando to have landed on June 6, and which was responsible for the liberation of Ouistreham. Also worth a visit is the Grand Bunker, a vestige of the Atlantic Wall and former central command post for enemy armies.<\/p>\n\n\n\n<p>In B\u00e9nouville (10 min), you'll find the <strong>Pegasus Bridge Memorial<\/strong> dedicated to the soldiers of the British Airborne Division. They were the first liberators to set foot on Normandy soil. Don't miss the <strong><a rel=\"noreferrer noopener\" href=\"https:\/\/www.memorial-caen.fr\/\" target=\"_blank\">Caen Memorial Museum<\/a><\/strong> which recounts the terrible history of the 20th century, from the origins of the 2<sup>and<\/sup> World War to the end of the Cold War. <\/p>\n\n\n\n<p>Stop in Courseulles-sur-Mer at <strong>Juno Beach Center<\/strong> in this museum that pays tribute to 45,000 Canadian soldiers. Then, a little further on, the <strong>circular cinema Arromanches <\/strong>360\u00b0 and the Mus\u00e9e du D\u00e9barquement d'Arromanches will tell you more about the artificial port, from its conception to its installation on D-Day.<\/p>\n\n\n\n<p>Discover all the landing sites on&nbsp;<strong><a rel=\"noreferrer noopener\" href=\"https:\/\/www.normandie-tourisme.fr\/decouverte\/histoire\/d-day-et-bataille-de-normandie\/les-incontournables-du-d-day\/\" target=\"_blank\">Normandy Tourism<\/a>.<\/strong><\/p>\n<\/div><figure class=\"wp-block-media-text__media\"><img loading=\"lazy\" decoding=\"async\" width=\"1920\" height=\"1277\" src=\"https:\/\/www.mirabel-prairiesdelamer.com\/wp-content\/uploads\/2022\/02\/musee-grand-bunker-ouistreham.jpg\" alt=\"grand bunker museum\" class=\"wp-image-5485 size-full\" srcset=\"https:\/\/mirabel-prairiesdelamer.com\/wp-content\/uploads\/2022\/02\/musee-grand-bunker-ouistreham.jpg 1920w, https:\/\/mirabel-prairiesdelamer.com\/wp-content\/uploads\/2022\/02\/musee-grand-bunker-ouistreham-300x200.jpg 300w, https:\/\/mirabel-prairiesdelamer.com\/wp-content\/uploads\/2022\/02\/musee-grand-bunker-ouistreham-1024x681.jpg 1024w, https:\/\/mirabel-prairiesdelamer.com\/wp-content\/uploads\/2022\/02\/musee-grand-bunker-ouistreham-768x511.jpg 768w, https:\/\/mirabel-prairiesdelamer.com\/wp-content\/uploads\/2022\/02\/musee-grand-bunker-ouistreham-1536x1022.jpg 1536w\" sizes=\"auto, (max-width: 1920px) 100vw, 1920px\" \/><\/figure><\/div>\n\n\n\n<div style=\"height:40px\" aria-hidden=\"true\" class=\"wp-block-spacer\"><\/div>\n\n\n\n<div class=\"wp-block-media-text alignwide is-stacked-on-mobile is-vertically-aligned-center animate front-page-section grey\"><figure class=\"wp-block-media-text__media\"><img loading=\"lazy\" decoding=\"async\" width=\"1920\" height=\"1283\" src=\"https:\/\/www.mirabel-prairiesdelamer.com\/wp-content\/uploads\/2022\/02\/arromanches-port-debarquement-1.jpg\" alt=\"arromanches landing port\" class=\"wp-image-5486 size-full\" srcset=\"https:\/\/mirabel-prairiesdelamer.com\/wp-content\/uploads\/2022\/02\/arromanches-port-debarquement-1.jpg 1920w, https:\/\/mirabel-prairiesdelamer.com\/wp-content\/uploads\/2022\/02\/arromanches-port-debarquement-1-300x200.jpg 300w, https:\/\/mirabel-prairiesdelamer.com\/wp-content\/uploads\/2022\/02\/arromanches-port-debarquement-1-1024x684.jpg 1024w, https:\/\/mirabel-prairiesdelamer.com\/wp-content\/uploads\/2022\/02\/arromanches-port-debarquement-1-768x513.jpg 768w, https:\/\/mirabel-prairiesdelamer.com\/wp-content\/uploads\/2022\/02\/arromanches-port-debarquement-1-1536x1026.jpg 1536w\" sizes=\"auto, (max-width: 1920px) 100vw, 1920px\" \/><\/figure><div class=\"wp-block-media-text__content\">\n<h2 class=\"wp-block-heading\" id=\"une-ville-active-pour-vos-achats-et-vos-sorties\">The 5 main D-Day beaches in Normandy<\/h2>\n\n\n\n<figure class=\"wp-block-image size-full\"><img decoding=\"async\" src=\"https:\/\/www.mirabel-prairiesdelamer.com\/wp-content\/uploads\/2022\/01\/barre-bleue.png\" alt=\"\" class=\"wp-image-2382\"\/><\/figure>\n\n\n\n<p>The largest amphibious and airborne operation in history took place here in Normandy. Today, the beaches are known and visited by millions of people every year, and their names pay tribute to the nationalities of the soldiers who landed there. There are 5 main sectors:<\/p>\n\n\n\n<ul class=\"wp-block-list\">\n<li><strong>Sword Beach<\/strong>&nbsp;This code name is given to the beach located in the communes of Hermanville, Colleville-Montgomery and Ouistreham and corresponds to the <strong>Franco-British sector<\/strong><\/li>\n\n\n\n<li><strong>Juno Beach&nbsp;<\/strong>This Canadian sector stretches from Berni\u00e8res-sur-Mer to Courseulles-sur-Mer, where the <strong>3<sup>\u00e8me<\/sup> Canadian Division<\/strong> has landed.<\/li>\n\n\n\n<li><strong>Gold Beach&nbsp;<\/strong>This beach is where the <strong>50<sup>\u00e8me<\/sup> British division<\/strong>, The Mulberry artificial harbor was built here. It stretches from Asnelles to Ver-sur-Mer. <\/li>\n\n\n\n<li><strong>Utah Beach and Omaha Beach<\/strong>&nbsp;this sector is <strong>the most extensive <\/strong>of the 5 D-Day landing beaches, as it is the <strong>U.S. industry<\/strong> which begins at Colleville-sur-Mer and continues into the Manche department at Sainte-Marie-du-Mont in Quin\u00e9ville.<\/li>\n<\/ul>\n<\/div><\/div>\n\n\n\n<div class=\"wp-block-media-text alignwide has-media-on-the-right is-stacked-on-mobile is-vertically-aligned-center is-style-default\"><div class=\"wp-block-media-text__content\">\n<h2 class=\"wp-block-heading\" id=\"les-cimetieres-en-hommage-a-nos-liberateurs\"><strong><strong>Cemeteries in tribute to our liberators!<\/strong><\/strong><\/h2>\n\n\n\n<figure class=\"wp-block-image size-full\"><img decoding=\"async\" src=\"https:\/\/www.mirabel-prairiesdelamer.com\/wp-content\/uploads\/2022\/01\/barre-bleue.png\" alt=\"\" class=\"wp-image-2382\"\/><\/figure>\n\n\n\n<p>Because we all have a <strong>duty of remembrance <\/strong>to these soldiers, numerous sites have been erected over the past 60 years to commemorate and honour their memory.<strong> pay tribute<\/strong> one last time. <\/p>\n\n\n\n<p>The best known is, of course, the <strong>Colleville-sur-Mer American Cemetery<\/strong> 1h15 from <a href=\"https:\/\/mirabel-prairiesdelamer.com\/en\/\" data-type=\"page\" data-id=\"9\">camping Les Prairies de la Mer<\/a>, overlooking the\u2019<strong>Omaha Beach<\/strong>. This site steeped in history is still the most visited today. The white crosses lined up to perfection, the memorial, the garden of the missing and the sea as far as the eye can see make this place unique and full of emotion.<\/p>\n\n\n\n<p>In Ver-sur-Mer, on the <strong>UK industry<\/strong>, you'll find the <strong><a href=\"https:\/\/www.britishnormandymemorial.org\/\" target=\"_blank\" rel=\"noreferrer noopener\">British Normandy Memorial<\/a><\/strong>. Inaugurated in 2021, this memorial pays tribute to the British army and Normandy civilians who fell during the battle.  In all, more than 22,000 soldiers' names are engraved on the structure's columns, facing <strong>Gold Beach.<\/strong><\/p>\n\n\n\n<p>Other cemeteries, very different but just as interesting, are waiting to be discovered. Find out more from the<strong>\u2018<a rel=\"noreferrer noopener\" href=\"https:\/\/www.caenlamer-tourisme.fr\/loisirs\/office-de-tourisme-et-des-congres-de-caen-la-mer-normandie-bureau-dinformations-touristiques-de-ouistreham-riva-bella\/\" target=\"_blank\">Tourist Office.<\/a><\/strong><\/p>\n<\/div><figure class=\"wp-block-media-text__media\"><img loading=\"lazy\" decoding=\"async\" width=\"1920\" height=\"1280\" src=\"https:\/\/www.mirabel-prairiesdelamer.com\/wp-content\/uploads\/2022\/02\/cimetiere-americain-colleville-2-1.jpg\" alt=\"Colleville American Cemetery\" class=\"wp-image-5488 size-full\" srcset=\"https:\/\/mirabel-prairiesdelamer.com\/wp-content\/uploads\/2022\/02\/cimetiere-americain-colleville-2-1.jpg 1920w, https:\/\/mirabel-prairiesdelamer.com\/wp-content\/uploads\/2022\/02\/cimetiere-americain-colleville-2-1-300x200.jpg 300w, https:\/\/mirabel-prairiesdelamer.com\/wp-content\/uploads\/2022\/02\/cimetiere-americain-colleville-2-1-1024x683.jpg 1024w, https:\/\/mirabel-prairiesdelamer.com\/wp-content\/uploads\/2022\/02\/cimetiere-americain-colleville-2-1-768x512.jpg 768w, https:\/\/mirabel-prairiesdelamer.com\/wp-content\/uploads\/2022\/02\/cimetiere-americain-colleville-2-1-1536x1024.jpg 1536w\" sizes=\"auto, (max-width: 1920px) 100vw, 1920px\" \/><\/figure><\/div>\n\n\n\n<p class=\"has-text-align-center texte-rond mt-5 has-large-font-size\">Discover the campsite<\/p>\n\n\n\n<div class=\"wp-block-columns front-page-section grey is-layout-flex wp-container-core-columns-is-layout-28f84493 wp-block-columns-is-layout-flex\">\n<div class=\"wp-block-column is-layout-flow wp-block-column-is-layout-flow\"><\/div>\n\n\n\n<div class=\"wp-block-column is-vertically-aligned-center is-layout-flow wp-block-column-is-layout-flow\">\n<div class=\"wp-block-create-block-sevgutenberg-navigation\"><aside class=\"encart-sev-navigation small carre\"><a href=\"https:\/\/mirabel-prairiesdelamer.com\/en\/events-july-august\/\" class=\"d-flex flex-column align-items-center\"><div class=\"encart-title\"><span>Entertainment<\/span><\/div><div class=\"vague\"><\/div><img decoding=\"async\" src=\"https:\/\/mirabel-prairiesdelamer.com\/wp-content\/uploads\/2023\/02\/danse-camping-piscine-animation.jpg\" alt=\"summer campsite dance entertainment\"\/><div class=\"ligne\"><\/div><div class=\"hover\"><\/div><\/a><\/aside><\/div>\n<\/div>\n\n\n\n<div class=\"wp-block-column is-layout-flow wp-block-column-is-layout-flow\">\n<div class=\"wp-block-create-block-sevgutenberg-navigation\"><aside class=\"encart-sev-navigation small carre\"><a href=\"https:\/\/mirabel-prairiesdelamer.com\/en\/snack-bar\/\" class=\"d-flex flex-column align-items-center\"><div class=\"encart-title\"><span>The Snack Bar<\/span><\/div><div class=\"vague\"><\/div><img decoding=\"async\" src=\"https:\/\/mirabel-prairiesdelamer.com\/wp-content\/uploads\/2023\/02\/snack-bar-cocktail.jpg\" alt=\"cocktail snack bar paillote summer\"\/><div class=\"ligne\"><\/div><div class=\"hover\"><\/div><\/a><\/aside><\/div>\n<\/div>\n\n\n\n<div class=\"wp-block-column is-layout-flow wp-block-column-is-layout-flow\">\n<div class=\"wp-block-create-block-sevgutenberg-navigation\"><aside class=\"encart-sev-navigation small carre\"><a href=\"https:\/\/mirabel-prairiesdelamer.com\/en\/camping-calvados-services\/\" class=\"d-flex flex-column align-items-center\"><div class=\"encart-title\"><span>Our services<\/span><\/div><div class=\"vague\"><\/div><img decoding=\"async\" src=\"https:\/\/mirabel-prairiesdelamer.com\/wp-content\/uploads\/2022\/02\/accueil-reception-carte.jpg\" alt=\"campsite reception\"\/><div class=\"ligne\"><\/div><div class=\"hover\"><\/div><\/a><\/aside><\/div>\n<\/div>\n\n\n\n<div class=\"wp-block-column is-layout-flow wp-block-column-is-layout-flow\"><\/div>\n<\/div>\n\n\n\n<figure class=\"wp-block-image aligncenter size-large is-resized mt-5\"><img decoding=\"async\" src=\"https:\/\/www.mirabel-prairiesdelamer.com\/wp-content\/uploads\/2022\/01\/photo-1024x84.png\" alt=\"photo gallery\" class=\"wp-image-2371\" style=\"width:768px;height:63px\"\/><\/figure>\n\n\n\t\t\t<div id=\"sevgallery-512428502\" class=\"sev-diaporama sev-diaporama-portfolio\">\r\n\t\t\t\t<div class=\"row\">\r\n\r\n\t\t\t\t\t\r\n\t\t\t\t\t\t\r\n\t\t\t\t\t\t<div class=\"sev-diaporama-portfolio-item   btnseeall btnseeall-xl col-12 col-md\">\r\n\t\t\t\t\t\t\t<a href=\"https:\/\/mirabel-prairiesdelamer.com\/wp-content\/uploads\/2022\/02\/ouistreham-musee-bunker-1024x683.jpg\" data-lightbox=\"sevgallery-512428502\" style=\"background-image: url(https:\/\/mirabel-prairiesdelamer.com\/wp-content\/uploads\/2022\/02\/ouistreham-musee-bunker-1024x683.jpg)\">\r\n\t\t\t\t\t\t\t\t<img decoding=\"async\" src=\"https:\/\/mirabel-prairiesdelamer.com\/wp-content\/uploads\/2022\/02\/ouistreham-musee-bunker-1024x683.jpg\" alt=\"bunker museum ouistreham\" loading=\"lazy\">\r\n\t\t\t\t\t\t\t\t\t\t\t\t\t\t\t<\/a>\r\n\t\t\t\t\t\t<\/div>\r\n\r\n\t\t\t\t\t\t\r\n\t\t\t\t\t\t\t\t\t\t\t\t\t\t\t\t\t\r\n\t\t\t\t\t\t\r\n\t\t\t\t\t\t<div class=\"sev-diaporama-portfolio-item   btnseeall btnseeall-xl col-12 col-md  col-shrink\">\r\n\t\t\t\t\t\t\t<a href=\"https:\/\/mirabel-prairiesdelamer.com\/wp-content\/uploads\/2022\/02\/pont-pegasus-benouville-1024x465.jpg\" data-lightbox=\"sevgallery-512428502\" style=\"background-image: url(https:\/\/mirabel-prairiesdelamer.com\/wp-content\/uploads\/2022\/02\/pont-pegasus-benouville-1024x465.jpg)\">\r\n\t\t\t\t\t\t\t\t<img decoding=\"async\" src=\"https:\/\/mirabel-prairiesdelamer.com\/wp-content\/uploads\/2022\/02\/pont-pegasus-benouville-1024x465.jpg\" alt=\"Caen memorial museum\" loading=\"lazy\">\r\n\t\t\t\t\t\t\t\t\t\t\t\t\t\t\t<\/a>\r\n\t\t\t\t\t\t<\/div>\r\n\r\n\t\t\t\t\t\t\r\n\t\t\t\t\t\t\t\t\t\t\t\t\t\t\t\t\t\r\n\t\t\t\t\t\t\r\n\t\t\t\t\t\t<div class=\"sev-diaporama-portfolio-item   btnseeall btnseeall-xl col-12 col-md  col-grow\">\r\n\t\t\t\t\t\t\t<a href=\"https:\/\/mirabel-prairiesdelamer.com\/wp-content\/uploads\/2022\/02\/Commemorations_au_Centre_Juno_Beach_-_S-1024x576.jpg\" data-lightbox=\"sevgallery-512428502\" style=\"background-image: url(https:\/\/mirabel-prairiesdelamer.com\/wp-content\/uploads\/2022\/02\/Commemorations_au_Centre_Juno_Beach_-_S-1024x576.jpg)\">\r\n\t\t\t\t\t\t\t\t<img decoding=\"async\" src=\"https:\/\/mirabel-prairiesdelamer.com\/wp-content\/uploads\/2022\/02\/Commemorations_au_Centre_Juno_Beach_-_S-1024x576.jpg\" alt=\"juno beach center\" loading=\"lazy\">\r\n\t\t\t\t\t\t\t\t\t\t\t\t\t\t\t<\/a>\r\n\t\t\t\t\t\t<\/div>\r\n\r\n\t\t\t\t\t\t\r\n\t\t\t\t\t\t\t\t\t\t\t\t\t\t\t\t\t\r\n\t\t\t\t\t\t\r\n\t\t\t\t\t\t<div class=\"sev-diaporama-portfolio-item   btnseeall btnseeall-xl col-12 col-md  col-grow\">\r\n\t\t\t\t\t\t\t<a href=\"https:\/\/mirabel-prairiesdelamer.com\/wp-content\/uploads\/2022\/02\/Cimetiere-americain-Colleville-1024x683.jpg\" data-lightbox=\"sevgallery-512428502\" style=\"background-image: url(https:\/\/mirabel-prairiesdelamer.com\/wp-content\/uploads\/2022\/02\/Cimetiere-americain-Colleville-1024x683.jpg)\">\r\n\t\t\t\t\t\t\t\t<img decoding=\"async\" src=\"https:\/\/mirabel-prairiesdelamer.com\/wp-content\/uploads\/2022\/02\/Cimetiere-americain-Colleville-1024x683.jpg\" alt=\"Colleville American Cemetery\" loading=\"lazy\">\r\n\t\t\t\t\t\t\t\t\t\t\t\t\t\t\t<\/a>\r\n\t\t\t\t\t\t<\/div>\r\n\r\n\t\t\t\t\t\t\t\t\t\t\t\t\t<div class=\"w-100\"><\/div>\r\n\t\t\t\t\t\t\t\t\t\t\t\t\t\r\n\t\t\t\t\t\t\t\t\t\t\t\t\t\t\t\t\t\r\n\t\t\t\t\t\t\r\n\t\t\t\t\t\t<div class=\"sev-diaporama-portfolio-item   btnseeall btnseeall-xl col-12 col-md  col-shrink\">\r\n\t\t\t\t\t\t\t<a href=\"https:\/\/mirabel-prairiesdelamer.com\/wp-content\/uploads\/2022\/02\/Cimetiere-allemand-normandie-1024x683.jpg\" data-lightbox=\"sevgallery-512428502\" style=\"background-image: url(https:\/\/mirabel-prairiesdelamer.com\/wp-content\/uploads\/2022\/02\/Cimetiere-allemand-normandie-1024x683.jpg)\">\r\n\t\t\t\t\t\t\t\t<img decoding=\"async\" src=\"https:\/\/mirabel-prairiesdelamer.com\/wp-content\/uploads\/2022\/02\/Cimetiere-allemand-normandie-1024x683.jpg\" alt=\"German cemetery in Normandy\" loading=\"lazy\">\r\n\t\t\t\t\t\t\t\t\t\t\t\t\t\t\t<\/a>\r\n\t\t\t\t\t\t<\/div>\r\n\r\n\t\t\t\t\t\t\r\n\t\t\t\t\t\t\t\t\t\t\t\t\t\t\t\t\t\r\n\t\t\t\t\t\t\r\n\t\t\t\t\t\t<div class=\"sev-diaporama-portfolio-item   btnseeall btnseeall-xl col-12 col-md\">\r\n\t\t\t\t\t\t\t<a href=\"https:\/\/mirabel-prairiesdelamer.com\/wp-content\/uploads\/2022\/02\/batterie-merville-debarquement-1024x683.jpg\" data-lightbox=\"sevgallery-512428502\" style=\"background-image: url(https:\/\/mirabel-prairiesdelamer.com\/wp-content\/uploads\/2022\/02\/batterie-merville-debarquement-1024x683.jpg)\">\r\n\t\t\t\t\t\t\t\t<img decoding=\"async\" src=\"https:\/\/mirabel-prairiesdelamer.com\/wp-content\/uploads\/2022\/02\/batterie-merville-debarquement-1024x683.jpg\" alt=\"merville landing battery\" loading=\"lazy\">\r\n\t\t\t\t\t\t\t\t\t\t\t\t\t\t\t<\/a>\r\n\t\t\t\t\t\t<\/div>\r\n\r\n\t\t\t\t\t\t\r\n\t\t\t\t\t\t\t\t\t\t\t\t\t\t\t\t\t\r\n\t\t\t\t\t\t\r\n\t\t\t\t\t\t<div class=\"sev-diaporama-portfolio-item  limitsm btnseeall btnseeall-xl col-12 col-md  col-grow last-visible\">\r\n\t\t\t\t\t\t\t<a href=\"https:\/\/mirabel-prairiesdelamer.com\/en\/camping-normandie-photos\/\"  style=\"background-image: url(https:\/\/mirabel-prairiesdelamer.com\/wp-content\/uploads\/2022\/02\/arromanches-port-debarquement-1024x684.jpg)\">\r\n\t\t\t\t\t\t\t\t<img decoding=\"async\" src=\"https:\/\/mirabel-prairiesdelamer.com\/wp-content\/uploads\/2022\/02\/arromanches-port-debarquement-1024x684.jpg\" alt=\"arromanches beach landing\" loading=\"lazy\">\r\n\t\t\t\t\t\t\t\t\t\t\t\t\t\t\t\t\t<img decoding=\"async\" src=\"https:\/\/mirabel-prairiesdelamer.com\/wp-content\/themes\/mirabel-site\/assets\/img\/voir-photos.png\" alt=\"\" \/>\r\n\t\t\t\t\t\t\t\t\t<span>See all photos<\/span>\r\n\t\t\t\t\t\t\t\t\t\t\t\t\t\t\t<\/a>\r\n\t\t\t\t\t\t<\/div>\r\n\r\n\t\t\t\t\t\t\r\n\t\t\t\t\t\t\t\t\t\t\t\t\t\t\t\t\t\t\t\t\t<\/div>\r\n\t\t\t<\/div>\r\n\r\n\t\t\t<script>\r\n\t\t\tjQuery(function($) {\r\n\r\n\t\t\t\tvar marginPortfolio = function() {\r\n\r\n\t\t\t\t\tvar $diapo          = $('#sevgallery-512428502');\r\n\t\t\t\t\tvar container_width = $diapo.parent().outerWidth();\r\n\t\t\t\t\tvar side            = ( $(window).innerWidth() - container_width ) \/ 2;\r\n\r\n\t\t\t\t\t$diapo.css( {\r\n\t\t\t\t\t\t'margin-left': '-' + side + 'px',\r\n\t\t\t\t\t\t'margin-right': '-' + side + 'px',\r\n\t\t\t\t\t} );\r\n\t\t\t\t};\r\n\r\n\t\t\t\t$( window ).resize( function() {\r\n\t\t\t\t\tmarginPortfolio();\r\n\t\t\t\t} );\r\n\t\t\t\tmarginPortfolio();\r\n\t\t\t});\r\n\t\t\t<\/script>","protected":false},"excerpt":{"rendered":"<p>Les Plages du D\u00e9barquement en Normandie \u2013 Terre de libert\u00e9&nbsp;! Berceau de l\u2019Histoire, la Normandie et plus pr\u00e9cis\u00e9ment le Calvados [&hellip;]<\/p>\n","protected":false},"author":1,"featured_media":0,"parent":0,"menu_order":0,"comment_status":"closed","ping_status":"closed","template":"","meta":{"_seopress_robots_primary_cat":"","_seopress_titles_title":"Camping proche des plages du d\u00e9barquement en Normandie","_seopress_titles_desc":"D\u00e9couvrez les plages du d\u00e9barquement, les mus\u00e9es, bunkers et cimeti\u00e8res - t\u00e9moignages de la secondaire guerre mondiale en Normandie.","_seopress_robots_index":"","footnotes":""},"class_list":["post-267","page","type-page","status-publish","hentry"],"_links":{"self":[{"href":"https:\/\/mirabel-prairiesdelamer.com\/en\/wp-json\/wp\/v2\/pages\/267","targetHints":{"allow":["GET"]}}],"collection":[{"href":"https:\/\/mirabel-prairiesdelamer.com\/en\/wp-json\/wp\/v2\/pages"}],"about":[{"href":"https:\/\/mirabel-prairiesdelamer.com\/en\/wp-json\/wp\/v2\/types\/page"}],"author":[{"embeddable":true,"href":"https:\/\/mirabel-prairiesdelamer.com\/en\/wp-json\/wp\/v2\/users\/1"}],"replies":[{"embeddable":true,"href":"https:\/\/mirabel-prairiesdelamer.com\/en\/wp-json\/wp\/v2\/comments?post=267"}],"version-history":[{"count":44,"href":"https:\/\/mirabel-prairiesdelamer.com\/en\/wp-json\/wp\/v2\/pages\/267\/revisions"}],"predecessor-version":[{"id":18109,"href":"https:\/\/mirabel-prairiesdelamer.com\/en\/wp-json\/wp\/v2\/pages\/267\/revisions\/18109"}],"wp:attachment":[{"href":"https:\/\/mirabel-prairiesdelamer.com\/en\/wp-json\/wp\/v2\/media?parent=267"}],"curies":[{"name":"wp","href":"https:\/\/api.w.org\/{rel}","templated":true}]}}