{"id":9746,"date":"2021-12-10T14:25:41","date_gmt":"2021-12-10T13:25:41","guid":{"rendered":"https:\/\/www.domaine-prairiesdelamer.com\/caen\/"},"modified":"2026-02-25T12:07:40","modified_gmt":"2026-02-25T11:07:40","slug":"caen","status":"publish","type":"page","link":"https:\/\/mirabel-prairiesdelamer.com\/de\/caen\/","title":{"rendered":"Caen"},"content":{"rendered":"<h1 class=\"wp-block-heading\" id=\"caen-dans-le-calvados-ville-aux-multiples-facettes\"><strong>Caen in Calvados: eine Stadt mit vielen Facetten!<\/strong><\/h1>\n\n<div class=\"wp-block-group is-layout-flow wp-block-group-is-layout-flow\">\n<p class=\"has-text-align-center\">Nur 15 Minuten von Ihrem 4-Sterne-Campingplatz entfernt k\u00f6nnen Sie die wundersch\u00f6ne Stadt Caen entdecken. <br\/>Mit seinem au\u00dfergew\u00f6hnlichen touristischen, architektonischen und kulturellen Erbe wird es Ihnen Freude bereiten, sich in den zahlreichen Einkaufsstra\u00dfen und den unumg\u00e4nglichen Sehensw\u00fcrdigkeiten des Reiseziels zu verlieren.<\/p>\n\n\n\n<figure class=\"wp-block-image aligncenter size-large is-resized\"><img decoding=\"async\" src=\"https:\/\/mirabel-prairiesdelamer.com\/wp-content\/uploads\/2022\/01\/barre-bleue.png\" alt=\"\"\/><\/figure>\n<\/div>\n\n<div class=\"wp-block-media-text alignwide has-media-on-the-right is-stacked-on-mobile is-vertically-aligned-center is-image-fill-element is-style-default\"><div class=\"wp-block-media-text__content\">\n<p class=\"texte-rond has-orange-color has-text-color has-large-font-size\" id=\"de-belles-histoires-a-vous-raconter\">Die Stadt Caen und ihre Geschichte!<\/p>\n\n\n\n<p>Opfer der Bombenangriffe der <strong>Zweiter Weltkrieg<\/strong>, Caen hat es geschafft, seinen Charme und seine Architektur zu bewahren, was der Stadt jedes Jahr Millionen von Besuchern beschert. Wie Rouen geh\u00f6rt sie zu den St\u00e4dten, die man als \u00ab?\u00ab\u00a0<strong>mit den hundert Glockent\u00fcrmen<\/strong>\u00a0\u00bb aufgrund der vielen Kirchen, die man hier sehen kann, wie die St. Peterskirche, die St. Johanneskirche oder die St. Nikolauskirche mit ihrem alten Friedhof. Halten Sie einen Moment inne, um sie zu betrachten!<\/p>\n\n\n\n<p><strong>Wilhelm der Eroberer<\/strong> markierte die\u2019<strong>Geschichte der Normandie<\/strong> und insbesondere die Stadt Caen, die ihm mehrere ihrer symboltr\u00e4chtigen Bauwerke verdankt, wie die Abbaye aux Dames und die Abbaye aux Hommes, die 1060 bzw. 1063 gegr\u00fcndet wurden. Nicht zu vergessen ist auch das im Herzen der Stadt gelegene <strong><a href=\"https:\/\/www.normandiesites.com\/sites-touristiques\/chateau-de-caen\/\" target=\"_blank\" rel=\"noreferrer noopener\">Schloss von Caen<\/a><\/strong> und seine Stadtmauern, die einen herrlichen Blick auf die Stadt bieten, wenn man dort oben steht.<\/p>\n<\/div><figure class=\"wp-block-media-text__media\"><img loading=\"lazy\" decoding=\"async\" width=\"1024\" height=\"683\" src=\"https:\/\/mirabel-prairiesdelamer.com\/wp-content\/uploads\/2022\/02\/chateau-guillaume-conquerant-caen-1-1024x683.jpg\" alt=\"het kasteel van Willem de Veroveraar in Caen\" class=\"wp-image-5498 size-full\" style=\"object-position:50% 50%\" srcset=\"https:\/\/mirabel-prairiesdelamer.com\/wp-content\/uploads\/2022\/02\/chateau-guillaume-conquerant-caen-1-1024x683.jpg 1024w, https:\/\/mirabel-prairiesdelamer.com\/wp-content\/uploads\/2022\/02\/chateau-guillaume-conquerant-caen-1-300x200.jpg 300w, https:\/\/mirabel-prairiesdelamer.com\/wp-content\/uploads\/2022\/02\/chateau-guillaume-conquerant-caen-1-768x512.jpg 768w, https:\/\/mirabel-prairiesdelamer.com\/wp-content\/uploads\/2022\/02\/chateau-guillaume-conquerant-caen-1-1536x1024.jpg 1536w, https:\/\/mirabel-prairiesdelamer.com\/wp-content\/uploads\/2022\/02\/chateau-guillaume-conquerant-caen-1.jpg 1920w\" sizes=\"auto, (max-width: 1024px) 100vw, 1024px\" \/><\/figure><\/div>\n\n<div style=\"height:40px\" aria-hidden=\"true\" class=\"wp-block-spacer\"><\/div>\n\n<div class=\"wp-block-media-text alignwide is-stacked-on-mobile is-vertically-aligned-center is-image-fill-element animate front-page-section grey\"><figure class=\"wp-block-media-text__media\"><img loading=\"lazy\" decoding=\"async\" width=\"1024\" height=\"683\" src=\"https:\/\/mirabel-prairiesdelamer.com\/wp-content\/uploads\/2022\/02\/caen-vaugueux-restaurant-1024x683.jpg\" alt=\"Caen de wijk Vaugueux\" class=\"wp-image-5535 size-full\" style=\"object-position:50% 50%\" srcset=\"https:\/\/mirabel-prairiesdelamer.com\/wp-content\/uploads\/2022\/02\/caen-vaugueux-restaurant-1024x683.jpg 1024w, https:\/\/mirabel-prairiesdelamer.com\/wp-content\/uploads\/2022\/02\/caen-vaugueux-restaurant-300x200.jpg 300w, https:\/\/mirabel-prairiesdelamer.com\/wp-content\/uploads\/2022\/02\/caen-vaugueux-restaurant-768x512.jpg 768w, https:\/\/mirabel-prairiesdelamer.com\/wp-content\/uploads\/2022\/02\/caen-vaugueux-restaurant-1536x1024.jpg 1536w, https:\/\/mirabel-prairiesdelamer.com\/wp-content\/uploads\/2022\/02\/caen-vaugueux-restaurant.jpg 1920w\" sizes=\"auto, (max-width: 1024px) 100vw, 1024px\" \/><\/figure><div class=\"wp-block-media-text__content\">\n<h2 class=\"wp-block-heading\" id=\"une-ville-active-pour-vos-achats-et-vos-sorties\"><strong>In Caen zum Einkaufen und zur Freizeitgestaltung ausgehen<\/strong><\/h2>\n\n\n\n<figure class=\"wp-block-image size-large\"><img decoding=\"async\" src=\"https:\/\/mirabel-prairiesdelamer.com\/wp-content\/uploads\/2022\/01\/barre-bleue.png\" alt=\"\"\/><\/figure>\n\n\n\n<p>Mit der Familie, mit Freunden oder zu zweit k\u00f6nnen Sie dank der zahlreichen Gesch\u00e4fte, Restaurants-Bars und Freizeitaktivit\u00e4ten eine angenehme Zeit in Caen verbringen. <\/p>\n\n\n\n<p>Was das Essen angeht, werden Sie bedient:<strong> die Rue \u00e9cuy\u00e8re<\/strong> und der Jachthafen werden Sie mit ihren zahlreichen Bars und Pubs f\u00fcr festliche Abende begeistern. Beliebtes Stadtviertel, <strong>le Vaugueux <\/strong>ist voll von kleinen, untypischen und netten Restaurants. Sie haben die Wahl: lokale K\u00fcche, K\u00e4sespezialit\u00e4ten, Fastfood, Pizzerien und vieles mehr, um Ihren Gaumen zu verw\u00f6hnen!<\/p>\n\n\n\n<p>Was Freizeit und Ausgehen angeht, gibt es im Zentrum von Caen und in der n\u00e4heren Umgebung wie in Mondeville keinen Mangel: <strong>Lasergame<\/strong>, Bowling, <strong>escape-game <\/strong>unter Freunden, Kino, Theater, Konzerte, Ausstellungen und vieles mehr. F\u00fcr jedes Budget und jedes Alter, stellen Sie sich Ihr Programm nach Lust und Laune zusammen! <\/p>\n<\/div><\/div>\n\n<div class=\"wp-block-columns are-vertically-aligned-center is-layout-flex wp-container-core-columns-is-layout-28f84493 wp-block-columns-is-layout-flex\">\n<div class=\"wp-block-column is-vertically-aligned-center is-layout-flow wp-block-column-is-layout-flow\">\n<h2 class=\"wp-block-heading\" id=\"caen-ville-verte-a-deux-pas-de-la-mer\"><strong>Parks und G\u00e4rten im Stadtzentrum von Caen<\/strong><\/h2>\n\n\n\n<figure class=\"wp-block-image size-large\"><img decoding=\"async\" src=\"https:\/\/mirabel-prairiesdelamer.com\/wp-content\/uploads\/2022\/01\/barre-bleue.png\" alt=\"\"\/><\/figure>\n\n\n\n<p>F\u00fcr Liebhaber von Flora, Fauna und weiten Landschaften halten Sie in der <strong>Vogelh\u00fcgel<\/strong>, Nehmen Sie Ihr Picknick mit und genie\u00dfen Sie einen Tag in der Natur. Dort erwartet Sie ein au\u00dfergew\u00f6hnliches Panorama \u00fcber die Stadt, der Rosengarten, <strong>ein Labyrinth<\/strong>, In der N\u00e4he des Parks gibt es Spielpl\u00e4tze f\u00fcr Kinder, eine Minigolfanlage, Picknicktische und einen Mini-Tierpark, in dem das ganze Jahr \u00fcber Geburten stattfinden. Sie k\u00f6nnen auch Ihre Geschicklichkeit testen dank des <strong>Hochseilgarten<\/strong>. 17 Hektar Wandergebiet f\u00fcr die ganze Familie im Norden von<strong> Caen, in der N\u00e4he des Memorials.<\/strong><\/p>\n\n\n\n<p>Ein weiterer Ort zum Flanieren ist der Jardin des Plantes, der auch die \u00abgr\u00fcne Lunge\u00bb der Stadt genannt wird. Auf 5000 m2 Gr\u00fcnfl\u00e4che wachsen nicht weniger als 8000 Pflanzenarten, normannische, exotische und seltene! Die G\u00e4rtner beraten Sie dank der zahlreichen Veranstaltungen das ganze Jahr \u00fcber gerne bei Ihrer Bepflanzung. <strong>Picknicktische, Spielplatz<\/strong>, Toiletten: Gro\u00df und Klein werden diesen einzigartigen und ruhigen Ort sicher zu sch\u00e4tzen wissen.<\/p>\n<\/div>\n\n\n\n<div class=\"wp-block-column is-vertically-aligned-center is-layout-flow wp-block-column-is-layout-flow\">\n<figure class=\"wp-block-image size-large animate right\"><img decoding=\"async\" src=\"https:\/\/mirabel-prairiesdelamer.com\/wp-content\/uploads\/2022\/02\/colline-oiseaux-caen-1024x683.jpg\" alt=\"de vogelheuvel in Caen\"\/><\/figure>\n<\/div>\n<\/div>\n\n<p class=\"has-text-align-center texte-rond mt-5 has-large-font-size\">Om de camping te ontdekken<\/p>\n\n<div class=\"wp-block-columns front-page-section grey is-layout-flex wp-container-core-columns-is-layout-28f84493 wp-block-columns-is-layout-flex\">\n<div class=\"wp-block-column is-layout-flow wp-block-column-is-layout-flow\"><\/div>\n\n\n\n<div class=\"wp-block-column is-vertically-aligned-center is-layout-flow wp-block-column-is-layout-flow\">\n<div class=\"wp-block-create-block-sevgutenberg-navigation\"><aside class=\"encart-sev-navigation small carre\"><a href=\"https:\/\/mirabel-prairiesdelamer.com\/de\/animationen-juli-august\/\" class=\"d-flex flex-column align-items-center\"><div class=\"encart-title\"><span>Animationen<\/span><\/div><div class=\"vague\"><\/div><img decoding=\"async\" src=\"https:\/\/mirabel-prairiesdelamer.com\/wp-content\/uploads\/2023\/02\/danse-camping-piscine-animation.jpg\" alt=\"tanzanimation des campingplatzes sommer\"\/><div class=\"ligne\"><\/div><div class=\"hover\"><\/div><\/a><\/aside><\/div>\n<\/div>\n\n\n\n<div class=\"wp-block-column is-layout-flow wp-block-column-is-layout-flow\">\n<div class=\"wp-block-create-block-sevgutenberg-navigation\"><aside class=\"encart-sev-navigation small carre\"><a href=\"https:\/\/mirabel-prairiesdelamer.com\/de\/verkauf-von-mobilheimen-normandie\/\" class=\"d-flex flex-column align-items-center\"><div class=\"encart-title\"><span>Werden Sie Eigent\u00fcmer<\/span><\/div><div class=\"vague\"><\/div><img decoding=\"async\" src=\"https:\/\/mirabel-prairiesdelamer.com\/wp-content\/uploads\/2023\/01\/galerie-toscane-873.jpeg\" alt=\"neues Mobilheim Verkauf Terrasse\"\/><div class=\"ligne\"><\/div><div class=\"hover\"><\/div><\/a><\/aside><\/div>\n<\/div>\n\n\n\n<div class=\"wp-block-column is-layout-flow wp-block-column-is-layout-flow\">\n<div class=\"wp-block-create-block-sevgutenberg-navigation\"><aside class=\"encart-sev-navigation small carre\"><a href=\"https:\/\/mirabel-prairiesdelamer.com\/de\/vermietung-mobilheime-normandie\/\" class=\"d-flex flex-column align-items-center\"><div class=\"encart-title\"><span>Vermietung von Mobilheimen<\/span><\/div><div class=\"vague\"><\/div><img decoding=\"async\" src=\"https:\/\/mirabel-prairiesdelamer.com\/wp-content\/uploads\/2023\/02\/mobil-home-location-vacances.jpg\" alt=\"vermietung von ferien mobilheim voll ausgestattet\"\/><div class=\"ligne\"><\/div><div class=\"hover\"><\/div><\/a><\/aside><\/div>\n<\/div>\n\n\n\n<div class=\"wp-block-column is-layout-flow wp-block-column-is-layout-flow\"><\/div>\n<\/div>\n\n<figure class=\"wp-block-image aligncenter size-large is-resized mt-5\"><img decoding=\"async\" src=\"https:\/\/mirabel-prairiesdelamer.com\/wp-content\/uploads\/2022\/01\/photo-1024x84.png\" alt=\"fotogalerij\"\/><\/figure>\n\t\t\t<div id=\"sevgallery-1811920866\" class=\"sev-diaporama sev-diaporama-portfolio\">\r\n\t\t\t\t<div class=\"row\">\r\n\r\n\t\t\t\t\t\r\n\t\t\t\t\t\t\r\n\t\t\t\t\t\t<div class=\"sev-diaporama-portfolio-item   btnseeall btnseeall-xl col-12 col-md  col-grow\">\r\n\t\t\t\t\t\t\t<a href=\"https:\/\/mirabel-prairiesdelamer.com\/wp-content\/uploads\/2024\/01\/festyland-parc-attractions-caen.jpg\" data-lightbox=\"sevgallery-1811920866\" style=\"background-image: url(https:\/\/mirabel-prairiesdelamer.com\/wp-content\/uploads\/2024\/01\/festyland-parc-attractions-caen.jpg)\">\r\n\t\t\t\t\t\t\t\t<img decoding=\"async\" src=\"https:\/\/mirabel-prairiesdelamer.com\/wp-content\/uploads\/2024\/01\/festyland-parc-attractions-caen.jpg\" alt=\"Vergn\u00fcgungspark Festyland\" loading=\"lazy\">\r\n\t\t\t\t\t\t\t\t\t\t\t\t\t\t\t<\/a>\r\n\t\t\t\t\t\t<\/div>\r\n\r\n\t\t\t\t\t\t\r\n\t\t\t\t\t\t\t\t\t\t\t\t\t\t\t\t\t\r\n\t\t\t\t\t\t\r\n\t\t\t\t\t\t<div class=\"sev-diaporama-portfolio-item   btnseeall btnseeall-xl col-12 col-md\">\r\n\t\t\t\t\t\t\t<a href=\"https:\/\/mirabel-prairiesdelamer.com\/wp-content\/uploads\/2024\/01\/rue-froide-centre-ville-caen.jpg\" data-lightbox=\"sevgallery-1811920866\" style=\"background-image: url(https:\/\/mirabel-prairiesdelamer.com\/wp-content\/uploads\/2024\/01\/rue-froide-centre-ville-caen.jpg)\">\r\n\t\t\t\t\t\t\t\t<img decoding=\"async\" src=\"https:\/\/mirabel-prairiesdelamer.com\/wp-content\/uploads\/2024\/01\/rue-froide-centre-ville-caen.jpg\" alt=\"Einkaufsstra\u00dfe Caen rue Froide\" loading=\"lazy\">\r\n\t\t\t\t\t\t\t\t\t\t\t\t\t\t\t<\/a>\r\n\t\t\t\t\t\t<\/div>\r\n\r\n\t\t\t\t\t\t\r\n\t\t\t\t\t\t\t\t\t\t\t\t\t\t\t\t\t\r\n\t\t\t\t\t\t\r\n\t\t\t\t\t\t<div class=\"sev-diaporama-portfolio-item   btnseeall btnseeall-xl col-12 col-md  col-grow\">\r\n\t\t\t\t\t\t\t<a href=\"https:\/\/mirabel-prairiesdelamer.com\/wp-content\/uploads\/2022\/02\/chateau-panorama-caen-1024x684.jpg\" data-lightbox=\"sevgallery-1811920866\" style=\"background-image: url(https:\/\/mirabel-prairiesdelamer.com\/wp-content\/uploads\/2022\/02\/chateau-panorama-caen-1024x684.jpg)\">\r\n\t\t\t\t\t\t\t\t<img decoding=\"async\" src=\"https:\/\/mirabel-prairiesdelamer.com\/wp-content\/uploads\/2022\/02\/chateau-panorama-caen-1024x684.jpg\" alt=\"panorama schloss caen\" loading=\"lazy\">\r\n\t\t\t\t\t\t\t\t\t\t\t\t\t\t\t<\/a>\r\n\t\t\t\t\t\t<\/div>\r\n\r\n\t\t\t\t\t\t\t\t\t\t\t\t\t<div class=\"w-100\"><\/div>\r\n\t\t\t\t\t\t\t\t\t\t\t\t\t\r\n\t\t\t\t\t\t\t\t\t\t\t\t\t\t\t\t\t\r\n\t\t\t\t\t\t\r\n\t\t\t\t\t\t<div class=\"sev-diaporama-portfolio-item   btnseeall btnseeall-xl col-12 col-md  col-grow\">\r\n\t\t\t\t\t\t\t<a href=\"https:\/\/mirabel-prairiesdelamer.com\/wp-content\/uploads\/2024\/01\/chateau-caen-guillaume.jpg\" data-lightbox=\"sevgallery-1811920866\" style=\"background-image: url(https:\/\/mirabel-prairiesdelamer.com\/wp-content\/uploads\/2024\/01\/chateau-caen-guillaume.jpg)\">\r\n\t\t\t\t\t\t\t\t<img decoding=\"async\" src=\"https:\/\/mirabel-prairiesdelamer.com\/wp-content\/uploads\/2024\/01\/chateau-caen-guillaume.jpg\" alt=\"herzogliche schloss wilhelm der eroberer caen\" loading=\"lazy\">\r\n\t\t\t\t\t\t\t\t\t\t\t\t\t\t\t<\/a>\r\n\t\t\t\t\t\t<\/div>\r\n\r\n\t\t\t\t\t\t\r\n\t\t\t\t\t\t\t\t\t\t\t\t\t\t\t\t\t\r\n\t\t\t\t\t\t\r\n\t\t\t\t\t\t<div class=\"sev-diaporama-portfolio-item   btnseeall btnseeall-xl col-12 col-md  col-grow\">\r\n\t\t\t\t\t\t\t<a href=\"https:\/\/mirabel-prairiesdelamer.com\/wp-content\/uploads\/2024\/01\/marche-caen-centre-ville.jpg\" data-lightbox=\"sevgallery-1811920866\" style=\"background-image: url(https:\/\/mirabel-prairiesdelamer.com\/wp-content\/uploads\/2024\/01\/marche-caen-centre-ville.jpg)\">\r\n\t\t\t\t\t\t\t\t<img decoding=\"async\" src=\"https:\/\/mirabel-prairiesdelamer.com\/wp-content\/uploads\/2024\/01\/marche-caen-centre-ville.jpg\" alt=\"markt Saint pierre Caen\" loading=\"lazy\">\r\n\t\t\t\t\t\t\t\t\t\t\t\t\t\t\t<\/a>\r\n\t\t\t\t\t\t<\/div>\r\n\r\n\t\t\t\t\t\t\r\n\t\t\t\t\t\t\t\t\t\t\t\t\t\t\t\t\t\r\n\t\t\t\t\t\t\r\n\t\t\t\t\t\t<div class=\"sev-diaporama-portfolio-item   btnseeall btnseeall-xl col-12 col-md\">\r\n\t\t\t\t\t\t\t<a href=\"https:\/\/mirabel-prairiesdelamer.com\/wp-content\/uploads\/2022\/02\/caen-abbaye-aux-hommes-1024x683.jpg\" data-lightbox=\"sevgallery-1811920866\" style=\"background-image: url(https:\/\/mirabel-prairiesdelamer.com\/wp-content\/uploads\/2022\/02\/caen-abbaye-aux-hommes-1024x683.jpg)\">\r\n\t\t\t\t\t\t\t\t<img decoding=\"async\" src=\"https:\/\/mirabel-prairiesdelamer.com\/wp-content\/uploads\/2022\/02\/caen-abbaye-aux-hommes-1024x683.jpg\" alt=\"abbaye aux hommes Caen\" loading=\"lazy\">\r\n\t\t\t\t\t\t\t\t\t\t\t\t\t\t\t<\/a>\r\n\t\t\t\t\t\t<\/div>\r\n\r\n\t\t\t\t\t\t\t\t\t\t\t\t\t<div class=\"w-100\"><\/div>\r\n\t\t\t\t\t\t\t\t\t\t\t\t\t\r\n\t\t\t\t\t\t\t\t\t\t\t\t\t\t\t\t\t\r\n\t\t\t\t\t\t\r\n\t\t\t\t\t\t<div class=\"sev-diaporama-portfolio-item   btnseeall btnseeall-xl col-12 col-md  col-shrink\">\r\n\t\t\t\t\t\t\t<a href=\"https:\/\/mirabel-prairiesdelamer.com\/wp-content\/uploads\/2022\/02\/caen-jardin-plantes-jeux-1024x683.jpg\" data-lightbox=\"sevgallery-1811920866\" style=\"background-image: url(https:\/\/mirabel-prairiesdelamer.com\/wp-content\/uploads\/2022\/02\/caen-jardin-plantes-jeux-1024x683.jpg)\">\r\n\t\t\t\t\t\t\t\t<img decoding=\"async\" src=\"https:\/\/mirabel-prairiesdelamer.com\/wp-content\/uploads\/2022\/02\/caen-jardin-plantes-jeux-1024x683.jpg\" alt=\"Caen le jardin des plantes\" loading=\"lazy\">\r\n\t\t\t\t\t\t\t\t\t\t\t\t\t\t\t<\/a>\r\n\t\t\t\t\t\t<\/div>\r\n\r\n\t\t\t\t\t\t\r\n\t\t\t\t\t\t\t\t\t\t\t\t\t\t\t\t\t\r\n\t\t\t\t\t\t\r\n\t\t\t\t\t\t<div class=\"sev-diaporama-portfolio-item   btnseeall btnseeall-xl col-12 col-md  col-grow\">\r\n\t\t\t\t\t\t\t<a href=\"https:\/\/mirabel-prairiesdelamer.com\/wp-content\/uploads\/2022\/02\/colline-oiseaux-labyrinthe-caen-1024x683.jpg\" data-lightbox=\"sevgallery-1811920866\" style=\"background-image: url(https:\/\/mirabel-prairiesdelamer.com\/wp-content\/uploads\/2022\/02\/colline-oiseaux-labyrinthe-caen-1024x683.jpg)\">\r\n\t\t\t\t\t\t\t\t<img decoding=\"async\" src=\"https:\/\/mirabel-prairiesdelamer.com\/wp-content\/uploads\/2022\/02\/colline-oiseaux-labyrinthe-caen-1024x683.jpg\" alt=\"Vogelh\u00fcgel das Labyrinth\" loading=\"lazy\">\r\n\t\t\t\t\t\t\t\t\t\t\t\t\t\t\t<\/a>\r\n\t\t\t\t\t\t<\/div>\r\n\r\n\t\t\t\t\t\t\r\n\t\t\t\t\t\t\t\t\t\t\t\t\t\t\t\t\t\r\n\t\t\t\t\t\t\r\n\t\t\t\t\t\t<div class=\"sev-diaporama-portfolio-item  limitsm btnseeall btnseeall-xl col-12 col-md  last-visible\">\r\n\t\t\t\t\t\t\t<a href=\"https:\/\/mirabel-prairiesdelamer.com\/de\/camping-normandie-photos\/\"  style=\"background-image: url(https:\/\/mirabel-prairiesdelamer.com\/wp-content\/uploads\/2022\/02\/jardin-plantes-caen-orangerie-1024x683.jpg)\">\r\n\t\t\t\t\t\t\t\t<img decoding=\"async\" src=\"https:\/\/mirabel-prairiesdelamer.com\/wp-content\/uploads\/2022\/02\/jardin-plantes-caen-orangerie-1024x683.jpg\" alt=\"Pflanzengarten in Caen\" loading=\"lazy\">\r\n\t\t\t\t\t\t\t\t\t\t\t\t\t\t\t\t\t<img decoding=\"async\" src=\"https:\/\/mirabel-prairiesdelamer.com\/wp-content\/themes\/mirabel-site\/assets\/img\/voir-photos.png\" alt=\"\" \/>\r\n\t\t\t\t\t\t\t\t\t<span>Alle Fotos anzeigen<\/span>\r\n\t\t\t\t\t\t\t\t\t\t\t\t\t\t\t<\/a>\r\n\t\t\t\t\t\t<\/div>\r\n\r\n\t\t\t\t\t\t\t\t\t\t\t\t\t<div class=\"w-100\"><\/div>\r\n\t\t\t\t\t\t\t\t\t\t\t\t\t\r\n\t\t\t\t\t\t\t\t\t\t\t\t\t\t\t\t\t\t\t\t\t<\/div>\r\n\t\t\t<\/div>\r\n\r\n\t\t\t<script>\r\n\t\t\tjQuery(function($) {\r\n\r\n\t\t\t\tvar marginPortfolio = function() {\r\n\r\n\t\t\t\t\tvar $diapo          = $('#sevgallery-1811920866');\r\n\t\t\t\t\tvar container_width = $diapo.parent().outerWidth();\r\n\t\t\t\t\tvar side            = ( $(window).innerWidth() - container_width ) \/ 2;\r\n\r\n\t\t\t\t\t$diapo.css( {\r\n\t\t\t\t\t\t'margin-left': '-' + side + 'px',\r\n\t\t\t\t\t\t'margin-right': '-' + side + 'px',\r\n\t\t\t\t\t} );\r\n\t\t\t\t};\r\n\r\n\t\t\t\t$( window ).resize( function() {\r\n\t\t\t\t\tmarginPortfolio();\r\n\t\t\t\t} );\r\n\t\t\t\tmarginPortfolio();\r\n\t\t\t});\r\n\t\t\t<\/script>","protected":false},"excerpt":{"rendered":"<p>Caen in Calvados: een stad met vele facetten! A 15 minutes \u00e0 peine de votre camping 4 \u00e9toiles, d\u00e9couvrez la [&hellip;]<\/p>\n","protected":false},"author":1,"featured_media":0,"parent":0,"menu_order":0,"comment_status":"closed","ping_status":"closed","template":"","meta":{"_seopress_robots_primary_cat":"","_seopress_titles_title":"Camping proche Caen en Calvados 14 - Normandie","_seopress_titles_desc":"A 15 minute \u00e0 peine de votre camping 4 \u00e9toiles, d\u00e9couvrez la magnifique ville de Caen. Riche d\u2019un patrimoine touristique et culturel exceptionnel !","_seopress_robots_index":"","footnotes":""},"class_list":["post-9746","page","type-page","status-publish","hentry"],"_links":{"self":[{"href":"https:\/\/mirabel-prairiesdelamer.com\/de\/wp-json\/wp\/v2\/pages\/9746","targetHints":{"allow":["GET"]}}],"collection":[{"href":"https:\/\/mirabel-prairiesdelamer.com\/de\/wp-json\/wp\/v2\/pages"}],"about":[{"href":"https:\/\/mirabel-prairiesdelamer.com\/de\/wp-json\/wp\/v2\/types\/page"}],"author":[{"embeddable":true,"href":"https:\/\/mirabel-prairiesdelamer.com\/de\/wp-json\/wp\/v2\/users\/1"}],"replies":[{"embeddable":true,"href":"https:\/\/mirabel-prairiesdelamer.com\/de\/wp-json\/wp\/v2\/comments?post=9746"}],"version-history":[{"count":7,"href":"https:\/\/mirabel-prairiesdelamer.com\/de\/wp-json\/wp\/v2\/pages\/9746\/revisions"}],"predecessor-version":[{"id":18108,"href":"https:\/\/mirabel-prairiesdelamer.com\/de\/wp-json\/wp\/v2\/pages\/9746\/revisions\/18108"}],"wp:attachment":[{"href":"https:\/\/mirabel-prairiesdelamer.com\/de\/wp-json\/wp\/v2\/media?parent=9746"}],"curies":[{"name":"wp","href":"https:\/\/api.w.org\/{rel}","templated":true}]}}