{"id":77,"date":"2021-12-10T14:28:16","date_gmt":"2021-12-10T13:28:16","guid":{"rendered":"https:\/\/www.campinglarenaudiere.com\/?page_id=77"},"modified":"2024-06-06T14:25:16","modified_gmt":"2024-06-06T12:25:16","slug":"ouistreham","status":"publish","type":"page","link":"https:\/\/mirabel-prairiesdelamer.com\/de\/ouistreham\/","title":{"rendered":"Zugang"},"content":{"rendered":"<h1 class=\"wp-block-heading\" id=\"acces\">Anreise zum Campingplatz Les Prairies de la Mer<\/h1>\n\n\n\n<div class=\"wp-block-group is-layout-flow wp-block-group-is-layout-flow\">\n<p class=\"has-text-align-center\">Der Campingplatz Les Prairies de la Mer, liegt im D\u00e9partement Calvados (14) in der Basse-Normandie, in Ouistreham, an der C\u00f4te de Nacre.<br><strong>GPS-Koordinaten:<\/strong>&nbsp;Breitengrad 49,28551; L\u00e4ngengrad -0,269959<\/p>\n\n\n\n<figure class=\"wp-block-image aligncenter size-full is-resized\"><img decoding=\"async\" src=\"https:\/\/www.mirabel-prairiesdelamer.com\/wp-content\/uploads\/2022\/01\/barre-bleue.png\" alt=\"\" class=\"wp-image-2382\" style=\"width:50px;height:8px\"\/><\/figure>\n<\/div>\n\n\n\n<div class=\"wp-block-columns is-layout-flex wp-container-core-columns-is-layout-28f84493 wp-block-columns-is-layout-flex\">\n<div class=\"wp-block-column is-vertically-aligned-center is-layout-flow wp-block-column-is-layout-flow\" style=\"flex-basis:40%\">\n<div style=\"height:21px\" aria-hidden=\"true\" class=\"wp-block-spacer\"><\/div>\n\n\n\n<div class=\"wp-block-group border border-info card pt-4 is-layout-flow wp-block-group-is-layout-flow\">\n<div class=\"wp-block-group is-layout-flow wp-block-group-is-layout-flow\">\n<p class=\"has-text-align-center\"><strong><strong>Campingplatz les Prairies de la Mer<\/strong> <br><\/strong>4, all\u00e9e des Prairies de la mer (Allee der Meereswiesen)<br>14150 OUISTREHAM<\/p>\n<\/div>\n\n\n\n<div style=\"height:15px\" aria-hidden=\"true\" class=\"wp-block-spacer\"><\/div>\n\n\n\n<p class=\"has-text-align-center\"><strong>Neben dem Campingplatz :<\/strong> <br>Internationaler Hafen von Ouistreham - 2 km <br>Bahnhof Caen - 17 km<br>Flughafen Carpiquet - 25km<\/p>\n\n\n\n<div style=\"height:13px\" aria-hidden=\"true\" class=\"wp-block-spacer\"><\/div>\n\n\n\n<div class=\"wp-block-buttons is-horizontal is-content-justification-center is-layout-flex wp-container-core-buttons-is-layout-03627597 wp-block-buttons-is-layout-flex\">\n<div class=\"wp-block-button\"><a class=\"wp-block-button__link has-turquoise-background-color has-background wp-element-button\" href=\"https:\/\/mirabel-prairiesdelamer.com\/de\/camping-kontakt\/\" target=\"_blank\" rel=\"noreferrer noopener\">Kontakt<\/a><\/div>\n<\/div>\n\n\n\n<div style=\"height:21px\" aria-hidden=\"true\" class=\"wp-block-spacer\"><\/div>\n<\/div>\n\n\n\n<div style=\"height:27px\" aria-hidden=\"true\" class=\"wp-block-spacer\"><\/div>\n<\/div>\n\n\n\n<div class=\"wp-block-column is-layout-flow wp-block-column-is-layout-flow\" style=\"flex-basis:60%\">\n<iframe src=\"https:\/\/www.google.com\/maps\/embed?pb=!1m18!1m12!1m3!1d166561.81862578954!2d-0.4099276904192529!3d49.2853324785043!2m3!1f0!2f0!3f0!3m2!1i1024!2i768!4f13.1!3m3!1m2!1s0x480a6406aaaaaaab%3A0x79ed0df635c388a9!2sCamping%20Calvados%20%7C%20Domaine%20Les%20Prairies%20de%20la%20Mer!5e0!3m2!1sfr!2sfr!4v1645031389714!5m2!1sfr!2sfr\" style=\"border:0;\" allowfullscreen=\"\" loading=\"lazy\" width=\"100%\" height=\"350\"><\/iframe>\n<\/div>\n<\/div>\n\n\n\n<figure class=\"wp-block-image alignright size-full is-resized\"><img loading=\"lazy\" decoding=\"async\" width=\"320\" height=\"329\" src=\"https:\/\/www.mirabel-prairiesdelamer.com\/wp-content\/uploads\/2022\/01\/etoile.png\" alt=\"\" class=\"wp-image-2111\" style=\"width:160px;height:165px\" srcset=\"https:\/\/mirabel-prairiesdelamer.com\/wp-content\/uploads\/2022\/01\/etoile.png 320w, https:\/\/mirabel-prairiesdelamer.com\/wp-content\/uploads\/2022\/01\/etoile-292x300.png 292w\" sizes=\"auto, (max-width: 320px) 100vw, 320px\" \/><\/figure>\n\n\n\n<p class=\"texte-rond has-orange-color has-text-color has-large-font-size\">Unsere Routentipps f\u00fcr die Anreise nach Ouistreham<\/p>\n\n\n\n<p><strong>Auf dem Weg nach Paris<\/strong>&nbsp;: A13: 2 Stunden von Paris - 254 km Autoroute de Normandie: Richtung Paris-Rouen-Caen-Ouistreham Car Ferry - Ausfahrt Nr. 3 (Porte d'Angleterre) Ouistreham Car Ferry (nach dem Viadukt von Caen), Richtung Ouistreham Car Ferry folgen.<\/p>\n\n\n\n<p><strong>\u00dcber die Stra\u00dfe von Caen<\/strong>: D 515 dann D 514 (4 Spuren) - 15 km folgen Sie der Richtung Ouistreham Car Ferry<\/p>\n\n\n\n<p><strong>Auf der Stra\u00dfe nach Bayeux<\/strong>&nbsp;: N 13 : 40 km - Folgen Sie der Richtung Caen, auf der Ringstra\u00dfe Ausfahrt Nr. 3 (Porte d'Angleterre), dann Richtung Ouistreham Car Ferry. Oder D 516 (40 km), um nach Arromanches zu gelangen, dann der D 514 Richtung Ouistreham Car Ferry folgen.<\/p>\n\n\n\n<p><strong>Aus Deauville-Trouville-Cabourg<\/strong>&nbsp;D 513 und D 514 - 38 km - Von Trouville-Deauville aus folgen Sie der D 513 Richtung Cabourg. Von Cabourg aus folgen Sie der D 514 Richtung Ouistreham Car Ferry (\u00dcberquerung der Pegasus Bridge in B\u00e9nouville).<\/p>\n\n\n\n<p><strong>Mit dem Zug<\/strong>&nbsp;: SNCF-Zugang Bahnhof Caen<br><strong>Mit dem Flugzeug<\/strong>&nbsp;: Flughafen Caen - Carpiquet<br><strong>Mit dem Boot <\/strong>: BRITTANY FERRIES in Caen-Ouistreham, Linie CAEN-PORTSMOUTH<\/p>\n\n\n\n<p><\/p>\n\n\n\n<p class=\"has-text-align-center texte-rond mt-5 has-large-font-size\">Was es auf dem Campingplatz zu entdecken gibt<\/p>\n\n\n\n<div class=\"wp-block-columns are-vertically-aligned-center h-20 front-page-section grey is-layout-flex wp-container-core-columns-is-layout-28f84493 wp-block-columns-is-layout-flex\">\n<div class=\"wp-block-column is-layout-flow wp-block-column-is-layout-flow\"><\/div>\n\n\n\n<div class=\"wp-block-column is-layout-flow wp-block-column-is-layout-flow\">\n<div class=\"wp-block-create-block-sevgutenberg-navigation\"><aside class=\"encart-sev-navigation small carre\"><a href=\"https:\/\/mirabel-prairiesdelamer.com\/de\/camping-kontakt\/\" class=\"d-flex flex-column align-items-center\"><div class=\"encart-title\"><span>Kontakt<\/span><\/div><div class=\"vague\"><\/div><img decoding=\"async\" src=\"https:\/\/mirabel-prairiesdelamer.com\/wp-content\/uploads\/2022\/02\/accueil-reception-carte.jpg\" alt=\"Rezeption des Campingplatzes\"\/><div class=\"ligne\"><\/div><div class=\"hover\"><\/div><\/a><\/aside><\/div>\n<\/div>\n\n\n\n<div class=\"wp-block-column is-layout-flow wp-block-column-is-layout-flow\">\n<div class=\"wp-block-create-block-sevgutenberg-navigation\"><aside class=\"encart-sev-navigation small carre\"><a href=\"https:\/\/mirabel-prairiesdelamer.com\/de\/ouistreham\/\" class=\"d-flex flex-column align-items-center\"><div class=\"encart-title\"><span>Ouistreham<\/span><\/div><div class=\"vague\"><\/div><img decoding=\"async\" src=\"https:\/\/mirabel-prairiesdelamer.com\/wp-content\/uploads\/2022\/02\/plag-ouistreham-cabines.jpg\" alt=\"Strand von Ouistreham\"\/><div class=\"ligne\"><\/div><div class=\"hover\"><\/div><\/a><\/aside><\/div>\n<\/div>\n\n\n\n<div class=\"wp-block-column is-layout-flow wp-block-column-is-layout-flow\">\n<div class=\"wp-block-create-block-sevgutenberg-navigation\"><aside class=\"encart-sev-navigation small carre\"><a href=\"https:\/\/mirabel-prairiesdelamer.com\/de\/die-erfahrungen\/\" class=\"d-flex flex-column align-items-center\"><div class=\"encart-title\"><span>Erfahrungen<\/span><\/div><div class=\"vague\"><\/div><img decoding=\"async\" src=\"https:\/\/mirabel-prairiesdelamer.com\/wp-content\/uploads\/2022\/02\/encart-les-experiences.jpg\" alt=\"Erfahrungen in Ouistreham in Calvados\"\/><div class=\"ligne\"><\/div><div class=\"hover\"><\/div><\/a><\/aside><\/div>\n<\/div>\n\n\n\n<div class=\"wp-block-column is-layout-flow wp-block-column-is-layout-flow\"><\/div>\n<\/div>","protected":false},"excerpt":{"rendered":"<p>Venir au camping Les Prairies de la Mer Le camping Les Prairies de la Mer, est situ\u00e9 dans le Calvados [&hellip;]<\/p>\n","protected":false},"author":1,"featured_media":0,"parent":0,"menu_order":0,"comment_status":"closed","ping_status":"closed","template":"","meta":{"_seopress_robots_primary_cat":"","_seopress_titles_title":"Acc\u00e8s au Camping Les Prairies de la Mer Ouistreham","_seopress_titles_desc":"Plan d'acc\u00e8s au camping situ\u00e9 \u00e0 Ouistreham Riva-Bella en Calvados","_seopress_robots_index":"","footnotes":""},"class_list":["post-77","page","type-page","status-publish","hentry"],"_links":{"self":[{"href":"https:\/\/mirabel-prairiesdelamer.com\/de\/wp-json\/wp\/v2\/pages\/77","targetHints":{"allow":["GET"]}}],"collection":[{"href":"https:\/\/mirabel-prairiesdelamer.com\/de\/wp-json\/wp\/v2\/pages"}],"about":[{"href":"https:\/\/mirabel-prairiesdelamer.com\/de\/wp-json\/wp\/v2\/types\/page"}],"author":[{"embeddable":true,"href":"https:\/\/mirabel-prairiesdelamer.com\/de\/wp-json\/wp\/v2\/users\/1"}],"replies":[{"embeddable":true,"href":"https:\/\/mirabel-prairiesdelamer.com\/de\/wp-json\/wp\/v2\/comments?post=77"}],"version-history":[{"count":18,"href":"https:\/\/mirabel-prairiesdelamer.com\/de\/wp-json\/wp\/v2\/pages\/77\/revisions"}],"predecessor-version":[{"id":14093,"href":"https:\/\/mirabel-prairiesdelamer.com\/de\/wp-json\/wp\/v2\/pages\/77\/revisions\/14093"}],"wp:attachment":[{"href":"https:\/\/mirabel-prairiesdelamer.com\/de\/wp-json\/wp\/v2\/media?parent=77"}],"curies":[{"name":"wp","href":"https:\/\/api.w.org\/{rel}","templated":true}]}}