{"id":5462,"date":"2022-02-24T12:28:06","date_gmt":"2022-02-24T11:28:06","guid":{"rendered":"https:\/\/www.domaine-prairiesdelamer.com\/?page_id=5462"},"modified":"2024-06-06T14:23:37","modified_gmt":"2024-06-06T12:23:37","slug":"camping-calvados-aktivitaten","status":"publish","type":"page","link":"https:\/\/mirabel-prairiesdelamer.com\/de\/camping-calvados-activites\/","title":{"rendered":"Calvados"},"content":{"rendered":"<h1 class=\"wp-block-heading\">Tourismus im Calvados: Aktivit\u00e4ten f\u00fcr die ganze Familie<\/h1>\n\n\n\n<div class=\"wp-block-media-text alignwide has-media-on-the-right is-stacked-on-mobile is-vertically-aligned-center\"><div class=\"wp-block-media-text__content\">\n<h2 class=\"wp-block-heading\">Cap vers l'Ouest - Reiche Geschichte im Calvados<\/h2>\n\n\n\n<figure class=\"wp-block-image size-full\"><img decoding=\"async\" src=\"https:\/\/www.mirabel-prairiesdelamer.com\/wp-content\/uploads\/2022\/01\/barre-bleue.png\" alt=\"\" class=\"wp-image-2382\"\/><\/figure>\n\n\n\n<p>Tanken Sie Geschichte mit den <strong><a href=\"https:\/\/mirabel-prairiesdelamer.com\/de\/gedenktourismus\/\" data-type=\"page\" data-id=\"267\">Landungsstr\u00e4nde<\/a> <\/strong>und die vielen Museen, die dem Zweiten Weltkrieg gewidmet sind. Klettern Sie auf den Klippen von\u2019<strong>Arromanches<\/strong> und betrachten Sie die \u00dcberreste des k\u00fcnstlichen Hafens unterhalb. Fahren Sie weiter nach Colleville-sur-Mer und gehen Sie emotional ber\u00fchrt durch die Alleen des amerikanischen Friedhofs von\u2019<strong>Omaha Beach <\/strong>der den Strand \u00fcberblickt. Sind Sie bereit, durch die Epochen zu reisen? Dann begeben Sie sich in die mittelalterliche Stadt Bayeux und erleben Sie die ber\u00fchmte Schlacht von Hastings im <strong><a href=\"https:\/\/www.bayeuxmuseum.com\/la-tapisserie-de-bayeux\/\" data-type=\"page\" target=\"_blank\" rel=\"noreferrer noopener\">Museum f\u00fcr den Wandteppich von Bayeux<\/a><\/strong>.<\/p>\n<\/div><figure class=\"wp-block-media-text__media\"><img loading=\"lazy\" decoding=\"async\" width=\"1024\" height=\"683\" src=\"https:\/\/www.mirabel-prairiesdelamer.com\/wp-content\/uploads\/2022\/02\/Cimetiere-americain-Colleville-1024x683.jpg\" alt=\"amerikanischer Friedhof Colleville\" class=\"wp-image-5179 size-full\" srcset=\"https:\/\/mirabel-prairiesdelamer.com\/wp-content\/uploads\/2022\/02\/Cimetiere-americain-Colleville-1024x683.jpg 1024w, https:\/\/mirabel-prairiesdelamer.com\/wp-content\/uploads\/2022\/02\/Cimetiere-americain-Colleville-300x200.jpg 300w, https:\/\/mirabel-prairiesdelamer.com\/wp-content\/uploads\/2022\/02\/Cimetiere-americain-Colleville-768x512.jpg 768w, https:\/\/mirabel-prairiesdelamer.com\/wp-content\/uploads\/2022\/02\/Cimetiere-americain-Colleville.jpg 1200w\" sizes=\"auto, (max-width: 1024px) 100vw, 1024px\" \/><\/figure><\/div>\n\n\n\n<div style=\"height:20px\" aria-hidden=\"true\" class=\"wp-block-spacer\"><\/div>\n\n\n\n<div class=\"wp-block-media-text alignwide is-stacked-on-mobile is-vertically-aligned-center\"><figure class=\"wp-block-media-text__media\"><img loading=\"lazy\" decoding=\"async\" width=\"1024\" height=\"683\" src=\"https:\/\/www.mirabel-prairiesdelamer.com\/wp-content\/uploads\/2022\/06\/honfleur-calvados-normandie-1024x683.jpg\" alt=\"spaziergang in ouistreham\" class=\"wp-image-5000 size-full\" srcset=\"https:\/\/mirabel-prairiesdelamer.com\/wp-content\/uploads\/2022\/06\/honfleur-calvados-normandie-1024x683.jpg 1024w, https:\/\/mirabel-prairiesdelamer.com\/wp-content\/uploads\/2022\/06\/honfleur-calvados-normandie-300x200.jpg 300w, https:\/\/mirabel-prairiesdelamer.com\/wp-content\/uploads\/2022\/06\/honfleur-calvados-normandie-768x512.jpg 768w, https:\/\/mirabel-prairiesdelamer.com\/wp-content\/uploads\/2022\/06\/honfleur-calvados-normandie.jpg 1200w\" sizes=\"auto, (max-width: 1024px) 100vw, 1024px\" \/><\/figure><div class=\"wp-block-media-text__content\">\n<h2 class=\"wp-block-heading\">Cap vers l'Est - Von Cabourg nach Honfleur<\/h2>\n\n\n\n<figure class=\"wp-block-image size-full\"><img decoding=\"async\" src=\"https:\/\/www.mirabel-prairiesdelamer.com\/wp-content\/uploads\/2022\/01\/barre-bleue.png\" alt=\"\" class=\"wp-image-2382\"\/><\/figure>\n\n\n\n<p>Um durch die Stra\u00dfen der bezaubernden St\u00e4dte an der C\u00f4te Fleurie in der Normandie zu schlendern: Fahren Sie durch den <strong>Grand H\u00f4tel de Cabourg<\/strong> um zur Strandpromenade zu gelangen, schl\u00fcpfen Sie in die Haut eines Filmstars auf <strong>die Planches de Deauville<\/strong> und machen Sie eine Pause in einem Caf\u00e9 rund um den <strong>Vieux Bassin d'Honfleur<\/strong> um die H\u00e4user mit ihren schieferbedeckten Fassaden zu bewundern. <\/p>\n\n\n\n<p>Wagen Sie sich dann in das Pays d'Auge: Hier erwarten Sie bl\u00fchende Apfelb\u00e4ume, normannische K\u00fche und Fachwerkh\u00e4user. &nbsp;<\/p>\n<\/div><\/div>\n\n\n\n<div style=\"height:20px\" aria-hidden=\"true\" class=\"wp-block-spacer\"><\/div>\n\n\n\n<div class=\"wp-block-media-text alignwide has-media-on-the-right is-stacked-on-mobile is-vertically-aligned-center animate right\"><div class=\"wp-block-media-text__content\">\n<h2 class=\"wp-block-heading\">Kurs nach S\u00fcden - Das Mittelalter und die Reliefs der Landschaften des Departements Orne<\/h2>\n\n\n\n<figure class=\"wp-block-image size-full is-resized\"><img decoding=\"async\" src=\"https:\/\/www.mirabel-prairiesdelamer.com\/wp-content\/uploads\/2022\/01\/barre-bleue.png\" alt=\"\" class=\"wp-image-2382\" style=\"width:50px;height:8px\"\/><\/figure>\n\n\n\n<p>Die h\u00fcgeligen und felsigen Landschaften der <strong>Normannische Schweiz<\/strong>, Im S\u00fcden des Departements Calvados gelegen, bieten sie einen gro\u00dfartigen Spielplatz f\u00fcr Wanderer, Kletterer und Paraglider. Die Aussichtspunkte sind atemberaubend!<\/p>\n\n\n\n<p>Und wenn Sie Geschichten von Rittern und Burgen m\u00f6gen, sind die St\u00e4dte von <strong><a href=\"https:\/\/mirabel-prairiesdelamer.com\/de\/camping-caen\/\" data-type=\"page\" data-id=\"69\">Caen<\/a><\/strong> und von <strong>Klippe<\/strong> sind genau das Richtige f\u00fcr Sie! Sto\u00dfen Sie die Tore der Schl\u00f6sser von <strong><a href=\"https:\/\/mirabel-prairiesdelamer.com\/de\/die-erfahrungen\/kultur-und-kulturerbetourismus\/\" data-type=\"page\" data-id=\"895\">Wilhelm der Eroberer<\/a><\/strong> um mehr \u00fcber seine Geschichte zu erfahren und dar\u00fcber, was ihn mit unserer Region Normandie verbindet.<\/p>\n\n\n\n<p>Z\u00f6gern Sie nicht, an der Rezeption des Campingplatzes nach Unterlagen und touristischen Informationen zu fragen.<\/p>\n<\/div><figure class=\"wp-block-media-text__media\"><img loading=\"lazy\" decoding=\"async\" width=\"1024\" height=\"683\" src=\"https:\/\/www.mirabel-prairiesdelamer.com\/wp-content\/uploads\/2022\/06\/suisse-normande-clecly-calvados-1024x683.jpg\" alt=\"Caen Abbaye aux Dames\" class=\"wp-image-5260 size-full\" srcset=\"https:\/\/mirabel-prairiesdelamer.com\/wp-content\/uploads\/2022\/06\/suisse-normande-clecly-calvados-1024x683.jpg 1024w, https:\/\/mirabel-prairiesdelamer.com\/wp-content\/uploads\/2022\/06\/suisse-normande-clecly-calvados-300x200.jpg 300w, https:\/\/mirabel-prairiesdelamer.com\/wp-content\/uploads\/2022\/06\/suisse-normande-clecly-calvados-768x512.jpg 768w, https:\/\/mirabel-prairiesdelamer.com\/wp-content\/uploads\/2022\/06\/suisse-normande-clecly-calvados.jpg 1200w\" sizes=\"auto, (max-width: 1024px) 100vw, 1024px\" \/><\/figure><\/div>\n\n\n\n<p class=\"has-text-align-center texte-rond mt-5 has-large-font-size\">Was es auf dem Campingplatz zu entdecken gibt<\/p>\n\n\n\n<div class=\"wp-block-columns front-page-section grey is-layout-flex wp-container-core-columns-is-layout-28f84493 wp-block-columns-is-layout-flex\">\n<div class=\"wp-block-column is-layout-flow wp-block-column-is-layout-flow\"><\/div>\n\n\n\n<div class=\"wp-block-column is-layout-flow wp-block-column-is-layout-flow\">\n<div class=\"wp-block-create-block-sevgutenberg-navigation\"><aside class=\"encart-sev-navigation small carre\"><a href=\"https:\/\/mirabel-prairiesdelamer.com\/de\/imbissstube\/\" class=\"d-flex flex-column align-items-center\"><div class=\"encart-title\"><span>Die Snackbar<\/span><\/div><div class=\"vague\"><\/div><img decoding=\"async\" src=\"https:\/\/mirabel-prairiesdelamer.com\/wp-content\/uploads\/2023\/02\/snack-bar-cocktail.jpg\" alt=\"Cocktail Snackbar Strohh\u00fctte Sommer\"\/><div class=\"ligne\"><\/div><div class=\"hover\"><\/div><\/a><\/aside><\/div>\n<\/div>\n\n\n\n<div class=\"wp-block-column is-vertically-aligned-center is-layout-flow wp-block-column-is-layout-flow\">\n<div class=\"wp-block-create-block-sevgutenberg-navigation\"><aside class=\"encart-sev-navigation small carre\"><a href=\"https:\/\/mirabel-prairiesdelamer.com\/de\/animationen-juli-august\/\" class=\"d-flex flex-column align-items-center\"><div class=\"encart-title\"><span>Animationen<\/span><\/div><div class=\"vague\"><\/div><img decoding=\"async\" src=\"https:\/\/mirabel-prairiesdelamer.com\/wp-content\/uploads\/2023\/02\/danse-camping-piscine-animation.jpg\" alt=\"tanzanimation des campingplatzes sommer\"\/><div class=\"ligne\"><\/div><div class=\"hover\"><\/div><\/a><\/aside><\/div>\n<\/div>\n\n\n\n<div class=\"wp-block-column is-layout-flow wp-block-column-is-layout-flow\">\n<div class=\"wp-block-create-block-sevgutenberg-navigation\"><aside class=\"encart-sev-navigation small carre\"><a href=\"https:\/\/mirabel-prairiesdelamer.com\/de\/camping-calvados-services\/\" class=\"d-flex flex-column align-items-center\"><div class=\"encart-title\"><span>Unsere Dienstleistungen<\/span><\/div><div class=\"vague\"><\/div><img decoding=\"async\" src=\"https:\/\/mirabel-prairiesdelamer.com\/wp-content\/uploads\/2022\/02\/accueil-reception-carte.jpg\" alt=\"Rezeption des Campingplatzes\"\/><div class=\"ligne\"><\/div><div class=\"hover\"><\/div><\/a><\/aside><\/div>\n<\/div>\n\n\n\n<div class=\"wp-block-column is-layout-flow wp-block-column-is-layout-flow\"><\/div>\n<\/div>","protected":false},"excerpt":{"rendered":"<p>Tourismus im Calvados: Aktivit\u00e4ten f\u00fcr die ganze Familie Im Campingplatz zu entdecken<\/p>","protected":false},"author":1,"featured_media":0,"parent":0,"menu_order":0,"comment_status":"closed","ping_status":"closed","template":"","meta":{"_seopress_robots_primary_cat":"","_seopress_titles_title":"Camping Calvados - tourisme et activit\u00e9s pour tous","_seopress_titles_desc":"Pour faire le plein d\u2019Histoire, d\u00e9couvrez les activit\u00e9s touristiques \u00e0 d\u00e9couvrir dans le d\u00e9partement du Calvados.","_seopress_robots_index":"","footnotes":""},"class_list":["post-5462","page","type-page","status-publish","hentry"],"_links":{"self":[{"href":"https:\/\/mirabel-prairiesdelamer.com\/de\/wp-json\/wp\/v2\/pages\/5462","targetHints":{"allow":["GET"]}}],"collection":[{"href":"https:\/\/mirabel-prairiesdelamer.com\/de\/wp-json\/wp\/v2\/pages"}],"about":[{"href":"https:\/\/mirabel-prairiesdelamer.com\/de\/wp-json\/wp\/v2\/types\/page"}],"author":[{"embeddable":true,"href":"https:\/\/mirabel-prairiesdelamer.com\/de\/wp-json\/wp\/v2\/users\/1"}],"replies":[{"embeddable":true,"href":"https:\/\/mirabel-prairiesdelamer.com\/de\/wp-json\/wp\/v2\/comments?post=5462"}],"version-history":[{"count":17,"href":"https:\/\/mirabel-prairiesdelamer.com\/de\/wp-json\/wp\/v2\/pages\/5462\/revisions"}],"predecessor-version":[{"id":14089,"href":"https:\/\/mirabel-prairiesdelamer.com\/de\/wp-json\/wp\/v2\/pages\/5462\/revisions\/14089"}],"wp:attachment":[{"href":"https:\/\/mirabel-prairiesdelamer.com\/de\/wp-json\/wp\/v2\/media?parent=5462"}],"curies":[{"name":"wp","href":"https:\/\/api.w.org\/{rel}","templated":true}]}}