{"id":54,"date":"2021-12-10T14:20:25","date_gmt":"2021-12-10T13:20:25","guid":{"rendered":"https:\/\/www.campinglarenaudiere.com\/?page_id=54"},"modified":"2026-02-25T10:36:40","modified_gmt":"2026-02-25T09:36:40","slug":"campingplatz-normandie-wasserbereich","status":"publish","type":"page","link":"https:\/\/mirabel-prairiesdelamer.com\/de\/camping-normandie-espace-aquatique\/","title":{"rendered":"Wasserpark"},"content":{"rendered":"<h1 class=\"wp-block-heading\" id=\"un-camping-a-ouistreham-avec-piscine-couverte-et-jeux-aquatiques\"><strong>Ein Campingplatz in Ouistreham mit Hallenbad und Wasserspielen<\/strong><\/h1>\n\n\n\n<div class=\"wp-block-group is-layout-flow wp-block-group-is-layout-flow\">\n<p class=\"has-text-align-center\">Je nach Jahreszeit k\u00f6nnen Sie die Schwimmb\u00e4der der \u00abLagune\u00bb auf dem Campingplatz Mirabel les Prairies de la Mer nutzen. <br>Das Hallenbad und sein Entspannungsbereich sind von April bis Oktober ge\u00f6ffnet, das Au\u00dfenbecken \u00f6ffnet von Juni bis September.<\/p>\n\n\n\n<figure class=\"wp-block-image aligncenter size-large is-resized\"><img decoding=\"async\" src=\"https:\/\/mirabel-prairiesdelamer.com\/wp-content\/uploads\/2022\/01\/barre-bleue.png\" alt=\"\"\/><\/figure>\n<\/div>\n\n\n\n<div class=\"wp-block-media-text alignwide has-media-on-the-right is-stacked-on-mobile is-vertically-aligned-center is-image-fill-element\"><div class=\"wp-block-media-text__content\">\n<h2 class=\"wp-block-heading\">Unser beheiztes Schwimmbad in Ouistreham<\/h2>\n\n\n\n<p>Da das Wasser die ganze Saison \u00fcber auf 28\u00b0 C beheizt wird, ist das Hallenbad ideal f\u00fcr ein Bad zu jeder Tageszeit. Die Kleinen k\u00f6nnen im <strong>Planschbecken<\/strong> w\u00e4hrend die Gr\u00f6\u00dferen den <strong>gro\u00dfes Becken <\/strong>und seiner <strong>Balneotherapiebereich<\/strong>. Wenn die Sonne scheint, wird der Pool aufgedeckt, um unter dem blauen Himmel der Normandie zu schwimmen.<\/p>\n\n\n\n<p class=\"has-text-align-center texte-rond has-orange-color has-text-color has-large-font-size\">Wir sehen uns in der Lagune!<\/p>\n\n\n\n<div class=\"wp-block-columns is-layout-flex wp-container-core-columns-is-layout-28f84493 wp-block-columns-is-layout-flex\">\n<div class=\"wp-block-column ml-auto mr-auto is-layout-flow wp-block-column-is-layout-flow\" style=\"flex-basis:80%\">\n<div class=\"wp-block-group border border-info card is-layout-flow wp-block-group-is-layout-flow\">\n<div style=\"height:18px\" aria-hidden=\"true\" class=\"wp-block-spacer\"><\/div>\n\n\n\n<p class=\"has-text-align-center has-orange-color has-text-color has-link-color wp-elements-1d39155e17a7537667f6455fe6be9caa\"><strong>\u00d6ffnungszeiten<\/strong><\/p>\n\n\n\n<p class=\"has-text-align-center\"><strong>Bedeckter Swimmingpool<\/strong> : von April bis Oktober<br><strong>Au\u00dfenpool und Rutschen <\/strong>: von Mitte Juni bis Mitte September <em>(je nach Wetterlage)<\/em><\/p>\n\n\n\n<p class=\"has-text-align-center has-orange-color has-text-color has-link-color wp-elements-d35e02753811a224b2933c07742d47db\"><strong>\u00d6ffnungszeiten<\/strong><\/p>\n\n\n\n<p class=\"has-text-align-center\"><strong>Swimmingpools und Jacuzzi<\/strong><br>10:00 - 18:00 Uhr (19:00 Uhr im Juli und August)<br><strong>Sauna<\/strong><br>10h - 12h<\/p>\n<\/div>\n<\/div>\n<\/div>\n<\/div><figure class=\"wp-block-media-text__media\"><img loading=\"lazy\" decoding=\"async\" width=\"600\" height=\"450\" src=\"https:\/\/mirabel-prairiesdelamer.com\/wp-content\/uploads\/2023\/02\/piscine-exterieure-terrasse-transats.jpg\" alt=\"beheizter Au\u00dfenpool Liegestuhl Strand\" class=\"wp-image-10785 size-full\" style=\"object-position:50% 50%\" srcset=\"https:\/\/mirabel-prairiesdelamer.com\/wp-content\/uploads\/2023\/02\/piscine-exterieure-terrasse-transats.jpg 600w, https:\/\/mirabel-prairiesdelamer.com\/wp-content\/uploads\/2023\/02\/piscine-exterieure-terrasse-transats-300x225.jpg 300w\" sizes=\"auto, (max-width: 600px) 100vw, 600px\" \/><\/figure><\/div>\n\n\n\n<div style=\"height:19px\" aria-hidden=\"true\" class=\"wp-block-spacer\"><\/div>\n\n\n\n<div class=\"wp-block-media-text is-stacked-on-mobile is-vertically-aligned-center is-image-fill-element front-page-section grey\"><figure class=\"wp-block-media-text__media\"><img loading=\"lazy\" decoding=\"async\" width=\"600\" height=\"600\" src=\"https:\/\/mirabel-prairiesdelamer.com\/wp-content\/uploads\/2023\/02\/piscine-exterieure-jeux-eau-1.jpg\" alt=\"Wasserspiele Freibad Campingplatz\" class=\"wp-image-10788 size-full\" style=\"object-position:50% 50%\" srcset=\"https:\/\/mirabel-prairiesdelamer.com\/wp-content\/uploads\/2023\/02\/piscine-exterieure-jeux-eau-1.jpg 600w, https:\/\/mirabel-prairiesdelamer.com\/wp-content\/uploads\/2023\/02\/piscine-exterieure-jeux-eau-1-300x300.jpg 300w, https:\/\/mirabel-prairiesdelamer.com\/wp-content\/uploads\/2023\/02\/piscine-exterieure-jeux-eau-1-150x150.jpg 150w\" sizes=\"auto, (max-width: 600px) 100vw, 600px\" \/><\/figure><div class=\"wp-block-media-text__content\">\n<h2 class=\"wp-block-heading\" id=\"a-l-exterieur-on-s-amuse-dans-les-toboggans-et-les-jeux-d-eau\">Drau\u00dfen vergn\u00fcgt man sich auf Rutschen und Wasserspielen<\/h2>\n\n\n\n<figure class=\"wp-block-image size-large\"><img decoding=\"async\" src=\"https:\/\/mirabel-prairiesdelamer.com\/wp-content\/uploads\/2022\/01\/barre-bleue.png\" alt=\"\"\/><\/figure>\n\n\n\n<p><strong>Von Juni bis September<\/strong>, Sobald die Sonne sich zeigt, treffen sich alle in <strong>das Schwimmbad<\/strong>&nbsp;! W\u00e4hrend einige friedlich auf den Liegest\u00fchlen rund um das Becken liegen, werden andere sich auf einem der<strong> Rutschenpisten. <\/strong>Die Kinder (und sogar die \u00e4lteren Kinder) werden unter den Tropfen der bunten B\u00fcgel und zwischen den <strong>Wasserstrahlen<\/strong>. Damit jeder frei genie\u00dfen kann, landen unsere Rutschen etwas abseits des gro\u00dfen Beckens, so dass die Schwimmer die M\u00f6glichkeit haben <strong>ruhig baden.<\/strong><\/p>\n\n\n\n<figure class=\"wp-block-image alignleft size-large is-resized\"><img decoding=\"async\" src=\"https:\/\/mirabel-prairiesdelamer.com\/wp-content\/uploads\/2022\/01\/eclaboussure.png\" alt=\"Wassersport\" style=\"width:99px;height:auto\"\/><\/figure>\n<\/div><\/div>\n\n\n\n<div class=\"wp-block-media-text alignfull has-media-on-the-right is-stacked-on-mobile is-vertically-aligned-center is-image-fill-element is-style-default animate right\"><div class=\"wp-block-media-text__content\">\n<h2 class=\"wp-block-heading has-text-align-left pt-4\" id=\"sauna-et-jacuzzi\">Sauna und Jacuzzi f\u00fcr einen Wellnessurlaub<\/h2>\n\n\n\n<figure class=\"wp-block-image size-full\"><img loading=\"lazy\" decoding=\"async\" width=\"50\" height=\"8\" src=\"https:\/\/mirabel-prairiesdelamer.com\/wp-content\/uploads\/2024\/06\/barre-bleue.png\" alt=\"\" class=\"wp-image-14200\"\/><\/figure>\n\n\n\n<figure class=\"wp-block-image alignleft size-large is-resized\"><img decoding=\"async\" src=\"https:\/\/mirabel-prairiesdelamer.com\/wp-content\/uploads\/2022\/01\/Smile.png\" alt=\"Gl\u00fcck am Pool\" style=\"width:57px;height:auto\"\/><\/figure>\n\n\n\n<p>Im Urlaub nimmt man sich gerne 100% Entspannungspausen. Gleiten Sie in den Jacuzzi und genie\u00dfen Sie eine <strong>Entspannungsmoment <\/strong>unter der massierenden Wirkung <strong>Wohlf\u00fchlblasen<\/strong>. Sie bevorzugen die Hitze der Sauna? Dann warten Sie nicht l\u00e4nger und entdecken Sie schnell ihre wohltuende Wirkung auf Ihren Organismus.<\/p>\n\n\n\n<p class=\"texte-rond has-orange-color has-text-color has-large-font-size\">Sich im SPA verw\u00f6hnen lassen<\/p>\n\n\n\n<ul class=\"wp-block-list\">\n<li>Auf 30\u00b0 beheizter Whirlpool<\/li>\n\n\n\n<li>Sauna aus Kiefernholz<\/li>\n<\/ul>\n\n\n\n<div class=\"wp-block-group card card-body border border-info is-layout-flow wp-block-group-is-layout-flow\">\n<p class=\"mb-0\" style=\"font-size:0.9rem\"><strong>Wussten Sie schon?<\/strong> <br>Die Sauna ist ein Ritual <strong>aus Finnland<\/strong>. Sie besteht aus abwechselnd hei\u00dfem und kaltem Wasser: Ideal ist es, nach 10 bis 15 Minuten in der Sauna kalt zu duschen. Die Wirkung von Hitze und K\u00e4lte ist besonders gesund f\u00fcr die Haut und diese Praxis wird wegen ihrer zahlreichen Vorteile empfohlen: Stressabbau, St\u00e4rkung der Immunabwehr ... In Les Prairies de la Mer achten wir auf Folgendes <strong>sich um Sie k\u00fcmmern<\/strong> und Sie richtig zu verw\u00f6hnen f\u00fcr Momente 100% Vergn\u00fcgen!<\/p>\n<\/div>\n\n\n\n<div style=\"height:20px\" aria-hidden=\"true\" class=\"wp-block-spacer\"><\/div>\n<\/div><figure class=\"wp-block-media-text__media\"><img loading=\"lazy\" decoding=\"async\" width=\"1024\" height=\"683\" src=\"https:\/\/mirabel-prairiesdelamer.com\/wp-content\/uploads\/2022\/02\/sauna-camping-ouistreham-1024x683.jpg\" alt=\"die Sauna des Campingplatzes in Ouistreham\" class=\"wp-image-4823 size-full\" style=\"object-position:50% 50%\" srcset=\"https:\/\/mirabel-prairiesdelamer.com\/wp-content\/uploads\/2022\/02\/sauna-camping-ouistreham-1024x683.jpg 1024w, https:\/\/mirabel-prairiesdelamer.com\/wp-content\/uploads\/2022\/02\/sauna-camping-ouistreham-300x200.jpg 300w, https:\/\/mirabel-prairiesdelamer.com\/wp-content\/uploads\/2022\/02\/sauna-camping-ouistreham-768x512.jpg 768w, https:\/\/mirabel-prairiesdelamer.com\/wp-content\/uploads\/2022\/02\/sauna-camping-ouistreham.jpg 1200w\" sizes=\"auto, (max-width: 1024px) 100vw, 1024px\" \/><\/figure><\/div>\n\n\n\n<div style=\"height:30px\" aria-hidden=\"true\" class=\"wp-block-spacer\"><\/div>\n\n\n\n<div class=\"wp-block-media-text is-stacked-on-mobile is-vertically-aligned-center mt-xl-0\"><figure class=\"wp-block-media-text__media\"><img loading=\"lazy\" decoding=\"async\" width=\"700\" height=\"467\" src=\"https:\/\/mirabel-prairiesdelamer.com\/wp-content\/uploads\/2023\/04\/piscine-sanitaire-camping-ouistreham.jpg\" alt=\"sanit\u00e4re Anlagen und Umkleidekabinen Hallenbad ouistreham camping\" class=\"wp-image-11294 size-full\" srcset=\"https:\/\/mirabel-prairiesdelamer.com\/wp-content\/uploads\/2023\/04\/piscine-sanitaire-camping-ouistreham.jpg 700w, https:\/\/mirabel-prairiesdelamer.com\/wp-content\/uploads\/2023\/04\/piscine-sanitaire-camping-ouistreham-300x200.jpg 300w\" sizes=\"auto, (max-width: 700px) 100vw, 700px\" \/><\/figure><div class=\"wp-block-media-text__content\">\n<h2 class=\"wp-block-heading\" id=\"a-l-exterieur-on-s-amuse-dans-les-toboggans-et-les-jeux-d-eau\">Ein Garderobenbereich f\u00fcr noch mehr Komfort<\/h2>\n\n\n\n<figure class=\"wp-block-image size-full\"><img loading=\"lazy\" decoding=\"async\" width=\"50\" height=\"8\" src=\"https:\/\/mirabel-prairiesdelamer.com\/wp-content\/uploads\/2024\/06\/barre-bleue.png\" alt=\"\" class=\"wp-image-14200\"\/><\/figure>\n\n\n\n<p>Zu sehr in Eile, um unseren gro\u00dfen Familienpool zu nutzen, und keine Zeit gehabt, sich in Ihrem Mobilheim umzuziehen? Das ist kein Grund zur Panik! Zwischen dem Hallenbad und der Sauna ist unser Campingplatz ausgestattet mit <strong>gro\u00dfe Umkleider\u00e4ume <\/strong>eingerichtet mit <strong>Duschen,<\/strong> Toilette und<strong> gesicherte Schlie\u00dff\u00e4cher <\/strong>um Ihre pers\u00f6nlichen Gegenst\u00e4nde w\u00e4hrend des Schwimmens zu verstauen! Genie\u00dfen Sie Ihre Lieblingszeit des Tages in aller Ruhe.<\/p>\n<\/div><\/div>\n\n\n\n<p class=\"has-text-align-center texte-rond mt-5 has-large-font-size\">Was es auf dem Campingplatz zu entdecken gibt<\/p>\n\n\n\n<div class=\"wp-block-columns front-page-section grey is-layout-flex wp-container-core-columns-is-layout-28f84493 wp-block-columns-is-layout-flex\">\n<div class=\"wp-block-column is-layout-flow wp-block-column-is-layout-flow\"><\/div>\n\n\n\n<div class=\"wp-block-column is-layout-flow wp-block-column-is-layout-flow\">\n<div class=\"wp-block-create-block-sevgutenberg-navigation\"><aside class=\"encart-sev-navigation small carre\"><a href=\"https:\/\/mirabel-prairiesdelamer.com\/de\/imbissstube\/\" class=\"d-flex flex-column align-items-center\"><div class=\"encart-title\"><span>Die Snackbar<\/span><\/div><div class=\"vague\"><\/div><img decoding=\"async\" src=\"https:\/\/mirabel-prairiesdelamer.com\/wp-content\/uploads\/2022\/02\/encart-snack-bar.jpg\" alt=\"snack-bar ouistreham\"\/><div class=\"ligne\"><\/div><div class=\"hover\"><\/div><\/a><\/aside><\/div>\n<\/div>\n\n\n\n<div class=\"wp-block-column is-vertically-aligned-center is-layout-flow wp-block-column-is-layout-flow\">\n<div class=\"wp-block-create-block-sevgutenberg-navigation\"><aside class=\"encart-sev-navigation small carre\"><a href=\"https:\/\/mirabel-prairiesdelamer.com\/de\/animationen-juli-august\/\" class=\"d-flex flex-column align-items-center\"><div class=\"encart-title\"><span>Animationen<\/span><\/div><div class=\"vague\"><\/div><img decoding=\"async\" src=\"https:\/\/mirabel-prairiesdelamer.com\/wp-content\/uploads\/2023\/02\/danse-camping-piscine-animation.jpg\" alt=\"tanzanimation des campingplatzes sommer\"\/><div class=\"ligne\"><\/div><div class=\"hover\"><\/div><\/a><\/aside><\/div>\n<\/div>\n\n\n\n<div class=\"wp-block-column is-layout-flow wp-block-column-is-layout-flow\">\n<div class=\"wp-block-create-block-sevgutenberg-navigation\"><aside class=\"encart-sev-navigation small carre\"><a href=\"https:\/\/mirabel-prairiesdelamer.com\/de\/camping-calvados-services\/\" class=\"d-flex flex-column align-items-center\"><div class=\"encart-title\"><span>Unsere Dienstleistungen<\/span><\/div><div class=\"vague\"><\/div><img decoding=\"async\" src=\"https:\/\/mirabel-prairiesdelamer.com\/wp-content\/uploads\/2022\/02\/accueil-reception-carte.jpg\" alt=\"Rezeption des Campingplatzes\"\/><div class=\"ligne\"><\/div><div class=\"hover\"><\/div><\/a><\/aside><\/div>\n<\/div>\n\n\n\n<div class=\"wp-block-column is-layout-flow wp-block-column-is-layout-flow\"><\/div>\n<\/div>\n\n\n\n<figure class=\"wp-block-image aligncenter size-large is-resized mt-5\"><img decoding=\"async\" src=\"https:\/\/mirabel-prairiesdelamer.com\/wp-content\/uploads\/2022\/01\/photo-1024x84.png\" alt=\"Fotogalerie\"\/><\/figure>\n\n\n\t\t\t<div id=\"sevgallery-1579971061\" class=\"sev-diaporama sev-diaporama-portfolio\">\r\n\t\t\t\t<div class=\"row\">\r\n\r\n\t\t\t\t\t\r\n\t\t\t\t\t\t\r\n\t\t\t\t\t\t<div class=\"sev-diaporama-portfolio-item   btnseeall btnseeall-xl col-12 col-md  col-grow\">\r\n\t\t\t\t\t\t\t<a href=\"https:\/\/mirabel-prairiesdelamer.com\/wp-content\/uploads\/2022\/02\/aquaforme-piscine-1024x683.jpg\" data-lightbox=\"sevgallery-1579971061\" style=\"background-image: url(https:\/\/mirabel-prairiesdelamer.com\/wp-content\/uploads\/2022\/02\/aquaforme-piscine-1024x683.jpg)\">\r\n\t\t\t\t\t\t\t\t<img decoding=\"async\" src=\"https:\/\/mirabel-prairiesdelamer.com\/wp-content\/uploads\/2022\/02\/aquaforme-piscine-1024x683.jpg\" alt=\"Aquafitness Pool\" loading=\"lazy\">\r\n\t\t\t\t\t\t\t\t\t\t\t\t\t\t\t<\/a>\r\n\t\t\t\t\t\t<\/div>\r\n\r\n\t\t\t\t\t\t\r\n\t\t\t\t\t\t\t\t\t\t\t\t\t\t\t\t\t\r\n\t\t\t\t\t\t\r\n\t\t\t\t\t\t<div class=\"sev-diaporama-portfolio-item   btnseeall btnseeall-xl col-12 col-md\">\r\n\t\t\t\t\t\t\t<a href=\"https:\/\/mirabel-prairiesdelamer.com\/wp-content\/uploads\/2024\/01\/surveillance-piscine-ete.jpg\" data-lightbox=\"sevgallery-1579971061\" style=\"background-image: url(https:\/\/mirabel-prairiesdelamer.com\/wp-content\/uploads\/2024\/01\/surveillance-piscine-ete.jpg)\">\r\n\t\t\t\t\t\t\t\t<img decoding=\"async\" src=\"https:\/\/mirabel-prairiesdelamer.com\/wp-content\/uploads\/2024\/01\/surveillance-piscine-ete.jpg\" alt=\"Poolaufsicht Bademeister Sommer\" loading=\"lazy\">\r\n\t\t\t\t\t\t\t\t\t\t\t\t\t\t\t<\/a>\r\n\t\t\t\t\t\t<\/div>\r\n\r\n\t\t\t\t\t\t\r\n\t\t\t\t\t\t\t\t\t\t\t\t\t\t\t\t\t\r\n\t\t\t\t\t\t\r\n\t\t\t\t\t\t<div class=\"sev-diaporama-portfolio-item   btnseeall btnseeall-xl col-12 col-md  col-shrink\">\r\n\t\t\t\t\t\t\t<a href=\"https:\/\/mirabel-prairiesdelamer.com\/wp-content\/uploads\/2022\/02\/jacuzzi-camping-1024x683.jpg\" data-lightbox=\"sevgallery-1579971061\" style=\"background-image: url(https:\/\/mirabel-prairiesdelamer.com\/wp-content\/uploads\/2022\/02\/jacuzzi-camping-1024x683.jpg)\">\r\n\t\t\t\t\t\t\t\t<img decoding=\"async\" src=\"https:\/\/mirabel-prairiesdelamer.com\/wp-content\/uploads\/2022\/02\/jacuzzi-camping-1024x683.jpg\" alt=\"camping mit jacuzzi\" loading=\"lazy\">\r\n\t\t\t\t\t\t\t\t\t\t\t\t\t\t\t<\/a>\r\n\t\t\t\t\t\t<\/div>\r\n\r\n\t\t\t\t\t\t\r\n\t\t\t\t\t\t\t\t\t\t\t\t\t\t\t\t\t\r\n\t\t\t\t\t\t\r\n\t\t\t\t\t\t<div class=\"sev-diaporama-portfolio-item   btnseeall btnseeall-xl col-12 col-md  col-grow\">\r\n\t\t\t\t\t\t\t<a href=\"https:\/\/mirabel-prairiesdelamer.com\/wp-content\/uploads\/2024\/01\/piscine-exterieure-toboggan-lagon.jpg\" data-lightbox=\"sevgallery-1579971061\" style=\"background-image: url(https:\/\/mirabel-prairiesdelamer.com\/wp-content\/uploads\/2024\/01\/piscine-exterieure-toboggan-lagon.jpg)\">\r\n\t\t\t\t\t\t\t\t<img decoding=\"async\" src=\"https:\/\/mirabel-prairiesdelamer.com\/wp-content\/uploads\/2024\/01\/piscine-exterieure-toboggan-lagon.jpg\" alt=\"beheizter Au\u00dfenpool\" loading=\"lazy\">\r\n\t\t\t\t\t\t\t\t\t\t\t\t\t\t\t<\/a>\r\n\t\t\t\t\t\t<\/div>\r\n\r\n\t\t\t\t\t\t\t\t\t\t\t\t\t<div class=\"w-100\"><\/div>\r\n\t\t\t\t\t\t\t\t\t\t\t\t\t\r\n\t\t\t\t\t\t\t\t\t\t\t\t\t\t\t\t\t\r\n\t\t\t\t\t\t\r\n\t\t\t\t\t\t<div class=\"sev-diaporama-portfolio-item   btnseeall btnseeall-xl col-12 col-md  col-shrink\">\r\n\t\t\t\t\t\t\t<a href=\"https:\/\/mirabel-prairiesdelamer.com\/wp-content\/uploads\/2022\/02\/piscine-repos-adultes-1024x683.jpg\" data-lightbox=\"sevgallery-1579971061\" style=\"background-image: url(https:\/\/mirabel-prairiesdelamer.com\/wp-content\/uploads\/2022\/02\/piscine-repos-adultes-1024x683.jpg)\">\r\n\t\t\t\t\t\t\t\t<img decoding=\"async\" src=\"https:\/\/mirabel-prairiesdelamer.com\/wp-content\/uploads\/2022\/02\/piscine-repos-adultes-1024x683.jpg\" alt=\"Erholung im Pool\" loading=\"lazy\">\r\n\t\t\t\t\t\t\t\t\t\t\t\t\t\t\t<\/a>\r\n\t\t\t\t\t\t<\/div>\r\n\r\n\t\t\t\t\t\t\r\n\t\t\t\t\t\t\t\t\t\t\t\t\t\t\t\t\t\r\n\t\t\t\t\t\t\r\n\t\t\t\t\t\t<div class=\"sev-diaporama-portfolio-item   btnseeall btnseeall-xl col-12 col-md  col-shrink\">\r\n\t\t\t\t\t\t\t<a href=\"https:\/\/mirabel-prairiesdelamer.com\/de\/camping-normandie-photos\/\"  style=\"background-image: url(https:\/\/mirabel-prairiesdelamer.com\/wp-content\/uploads\/2022\/02\/piscine-mere-fille-1024x683.jpg)\">\r\n\t\t\t\t\t\t\t\t<img decoding=\"async\" src=\"https:\/\/mirabel-prairiesdelamer.com\/wp-content\/uploads\/2022\/02\/piscine-mere-fille-1024x683.jpg\" alt=\"Spiele im Au\u00dfenpool des Campingplatzes\" loading=\"lazy\">\r\n\t\t\t\t\t\t\t\t\t\t\t\t\t\t\t<\/a>\r\n\t\t\t\t\t\t<\/div>\r\n\r\n\t\t\t\t\t\t\r\n\t\t\t\t\t\t\t\t\t\t\t\t\t\t\t\t\t\r\n\t\t\t\t\t\t\r\n\t\t\t\t\t\t<div class=\"sev-diaporama-portfolio-item   btnseeall btnseeall-xl col-12 col-md  col-shrink\">\r\n\t\t\t\t\t\t\t<a href=\"https:\/\/mirabel-prairiesdelamer.com\/wp-content\/uploads\/2024\/01\/piscine-pataugeoire-bebe.jpg\" data-lightbox=\"sevgallery-1579971061\" style=\"background-image: url(https:\/\/mirabel-prairiesdelamer.com\/wp-content\/uploads\/2024\/01\/piscine-pataugeoire-bebe.jpg)\">\r\n\t\t\t\t\t\t\t\t<img decoding=\"async\" src=\"https:\/\/mirabel-prairiesdelamer.com\/wp-content\/uploads\/2024\/01\/piscine-pataugeoire-bebe.jpg\" alt=\"Planschbecken und Rutsche f\u00fcr Kinder\" loading=\"lazy\">\r\n\t\t\t\t\t\t\t\t\t\t\t\t\t\t\t<\/a>\r\n\t\t\t\t\t\t<\/div>\r\n\r\n\t\t\t\t\t\t\r\n\t\t\t\t\t\t\t\t\t\t\t\t\t\t\t\t\t\r\n\t\t\t\t\t\t\r\n\t\t\t\t\t\t<div class=\"sev-diaporama-portfolio-item   btnseeall btnseeall-xl col-12 col-md  col-grow\">\r\n\t\t\t\t\t\t\t<a href=\"https:\/\/mirabel-prairiesdelamer.com\/wp-content\/uploads\/2024\/01\/piscine-exterieure-jeux-eau.jpg\" data-lightbox=\"sevgallery-1579971061\" style=\"background-image: url(https:\/\/mirabel-prairiesdelamer.com\/wp-content\/uploads\/2024\/01\/piscine-exterieure-jeux-eau.jpg)\">\r\n\t\t\t\t\t\t\t\t<img decoding=\"async\" src=\"https:\/\/mirabel-prairiesdelamer.com\/wp-content\/uploads\/2024\/01\/piscine-exterieure-jeux-eau.jpg\" alt=\"Wasserspiele Kinder Pool\" loading=\"lazy\">\r\n\t\t\t\t\t\t\t\t\t\t\t\t\t\t\t<\/a>\r\n\t\t\t\t\t\t<\/div>\r\n\r\n\t\t\t\t\t\t\t\t\t\t\t\t\t<div class=\"w-100\"><\/div>\r\n\t\t\t\t\t\t\t\t\t\t\t\t\t\r\n\t\t\t\t\t\t\t\t\t\t\t\t\t\t\t\t\t\r\n\t\t\t\t\t\t\r\n\t\t\t\t\t\t<div class=\"sev-diaporama-portfolio-item   btnseeall btnseeall-xl col-12 col-md  col-grow\">\r\n\t\t\t\t\t\t\t<a href=\"https:\/\/mirabel-prairiesdelamer.com\/wp-content\/uploads\/2024\/01\/piscine-couverte-chauffee-jeu.jpg\" data-lightbox=\"sevgallery-1579971061\" style=\"background-image: url(https:\/\/mirabel-prairiesdelamer.com\/wp-content\/uploads\/2024\/01\/piscine-couverte-chauffee-jeu.jpg)\">\r\n\t\t\t\t\t\t\t\t<img decoding=\"async\" src=\"https:\/\/mirabel-prairiesdelamer.com\/wp-content\/uploads\/2024\/01\/piscine-couverte-chauffee-jeu.jpg\" alt=\"Hallenbad Volleyball Jugendliche\" loading=\"lazy\">\r\n\t\t\t\t\t\t\t\t\t\t\t\t\t\t\t<\/a>\r\n\t\t\t\t\t\t<\/div>\r\n\r\n\t\t\t\t\t\t\r\n\t\t\t\t\t\t\t\t\t\t\t\t\t\t\t\t\t\r\n\t\t\t\t\t\t\r\n\t\t\t\t\t\t<div class=\"sev-diaporama-portfolio-item   btnseeall btnseeall-xl col-12 col-md\">\r\n\t\t\t\t\t\t\t<a href=\"https:\/\/mirabel-prairiesdelamer.com\/wp-content\/uploads\/2024\/01\/piscine-toboggans-jeux-683x1024.jpg\" data-lightbox=\"sevgallery-1579971061\" style=\"background-image: url(https:\/\/mirabel-prairiesdelamer.com\/wp-content\/uploads\/2024\/01\/piscine-toboggans-jeux-683x1024.jpg)\">\r\n\t\t\t\t\t\t\t\t<img decoding=\"async\" src=\"https:\/\/mirabel-prairiesdelamer.com\/wp-content\/uploads\/2024\/01\/piscine-toboggans-jeux-683x1024.jpg\" alt=\"beheizter Au\u00dfenpool und Rutschen\" loading=\"lazy\">\r\n\t\t\t\t\t\t\t\t\t\t\t\t\t\t\t<\/a>\r\n\t\t\t\t\t\t<\/div>\r\n\r\n\t\t\t\t\t\t\r\n\t\t\t\t\t\t\t\t\t\t\t\t\t\t\t\t\t\r\n\t\t\t\t\t\t\r\n\t\t\t\t\t\t<div class=\"sev-diaporama-portfolio-item  limitsm btnseeall btnseeall-xl col-12 col-md  last-visible\">\r\n\t\t\t\t\t\t\t<a href=\"https:\/\/mirabel-prairiesdelamer.com\/wp-content\/uploads\/2024\/01\/piscine-transats-plage.jpg\" data-lightbox=\"sevgallery-1579971061\" style=\"background-image: url(https:\/\/mirabel-prairiesdelamer.com\/wp-content\/uploads\/2024\/01\/piscine-transats-plage.jpg)\">\r\n\t\t\t\t\t\t\t\t<img decoding=\"async\" src=\"https:\/\/mirabel-prairiesdelamer.com\/wp-content\/uploads\/2024\/01\/piscine-transats-plage.jpg\" alt=\"Strand Pool und Liegest\u00fchle\" loading=\"lazy\">\r\n\t\t\t\t\t\t\t\t\t\t\t\t\t\t\t\t\t<img decoding=\"async\" src=\"https:\/\/mirabel-prairiesdelamer.com\/wp-content\/themes\/mirabel-site\/assets\/img\/voir-photos.png\" alt=\"\" \/>\r\n\t\t\t\t\t\t\t\t\t<span>Alle Fotos anzeigen<\/span>\r\n\t\t\t\t\t\t\t\t\t\t\t\t\t\t\t<\/a>\r\n\t\t\t\t\t\t<\/div>\r\n\r\n\t\t\t\t\t\t\r\n\t\t\t\t\t\t\t\t\t\t\t\t\t\t\t\t\t\t\t\t\t<\/div>\r\n\t\t\t<\/div>\r\n\r\n\t\t\t<script>\r\n\t\t\tjQuery(function($) {\r\n\r\n\t\t\t\tvar marginPortfolio = function() {\r\n\r\n\t\t\t\t\tvar $diapo          = $('#sevgallery-1579971061');\r\n\t\t\t\t\tvar container_width = $diapo.parent().outerWidth();\r\n\t\t\t\t\tvar side            = ( $(window).innerWidth() - container_width ) \/ 2;\r\n\r\n\t\t\t\t\t$diapo.css( {\r\n\t\t\t\t\t\t'margin-left': '-' + side + 'px',\r\n\t\t\t\t\t\t'margin-right': '-' + side + 'px',\r\n\t\t\t\t\t} );\r\n\t\t\t\t};\r\n\r\n\t\t\t\t$( window ).resize( function() {\r\n\t\t\t\t\tmarginPortfolio();\r\n\t\t\t\t} );\r\n\t\t\t\tmarginPortfolio();\r\n\t\t\t});\r\n\t\t\t<\/script>\r\n\t\t\t\n\n\n\n<p><\/p>","protected":false},"excerpt":{"rendered":"<p>Un camping \u00e0 Ouistreham avec piscine couverte et jeux aquatiques En fonction de la saison, profitez des piscines du \u00ab&nbsp;Lagon&nbsp;\u00bb [&hellip;]<\/p>\n","protected":false},"author":1,"featured_media":0,"parent":0,"menu_order":0,"comment_status":"closed","ping_status":"closed","template":"","meta":{"_seopress_robots_primary_cat":"","_seopress_titles_title":"Camping Ouistreham avec piscine couverte et toboggans aquatiques","_seopress_titles_desc":"Profitez des piscines aux Prairies de la Mer. La piscine couverte et l'espace d\u00e9tente sont ouverts d\u2019avril \u00e0 octobre, le bassin ext\u00e9rieur ouvre l'\u00e9t\u00e9.","_seopress_robots_index":"","footnotes":""},"class_list":["post-54","page","type-page","status-publish","hentry"],"_links":{"self":[{"href":"https:\/\/mirabel-prairiesdelamer.com\/de\/wp-json\/wp\/v2\/pages\/54","targetHints":{"allow":["GET"]}}],"collection":[{"href":"https:\/\/mirabel-prairiesdelamer.com\/de\/wp-json\/wp\/v2\/pages"}],"about":[{"href":"https:\/\/mirabel-prairiesdelamer.com\/de\/wp-json\/wp\/v2\/types\/page"}],"author":[{"embeddable":true,"href":"https:\/\/mirabel-prairiesdelamer.com\/de\/wp-json\/wp\/v2\/users\/1"}],"replies":[{"embeddable":true,"href":"https:\/\/mirabel-prairiesdelamer.com\/de\/wp-json\/wp\/v2\/comments?post=54"}],"version-history":[{"count":61,"href":"https:\/\/mirabel-prairiesdelamer.com\/de\/wp-json\/wp\/v2\/pages\/54\/revisions"}],"predecessor-version":[{"id":18098,"href":"https:\/\/mirabel-prairiesdelamer.com\/de\/wp-json\/wp\/v2\/pages\/54\/revisions\/18098"}],"wp:attachment":[{"href":"https:\/\/mirabel-prairiesdelamer.com\/de\/wp-json\/wp\/v2\/media?parent=54"}],"curies":[{"name":"wp","href":"https:\/\/api.w.org\/{rel}","templated":true}]}}