{"id":48,"date":"2021-12-10T14:16:36","date_gmt":"2021-12-10T13:16:36","guid":{"rendered":"https:\/\/www.campinglarenaudiere.com\/?page_id=48"},"modified":"2026-02-25T10:31:27","modified_gmt":"2026-02-25T09:31:27","slug":"camping-calvados-services","status":"publish","type":"page","link":"https:\/\/mirabel-prairiesdelamer.com\/de\/camping-calvados-services\/","title":{"rendered":"Dienste"},"content":{"rendered":"<h1 class=\"wp-block-heading\" id=\"de-nombreux-services-dans-votre-camping-4-etoiles\"><strong>Zahlreiche Serviceleistungen auf Ihrem 4-Sterne-Campingplatz in Ouistreham!<\/strong><\/h1>\n\n\n\n<p class=\"has-text-align-center\">Genie\u00dfen Sie Ihren Aufenthalt in Les Prairies de la Mer in vollen Z\u00fcgen dank unserer zahlreichen Dienstleistungen vor Ort und in der N\u00e4he!<br> Um alles im Detail zu erfahren, besuchen Sie unseren digitalen Leitfaden.<\/p>\n\n\n\n<figure class=\"wp-block-image aligncenter size-full\"><img decoding=\"async\" src=\"https:\/\/www.mirabel-prairiesdelamer.com\/wp-content\/uploads\/2022\/01\/barre-bleue.png\" alt=\"\" class=\"wp-image-2382\"\/><\/figure>\n\n\n\n<div class=\"wp-block-columns is-layout-flex wp-container-core-columns-is-layout-28f84493 wp-block-columns-is-layout-flex\">\n<div class=\"wp-block-column is-layout-flow wp-block-column-is-layout-flow\" style=\"flex-basis:40%\">\n<div class=\"wp-block-group p-xl-5 is-layout-flow wp-block-group-is-layout-flow\">\n<h2 class=\"wp-block-heading has-text-align-left\" id=\"liste-des-services\">Liste der Dienste<br><\/h2>\n\n\n\n<p><i class=\"fa fa-hamburger\"><\/i> &nbsp; Bar-Snacks und Gerichte zum Mitnehmen<\/p>\n\n\n\n<p><i class=\"fa fa-mitten\"><\/i> &nbsp; Vermietung von Planchas*. <\/p>\n\n\n\n<p><i class=\"fa fa-wifi\"><\/i> &nbsp;Wifi-Zugang* (kostenpflichtige Tickets am Empfang erh\u00e4ltlich)<\/p>\n\n\n\n<p><i class=\"fa fa-info-circle\"><\/i> &nbsp; Touristische Informationen <\/p>\n\n\n\n<p><i class=\"fa fa-book\"><\/i> &nbsp; Ausleihe von B\u00fcchern und Spielen<\/p>\n\n\n\n<p><i class=\"fa fa-tshirt\"><\/i> &nbsp;Waschraum mit Waschmaschinen und Trocknern*.<\/p>\n\n\n\n<p><i class=\"fa fa-baby-carriage\"><\/i> &nbsp; Verleih von Babyausstattung*. <\/p>\n\n\n\n<p><i class=\"fa fa-bed\"><\/i> &nbsp;Verleih von Bettw\u00e4sche-Sets *<\/p>\n\n\n\n<p><img loading=\"lazy\" decoding=\"async\" width=\"24\" height=\"22\" class=\"wp-image-388\" style=\"width: 24px;\" src=\"https:\/\/www.mirabel-baiedecayola.com\/wp-content\/uploads\/2021\/12\/fer-a-repasser.jpg\" alt=\"pret von b\u00fcgeleisen\"> Verleih von B\u00fcgeleisen<\/p>\n\n\n\n<p><img loading=\"lazy\" decoding=\"async\" width=\"24\" height=\"20\" class=\"wp-image-4788\" style=\"width: 24px;\" src=\"https:\/\/www.mirabel-baiedecayola.com\/wp-content\/uploads\/2022\/02\/seche-cheveux.png\" alt=\"Verleih von Haartrocknern\"> Verleih von Haartrocknern<\/p>\n<\/div>\n\n\n\n<p>*Zahler: voi<em>r die Preise f\u00fcr die Optionen auf den Seiten <a href=\"https:\/\/mirabel-prairiesdelamer.com\/de\/vermietung-mobilheime-normandie\/#options\">Unterk\u00fcnfte<\/a><\/em><\/p>\n<\/div>\n\n\n\n<div class=\"wp-block-column is-vertically-aligned-center is-layout-flow wp-block-column-is-layout-flow\" style=\"flex-basis:60%\">\n<h2 class=\"wp-block-heading\" id=\"les-services-a-proximite-du-camping\">Dienstleistungen in der N\u00e4he des Campingplatzes<\/h2>\n\n\n\n<figure class=\"wp-block-image size-full\"><img decoding=\"async\" src=\"https:\/\/www.mirabel-prairiesdelamer.com\/wp-content\/uploads\/2022\/01\/barre-bleue.png\" alt=\"\" class=\"wp-image-2382\"\/><\/figure>\n\n\n\n<p>Die<strong> Stadtzentrum von Ouistreham<\/strong> befindet sich in <strong>5 Minuten zu Fu\u00df vom Campingplatz<\/strong> die Seegraswiesen. Dort finden Sie einen <strong>Supermarkt\u00a0<\/strong>7 Tage die Woche ge\u00f6ffnet, <strong>von B\u00e4ckereien<\/strong>, Sie k\u00f6nnen alles zu Fu\u00df erledigen und in wenigen Minuten zu den Gesch\u00e4ften in der Avenue de la Mer, zum Casino, zum Minigolf, ins Kino oder ins Restaurant gehen.\u00a0<\/p>\n\n\n\n<p>Sie sollten wissen, dass Sie auch unseren lieben Partner<strong><a href=\"http:\/\/trivacyclette.com\/\" target=\"_blank\" rel=\"noreferrer noopener\">das Trivacyclette<\/a>.<\/strong> Das Trivacyclette ist eine umweltfreundliche Art, sich in Ouistreham fortzubewegen, um zum Markt, zum Friseur oder an den Strand zu gelangen. Sie k\u00f6nnen sich auch <strong>Ihr Brot liefern <\/strong>und Ihr Geb\u00e4ck direkt auf dem Campingplatz. Um zu reservieren: 06 18 61 34 82.<\/p>\n\n\n\n<figure class=\"wp-block-image size-full\"><img loading=\"lazy\" decoding=\"async\" width=\"600\" height=\"400\" src=\"https:\/\/www.mirabel-prairiesdelamer.com\/wp-content\/uploads\/2023\/02\/trivacyclette-taxi-ecolo.jpg\" alt=\"partner trivacyclette taxi ecolo v\u00e9lo\" class=\"wp-image-10671\" srcset=\"https:\/\/mirabel-prairiesdelamer.com\/wp-content\/uploads\/2023\/02\/trivacyclette-taxi-ecolo.jpg 600w, https:\/\/mirabel-prairiesdelamer.com\/wp-content\/uploads\/2023\/02\/trivacyclette-taxi-ecolo-300x200.jpg 300w\" sizes=\"auto, (max-width: 600px) 100vw, 600px\" \/><\/figure>\n\n\n\n<div style=\"height:30px\" aria-hidden=\"true\" class=\"wp-block-spacer\"><\/div>\n\n\n\n<div class=\"wp-block-columns is-layout-flex wp-container-core-columns-is-layout-28f84493 wp-block-columns-is-layout-flex\">\n<div class=\"wp-block-column is-layout-flow wp-block-column-is-layout-flow\" style=\"flex-basis:100%\">\n<p class=\"has-text-align-center has-medium-font-size\"><\/p>\n<\/div>\n<\/div>\n<\/div>\n<\/div>\n\n\n\n<div class=\"wp-block-group card card-body border border-info is-layout-constrained wp-block-group-is-layout-constrained\">\n<p class=\"has-text-align-center has-medium-font-size\"><strong>Zoom auf den digitalen Reisef\u00fchrer<\/strong><br><img loading=\"lazy\" decoding=\"async\" width=\"49\" height=\"6\" class=\"wp-image-4323\" style=\"width: 49px;\" src=\"https:\/\/www.mirabel-prairiesdelamer.com\/wp-content\/uploads\/2021\/12\/barre-camping.png\" alt=\"\"><\/p>\n\n\n\n<p>In Les Prairies de la Mer legen wir Wert darauf, uns <strong>sich f\u00fcr den Planeten engagieren<\/strong> und Sie dabei so gut wie m\u00f6glich zu informieren. Aus diesem Grund sind wir<strong> reduzieren wir die Ausdrucke<\/strong> Papier und haben den<strong> digitaler Leitfaden.<\/strong> Diese App ist v\u00f6llig kostenlos und kann \u00fcber Ihr Smartphone, Ihren Tablet-PC oder Ihren Computer aufgerufen werden. Sie erfasst <strong>alle n\u00fctzlichen Informationen<\/strong> Ihren Aufenthalt auf unserem Campingplatz: Empfangszeiten der Rezeption, Animationsplan im Sommer, \u00d6ffnungszeiten des Schwimmbads, Speisekarte des Restaurants, etc.<\/p>\n\n\n\n<p class=\"has-text-align-center\"><i class=\"far fa-hand-point-right\"> <a href=\"https:\/\/notre.guide\/prairiesdelamer\/\" target=\"_blank\" rel=\"noreferrer noopener\">Um es zu entdecken, geht es hier entlang.<\/a><\/i><\/p>\n<\/div>\n\n\n\n<p class=\"has-text-align-center texte-rond mt-5 has-large-font-size\">Was es auf dem Campingplatz zu entdecken gibt<\/p>\n\n\n\n<div class=\"wp-block-columns h-20 front-page-section grey is-layout-flex wp-container-core-columns-is-layout-28f84493 wp-block-columns-is-layout-flex\">\n<div class=\"wp-block-column is-layout-flow wp-block-column-is-layout-flow\"><\/div>\n\n\n\n<div class=\"wp-block-column is-layout-flow wp-block-column-is-layout-flow\">\n<div class=\"wp-block-create-block-sevgutenberg-navigation\"><aside class=\"encart-sev-navigation small carre\"><a href=\"https:\/\/mirabel-prairiesdelamer.com\/de\/imbissstube\/\" class=\"d-flex flex-column align-items-center\"><div class=\"encart-title\"><span>Die Snackbar<\/span><\/div><div class=\"vague\"><\/div><img decoding=\"async\" src=\"https:\/\/mirabel-prairiesdelamer.com\/wp-content\/uploads\/2023\/02\/snack-bar-cocktail.jpg\" alt=\"Cocktail Snackbar Strohh\u00fctte Sommer\"\/><div class=\"ligne\"><\/div><div class=\"hover\"><\/div><\/a><\/aside><\/div>\n<\/div>\n\n\n\n<div class=\"wp-block-column is-layout-flow wp-block-column-is-layout-flow\">\n<div class=\"wp-block-create-block-sevgutenberg-navigation\"><aside class=\"encart-sev-navigation small carre\"><a href=\"https:\/\/mirabel-prairiesdelamer.com\/de\/vermietung-mobilheime-normandie\/\" class=\"d-flex flex-column align-items-center\"><div class=\"encart-title\"><span>Die Unterk\u00fcnfte<\/span><\/div><div class=\"vague\"><\/div><img decoding=\"async\" src=\"https:\/\/mirabel-prairiesdelamer.com\/wp-content\/uploads\/2022\/02\/mobil-home-1chambre.jpg\" alt=\"vermietung mobilheim 1 zimmer\"\/><div class=\"ligne\"><\/div><div class=\"hover\"><\/div><\/a><\/aside><\/div>\n<\/div>\n\n\n\n<div class=\"wp-block-column is-layout-flow wp-block-column-is-layout-flow\">\n<div class=\"wp-block-create-block-sevgutenberg-navigation\"><aside class=\"encart-sev-navigation small carre\"><a href=\"https:\/\/mirabel-prairiesdelamer.com\/de\/animationen-juli-august\/\" class=\"d-flex flex-column align-items-center\"><div class=\"encart-title\"><span>Animationen<\/span><\/div><div class=\"vague\"><\/div><img decoding=\"async\" src=\"https:\/\/mirabel-prairiesdelamer.com\/wp-content\/uploads\/2023\/02\/danse-camping-piscine-animation.jpg\" alt=\"tanzanimation des campingplatzes sommer\"\/><div class=\"ligne\"><\/div><div class=\"hover\"><\/div><\/a><\/aside><\/div>\n<\/div>\n\n\n\n<div class=\"wp-block-column is-layout-flow wp-block-column-is-layout-flow\"><\/div>\n<\/div>\n\n\n\n<p><\/p>","protected":false},"excerpt":{"rendered":"<p>De nombreux services dans votre camping 4 \u00e9toiles \u00e0 Ouistreham ! Profitez pleinement de votre s\u00e9jour aux Prairies de la [&hellip;]<\/p>\n","protected":false},"author":1,"featured_media":0,"parent":0,"menu_order":0,"comment_status":"closed","ping_status":"closed","template":"","meta":{"_seopress_robots_primary_cat":"","_seopress_titles_title":"Les services du camping 4 \u00e9toiles \u00e0 Ouistreham - Calvados","_seopress_titles_desc":"Profitez pleinement de votre s\u00e9jour au camping 4 \u00e9toiles les Prairies de la Mer \u00e0 Ouistreham gr\u00e2ce \u00e0 nos nombreux services sur place et \u00e0 proximit\u00e9\u00a0!","_seopress_robots_index":"","footnotes":""},"class_list":["post-48","page","type-page","status-publish","hentry"],"_links":{"self":[{"href":"https:\/\/mirabel-prairiesdelamer.com\/de\/wp-json\/wp\/v2\/pages\/48","targetHints":{"allow":["GET"]}}],"collection":[{"href":"https:\/\/mirabel-prairiesdelamer.com\/de\/wp-json\/wp\/v2\/pages"}],"about":[{"href":"https:\/\/mirabel-prairiesdelamer.com\/de\/wp-json\/wp\/v2\/types\/page"}],"author":[{"embeddable":true,"href":"https:\/\/mirabel-prairiesdelamer.com\/de\/wp-json\/wp\/v2\/users\/1"}],"replies":[{"embeddable":true,"href":"https:\/\/mirabel-prairiesdelamer.com\/de\/wp-json\/wp\/v2\/comments?post=48"}],"version-history":[{"count":47,"href":"https:\/\/mirabel-prairiesdelamer.com\/de\/wp-json\/wp\/v2\/pages\/48\/revisions"}],"predecessor-version":[{"id":18094,"href":"https:\/\/mirabel-prairiesdelamer.com\/de\/wp-json\/wp\/v2\/pages\/48\/revisions\/18094"}],"wp:attachment":[{"href":"https:\/\/mirabel-prairiesdelamer.com\/de\/wp-json\/wp\/v2\/media?parent=48"}],"curies":[{"name":"wp","href":"https:\/\/api.w.org\/{rel}","templated":true}]}}