{"id":43,"date":"2021-12-10T14:15:21","date_gmt":"2021-12-10T13:15:21","guid":{"rendered":"https:\/\/www.campinglarenaudiere.com\/?page_id=43"},"modified":"2026-02-25T10:26:27","modified_gmt":"2026-02-25T09:26:27","slug":"camping-calvados-sportliche-aktivitaten","status":"publish","type":"page","link":"https:\/\/mirabel-prairiesdelamer.com\/de\/camping-calvados-activites-sportives\/","title":{"rendered":"Sport und Freizeit"},"content":{"rendered":"<h1 class=\"wp-block-heading\" id=\"on-garde-la-forme-au-camping-les-prairies-de-la-mer\"><strong>Sport- und Freizeitaktivit\u00e4ten auf dem 4-Sterne-Campingplatz Les Prairies de la Mer<\/strong><\/h1>\n\n\n\n<p class=\"has-text-align-center\">Auf unserem Campingplatz Mirabel Les Prairies de la Mer in Ouistreham liegt es uns am Herzen, Ihnen eine gro\u00dfe Auswahl an Aktivit\u00e4ten anzubieten. Entdecken Sie alle unsere ausgestatteten Bereiche und Einrichtungen f\u00fcr die ganze Familie.<\/p>\n\n\n\n<figure class=\"wp-block-image aligncenter size-full\"><img decoding=\"async\" src=\"https:\/\/www.mirabel-prairiesdelamer.com\/wp-content\/uploads\/2022\/01\/barre-bleue.png\" alt=\"\" class=\"wp-image-2382\"\/><\/figure>\n\n\n\n<div class=\"wp-block-media-text alignwide has-media-on-the-right is-stacked-on-mobile is-image-fill-element\"><div class=\"wp-block-media-text__content\">\n<h2 class=\"wp-block-heading\">Einrichtungen f\u00fcr die ganze Familie auf dem Campingplatz<\/h2>\n\n\n\n<ul class=\"wp-block-list\">\n<li><strong>Spielplatz f\u00fcr die Kleinen<\/strong>\u00a0in einem gesicherten Bereich: Rutschen, Schaukeln, H\u00fcpfburg von 2 bis 12 Jahren.<\/li>\n\n\n\n<li><strong>Multisportplatz f\u00fcr Teenager<\/strong>&nbsp;: Fu\u00dfball, Handball, Basketball.<\/li>\n\n\n\n<li><strong>Tischtennistisch<\/strong>&nbsp;im Freien<\/li>\n\n\n\n<li><strong>Boulodrome&nbsp;<\/strong>: 3 Boulepl\u00e4tze<\/li>\n\n\n\n<li><strong>An der Rezeption kostenlos ausleihen :<\/strong> <strong>Gesellschaftsspiele, B\u00fccher<\/strong>, Tischtennisschl\u00e4ger und -b\u00e4lle, B\u00e4lle, Boccia-Kugeln oder finnische Kegel.<\/li>\n<\/ul>\n\n\n\n<p><\/p>\n\n\n\n<p>Im Juli und August finden Sie den unumg\u00e4nglichen Petanque-Wettbewerb und die&nbsp;<strong>Sportanimationen<\/strong>&nbsp;f\u00fcr Teenager und Erwachsene.<\/p>\n\n\n\n<figure class=\"wp-block-image alignright size-large is-resized\"><img decoding=\"async\" src=\"https:\/\/mirabel-prairiesdelamer.com\/wp-content\/uploads\/2022\/01\/tennis.png\" alt=\"sportliche Aktivit\u00e4ten: Tennis\" style=\"width:76px;height:auto\"\/><\/figure>\n<\/div><figure class=\"wp-block-media-text__media\"><img loading=\"lazy\" decoding=\"async\" width=\"1024\" height=\"1024\" src=\"https:\/\/mirabel-prairiesdelamer.com\/wp-content\/uploads\/2023\/02\/aire-de-jeux-enfants-1024x1024.jpg\" alt=\"Kinderspielplatz Schaukel\" class=\"wp-image-10628 size-full\" style=\"object-position:50% 50%\" srcset=\"https:\/\/mirabel-prairiesdelamer.com\/wp-content\/uploads\/2023\/02\/aire-de-jeux-enfants-1024x1024.jpg 1024w, https:\/\/mirabel-prairiesdelamer.com\/wp-content\/uploads\/2023\/02\/aire-de-jeux-enfants-300x300.jpg 300w, https:\/\/mirabel-prairiesdelamer.com\/wp-content\/uploads\/2023\/02\/aire-de-jeux-enfants-150x150.jpg 150w, https:\/\/mirabel-prairiesdelamer.com\/wp-content\/uploads\/2023\/02\/aire-de-jeux-enfants-768x768.jpg 768w, https:\/\/mirabel-prairiesdelamer.com\/wp-content\/uploads\/2023\/02\/aire-de-jeux-enfants.jpg 1200w\" sizes=\"auto, (max-width: 1024px) 100vw, 1024px\" \/><\/figure><\/div>\n\n\n\n<div style=\"height:14px\" aria-hidden=\"true\" class=\"wp-block-spacer\"><\/div>\n\n\n\n<div class=\"wp-block-media-text alignwide is-stacked-on-mobile front-page-section grey\"><figure class=\"wp-block-media-text__media\"><img loading=\"lazy\" decoding=\"async\" width=\"1024\" height=\"770\" src=\"https:\/\/mirabel-prairiesdelamer.com\/wp-content\/uploads\/2022\/02\/equitation-voile-riva-bella-1-@elo-1024x770.jpg\" alt=\"reitausflug ouistreham\" class=\"wp-image-5018 size-full\" srcset=\"https:\/\/mirabel-prairiesdelamer.com\/wp-content\/uploads\/2022\/02\/equitation-voile-riva-bella-1-@elo-1024x770.jpg 1024w, https:\/\/mirabel-prairiesdelamer.com\/wp-content\/uploads\/2022\/02\/equitation-voile-riva-bella-1-@elo-300x226.jpg 300w, https:\/\/mirabel-prairiesdelamer.com\/wp-content\/uploads\/2022\/02\/equitation-voile-riva-bella-1-@elo-768x577.jpg 768w, https:\/\/mirabel-prairiesdelamer.com\/wp-content\/uploads\/2022\/02\/equitation-voile-riva-bella-1-@elo.jpg 1200w\" sizes=\"auto, (max-width: 1024px) 100vw, 1024px\" \/><\/figure><div class=\"wp-block-media-text__content\">\n<h2 class=\"wp-block-heading\" id=\"les-activites-autour-du-camping\">Aktivit\u00e4ten rund um den Campingplatz&nbsp;<\/h2>\n\n\n\n<figure class=\"wp-block-image size-large\"><img decoding=\"async\" src=\"https:\/\/mirabel-prairiesdelamer.com\/wp-content\/uploads\/2022\/01\/barre-bleue.png\" alt=\"\"\/><\/figure>\n\n\n\n<p>F\u00fcr Tennisfans sind die&nbsp;<strong>st\u00e4dtische Hallenpl\u00e4tze<\/strong>&nbsp;befinden sich 20 Meter vom Campingplatz entfernt. Das ist praktisch, Sie brauchen nicht mit dem Auto zu fahren!<\/p>\n\n\n\n<p>Rund um den Campingplatz gibt es eine gro\u00dfe Auswahl an Aktivit\u00e4ten, die Sie unternehmen k\u00f6nnen: Besichtigungen, <strong>Wanderungen<\/strong>, <strong>Wassersport<\/strong>, Reiten, <strong>Vergn\u00fcgungsparks<\/strong> und viele andere, die Sie auf unserer <a href=\"https:\/\/mirabel-prairiesdelamer.com\/de\/freizeit-mit-kindern\/\" data-type=\"page\" data-id=\"73\">eigene Seite<\/a>. Ob gro\u00df oder klein, f\u00fcr die ganze Familie: An Freizeitaktivit\u00e4ten mangelt es nicht. <strong>in der N\u00e4he von Ouistreham<\/strong>. Z\u00f6gern Sie nicht, sich bei Pauline oder Ludivine an der Rezeption zu erkundigen.<\/p>\n\n\n\n<p><\/p>\n\n\n\n<p><\/p>\n<\/div><\/div>\n\n\n\n<p><\/p>\n\n\n\n<div class=\"wp-block-media-text alignwide has-media-on-the-right is-stacked-on-mobile\"><div class=\"wp-block-media-text__content\">\n<p class=\"texte-rond has-orange-color has-text-color has-large-font-size\">Wir halten uns im Sommer fit<\/p>\n\n\n\n<p>Mit einem Erkerfenster <a href=\"https:\/\/mirabel-prairiesdelamer.com\/de\/campingplatz-normandie-wasserbereich\/\">Blick auf den Pool<\/a> und Liegest\u00fchlen, unsere sch\u00f6ne <strong>Fitnessraum <\/strong>ist v\u00f6llig kostenlos und steht Ihnen w\u00e4hrend der gesamten \u00d6ffnungszeiten des Campingplatzes zur Verf\u00fcgung. Qualitativ hochwertiges Material, das jedes Jahr f\u00fcr Sie \u00fcberholt wird: Crosstrainer, Laufb\u00e4nder, Step, Bodenmatten, Gewichte... Alles, was Sie f\u00fcr Ihre Fitness oder Ihren t\u00e4glichen Sport auf dem Campingplatz brauchen.<\/p>\n\n\n\n<p>Man muss schon ein bisschen schwitzen, um sich die <a href=\"https:\/\/mirabel-prairiesdelamer.com\/de\/imbissstube\/\">kleine Schokoladenwaffel<\/a> von La Paillote!<\/p>\n\n\n\n<p><\/p>\n\n\n\n<p><\/p>\n<\/div><figure class=\"wp-block-media-text__media\"><img loading=\"lazy\" decoding=\"async\" width=\"493\" height=\"337\" src=\"https:\/\/mirabel-prairiesdelamer.com\/wp-content\/uploads\/2024\/01\/salle-de-sport-camping.jpg\" alt=\"Sporthalle 4-Sterne-Campingplatz \" class=\"wp-image-12739 size-full\" srcset=\"https:\/\/mirabel-prairiesdelamer.com\/wp-content\/uploads\/2024\/01\/salle-de-sport-camping.jpg 493w, https:\/\/mirabel-prairiesdelamer.com\/wp-content\/uploads\/2024\/01\/salle-de-sport-camping-300x205.jpg 300w\" sizes=\"auto, (max-width: 493px) 100vw, 493px\" \/><\/figure><\/div>\n\n\n\n<p class=\"has-text-align-center texte-rond mt-5 has-large-font-size\">Was es auf dem Campingplatz zu entdecken gibt<\/p>\n\n\n\n<div class=\"wp-block-columns h-20 front-page-section grey is-layout-flex wp-container-core-columns-is-layout-28f84493 wp-block-columns-is-layout-flex\">\n<div class=\"wp-block-column is-layout-flow wp-block-column-is-layout-flow\"><\/div>\n\n\n\n<div class=\"wp-block-column is-layout-flow wp-block-column-is-layout-flow\">\n<div class=\"wp-block-create-block-sevgutenberg-navigation\"><aside class=\"encart-sev-navigation small carre\"><a href=\"https:\/\/mirabel-prairiesdelamer.com\/de\/animationen-juli-august\/\" class=\"d-flex flex-column align-items-center\"><div class=\"encart-title\"><span>Kinderclub<\/span><\/div><div class=\"vague\"><\/div><img decoding=\"async\" src=\"https:\/\/mirabel-prairiesdelamer.com\/wp-content\/uploads\/2022\/06\/club-enfant-jeu-animation.jpg\" alt=\"handwerkliche T\u00e4tigkeiten Kinderclub Campingplatz\"\/><div class=\"ligne\"><\/div><div class=\"hover\"><\/div><\/a><\/aside><\/div>\n<\/div>\n\n\n\n<div class=\"wp-block-column is-layout-flow wp-block-column-is-layout-flow\">\n<div class=\"wp-block-create-block-sevgutenberg-navigation\"><aside class=\"encart-sev-navigation small carre\"><a href=\"https:\/\/mirabel-prairiesdelamer.com\/de\/freizeit-mit-kindern\/\" class=\"d-flex flex-column align-items-center\"><div class=\"encart-title\"><span>Touristische Informationen<\/span><\/div><div class=\"vague\"><\/div><img decoding=\"async\" src=\"https:\/\/mirabel-prairiesdelamer.com\/wp-content\/uploads\/2022\/02\/accueil-reception-carte.jpg\" alt=\"Rezeption des Campingplatzes\"\/><div class=\"ligne\"><\/div><div class=\"hover\"><\/div><\/a><\/aside><\/div>\n<\/div>\n\n\n\n<div class=\"wp-block-column is-layout-flow wp-block-column-is-layout-flow\">\n<div class=\"wp-block-create-block-sevgutenberg-navigation\"><aside class=\"encart-sev-navigation small carre\"><a href=\"https:\/\/mirabel-prairiesdelamer.com\/de\/die-erfahrungen\/\" class=\"d-flex flex-column align-items-center\"><div class=\"encart-title\"><span>Erfahrungen<\/span><\/div><div class=\"vague\"><\/div><img decoding=\"async\" src=\"https:\/\/mirabel-prairiesdelamer.com\/wp-content\/uploads\/2022\/02\/experience-medievale.jpg\" alt=\"mittelalterliche Erfahrung in der Normandie\"\/><div class=\"ligne\"><\/div><div class=\"hover\"><\/div><\/a><\/aside><\/div>\n<\/div>\n\n\n\n<div class=\"wp-block-column is-layout-flow wp-block-column-is-layout-flow\"><\/div>\n<\/div>\n\n\n\n<div class=\"wp-block-group is-layout-flow wp-block-group-is-layout-flow\">\n<figure class=\"wp-block-image aligncenter size-large is-resized mt-5\"><img decoding=\"async\" src=\"https:\/\/mirabel-prairiesdelamer.com\/wp-content\/uploads\/2022\/01\/photo-1024x84.png\" alt=\"Fotogalerie\" style=\"width:734px;height:auto\"\/><\/figure>\n\n\n\t\t\t<div id=\"sevgallery-708042026\" class=\"sev-diaporama sev-diaporama-portfolio\">\r\n\t\t\t\t<div class=\"row\">\r\n\r\n\t\t\t\t\t\r\n\t\t\t\t\t\t\r\n\t\t\t\t\t\t<div class=\"sev-diaporama-portfolio-item   btnseeall btnseeall-xl col-12 col-md  col-shrink\">\r\n\t\t\t\t\t\t\t<a href=\"https:\/\/mirabel-prairiesdelamer.com\/wp-content\/uploads\/2024\/01\/terrain-de-petanque-boulodrome.jpg\" data-lightbox=\"sevgallery-708042026\" style=\"background-image: url(https:\/\/mirabel-prairiesdelamer.com\/wp-content\/uploads\/2024\/01\/terrain-de-petanque-boulodrome.jpg)\">\r\n\t\t\t\t\t\t\t\t<img decoding=\"async\" src=\"https:\/\/mirabel-prairiesdelamer.com\/wp-content\/uploads\/2024\/01\/terrain-de-petanque-boulodrome.jpg\" alt=\"Petanque\" loading=\"lazy\">\r\n\t\t\t\t\t\t\t\t\t\t\t\t\t\t\t<\/a>\r\n\t\t\t\t\t\t<\/div>\r\n\r\n\t\t\t\t\t\t\r\n\t\t\t\t\t\t\t\t\t\t\t\t\t\t\t\t\t\r\n\t\t\t\t\t\t\r\n\t\t\t\t\t\t<div class=\"sev-diaporama-portfolio-item   btnseeall btnseeall-xl col-12 col-md\">\r\n\t\t\t\t\t\t\t<a href=\"https:\/\/mirabel-prairiesdelamer.com\/wp-content\/uploads\/2024\/01\/aire-de-jeux-prairies-de-la-mer.jpg\" data-lightbox=\"sevgallery-708042026\" style=\"background-image: url(https:\/\/mirabel-prairiesdelamer.com\/wp-content\/uploads\/2024\/01\/aire-de-jeux-prairies-de-la-mer.jpg)\">\r\n\t\t\t\t\t\t\t\t<img decoding=\"async\" src=\"https:\/\/mirabel-prairiesdelamer.com\/wp-content\/uploads\/2024\/01\/aire-de-jeux-prairies-de-la-mer.jpg\" alt=\"Spielplatz f\u00fcr Kinder\" loading=\"lazy\">\r\n\t\t\t\t\t\t\t\t\t\t\t\t\t\t\t<\/a>\r\n\t\t\t\t\t\t<\/div>\r\n\r\n\t\t\t\t\t\t\r\n\t\t\t\t\t\t\t\t\t\t\t\t\t\t\t\t\t\r\n\t\t\t\t\t\t\r\n\t\t\t\t\t\t<div class=\"sev-diaporama-portfolio-item   btnseeall btnseeall-xl col-12 col-md  col-grow\">\r\n\t\t\t\t\t\t\t<a href=\"https:\/\/mirabel-prairiesdelamer.com\/wp-content\/uploads\/2022\/02\/balancoire-1024x745.jpg\" data-lightbox=\"sevgallery-708042026\" style=\"background-image: url(https:\/\/mirabel-prairiesdelamer.com\/wp-content\/uploads\/2022\/02\/balancoire-1024x745.jpg)\">\r\n\t\t\t\t\t\t\t\t<img decoding=\"async\" src=\"https:\/\/mirabel-prairiesdelamer.com\/wp-content\/uploads\/2022\/02\/balancoire-1024x745.jpg\" alt=\"Kinderschaukel\" loading=\"lazy\">\r\n\t\t\t\t\t\t\t\t\t\t\t\t\t\t\t<\/a>\r\n\t\t\t\t\t\t<\/div>\r\n\r\n\t\t\t\t\t\t\r\n\t\t\t\t\t\t\t\t\t\t\t\t\t\t\t\t\t\r\n\t\t\t\t\t\t\r\n\t\t\t\t\t\t<div class=\"sev-diaporama-portfolio-item   btnseeall btnseeall-xl col-12 col-md\">\r\n\t\t\t\t\t\t\t<a href=\"https:\/\/mirabel-prairiesdelamer.com\/wp-content\/uploads\/2022\/02\/jeux-enfant-toboggan-1024x683.jpg\" data-lightbox=\"sevgallery-708042026\" style=\"background-image: url(https:\/\/mirabel-prairiesdelamer.com\/wp-content\/uploads\/2022\/02\/jeux-enfant-toboggan-1024x683.jpg)\">\r\n\t\t\t\t\t\t\t\t<img decoding=\"async\" src=\"https:\/\/mirabel-prairiesdelamer.com\/wp-content\/uploads\/2022\/02\/jeux-enfant-toboggan-1024x683.jpg\" alt=\"Kinderrutsche\" loading=\"lazy\">\r\n\t\t\t\t\t\t\t\t\t\t\t\t\t\t\t<\/a>\r\n\t\t\t\t\t\t<\/div>\r\n\r\n\t\t\t\t\t\t\t\t\t\t\t\t\t<div class=\"w-100\"><\/div>\r\n\t\t\t\t\t\t\t\t\t\t\t\t\t\r\n\t\t\t\t\t\t\t\t\t\t\t\t\t\t\t\t\t\r\n\t\t\t\t\t\t\r\n\t\t\t\t\t\t<div class=\"sev-diaporama-portfolio-item   btnseeall btnseeall-xl col-12 col-md\">\r\n\t\t\t\t\t\t\t<a href=\"https:\/\/mirabel-prairiesdelamer.com\/wp-content\/uploads\/2024\/01\/trampoline-jeux-enfants2.jpg\" data-lightbox=\"sevgallery-708042026\" style=\"background-image: url(https:\/\/mirabel-prairiesdelamer.com\/wp-content\/uploads\/2024\/01\/trampoline-jeux-enfants2.jpg)\">\r\n\t\t\t\t\t\t\t\t<img decoding=\"async\" src=\"https:\/\/mirabel-prairiesdelamer.com\/wp-content\/uploads\/2024\/01\/trampoline-jeux-enfants2.jpg\" alt=\"Trampolin Spiele kleine M\u00e4dchen\" loading=\"lazy\">\r\n\t\t\t\t\t\t\t\t\t\t\t\t\t\t\t<\/a>\r\n\t\t\t\t\t\t<\/div>\r\n\r\n\t\t\t\t\t\t\r\n\t\t\t\t\t\t\t\t\t\t\t\t\t\t\t\t\t\r\n\t\t\t\t\t\t\r\n\t\t\t\t\t\t<div class=\"sev-diaporama-portfolio-item   btnseeall btnseeall-xl col-12 col-md  col-shrink\">\r\n\t\t\t\t\t\t\t<a href=\"https:\/\/mirabel-prairiesdelamer.com\/wp-content\/uploads\/2024\/01\/multisport-enfants-adultes.jpg\" data-lightbox=\"sevgallery-708042026\" style=\"background-image: url(https:\/\/mirabel-prairiesdelamer.com\/wp-content\/uploads\/2024\/01\/multisport-enfants-adultes.jpg)\">\r\n\t\t\t\t\t\t\t\t<img decoding=\"async\" src=\"https:\/\/mirabel-prairiesdelamer.com\/wp-content\/uploads\/2024\/01\/multisport-enfants-adultes.jpg\" alt=\"Multisportplatz Campingplatz\" loading=\"lazy\">\r\n\t\t\t\t\t\t\t\t\t\t\t\t\t\t\t<\/a>\r\n\t\t\t\t\t\t<\/div>\r\n\r\n\t\t\t\t\t\t\r\n\t\t\t\t\t\t\t\t\t\t\t\t\t\t\t\t\t\r\n\t\t\t\t\t\t\r\n\t\t\t\t\t\t<div class=\"sev-diaporama-portfolio-item   btnseeall btnseeall-xl col-12 col-md\">\r\n\t\t\t\t\t\t\t<a href=\"https:\/\/mirabel-prairiesdelamer.com\/wp-content\/uploads\/2024\/01\/structure-gonflable-jeux-enfants-1024x768.jpeg\" data-lightbox=\"sevgallery-708042026\" style=\"background-image: url(https:\/\/mirabel-prairiesdelamer.com\/wp-content\/uploads\/2024\/01\/structure-gonflable-jeux-enfants-1024x768.jpeg)\">\r\n\t\t\t\t\t\t\t\t<img decoding=\"async\" src=\"https:\/\/mirabel-prairiesdelamer.com\/wp-content\/uploads\/2024\/01\/structure-gonflable-jeux-enfants-1024x768.jpeg\" alt=\"Spielplatz\" loading=\"lazy\">\r\n\t\t\t\t\t\t\t\t\t\t\t\t\t\t\t<\/a>\r\n\t\t\t\t\t\t<\/div>\r\n\r\n\t\t\t\t\t\t\r\n\t\t\t\t\t\t\t\t\t\t\t\t\t\t\t\t\t\r\n\t\t\t\t\t\t\r\n\t\t\t\t\t\t<div class=\"sev-diaporama-portfolio-item   btnseeall btnseeall-xl col-12 col-md  col-shrink\">\r\n\t\t\t\t\t\t\t<a href=\"https:\/\/mirabel-prairiesdelamer.com\/wp-content\/uploads\/2024\/01\/jeux-de-societe-2.jpg\" data-lightbox=\"sevgallery-708042026\" style=\"background-image: url(https:\/\/mirabel-prairiesdelamer.com\/wp-content\/uploads\/2024\/01\/jeux-de-societe-2.jpg)\">\r\n\t\t\t\t\t\t\t\t<img decoding=\"async\" src=\"https:\/\/mirabel-prairiesdelamer.com\/wp-content\/uploads\/2024\/01\/jeux-de-societe-2.jpg\" alt=\"gesellschaftsspiele camping teens\" loading=\"lazy\">\r\n\t\t\t\t\t\t\t\t\t\t\t\t\t\t\t<\/a>\r\n\t\t\t\t\t\t<\/div>\r\n\r\n\t\t\t\t\t\t\t\t\t\t\t\t\t<div class=\"w-100\"><\/div>\r\n\t\t\t\t\t\t\t\t\t\t\t\t\t\r\n\t\t\t\t\t\t\t\t\t\t\t\t\t\t\t\t\t\r\n\t\t\t\t\t\t\r\n\t\t\t\t\t\t<div class=\"sev-diaporama-portfolio-item   btnseeall btnseeall-xl col-12 col-md\">\r\n\t\t\t\t\t\t\t<a href=\"https:\/\/mirabel-prairiesdelamer.com\/wp-content\/uploads\/2022\/02\/salle-fitness-576x1024.jpg\" data-lightbox=\"sevgallery-708042026\" style=\"background-image: url(https:\/\/mirabel-prairiesdelamer.com\/wp-content\/uploads\/2022\/02\/salle-fitness-576x1024.jpg)\">\r\n\t\t\t\t\t\t\t\t<img decoding=\"async\" src=\"https:\/\/mirabel-prairiesdelamer.com\/wp-content\/uploads\/2022\/02\/salle-fitness-576x1024.jpg\" alt=\"Fitnessstudio Fahrrad\" loading=\"lazy\">\r\n\t\t\t\t\t\t\t\t\t\t\t\t\t\t\t<\/a>\r\n\t\t\t\t\t\t<\/div>\r\n\r\n\t\t\t\t\t\t\r\n\t\t\t\t\t\t\t\t\t\t\t\t\t\t\t\t\t\r\n\t\t\t\t\t\t\r\n\t\t\t\t\t\t<div class=\"sev-diaporama-portfolio-item  limitsm btnseeall btnseeall-xl col-12 col-md  col-shrink last-visible\">\r\n\t\t\t\t\t\t\t<a href=\"https:\/\/mirabel-prairiesdelamer.com\/wp-content\/uploads\/2022\/02\/salle-fitness-machines-1024x768.jpg\" data-lightbox=\"sevgallery-708042026\" style=\"background-image: url(https:\/\/mirabel-prairiesdelamer.com\/wp-content\/uploads\/2022\/02\/salle-fitness-machines-1024x768.jpg)\">\r\n\t\t\t\t\t\t\t\t<img decoding=\"async\" src=\"https:\/\/mirabel-prairiesdelamer.com\/wp-content\/uploads\/2022\/02\/salle-fitness-machines-1024x768.jpg\" alt=\"Fitnessraum\" loading=\"lazy\">\r\n\t\t\t\t\t\t\t\t\t\t\t\t\t\t\t\t\t<img decoding=\"async\" src=\"https:\/\/mirabel-prairiesdelamer.com\/wp-content\/themes\/mirabel-site\/assets\/img\/voir-photos.png\" alt=\"\" \/>\r\n\t\t\t\t\t\t\t\t\t<span>Alle Fotos anzeigen<\/span>\r\n\t\t\t\t\t\t\t\t\t\t\t\t\t\t\t<\/a>\r\n\t\t\t\t\t\t<\/div>\r\n\r\n\t\t\t\t\t\t\r\n\t\t\t\t\t\t\t\t\t\t\t\t\t\t\t\t\t\t\t\t\t<\/div>\r\n\t\t\t<\/div>\r\n\r\n\t\t\t<script>\r\n\t\t\tjQuery(function($) {\r\n\r\n\t\t\t\tvar marginPortfolio = function() {\r\n\r\n\t\t\t\t\tvar $diapo          = $('#sevgallery-708042026');\r\n\t\t\t\t\tvar container_width = $diapo.parent().outerWidth();\r\n\t\t\t\t\tvar side            = ( $(window).innerWidth() - container_width ) \/ 2;\r\n\r\n\t\t\t\t\t$diapo.css( {\r\n\t\t\t\t\t\t'margin-left': '-' + side + 'px',\r\n\t\t\t\t\t\t'margin-right': '-' + side + 'px',\r\n\t\t\t\t\t} );\r\n\t\t\t\t};\r\n\r\n\t\t\t\t$( window ).resize( function() {\r\n\t\t\t\t\tmarginPortfolio();\r\n\t\t\t\t} );\r\n\t\t\t\tmarginPortfolio();\r\n\t\t\t});\r\n\t\t\t<\/script>\r\n\t\t\t\n<\/div>","protected":false},"excerpt":{"rendered":"<p>Des activit\u00e9s sportives et de loisirs au camping 4 \u00e9toiles Les Prairies de la Mer Au sein de notre Camping [&hellip;]<\/p>\n","protected":false},"author":1,"featured_media":0,"parent":0,"menu_order":0,"comment_status":"closed","ping_status":"closed","template":"","meta":{"_seopress_robots_primary_cat":"","_seopress_titles_title":"Les sports et loisirs du camping 4* Prairies de la Mer.","_seopress_titles_desc":"Au sein du camping 4 \u00e9toiles de Ouistreham, nous avons \u00e0 c\u0153ur de vous proposer un vaste choix d\u2019activit\u00e9s. D\u00e9couvrez tous nos espaces am\u00e9nag\u00e9s","_seopress_robots_index":"","footnotes":""},"class_list":["post-43","page","type-page","status-publish","hentry"],"_links":{"self":[{"href":"https:\/\/mirabel-prairiesdelamer.com\/de\/wp-json\/wp\/v2\/pages\/43","targetHints":{"allow":["GET"]}}],"collection":[{"href":"https:\/\/mirabel-prairiesdelamer.com\/de\/wp-json\/wp\/v2\/pages"}],"about":[{"href":"https:\/\/mirabel-prairiesdelamer.com\/de\/wp-json\/wp\/v2\/types\/page"}],"author":[{"embeddable":true,"href":"https:\/\/mirabel-prairiesdelamer.com\/de\/wp-json\/wp\/v2\/users\/1"}],"replies":[{"embeddable":true,"href":"https:\/\/mirabel-prairiesdelamer.com\/de\/wp-json\/wp\/v2\/comments?post=43"}],"version-history":[{"count":35,"href":"https:\/\/mirabel-prairiesdelamer.com\/de\/wp-json\/wp\/v2\/pages\/43\/revisions"}],"predecessor-version":[{"id":18091,"href":"https:\/\/mirabel-prairiesdelamer.com\/de\/wp-json\/wp\/v2\/pages\/43\/revisions\/18091"}],"wp:attachment":[{"href":"https:\/\/mirabel-prairiesdelamer.com\/de\/wp-json\/wp\/v2\/media?parent=43"}],"curies":[{"name":"wp","href":"https:\/\/api.w.org\/{rel}","templated":true}]}}