{"id":13424,"date":"2024-02-15T11:46:23","date_gmt":"2024-02-15T10:46:23","guid":{"rendered":"https:\/\/mirabel-prairiesdelamer.com\/?page_id=13424"},"modified":"2024-02-19T11:29:35","modified_gmt":"2024-02-19T10:29:35","slug":"mit-dem-hund-in-die-normandie-in-den-urlaub-fahren","status":"publish","type":"page","link":"https:\/\/mirabel-prairiesdelamer.com\/de\/les-experiences\/partir-en-vacances-avec-son-chien-en-normandie\/","title":{"rendered":"Mit dem Hund in die Normandie in den Urlaub fahren"},"content":{"rendered":"<h1 class=\"wp-block-heading\">Mit dem Hund in die Normandie in den Urlaub fahren<\/h1>\n\n\n\n<h2 class=\"wp-block-heading has-text-align-center\">Sie suchen nach einem Ort, an dem Sie mit Ihrem vierbeinigen Liebling in Calvados verreisen k\u00f6nnen? Machen Sie sich keine Sorgen mehr, denn hier sind Sie richtig. Unser Campingplatz Mirabel Les Prairies de la Mer hei\u00dft Hunde und Katzen das ganze Jahr \u00fcber willkommen und erm\u00f6glicht Ihnen einen hundefreundlichen Familienurlaub in der N\u00e4he des Meeres in Ouistreham in der Normandie.<\/h2>\n\n\n\n<figure class=\"wp-block-image aligncenter size-full\"><img loading=\"lazy\" decoding=\"async\" width=\"50\" height=\"8\" src=\"https:\/\/mirabel-prairiesdelamer.com\/wp-content\/uploads\/2023\/09\/image.png\" alt=\"\" class=\"wp-image-12144\"\/><\/figure>\n\n\n\n<div class=\"wp-block-media-text is-stacked-on-mobile\"><figure class=\"wp-block-media-text__media\"><img loading=\"lazy\" decoding=\"async\" width=\"600\" height=\"400\" src=\"https:\/\/mirabel-prairiesdelamer.com\/wp-content\/uploads\/2024\/02\/chien-allee-camping.jpg\" alt=\"\" class=\"wp-image-13427 size-full\" srcset=\"https:\/\/mirabel-prairiesdelamer.com\/wp-content\/uploads\/2024\/02\/chien-allee-camping.jpg 600w, https:\/\/mirabel-prairiesdelamer.com\/wp-content\/uploads\/2024\/02\/chien-allee-camping-300x200.jpg 300w\" sizes=\"auto, (max-width: 600px) 100vw, 600px\" \/><\/figure><div class=\"wp-block-media-text__content\">\n<h3 class=\"wp-block-heading\"><strong>Wo kann man in Calvados mit seinem Haustier verreisen?<\/strong><\/h3>\n\n\n\n<p><\/p>\n\n\n\n<p>Weil auch Ihre Haustiere ein Recht auf ihre <strong>Familienurlaub<\/strong>, Nehmen Sie sie w\u00e4hrend Ihres Aufenthalts in Les Prairies de la Mer mit. Denn in unserem <strong>4-Sterne-Campingplatz in Ouistreham<\/strong> in der N\u00e4he von Caen, die <strong>Katzen und Hunde werden akzeptiert<\/strong> (au\u00dfer Kategorie 1 und 2). Sie k\u00f6nnen genie\u00dfen <a href=\"https:\/\/mirabel-prairiesdelamer.com\/de\/vermietung-mobilheime-normandie\/\" target=\"_blank\" rel=\"noreferrer noopener\">des Mobilheims<\/a>, Sie k\u00f6nnen sich auf der Terrasse und der Grasfl\u00e4che, auf den Wegen des Campingplatzes und auf der Stra\u00dfe aufhalten. <strong>der Strand 500m entfernt <\/strong>nur. Der lange, feine Sandstrand ist ideal f\u00fcr Spazierg\u00e4nge mit Ihren vierbeinigen Freunden!<\/p>\n<\/div><\/div>\n\n\n\n<div class=\"wp-block-media-text is-stacked-on-mobile\"><figure class=\"wp-block-media-text__media\"><\/figure><div class=\"wp-block-media-text__content\">\n<p><\/p>\n<\/div><\/div>\n\n\n\n<div class=\"wp-block-media-text has-media-on-the-right is-stacked-on-mobile is-style-default front-page-section grey animate right\"><div class=\"wp-block-media-text__content\">\n<p><\/p>\n\n\n\n<h3 class=\"wp-block-heading\"><strong>Hundefreundliche Str\u00e4nde in der Normandie<\/strong><\/h3>\n\n\n\n<p>Wenn Sie mit Ihrem <strong>Haustier<\/strong> in unserem <strong>4-Sterne-Campingplatz in Ouistreham<\/strong>, Sie k\u00f6nnen <strong>mit Ihrem Hund spazieren gehen<\/strong> an den Str\u00e4nden erlaubt. Ein kurzer \u00dcberblick \u00fcber die Str\u00e4nde und Zeiten, in denen Hunde im Calvados erlaubt sind.<\/p>\n\n\n\n<ul class=\"wp-block-list\">\n<li><strong>Gro\u00dfer Strand von Ouistreham<\/strong>&nbsp;Der sch\u00f6ne Strand von Ouistreham Riva-Bella ist nur 500 m vom Campingplatz entfernt und eignet sich perfekt, damit Ihr Haustier sich die Pfoten vertreten kann. <em>Zeitraum, in dem Hunde verboten sind: 15. Juni bis 15. September (au\u00dfer auf der F\u00e4hrseite, rechts von der Notstation Nummer 1).<\/em><\/li>\n\n\n\n<li><strong>Spitze des Hauptsitzes in Ouistreham<\/strong>&nbsp;: Sobald Sie die Schleuse und den wundersch\u00f6nen Leuchtturm passiert haben, k\u00f6nnen Sie mit Ihrem Hund gem\u00fctlich spazieren gehen, und zwar das ganze Jahr \u00fcber ohne Einschr\u00e4nkungen.<\/li>\n\n\n\n<li><strong>Colleville<\/strong>\u2013<strong>Montgomery&nbsp;<\/strong>: Dieser kleine, familienfreundliche Badeort ist ideal f\u00fcr einen Spaziergang auf dem Sand. Am Strand sind Hunde erlaubt (au\u00dferhalb des bewachten Badebereichs).<\/li>\n\n\n\n<li><strong>L\u00f6we am Meer : <\/strong>nur 10 Minuten mit dem Auto von Ouistreham entfernt, angeleinte Hunde sind erlaubt (au\u00dfer Juli-August)<\/li>\n\n\n\n<li><strong>Luc sur mer :<\/strong> hier sind angeleinte hunde vom 1.<sup>er<\/sup> Oktober bis 31. M\u00e4rz an allen Str\u00e4nden. Erlaubt das ganze Jahr \u00fcber am Strand rechts von der Rettungsstation Nr. 2<\/li>\n<\/ul>\n\n\n\n<p><a href=\"https:\/\/www.gites-de-france-calvados.fr\/plages-chiens-calvados.html#:~:text=plage%20de%20Houlgate-,Les%20chiens%20tenus%20en%20laisse%20sont%20autoris%C3%A9s%20sur%20la%20plage,des%20falaises%20des%20Vaches%20Noires\" target=\"_blank\" rel=\"noreferrer noopener\">Die vollst\u00e4ndige Liste finden Sie gleich hier<\/a><\/p>\n<\/div><figure class=\"wp-block-media-text__media\"><img loading=\"lazy\" decoding=\"async\" width=\"600\" height=\"400\" src=\"https:\/\/mirabel-prairiesdelamer.com\/wp-content\/uploads\/2024\/02\/chien-plage-ouistreham-normandie.jpg\" alt=\"hundefreundlicher strand ouistreham\" class=\"wp-image-13430 size-full\" srcset=\"https:\/\/mirabel-prairiesdelamer.com\/wp-content\/uploads\/2024\/02\/chien-plage-ouistreham-normandie.jpg 600w, https:\/\/mirabel-prairiesdelamer.com\/wp-content\/uploads\/2024\/02\/chien-plage-ouistreham-normandie-300x200.jpg 300w\" sizes=\"auto, (max-width: 600px) 100vw, 600px\" \/><\/figure><\/div>\n\n\n\n<div class=\"wp-block-media-text is-stacked-on-mobile\"><figure class=\"wp-block-media-text__media\"><img loading=\"lazy\" decoding=\"async\" width=\"600\" height=\"401\" src=\"https:\/\/mirabel-prairiesdelamer.com\/wp-content\/uploads\/2024\/02\/chien-promenade-laisse-camping.jpg\" alt=\"Spaziergang Hund an der Leine Camping\" class=\"wp-image-13440 size-full\" srcset=\"https:\/\/mirabel-prairiesdelamer.com\/wp-content\/uploads\/2024\/02\/chien-promenade-laisse-camping.jpg 600w, https:\/\/mirabel-prairiesdelamer.com\/wp-content\/uploads\/2024\/02\/chien-promenade-laisse-camping-300x201.jpg 300w\" sizes=\"auto, (max-width: 600px) 100vw, 600px\" \/><\/figure><div class=\"wp-block-media-text__content\">\n<h3 class=\"wp-block-heading\"><strong>Einige Regeln f\u00fcr Ihren Hund auf dem Campingplatz<\/strong><\/h3>\n\n\n\n<p>Um einen <strong>sauberer Campingplatz und ein Komfort<\/strong> f\u00fcr alle, Urlauber und Angestellte, hier einige Hinweise, die Sie bei Ihrem Besuch in Les Prairies de la Mer beachten sollten mit <strong>Ihr Haustier<\/strong>&nbsp;:<\/p>\n\n\n\n<ul class=\"wp-block-list\">\n<li>Ihr Tier (Hund oder Katze) wird au\u00dferhalb von Hunden der Kategorien 1 und 2 akzeptiert.<\/li>\n\n\n\n<li>Das Gesundheitsheft mit aktuellen Impfungen muss bei der Ankunft am Empfang vorgelegt werden.<\/li>\n\n\n\n<li>Alle Tiere m\u00fcssen auf dem Campingplatz an der Leine gehalten werden.<\/li>\n\n\n\n<li>Es ist Pflicht, die Hinterlassenschaften zu sammeln und in den Hausm\u00fcll zu werfen.<\/li>\n\n\n\n<li>Ihr Haustier darf w\u00e4hrend Ihrer Abwesenheit nicht allein in Ihrem Mietobjekt bleiben (<em>ein Teil der Kaution kann im Falle einer Besch\u00e4digung einbehalten werden<\/em>)<\/li>\n\n\n\n<li><strong>Orte, die Ihr Tier nicht betreten darf\u00a0<\/strong>:\u00a0<em>Wasserbereiche, Kinderspielplatz und Sandkasten, Sanit\u00e4ranlagen, Indoor-Spielhalle, Sporthalle<\/em>. Ihr Haustier wird im Restaurant und auf der Terrasse geduldet.<\/li>\n<\/ul>\n<\/div><\/div>","protected":false},"excerpt":{"rendered":"<p>Partir en vacances avec son chien en Normandie Vous cherchez o\u00f9 partir avec votre animal de compagnie \u00e0 4 pattes\u00a0dans [&hellip;]<\/p>\n","protected":false},"author":2,"featured_media":0,"parent":272,"menu_order":0,"comment_status":"closed","ping_status":"closed","template":"","meta":{"_seopress_robots_primary_cat":"","_seopress_titles_title":"Partir en vacances avec son chien dans le Calvados","_seopress_titles_desc":"Pour quelques jours ou semaines de vacances avec votre animal de compagnie, chien ou chat, bienvenue au camping Mirabel Les Prairies de la Mer \u00e0 Ouistreham.","_seopress_robots_index":"","footnotes":""},"class_list":["post-13424","page","type-page","status-publish","hentry"],"_links":{"self":[{"href":"https:\/\/mirabel-prairiesdelamer.com\/de\/wp-json\/wp\/v2\/pages\/13424","targetHints":{"allow":["GET"]}}],"collection":[{"href":"https:\/\/mirabel-prairiesdelamer.com\/de\/wp-json\/wp\/v2\/pages"}],"about":[{"href":"https:\/\/mirabel-prairiesdelamer.com\/de\/wp-json\/wp\/v2\/types\/page"}],"author":[{"embeddable":true,"href":"https:\/\/mirabel-prairiesdelamer.com\/de\/wp-json\/wp\/v2\/users\/2"}],"replies":[{"embeddable":true,"href":"https:\/\/mirabel-prairiesdelamer.com\/de\/wp-json\/wp\/v2\/comments?post=13424"}],"version-history":[{"count":12,"href":"https:\/\/mirabel-prairiesdelamer.com\/de\/wp-json\/wp\/v2\/pages\/13424\/revisions"}],"predecessor-version":[{"id":13484,"href":"https:\/\/mirabel-prairiesdelamer.com\/de\/wp-json\/wp\/v2\/pages\/13424\/revisions\/13484"}],"up":[{"embeddable":true,"href":"https:\/\/mirabel-prairiesdelamer.com\/de\/wp-json\/wp\/v2\/pages\/272"}],"wp:attachment":[{"href":"https:\/\/mirabel-prairiesdelamer.com\/de\/wp-json\/wp\/v2\/media?parent=13424"}],"curies":[{"name":"wp","href":"https:\/\/api.w.org\/{rel}","templated":true}]}}